{"id":2724,"date":"2022-08-04T11:17:34","date_gmt":"2022-08-04T11:17:34","guid":{"rendered":"https:\/\/thenattikabeach.com\/rockholm-at-the-lighthouse-beach\/"},"modified":"2025-07-04T09:37:58","modified_gmt":"2025-07-04T09:37:58","slug":"rockholm-at-the-lighthouse-beach","status":"publish","type":"page","link":"https:\/\/thenattikabeach.com\/fr\/rockholm-at-the-lighthouse-beach\/","title":{"rendered":"Rockholm at the Lighthouse Beach"},"content":{"rendered":"\t\t<div data-elementor-type=\"wp-page\" data-elementor-id=\"2724\" class=\"elementor elementor-2724 elementor-1436\" data-elementor-post-type=\"page\">\n\t\t\t\t\t\t<section class=\"elementor-section elementor-top-section elementor-element elementor-element-7e90eb74 elementor-section-height-min-height elementor-hidden-mobile elementor-section-items-bottom elementor-section-boxed elementor-section-height-default\" data-id=\"7e90eb74\" data-element_type=\"section\" data-e-type=\"section\" data-settings=\"{&quot;background_background&quot;:&quot;classic&quot;}\">\n\t\t\t\t\t\t<div class=\"elementor-container elementor-column-gap-default\">\n\t\t\t\t\t<div class=\"elementor-column elementor-col-100 elementor-top-column elementor-element elementor-element-df75dc\" data-id=\"df75dc\" data-element_type=\"column\" data-e-type=\"column\">\n\t\t\t<div class=\"elementor-widget-wrap\">\n\t\t\t\t\t\t\t<\/div>\n\t\t<\/div>\n\t\t\t\t\t<\/div>\n\t\t<\/section>\n\t\t\t\t<section class=\"elementor-section elementor-top-section elementor-element elementor-element-c751dda elementor-section-boxed elementor-section-height-default elementor-section-height-default\" data-id=\"c751dda\" data-element_type=\"section\" data-e-type=\"section\">\n\t\t\t\t\t\t<div class=\"elementor-container elementor-column-gap-default\">\n\t\t\t\t\t<div class=\"elementor-column elementor-col-25 elementor-top-column elementor-element elementor-element-38b37d8\" data-id=\"38b37d8\" data-element_type=\"column\" data-e-type=\"column\">\n\t\t\t<div class=\"elementor-widget-wrap\">\n\t\t\t\t\t\t\t<\/div>\n\t\t<\/div>\n\t\t\t\t<div class=\"elementor-column elementor-col-50 elementor-top-column elementor-element elementor-element-65781d2\" data-id=\"65781d2\" data-element_type=\"column\" data-e-type=\"column\">\n\t\t\t<div class=\"elementor-widget-wrap\">\n\t\t\t\t\t\t\t<\/div>\n\t\t<\/div>\n\t\t\t\t<div class=\"elementor-column elementor-col-25 elementor-top-column elementor-element elementor-element-14577d7\" data-id=\"14577d7\" data-element_type=\"column\" data-e-type=\"column\">\n\t\t\t<div class=\"elementor-widget-wrap\">\n\t\t\t\t\t\t\t<\/div>\n\t\t<\/div>\n\t\t\t\t\t<\/div>\n\t\t<\/section>\n\t\t\t\t<section class=\"elementor-section elementor-top-section elementor-element elementor-element-5a8753ca elementor-section-boxed elementor-section-height-default elementor-section-height-default\" data-id=\"5a8753ca\" data-element_type=\"section\" data-e-type=\"section\" id=\"sustainability\">\n\t\t\t\t\t\t<div class=\"elementor-container elementor-column-gap-wide\">\n\t\t\t\t\t<div class=\"elementor-column elementor-col-33 elementor-top-column elementor-element elementor-element-694450f0\" data-id=\"694450f0\" data-element_type=\"column\" data-e-type=\"column\">\n\t\t\t<div class=\"elementor-widget-wrap elementor-element-populated\">\n\t\t\t\t\t\t<section class=\"elementor-section elementor-inner-section elementor-element elementor-element-3d5c73f8 elementor-section-boxed elementor-section-height-default elementor-section-height-default\" data-id=\"3d5c73f8\" data-element_type=\"section\" data-e-type=\"section\" data-settings=\"{&quot;sticky&quot;:&quot;top&quot;,&quot;sticky_on&quot;:[&quot;desktop&quot;,&quot;tablet&quot;],&quot;sticky_offset&quot;:130,&quot;sticky_parent&quot;:&quot;yes&quot;,&quot;sticky_effects_offset&quot;:0,&quot;sticky_anchor_link_offset&quot;:0}\">\n\t\t\t\t\t\t<div class=\"elementor-container elementor-column-gap-default\">\n\t\t\t\t\t<div class=\"elementor-column elementor-col-100 elementor-inner-column elementor-element elementor-element-12e82fe3\" data-id=\"12e82fe3\" data-element_type=\"column\" data-e-type=\"column\">\n\t\t\t<div class=\"elementor-widget-wrap elementor-element-populated\">\n\t\t\t\t\t\t<div class=\"elementor-element elementor-element-3f902b51 elementor-widget elementor-widget-heading\" data-id=\"3f902b51\" data-element_type=\"widget\" data-e-type=\"widget\" data-widget_type=\"heading.default\">\n\t\t\t\t<div class=\"elementor-widget-container\">\n\t\t\t\t\t<h2 class=\"elementor-heading-title elementor-size-default\">ABOUT NATTIKA<\/h2>\t\t\t\t<\/div>\n\t\t\t\t<\/div>\n\t\t\t\t<div class=\"elementor-element elementor-element-1fe3255a elementor-nav-menu__align-start elementor-nav-menu--dropdown-none elementor-widget elementor-widget-nav-menu\" data-id=\"1fe3255a\" data-element_type=\"widget\" data-e-type=\"widget\" data-settings=\"{&quot;layout&quot;:&quot;vertical&quot;,&quot;submenu_icon&quot;:{&quot;value&quot;:&quot;&lt;i class=\\&quot;fas fa-caret-down\\&quot; aria-hidden=\\&quot;true\\&quot;&gt;&lt;\\\/i&gt;&quot;,&quot;library&quot;:&quot;fa-solid&quot;}}\" data-widget_type=\"nav-menu.default\">\n\t\t\t\t<div class=\"elementor-widget-container\">\n\t\t\t\t\t\t\t\t<nav aria-label=\"Menu\" class=\"elementor-nav-menu--main elementor-nav-menu__container elementor-nav-menu--layout-vertical e--pointer-none\">\n\t\t\t\t<ul id=\"menu-1-1fe3255a\" class=\"elementor-nav-menu sm-vertical\"><li class=\"menu-item menu-item-type-custom menu-item-object-custom menu-item-2864\"><a href=\"https:\/\/thenattikabeach.com\/fr\/developpement-durable\/\" class=\"elementor-item\">Sustainability<\/a><\/li>\n<li class=\"menu-item menu-item-type-custom menu-item-object-custom menu-item-2865\"><a href=\"https:\/\/thenattikabeach.com\/fr\/ferme-biologique-et-academie-de-tennis\/\" class=\"elementor-item\">Organic Vegetable Farm and Tennis Academy<\/a><\/li>\n<li class=\"menu-item menu-item-type-custom menu-item-object-custom menu-item-2866\"><a href=\"https:\/\/thenattikabeach.com\/fr\/nabh-green-leaf-certification\/\" class=\"elementor-item\">NABH &#038; Ayur Diamond Certification<\/a><\/li>\n<li class=\"menu-item menu-item-type-custom menu-item-object-custom menu-item-2867\"><a href=\"https:\/\/thenattikabeach.com\/fr\/faqs\/\" class=\"elementor-item\">FAQs<\/a><\/li>\n<li class=\"menu-item menu-item-type-custom menu-item-object-custom menu-item-2868\"><a href=\"https:\/\/thenattikabeach.com\/fr\/tourisme-local\/\" class=\"elementor-item\">Local Sightseeing<\/a><\/li>\n<li class=\"menu-item menu-item-type-custom menu-item-object-custom menu-item-2869\"><a href=\"https:\/\/thenattikabeach.com\/fr\/activites-quotidiennes\/\" class=\"elementor-item\">Daily Activities<\/a><\/li>\n<li class=\"menu-item menu-item-type-custom menu-item-object-custom menu-item-2870\"><a href=\"https:\/\/thenattikabeach.com\/fr\/nous-contacter\/\" class=\"elementor-item\">Contact Us<\/a><\/li>\n<li class=\"menu-item menu-item-type-custom menu-item-object-custom menu-item-2871\"><a href=\"https:\/\/thenattikabeach.com\/fr\/travailler-avec-nous\/\" class=\"elementor-item\">Work With Us<\/a><\/li>\n<li class=\"menu-item menu-item-type-custom menu-item-object-custom menu-item-2872\"><a href=\"https:\/\/thenattikabeach.com\/fr\/rockholm-at-the-lighthouse-beach\/\" class=\"elementor-item\">Rockholm at the Lighthouse Beach<\/a><\/li>\n<li class=\"menu-item menu-item-type-custom menu-item-object-custom menu-item-2873\"><a href=\"https:\/\/www.nattikalife.com\/\" class=\"elementor-item\" rel=\"nofollow noopener\" target=\"_blank\">Nattika Online Wellness Services<\/a><\/li>\n<\/ul>\t\t\t<\/nav>\n\t\t\t\t\t\t<nav class=\"elementor-nav-menu--dropdown elementor-nav-menu__container\" aria-hidden=\"true\">\n\t\t\t\t<ul id=\"menu-2-1fe3255a\" class=\"elementor-nav-menu sm-vertical\"><li class=\"menu-item menu-item-type-custom menu-item-object-custom menu-item-2864\"><a href=\"https:\/\/thenattikabeach.com\/fr\/developpement-durable\/\" class=\"elementor-item\" tabindex=\"-1\">Sustainability<\/a><\/li>\n<li class=\"menu-item menu-item-type-custom menu-item-object-custom menu-item-2865\"><a href=\"https:\/\/thenattikabeach.com\/fr\/ferme-biologique-et-academie-de-tennis\/\" class=\"elementor-item\" tabindex=\"-1\">Organic Vegetable Farm and Tennis Academy<\/a><\/li>\n<li class=\"menu-item menu-item-type-custom menu-item-object-custom menu-item-2866\"><a href=\"https:\/\/thenattikabeach.com\/fr\/nabh-green-leaf-certification\/\" class=\"elementor-item\" tabindex=\"-1\">NABH &#038; Ayur Diamond Certification<\/a><\/li>\n<li class=\"menu-item menu-item-type-custom menu-item-object-custom menu-item-2867\"><a href=\"https:\/\/thenattikabeach.com\/fr\/faqs\/\" class=\"elementor-item\" tabindex=\"-1\">FAQs<\/a><\/li>\n<li class=\"menu-item menu-item-type-custom menu-item-object-custom menu-item-2868\"><a href=\"https:\/\/thenattikabeach.com\/fr\/tourisme-local\/\" class=\"elementor-item\" tabindex=\"-1\">Local Sightseeing<\/a><\/li>\n<li class=\"menu-item menu-item-type-custom menu-item-object-custom menu-item-2869\"><a href=\"https:\/\/thenattikabeach.com\/fr\/activites-quotidiennes\/\" class=\"elementor-item\" tabindex=\"-1\">Daily Activities<\/a><\/li>\n<li class=\"menu-item menu-item-type-custom menu-item-object-custom menu-item-2870\"><a href=\"https:\/\/thenattikabeach.com\/fr\/nous-contacter\/\" class=\"elementor-item\" tabindex=\"-1\">Contact Us<\/a><\/li>\n<li class=\"menu-item menu-item-type-custom menu-item-object-custom menu-item-2871\"><a href=\"https:\/\/thenattikabeach.com\/fr\/travailler-avec-nous\/\" class=\"elementor-item\" tabindex=\"-1\">Work With Us<\/a><\/li>\n<li class=\"menu-item menu-item-type-custom menu-item-object-custom menu-item-2872\"><a href=\"https:\/\/thenattikabeach.com\/fr\/rockholm-at-the-lighthouse-beach\/\" class=\"elementor-item\" tabindex=\"-1\">Rockholm at the Lighthouse Beach<\/a><\/li>\n<li class=\"menu-item menu-item-type-custom menu-item-object-custom menu-item-2873\"><a href=\"https:\/\/www.nattikalife.com\/\" class=\"elementor-item\" tabindex=\"-1\" rel=\"nofollow noopener\" target=\"_blank\">Nattika Online Wellness Services<\/a><\/li>\n<\/ul>\t\t\t<\/nav>\n\t\t\t\t\t\t<\/div>\n\t\t\t\t<\/div>\n\t\t\t\t\t<\/div>\n\t\t<\/div>\n\t\t\t\t\t<\/div>\n\t\t<\/section>\n\t\t\t\t\t<\/div>\n\t\t<\/div>\n\t\t\t\t<div class=\"elementor-column elementor-col-66 elementor-top-column elementor-element elementor-element-50465f34\" data-id=\"50465f34\" data-element_type=\"column\" data-e-type=\"column\">\n\t\t\t<div class=\"elementor-widget-wrap elementor-element-populated\">\n\t\t\t\t\t\t<section class=\"elementor-section elementor-inner-section elementor-element elementor-element-2bdb222 elementor-section-boxed elementor-section-height-default elementor-section-height-default\" data-id=\"2bdb222\" data-element_type=\"section\" data-e-type=\"section\" id=\"rockholmatthelighthousebeach\">\n\t\t\t\t\t\t<div class=\"elementor-container elementor-column-gap-default\">\n\t\t\t\t\t<div class=\"elementor-column elementor-col-100 elementor-inner-column elementor-element elementor-element-e34d1c4\" data-id=\"e34d1c4\" data-element_type=\"column\" data-e-type=\"column\">\n\t\t\t<div class=\"elementor-widget-wrap elementor-element-populated\">\n\t\t\t\t\t\t<div class=\"elementor-element elementor-element-4323db7a elementor-widget elementor-widget-heading\" data-id=\"4323db7a\" data-element_type=\"widget\" data-e-type=\"widget\" data-widget_type=\"heading.default\">\n\t\t\t\t<div class=\"elementor-widget-container\">\n\t\t\t\t\t<h2 class=\"elementor-heading-title elementor-size-default\">ROCKHOLM AT THE LIGHTHOUSE BEACH<\/h2>\t\t\t\t<\/div>\n\t\t\t\t<\/div>\n\t\t\t\t<div class=\"elementor-element elementor-element-12e0d333 elementor-widget elementor-widget-text-editor\" data-id=\"12e0d333\" data-element_type=\"widget\" data-e-type=\"widget\" data-widget_type=\"text-editor.default\">\n\t\t\t\t<div class=\"elementor-widget-container\">\n\t\t\t\t\t\t\t\t\t<p>Le Nattika Beach Ayurveda Resort a ouvert les portes de sa nouvelle propri\u00e9t\u00e9, un h\u00f4tel de luxe de plage \u00e0 Kovalam \u2013 Rockholm \u00e0 la plage du phare.<\/p><p>Propri\u00e9t\u00e9 embl\u00e9matique au bord de la plage, Rockholm tire ses origines du d\u00e9but des ann\u00e9es 1980, lorsqu\u2019il a \u00e9t\u00e9 construit comme un h\u00f4tel de bord de mer. Pr\u00e8s de 40 ans plus tard, il a \u00e9t\u00e9 remis au go\u00fbt du jour gr\u00e2ce \u00e0 une r\u00e9novation compl\u00e8te qui a pr\u00e9serv\u00e9 l\u2019essence et l\u2019esprit du design original. <\/p><p>Situ\u00e9 sur une petite crique au c\u0153ur de la plage du phare, avec des vues incomparables sur la mer d\u2019Arabie, le Rockholm est un h\u00f4tel de plage enti\u00e8rement centr\u00e9 sur l\u2019ayurveda et le yoga, dont tous les services et les \u00e9quipements sont bas\u00e9s sur ce concept.<\/p><p>La vie est faite de souvenirs et le Rockholm, avec son emplacement, son design esth\u00e9tique et le luxe d\u2019une exp\u00e9rience personnalis\u00e9e pour les voyageurs du monde entier, est s\u00fbr de cr\u00e9er des souvenirs intemporels.<\/p><p>Pour toute question ou r\u00e9servation, veuillez contacter notre service de r\u00e9servation \u00e0 l\u2019adresse e-mail Id : reservation@rockholm.com ou visitez-nous sur <a href=\"http:\/\/www.rockholm.com\/\" rel=\"nofollow noopener\" target=\"_blank\">www.rockholm.com<\/a>.<\/p>\t\t\t\t\t\t\t\t<\/div>\n\t\t\t\t<\/div>\n\t\t\t\t\t<\/div>\n\t\t<\/div>\n\t\t\t\t\t<\/div>\n\t\t<\/section>\n\t\t\t\t<section class=\"elementor-section elementor-inner-section elementor-element elementor-element-17e4917a elementor-section-boxed elementor-section-height-default elementor-section-height-default\" data-id=\"17e4917a\" data-element_type=\"section\" data-e-type=\"section\">\n\t\t\t\t\t\t<div class=\"elementor-container elementor-column-gap-default\">\n\t\t\t\t\t<div class=\"elementor-column elementor-col-50 elementor-inner-column elementor-element elementor-element-309b7170\" data-id=\"309b7170\" data-element_type=\"column\" data-e-type=\"column\">\n\t\t\t<div class=\"elementor-widget-wrap elementor-element-populated\">\n\t\t\t\t\t\t<div class=\"elementor-element elementor-element-4df95acc elementor-widget elementor-widget-image\" data-id=\"4df95acc\" data-element_type=\"widget\" data-e-type=\"widget\" data-widget_type=\"image.default\">\n\t\t\t\t<div class=\"elementor-widget-container\">\n\t\t\t\t\t\t\t\t\t\t\t\t\t\t\t<img fetchpriority=\"high\" decoding=\"async\" width=\"800\" height=\"800\" src=\"https:\/\/thenattikabeach.com\/wp-content\/uploads\/2022\/06\/Rockholm2.jpg\" class=\"attachment-large size-large wp-image-2456\" alt=\"\" srcset=\"https:\/\/thenattikabeach.com\/wp-content\/uploads\/2022\/06\/Rockholm2.jpg 1000w, https:\/\/thenattikabeach.com\/wp-content\/uploads\/2022\/06\/Rockholm2-300x300.jpg 300w, https:\/\/thenattikabeach.com\/wp-content\/uploads\/2022\/06\/Rockholm2-150x150.jpg 150w, https:\/\/thenattikabeach.com\/wp-content\/uploads\/2022\/06\/Rockholm2-768x768.jpg 768w\" sizes=\"(max-width: 800px) 100vw, 800px\" title=\"\">\t\t\t\t\t\t\t\t\t\t\t\t\t\t\t<\/div>\n\t\t\t\t<\/div>\n\t\t\t\t\t<\/div>\n\t\t<\/div>\n\t\t\t\t<div class=\"elementor-column elementor-col-50 elementor-inner-column elementor-element elementor-element-1d9cda0e\" data-id=\"1d9cda0e\" data-element_type=\"column\" data-e-type=\"column\">\n\t\t\t<div class=\"elementor-widget-wrap elementor-element-populated\">\n\t\t\t\t\t\t<div class=\"elementor-element elementor-element-81f650b elementor-widget elementor-widget-image\" data-id=\"81f650b\" data-element_type=\"widget\" data-e-type=\"widget\" data-widget_type=\"image.default\">\n\t\t\t\t<div class=\"elementor-widget-container\">\n\t\t\t\t\t\t\t\t\t\t\t\t\t\t\t<img decoding=\"async\" width=\"800\" height=\"800\" src=\"https:\/\/thenattikabeach.com\/wp-content\/uploads\/2022\/06\/Rockholm1.jpg\" class=\"attachment-large size-large wp-image-2458\" alt=\"\" srcset=\"https:\/\/thenattikabeach.com\/wp-content\/uploads\/2022\/06\/Rockholm1.jpg 1000w, https:\/\/thenattikabeach.com\/wp-content\/uploads\/2022\/06\/Rockholm1-300x300.jpg 300w, https:\/\/thenattikabeach.com\/wp-content\/uploads\/2022\/06\/Rockholm1-150x150.jpg 150w, https:\/\/thenattikabeach.com\/wp-content\/uploads\/2022\/06\/Rockholm1-768x768.jpg 768w\" sizes=\"(max-width: 800px) 100vw, 800px\" title=\"\">\t\t\t\t\t\t\t\t\t\t\t\t\t\t\t<\/div>\n\t\t\t\t<\/div>\n\t\t\t\t\t<\/div>\n\t\t<\/div>\n\t\t\t\t\t<\/div>\n\t\t<\/section>\n\t\t\t\t<section class=\"elementor-section elementor-inner-section elementor-element elementor-element-40788f2e elementor-section-boxed elementor-section-height-default elementor-section-height-default\" data-id=\"40788f2e\" data-element_type=\"section\" data-e-type=\"section\">\n\t\t\t\t\t\t<div class=\"elementor-container elementor-column-gap-default\">\n\t\t\t\t\t<div class=\"elementor-column elementor-col-100 elementor-inner-column elementor-element elementor-element-3948a855\" data-id=\"3948a855\" data-element_type=\"column\" data-e-type=\"column\">\n\t\t\t<div class=\"elementor-widget-wrap elementor-element-populated\">\n\t\t\t\t\t\t<div class=\"elementor-element elementor-element-622cc241 elementor-widget elementor-widget-image\" data-id=\"622cc241\" data-element_type=\"widget\" data-e-type=\"widget\" data-widget_type=\"image.default\">\n\t\t\t\t<div class=\"elementor-widget-container\">\n\t\t\t\t\t\t\t\t\t\t\t\t\t\t\t<img decoding=\"async\" width=\"800\" height=\"379\" src=\"https:\/\/thenattikabeach.com\/wp-content\/uploads\/2022\/06\/Rockholm3-1024x485.jpg\" class=\"attachment-large size-large wp-image-2460\" alt=\"\" srcset=\"https:\/\/thenattikabeach.com\/wp-content\/uploads\/2022\/06\/Rockholm3-1024x485.jpg 1024w, https:\/\/thenattikabeach.com\/wp-content\/uploads\/2022\/06\/Rockholm3-300x142.jpg 300w, https:\/\/thenattikabeach.com\/wp-content\/uploads\/2022\/06\/Rockholm3-768x364.jpg 768w, https:\/\/thenattikabeach.com\/wp-content\/uploads\/2022\/06\/Rockholm3-1536x728.jpg 1536w, https:\/\/thenattikabeach.com\/wp-content\/uploads\/2022\/06\/Rockholm3.jpg 1900w\" sizes=\"(max-width: 800px) 100vw, 800px\" title=\"\">\t\t\t\t\t\t\t\t\t\t\t\t\t\t\t<\/div>\n\t\t\t\t<\/div>\n\t\t\t\t\t<\/div>\n\t\t<\/div>\n\t\t\t\t\t<\/div>\n\t\t<\/section>\n\t\t\t\t\t<\/div>\n\t\t<\/div>\n\t\t\t\t\t<\/div>\n\t\t<\/section>\n\t\t\t\t<\/div>\n\t\t","protected":false},"excerpt":{"rendered":"<p>Home ABOUT NATTIKA ROCKHOLM AT THE LIGHTHOUSE BEACH Le Nattika Beach Ayurveda Resort a ouvert les portes de sa nouvelle propri\u00e9t\u00e9, un h\u00f4tel de luxe de plage \u00e0 Kovalam \u2013 Rockholm \u00e0 la plage du phare. Propri\u00e9t\u00e9 embl\u00e9matique au bord de la plage, Rockholm tire ses origines du d\u00e9but des ann\u00e9es 1980, lorsqu\u2019il a \u00e9t\u00e9 [&hellip;]<\/p>\n","protected":false},"author":3,"featured_media":0,"parent":0,"menu_order":0,"comment_status":"closed","ping_status":"closed","template":"elementor_header_footer","meta":{"footnotes":""},"class_list":["post-2724","page","type-page","status-publish","hentry"],"_links":{"self":[{"href":"https:\/\/thenattikabeach.com\/fr\/wp-json\/wp\/v2\/pages\/2724","targetHints":{"allow":["GET"]}}],"collection":[{"href":"https:\/\/thenattikabeach.com\/fr\/wp-json\/wp\/v2\/pages"}],"about":[{"href":"https:\/\/thenattikabeach.com\/fr\/wp-json\/wp\/v2\/types\/page"}],"author":[{"embeddable":true,"href":"https:\/\/thenattikabeach.com\/fr\/wp-json\/wp\/v2\/users\/3"}],"replies":[{"embeddable":true,"href":"https:\/\/thenattikabeach.com\/fr\/wp-json\/wp\/v2\/comments?post=2724"}],"version-history":[{"count":13,"href":"https:\/\/thenattikabeach.com\/fr\/wp-json\/wp\/v2\/pages\/2724\/revisions"}],"predecessor-version":[{"id":11117,"href":"https:\/\/thenattikabeach.com\/fr\/wp-json\/wp\/v2\/pages\/2724\/revisions\/11117"}],"wp:attachment":[{"href":"https:\/\/thenattikabeach.com\/fr\/wp-json\/wp\/v2\/media?parent=2724"}],"curies":[{"name":"wp","href":"https:\/\/api.w.org\/{rel}","templated":true}]}}