{"id":2722,"date":"2022-08-04T11:15:57","date_gmt":"2022-08-04T11:15:57","guid":{"rendered":"https:\/\/thenattikabeach.com\/travailler-avec-nous\/"},"modified":"2025-07-04T09:37:07","modified_gmt":"2025-07-04T09:37:07","slug":"travailler-avec-nous","status":"publish","type":"page","link":"https:\/\/thenattikabeach.com\/fr\/travailler-avec-nous\/","title":{"rendered":"Travaille avec nous"},"content":{"rendered":"\t\t<div data-elementor-type=\"wp-page\" data-elementor-id=\"2722\" class=\"elementor elementor-2722 elementor-1424\" data-elementor-post-type=\"page\">\n\t\t\t\t\t\t<section class=\"elementor-section elementor-top-section elementor-element elementor-element-85abcd1 elementor-section-height-min-height elementor-hidden-mobile elementor-section-items-bottom elementor-section-boxed elementor-section-height-default\" data-id=\"85abcd1\" data-element_type=\"section\" data-e-type=\"section\" data-settings=\"{&quot;background_background&quot;:&quot;classic&quot;}\">\n\t\t\t\t\t\t<div class=\"elementor-container elementor-column-gap-default\">\n\t\t\t\t\t<div class=\"elementor-column elementor-col-100 elementor-top-column elementor-element elementor-element-d00903e\" data-id=\"d00903e\" data-element_type=\"column\" data-e-type=\"column\" data-settings=\"{&quot;background_background&quot;:&quot;slideshow&quot;,&quot;background_slideshow_gallery&quot;:[],&quot;background_slideshow_loop&quot;:&quot;yes&quot;,&quot;background_slideshow_slide_duration&quot;:5000,&quot;background_slideshow_slide_transition&quot;:&quot;fade&quot;,&quot;background_slideshow_transition_duration&quot;:500}\">\n\t\t\t<div class=\"elementor-widget-wrap\">\n\t\t\t\t\t\t\t<\/div>\n\t\t<\/div>\n\t\t\t\t\t<\/div>\n\t\t<\/section>\n\t\t\t\t<section class=\"elementor-section elementor-top-section elementor-element elementor-element-05a1d56 elementor-section-boxed elementor-section-height-default elementor-section-height-default\" data-id=\"05a1d56\" data-element_type=\"section\" data-e-type=\"section\">\n\t\t\t\t\t\t<div class=\"elementor-container elementor-column-gap-default\">\n\t\t\t\t\t<div class=\"elementor-column elementor-col-25 elementor-top-column elementor-element elementor-element-e190cd5\" data-id=\"e190cd5\" data-element_type=\"column\" data-e-type=\"column\">\n\t\t\t<div class=\"elementor-widget-wrap\">\n\t\t\t\t\t\t\t<\/div>\n\t\t<\/div>\n\t\t\t\t<div class=\"elementor-column elementor-col-50 elementor-top-column elementor-element elementor-element-752162e\" data-id=\"752162e\" data-element_type=\"column\" data-e-type=\"column\">\n\t\t\t<div class=\"elementor-widget-wrap\">\n\t\t\t\t\t\t\t<\/div>\n\t\t<\/div>\n\t\t\t\t<div class=\"elementor-column elementor-col-25 elementor-top-column elementor-element elementor-element-2d8c937\" data-id=\"2d8c937\" data-element_type=\"column\" data-e-type=\"column\">\n\t\t\t<div class=\"elementor-widget-wrap\">\n\t\t\t\t\t\t\t<\/div>\n\t\t<\/div>\n\t\t\t\t\t<\/div>\n\t\t<\/section>\n\t\t\t\t<section class=\"elementor-section elementor-top-section elementor-element elementor-element-546b72b7 elementor-section-boxed elementor-section-height-default elementor-section-height-default\" data-id=\"546b72b7\" data-element_type=\"section\" data-e-type=\"section\" id=\"sustainability\">\n\t\t\t\t\t\t<div class=\"elementor-container elementor-column-gap-wide\">\n\t\t\t\t\t<div class=\"elementor-column elementor-col-33 elementor-top-column elementor-element elementor-element-5aa7ee5b\" data-id=\"5aa7ee5b\" data-element_type=\"column\" data-e-type=\"column\">\n\t\t\t<div class=\"elementor-widget-wrap elementor-element-populated\">\n\t\t\t\t\t\t<section class=\"elementor-section elementor-inner-section elementor-element elementor-element-3c7e1d7 elementor-section-boxed elementor-section-height-default elementor-section-height-default\" data-id=\"3c7e1d7\" data-element_type=\"section\" data-e-type=\"section\" data-settings=\"{&quot;sticky&quot;:&quot;top&quot;,&quot;sticky_on&quot;:[&quot;desktop&quot;,&quot;tablet&quot;],&quot;sticky_offset&quot;:130,&quot;sticky_parent&quot;:&quot;yes&quot;,&quot;sticky_effects_offset&quot;:0,&quot;sticky_anchor_link_offset&quot;:0}\">\n\t\t\t\t\t\t<div class=\"elementor-container elementor-column-gap-default\">\n\t\t\t\t\t<div class=\"elementor-column elementor-col-100 elementor-inner-column elementor-element elementor-element-5d814e6\" data-id=\"5d814e6\" data-element_type=\"column\" data-e-type=\"column\">\n\t\t\t<div class=\"elementor-widget-wrap elementor-element-populated\">\n\t\t\t\t\t\t<div class=\"elementor-element elementor-element-139ad532 elementor-widget elementor-widget-heading\" data-id=\"139ad532\" data-element_type=\"widget\" data-e-type=\"widget\" data-widget_type=\"heading.default\">\n\t\t\t\t<div class=\"elementor-widget-container\">\n\t\t\t\t\t<h2 class=\"elementor-heading-title elementor-size-default\">ABOUT NATTIKA<\/h2>\t\t\t\t<\/div>\n\t\t\t\t<\/div>\n\t\t\t\t<div class=\"elementor-element elementor-element-5516791f elementor-nav-menu__align-start elementor-nav-menu--dropdown-none elementor-widget elementor-widget-nav-menu\" data-id=\"5516791f\" data-element_type=\"widget\" data-e-type=\"widget\" data-settings=\"{&quot;layout&quot;:&quot;vertical&quot;,&quot;submenu_icon&quot;:{&quot;value&quot;:&quot;&lt;i class=\\&quot;fas fa-caret-down\\&quot; aria-hidden=\\&quot;true\\&quot;&gt;&lt;\\\/i&gt;&quot;,&quot;library&quot;:&quot;fa-solid&quot;}}\" data-widget_type=\"nav-menu.default\">\n\t\t\t\t<div class=\"elementor-widget-container\">\n\t\t\t\t\t\t\t\t<nav aria-label=\"Menu\" class=\"elementor-nav-menu--main elementor-nav-menu__container elementor-nav-menu--layout-vertical e--pointer-none\">\n\t\t\t\t<ul id=\"menu-1-5516791f\" class=\"elementor-nav-menu sm-vertical\"><li class=\"menu-item menu-item-type-custom menu-item-object-custom menu-item-2864\"><a href=\"https:\/\/thenattikabeach.com\/fr\/developpement-durable\/\" class=\"elementor-item\">Sustainability<\/a><\/li>\n<li class=\"menu-item menu-item-type-custom menu-item-object-custom menu-item-2865\"><a href=\"https:\/\/thenattikabeach.com\/fr\/ferme-biologique-et-academie-de-tennis\/\" class=\"elementor-item\">Organic Vegetable Farm and Tennis Academy<\/a><\/li>\n<li class=\"menu-item menu-item-type-custom menu-item-object-custom menu-item-2866\"><a href=\"https:\/\/thenattikabeach.com\/fr\/nabh-green-leaf-certification\/\" class=\"elementor-item\">NABH &#038; Ayur Diamond Certification<\/a><\/li>\n<li class=\"menu-item menu-item-type-custom menu-item-object-custom menu-item-2867\"><a href=\"https:\/\/thenattikabeach.com\/fr\/faqs\/\" class=\"elementor-item\">FAQs<\/a><\/li>\n<li class=\"menu-item menu-item-type-custom menu-item-object-custom menu-item-2868\"><a href=\"https:\/\/thenattikabeach.com\/fr\/tourisme-local\/\" class=\"elementor-item\">Local Sightseeing<\/a><\/li>\n<li class=\"menu-item menu-item-type-custom menu-item-object-custom menu-item-2869\"><a href=\"https:\/\/thenattikabeach.com\/fr\/activites-quotidiennes\/\" class=\"elementor-item\">Daily Activities<\/a><\/li>\n<li class=\"menu-item menu-item-type-custom menu-item-object-custom menu-item-2870\"><a href=\"https:\/\/thenattikabeach.com\/fr\/nous-contacter\/\" class=\"elementor-item\">Contact Us<\/a><\/li>\n<li class=\"menu-item menu-item-type-custom menu-item-object-custom menu-item-2871\"><a href=\"https:\/\/thenattikabeach.com\/fr\/travailler-avec-nous\/\" class=\"elementor-item\">Work With Us<\/a><\/li>\n<li class=\"menu-item menu-item-type-custom menu-item-object-custom menu-item-2872\"><a href=\"https:\/\/thenattikabeach.com\/fr\/rockholm-at-the-lighthouse-beach\/\" class=\"elementor-item\">Rockholm at the Lighthouse Beach<\/a><\/li>\n<li class=\"menu-item menu-item-type-custom menu-item-object-custom menu-item-2873\"><a href=\"https:\/\/www.nattikalife.com\/\" class=\"elementor-item\" rel=\"nofollow noopener\" target=\"_blank\">Nattika Online Wellness Services<\/a><\/li>\n<\/ul>\t\t\t<\/nav>\n\t\t\t\t\t\t<nav class=\"elementor-nav-menu--dropdown elementor-nav-menu__container\" aria-hidden=\"true\">\n\t\t\t\t<ul id=\"menu-2-5516791f\" class=\"elementor-nav-menu sm-vertical\"><li class=\"menu-item menu-item-type-custom menu-item-object-custom menu-item-2864\"><a href=\"https:\/\/thenattikabeach.com\/fr\/developpement-durable\/\" class=\"elementor-item\" tabindex=\"-1\">Sustainability<\/a><\/li>\n<li class=\"menu-item menu-item-type-custom menu-item-object-custom menu-item-2865\"><a href=\"https:\/\/thenattikabeach.com\/fr\/ferme-biologique-et-academie-de-tennis\/\" class=\"elementor-item\" tabindex=\"-1\">Organic Vegetable Farm and Tennis Academy<\/a><\/li>\n<li class=\"menu-item menu-item-type-custom menu-item-object-custom menu-item-2866\"><a href=\"https:\/\/thenattikabeach.com\/fr\/nabh-green-leaf-certification\/\" class=\"elementor-item\" tabindex=\"-1\">NABH &#038; Ayur Diamond Certification<\/a><\/li>\n<li class=\"menu-item menu-item-type-custom menu-item-object-custom menu-item-2867\"><a href=\"https:\/\/thenattikabeach.com\/fr\/faqs\/\" class=\"elementor-item\" tabindex=\"-1\">FAQs<\/a><\/li>\n<li class=\"menu-item menu-item-type-custom menu-item-object-custom menu-item-2868\"><a href=\"https:\/\/thenattikabeach.com\/fr\/tourisme-local\/\" class=\"elementor-item\" tabindex=\"-1\">Local Sightseeing<\/a><\/li>\n<li class=\"menu-item menu-item-type-custom menu-item-object-custom menu-item-2869\"><a href=\"https:\/\/thenattikabeach.com\/fr\/activites-quotidiennes\/\" class=\"elementor-item\" tabindex=\"-1\">Daily Activities<\/a><\/li>\n<li class=\"menu-item menu-item-type-custom menu-item-object-custom menu-item-2870\"><a href=\"https:\/\/thenattikabeach.com\/fr\/nous-contacter\/\" class=\"elementor-item\" tabindex=\"-1\">Contact Us<\/a><\/li>\n<li class=\"menu-item menu-item-type-custom menu-item-object-custom menu-item-2871\"><a href=\"https:\/\/thenattikabeach.com\/fr\/travailler-avec-nous\/\" class=\"elementor-item\" tabindex=\"-1\">Work With Us<\/a><\/li>\n<li class=\"menu-item menu-item-type-custom menu-item-object-custom menu-item-2872\"><a href=\"https:\/\/thenattikabeach.com\/fr\/rockholm-at-the-lighthouse-beach\/\" class=\"elementor-item\" tabindex=\"-1\">Rockholm at the Lighthouse Beach<\/a><\/li>\n<li class=\"menu-item menu-item-type-custom menu-item-object-custom menu-item-2873\"><a href=\"https:\/\/www.nattikalife.com\/\" class=\"elementor-item\" tabindex=\"-1\" rel=\"nofollow noopener\" target=\"_blank\">Nattika Online Wellness Services<\/a><\/li>\n<\/ul>\t\t\t<\/nav>\n\t\t\t\t\t\t<\/div>\n\t\t\t\t<\/div>\n\t\t\t\t\t<\/div>\n\t\t<\/div>\n\t\t\t\t\t<\/div>\n\t\t<\/section>\n\t\t\t\t\t<\/div>\n\t\t<\/div>\n\t\t\t\t<div class=\"elementor-column elementor-col-66 elementor-top-column elementor-element elementor-element-3d639273\" data-id=\"3d639273\" data-element_type=\"column\" data-e-type=\"column\">\n\t\t\t<div class=\"elementor-widget-wrap elementor-element-populated\">\n\t\t\t\t\t\t<section class=\"elementor-section elementor-inner-section elementor-element elementor-element-53696e78 elementor-section-boxed elementor-section-height-default elementor-section-height-default\" data-id=\"53696e78\" data-element_type=\"section\" data-e-type=\"section\" id=\"workwithus\">\n\t\t\t\t\t\t<div class=\"elementor-container elementor-column-gap-default\">\n\t\t\t\t\t<div class=\"elementor-column elementor-col-100 elementor-inner-column elementor-element elementor-element-5dcc448c\" data-id=\"5dcc448c\" data-element_type=\"column\" data-e-type=\"column\">\n\t\t\t<div class=\"elementor-widget-wrap elementor-element-populated\">\n\t\t\t\t\t\t<div class=\"elementor-element elementor-element-b8b133c elementor-widget elementor-widget-heading\" data-id=\"b8b133c\" data-element_type=\"widget\" data-e-type=\"widget\" data-widget_type=\"heading.default\">\n\t\t\t\t<div class=\"elementor-widget-container\">\n\t\t\t\t\t<h2 class=\"elementor-heading-title elementor-size-default\">WORK WITH US<\/h2>\t\t\t\t<\/div>\n\t\t\t\t<\/div>\n\t\t\t\t<div class=\"elementor-element elementor-element-1ce9d4b8 elementor-widget elementor-widget-text-editor\" data-id=\"1ce9d4b8\" data-element_type=\"widget\" data-e-type=\"widget\" data-widget_type=\"text-editor.default\">\n\t\t\t\t<div class=\"elementor-widget-container\">\n\t\t\t\t\t\t\t\t\t<p>Remplissez le formulaire ci-dessous ou envoyez votre CV \u00e0 <a href=\"mailto:hr@thenattikabeach.com\">hr@thenattikabeach.com<\/a><\/p>\n\t\t\t\t\t\t\t\t<\/div>\n\t\t\t\t<\/div>\n\t\t\t\t<div class=\"elementor-element elementor-element-19274c1f elementor-button-align-start elementor-widget elementor-widget-form\" data-id=\"19274c1f\" data-element_type=\"widget\" data-e-type=\"widget\" data-settings=\"{&quot;step_next_label&quot;:&quot;Next&quot;,&quot;step_previous_label&quot;:&quot;Previous&quot;,&quot;button_width&quot;:&quot;100&quot;,&quot;step_type&quot;:&quot;number_text&quot;,&quot;step_icon_shape&quot;:&quot;circle&quot;}\" data-widget_type=\"form.default\">\n\t\t\t\t<div class=\"elementor-widget-container\">\n\t\t\t\t\t\t\t<form class=\"elementor-form\" method=\"post\" name=\"New Form\" aria-label=\"New Form\">\n\t\t\t<input type=\"hidden\" name=\"post_id\" value=\"2722\"\/>\n\t\t\t<input type=\"hidden\" name=\"form_id\" value=\"19274c1f\"\/>\n\t\t\t<input type=\"hidden\" name=\"referer_title\" value=\"\" \/>\n\n\t\t\t\n\t\t\t<div class=\"elementor-form-fields-wrapper elementor-labels-\">\n\t\t\t\t\t\t\t\t<div class=\"elementor-field-type-text elementor-field-group elementor-column elementor-field-group-name elementor-col-100 elementor-field-required\">\n\t\t\t\t\t\t\t\t\t\t\t\t<label for=\"form-field-name\" class=\"elementor-field-label elementor-screen-only\">\n\t\t\t\t\t\t\t\tFirst Name\t\t\t\t\t\t\t<\/label>\n\t\t\t\t\t\t\t\t\t\t\t\t\t\t<input size=\"1\" type=\"text\" name=\"form_fields[name]\" id=\"form-field-name\" class=\"elementor-field elementor-size-sm  elementor-field-textual\" placeholder=\"First Name\" required=\"required\">\n\t\t\t\t\t\t\t\t\t\t\t<\/div>\n\t\t\t\t\t\t\t\t<div class=\"elementor-field-type-text elementor-field-group elementor-column elementor-field-group-field_5c5c18f elementor-col-100 elementor-field-required\">\n\t\t\t\t\t\t\t\t\t\t\t\t<label for=\"form-field-field_5c5c18f\" class=\"elementor-field-label elementor-screen-only\">\n\t\t\t\t\t\t\t\tLast Name\t\t\t\t\t\t\t<\/label>\n\t\t\t\t\t\t\t\t\t\t\t\t\t\t<input size=\"1\" type=\"text\" name=\"form_fields[field_5c5c18f]\" id=\"form-field-field_5c5c18f\" class=\"elementor-field elementor-size-sm  elementor-field-textual\" placeholder=\"Last Name\" required=\"required\">\n\t\t\t\t\t\t\t\t\t\t\t<\/div>\n\t\t\t\t\t\t\t\t<div class=\"elementor-field-type-email elementor-field-group elementor-column elementor-field-group-email elementor-col-100 elementor-field-required\">\n\t\t\t\t\t\t\t\t\t\t\t\t<label for=\"form-field-email\" class=\"elementor-field-label elementor-screen-only\">\n\t\t\t\t\t\t\t\tEmail\t\t\t\t\t\t\t<\/label>\n\t\t\t\t\t\t\t\t\t\t\t\t\t\t<input size=\"1\" type=\"email\" name=\"form_fields[email]\" id=\"form-field-email\" class=\"elementor-field elementor-size-sm  elementor-field-textual\" placeholder=\"Email\" required=\"required\">\n\t\t\t\t\t\t\t\t\t\t\t<\/div>\n\t\t\t\t\t\t\t\t<div class=\"elementor-field-type-text elementor-field-group elementor-column elementor-field-group-field_454a581 elementor-col-100 elementor-field-required\">\n\t\t\t\t\t\t\t\t\t\t\t\t<label for=\"form-field-field_454a581\" class=\"elementor-field-label elementor-screen-only\">\n\t\t\t\t\t\t\t\tMobile\t\t\t\t\t\t\t<\/label>\n\t\t\t\t\t\t\t\t\t\t\t\t\t\t<input size=\"1\" type=\"text\" name=\"form_fields[field_454a581]\" id=\"form-field-field_454a581\" class=\"elementor-field elementor-size-sm  elementor-field-textual\" placeholder=\"Mobile\" required=\"required\">\n\t\t\t\t\t\t\t\t\t\t\t<\/div>\n\t\t\t\t\t\t\t\t<div class=\"elementor-field-type-text elementor-field-group elementor-column elementor-field-group-field_7ec4dee elementor-col-100 elementor-field-required\">\n\t\t\t\t\t\t\t\t\t\t\t\t<label for=\"form-field-field_7ec4dee\" class=\"elementor-field-label elementor-screen-only\">\n\t\t\t\t\t\t\t\tAddress\t\t\t\t\t\t\t<\/label>\n\t\t\t\t\t\t\t\t\t\t\t\t\t\t<input size=\"1\" type=\"text\" name=\"form_fields[field_7ec4dee]\" id=\"form-field-field_7ec4dee\" class=\"elementor-field elementor-size-sm  elementor-field-textual\" placeholder=\"Address\" required=\"required\">\n\t\t\t\t\t\t\t\t\t\t\t<\/div>\n\t\t\t\t\t\t\t\t<div class=\"elementor-field-type-date elementor-field-group elementor-column elementor-field-group-field_ba56170 elementor-col-100\">\n\t\t\t\t\t\t\t\t\t\t\t\t<label for=\"form-field-field_ba56170\" class=\"elementor-field-label elementor-screen-only\">\n\t\t\t\t\t\t\t\tDate of Birth\t\t\t\t\t\t\t<\/label>\n\t\t\t\t\t\t\n\t\t<input type=\"date\" name=\"form_fields[field_ba56170]\" id=\"form-field-field_ba56170\" class=\"elementor-field elementor-size-sm  elementor-field-textual elementor-date-field\" placeholder=\"Date of Birth\" pattern=\"[0-9]{4}-[0-9]{2}-[0-9]{2}\">\n\t\t\t\t\t\t<\/div>\n\t\t\t\t\t\t\t\t<div class=\"elementor-field-type-text elementor-field-group elementor-column elementor-field-group-message elementor-col-100 elementor-field-required\">\n\t\t\t\t\t\t\t\t\t\t\t\t<label for=\"form-field-message\" class=\"elementor-field-label elementor-screen-only\">\n\t\t\t\t\t\t\t\tExperience\t\t\t\t\t\t\t<\/label>\n\t\t\t\t\t\t\t\t\t\t\t\t\t\t<input size=\"1\" type=\"text\" name=\"form_fields[message]\" id=\"form-field-message\" class=\"elementor-field elementor-size-sm  elementor-field-textual\" placeholder=\"Experience\" required=\"required\">\n\t\t\t\t\t\t\t\t\t\t\t<\/div>\n\t\t\t\t\t\t\t\t<div class=\"elementor-field-type-text elementor-field-group elementor-column elementor-field-group-field_17d7ffa elementor-col-100 elementor-field-required\">\n\t\t\t\t\t\t\t\t\t\t\t\t<label for=\"form-field-field_17d7ffa\" class=\"elementor-field-label elementor-screen-only\">\n\t\t\t\t\t\t\t\tCurrent Job Designation\t\t\t\t\t\t\t<\/label>\n\t\t\t\t\t\t\t\t\t\t\t\t\t\t<input size=\"1\" type=\"text\" name=\"form_fields[field_17d7ffa]\" id=\"form-field-field_17d7ffa\" class=\"elementor-field elementor-size-sm  elementor-field-textual\" placeholder=\"Current Job Designation\" required=\"required\">\n\t\t\t\t\t\t\t\t\t\t\t<\/div>\n\t\t\t\t\t\t\t\t<div class=\"elementor-field-type-text elementor-field-group elementor-column elementor-field-group-field_61a3c19 elementor-col-100 elementor-field-required\">\n\t\t\t\t\t\t\t\t\t\t\t\t<label for=\"form-field-field_61a3c19\" class=\"elementor-field-label elementor-screen-only\">\n\t\t\t\t\t\t\t\tQualification\t\t\t\t\t\t\t<\/label>\n\t\t\t\t\t\t\t\t\t\t\t\t\t\t<input size=\"1\" type=\"text\" name=\"form_fields[field_61a3c19]\" id=\"form-field-field_61a3c19\" class=\"elementor-field elementor-size-sm  elementor-field-textual\" placeholder=\"Qualification\" required=\"required\">\n\t\t\t\t\t\t\t\t\t\t\t<\/div>\n\t\t\t\t\t\t\t\t<div class=\"elementor-field-type-text elementor-field-group elementor-column elementor-field-group-field_9b3911d elementor-col-100 elementor-field-required\">\n\t\t\t\t\t\t\t\t\t\t\t\t<label for=\"form-field-field_9b3911d\" class=\"elementor-field-label elementor-screen-only\">\n\t\t\t\t\t\t\t\tSkills\t\t\t\t\t\t\t<\/label>\n\t\t\t\t\t\t\t\t\t\t\t\t\t\t<input size=\"1\" type=\"text\" name=\"form_fields[field_9b3911d]\" id=\"form-field-field_9b3911d\" class=\"elementor-field elementor-size-sm  elementor-field-textual\" placeholder=\"Skills\" required=\"required\">\n\t\t\t\t\t\t\t\t\t\t\t<\/div>\n\t\t\t\t\t\t\t\t<div class=\"elementor-field-type-text elementor-field-group elementor-column elementor-field-group-field_c4652e7 elementor-col-100 elementor-field-required\">\n\t\t\t\t\t\t\t\t\t\t\t\t<label for=\"form-field-field_c4652e7\" class=\"elementor-field-label elementor-screen-only\">\n\t\t\t\t\t\t\t\tInsert Your CV URL (Dropbox \/ Google Drive)\t\t\t\t\t\t\t<\/label>\n\t\t\t\t\t\t\t\t\t\t\t\t\t\t<input size=\"1\" type=\"text\" name=\"form_fields[field_c4652e7]\" id=\"form-field-field_c4652e7\" class=\"elementor-field elementor-size-sm  elementor-field-textual\" placeholder=\"Insert Your CV URL (Dropbox \/ Google Drive)\" required=\"required\">\n\t\t\t\t\t\t\t\t\t\t\t<\/div>\n\t\t\t\t\t\t\t\t<div class=\"elementor-field-type-recaptcha_v3 elementor-field-group elementor-column elementor-field-group-field_de7dccf elementor-col-100 recaptcha_v3-inline\">\n\t\t\t\t\t<div class=\"elementor-field\" id=\"form-field-field_de7dccf\"><div class=\"elementor-g-recaptcha\" data-sitekey=\"6LeOfv0fAAAAAHEJakPg1Oar5QnpXxC9uc0yce1x\" data-type=\"v3\" data-action=\"Form\" data-badge=\"inline\" data-size=\"invisible\"><\/div><\/div>\t\t\t\t<\/div>\n\t\t\t\t\t\t\t\t<div class=\"elementor-field-group elementor-column elementor-field-type-submit elementor-col-100 e-form__buttons\">\n\t\t\t\t\t<button class=\"elementor-button elementor-size-sm\" type=\"submit\">\n\t\t\t\t\t\t<span class=\"elementor-button-content-wrapper\">\n\t\t\t\t\t\t\t\t\t\t\t\t\t\t\t\t\t\t\t\t\t\t<span class=\"elementor-button-text\">Submit<\/span>\n\t\t\t\t\t\t\t\t\t\t\t\t\t<\/span>\n\t\t\t\t\t<\/button>\n\t\t\t\t<\/div>\n\t\t\t<\/div>\n\t\t<\/form>\n\t\t\t\t\t\t<\/div>\n\t\t\t\t<\/div>\n\t\t\t\t<div class=\"elementor-element elementor-element-753f8712 elementor-widget elementor-widget-text-editor\" data-id=\"753f8712\" data-element_type=\"widget\" data-e-type=\"widget\" data-widget_type=\"text-editor.default\">\n\t\t\t\t<div class=\"elementor-widget-container\">\n\t\t\t\t\t\t\t\t\t<p>Opportunit\u00e9s d\u2019embauches :<\/p>\n<p>Le Nattika Beach Ayurveda Resort est un <a href=\"https:\/\/thenattikabeach.com\/wp-content\/uploads\/2022\/06\/Career-Group-Profile.pdf\" target=\"_blank\" rel=\"noopener\">employeur qui respecte l\u2019\u00e9galit\u00e9<\/a> des chances. Avec deux \u00e9tablissements Ayurveda sous sa coupe, le groupe offre de nombreuses possibilit\u00e9s de croissance dans le secteur du tourisme. Nous invitons les personnes qualifi\u00e9es, dynamiques, motiv\u00e9es et confiantes \u00e0 nous rejoindre dans ce secteur en pleine expansion. <\/p>\n<p>De plus, nous prenons aussi des stagiaires.<\/p>\n<p>Une r\u00e9mun\u00e9ration attrayante est offerte ainsi que des avantages en mati\u00e8re de logement et de nourriture. Nous offrons \u00e9galement des primes bas\u00e9es sur les performances tous les 6 mois. <\/p>\n<p>Pour plus <a href=\"https:\/\/thenattikabeach.com\/wp-content\/uploads\/2022\/06\/Career-Internship-Program.pdf\" target=\"_blank\" rel=\"noopener\">d\u2019informations<\/a> sur les stages, veuillez contacter reservation@thenattikabeach.com.<\/p>\n<p>Confort du personnel :<\/p>\n<ul>\n<li>Tous les membres de notre \u00e9quipe sont log\u00e9s et nourris.<\/li>\n<li>Un logement pour les familles est \u00e9galement fourni \u00e0 ceux qui le demandent.<\/li>\n<li>Une option de fonds de pr\u00e9voyance et une assurance maladie compl\u00e8te sont fournies \u00e0 toute notre \u00e9quipe.<\/li>\n<li>Transport du personnel vers et depuis le centre de vill\u00e9giature pour les employ\u00e9s vivant avec leur famille \u00e0 Thrissur.<\/li>\n<li>Les employ\u00e9s qui travaillent depuis plus d\u2019un an b\u00e9n\u00e9ficient de pr\u00eats sans int\u00e9r\u00eat sur demande.<\/li>\n<li>Formation pratique sur des sujets li\u00e9s au d\u00e9veloppement durable pour une meilleure sensibilisation \u2013 Pour sensibiliser le personnel, des instructions sont donn\u00e9es sur la base de t\u00e2ches r\u00e9elles.<\/li>\n<li>Conformit\u00e9 totale avec les r\u00e8gles et r\u00e8glements du bureau local du travail. Horaires de travail raisonnables, jours de cong\u00e9, etc. <\/li>\n<\/ul>\n\t\t\t\t\t\t\t\t<\/div>\n\t\t\t\t<\/div>\n\t\t\t\t<div class=\"elementor-element elementor-element-266b7259 elementor-widget elementor-widget-image\" data-id=\"266b7259\" data-element_type=\"widget\" data-e-type=\"widget\" data-widget_type=\"image.default\">\n\t\t\t\t<div class=\"elementor-widget-container\">\n\t\t\t\t\t\t\t\t\t\t\t\t\t\t\t<img fetchpriority=\"high\" decoding=\"async\" width=\"800\" height=\"379\" src=\"https:\/\/thenattikabeach.com\/wp-content\/uploads\/2022\/06\/Training-of-Therapists-1024x485.jpg\" class=\"attachment-large size-large wp-image-2454\" alt=\"\" srcset=\"https:\/\/thenattikabeach.com\/wp-content\/uploads\/2022\/06\/Training-of-Therapists-1024x485.jpg 1024w, https:\/\/thenattikabeach.com\/wp-content\/uploads\/2022\/06\/Training-of-Therapists-300x142.jpg 300w, https:\/\/thenattikabeach.com\/wp-content\/uploads\/2022\/06\/Training-of-Therapists-768x364.jpg 768w, https:\/\/thenattikabeach.com\/wp-content\/uploads\/2022\/06\/Training-of-Therapists-1536x728.jpg 1536w, https:\/\/thenattikabeach.com\/wp-content\/uploads\/2022\/06\/Training-of-Therapists.jpg 1900w\" sizes=\"(max-width: 800px) 100vw, 800px\" title=\"\">\t\t\t\t\t\t\t\t\t\t\t\t\t\t\t<\/div>\n\t\t\t\t<\/div>\n\t\t\t\t\t<\/div>\n\t\t<\/div>\n\t\t\t\t\t<\/div>\n\t\t<\/section>\n\t\t\t\t\t<\/div>\n\t\t<\/div>\n\t\t\t\t\t<\/div>\n\t\t<\/section>\n\t\t\t\t<\/div>\n\t\t","protected":false},"excerpt":{"rendered":"<p>Home ABOUT NATTIKA WORK WITH US Remplissez le formulaire ci-dessous ou envoyez votre CV \u00e0 hr@thenattikabeach.com Opportunit\u00e9s d\u2019embauches : Le Nattika Beach Ayurveda Resort est un employeur qui respecte l\u2019\u00e9galit\u00e9 des chances. Avec deux \u00e9tablissements Ayurveda sous sa coupe, le groupe offre de nombreuses possibilit\u00e9s de croissance dans le secteur du tourisme. Nous invitons les [&hellip;]<\/p>\n","protected":false},"author":3,"featured_media":0,"parent":0,"menu_order":0,"comment_status":"closed","ping_status":"closed","template":"elementor_header_footer","meta":{"footnotes":""},"class_list":["post-2722","page","type-page","status-publish","hentry"],"_links":{"self":[{"href":"https:\/\/thenattikabeach.com\/fr\/wp-json\/wp\/v2\/pages\/2722","targetHints":{"allow":["GET"]}}],"collection":[{"href":"https:\/\/thenattikabeach.com\/fr\/wp-json\/wp\/v2\/pages"}],"about":[{"href":"https:\/\/thenattikabeach.com\/fr\/wp-json\/wp\/v2\/types\/page"}],"author":[{"embeddable":true,"href":"https:\/\/thenattikabeach.com\/fr\/wp-json\/wp\/v2\/users\/3"}],"replies":[{"embeddable":true,"href":"https:\/\/thenattikabeach.com\/fr\/wp-json\/wp\/v2\/comments?post=2722"}],"version-history":[{"count":8,"href":"https:\/\/thenattikabeach.com\/fr\/wp-json\/wp\/v2\/pages\/2722\/revisions"}],"predecessor-version":[{"id":11114,"href":"https:\/\/thenattikabeach.com\/fr\/wp-json\/wp\/v2\/pages\/2722\/revisions\/11114"}],"wp:attachment":[{"href":"https:\/\/thenattikabeach.com\/fr\/wp-json\/wp\/v2\/media?parent=2722"}],"curies":[{"name":"wp","href":"https:\/\/api.w.org\/{rel}","templated":true}]}}