{"id":2718,"date":"2022-08-04T11:11:45","date_gmt":"2022-08-04T11:11:45","guid":{"rendered":"https:\/\/thenattikabeach.com\/activites-quotidiennes\/"},"modified":"2025-07-04T09:36:21","modified_gmt":"2025-07-04T09:36:21","slug":"activites-quotidiennes","status":"publish","type":"page","link":"https:\/\/thenattikabeach.com\/fr\/activites-quotidiennes\/","title":{"rendered":"Activit\u00e9s quotidiennes"},"content":{"rendered":"\t\t<div data-elementor-type=\"wp-page\" data-elementor-id=\"2718\" class=\"elementor elementor-2718 elementor-1414\" data-elementor-post-type=\"page\">\n\t\t\t\t\t\t<section class=\"elementor-section elementor-top-section elementor-element elementor-element-662b91a4 elementor-section-height-min-height elementor-hidden-mobile elementor-section-items-bottom elementor-section-boxed elementor-section-height-default\" data-id=\"662b91a4\" data-element_type=\"section\" data-e-type=\"section\" data-settings=\"{&quot;background_background&quot;:&quot;classic&quot;}\">\n\t\t\t\t\t\t<div class=\"elementor-container elementor-column-gap-default\">\n\t\t\t\t\t<div class=\"elementor-column elementor-col-100 elementor-top-column elementor-element elementor-element-5d741934\" data-id=\"5d741934\" data-element_type=\"column\" data-e-type=\"column\">\n\t\t\t<div class=\"elementor-widget-wrap\">\n\t\t\t\t\t\t\t<\/div>\n\t\t<\/div>\n\t\t\t\t\t<\/div>\n\t\t<\/section>\n\t\t\t\t<section class=\"elementor-section elementor-top-section elementor-element elementor-element-8218ac7 elementor-section-boxed elementor-section-height-default elementor-section-height-default\" data-id=\"8218ac7\" data-element_type=\"section\" data-e-type=\"section\">\n\t\t\t\t\t\t<div class=\"elementor-container elementor-column-gap-default\">\n\t\t\t\t\t<div class=\"elementor-column elementor-col-25 elementor-top-column elementor-element elementor-element-72c9970\" data-id=\"72c9970\" data-element_type=\"column\" data-e-type=\"column\">\n\t\t\t<div class=\"elementor-widget-wrap\">\n\t\t\t\t\t\t\t<\/div>\n\t\t<\/div>\n\t\t\t\t<div class=\"elementor-column elementor-col-50 elementor-top-column elementor-element elementor-element-71a03d2\" data-id=\"71a03d2\" data-element_type=\"column\" data-e-type=\"column\">\n\t\t\t<div class=\"elementor-widget-wrap\">\n\t\t\t\t\t\t\t<\/div>\n\t\t<\/div>\n\t\t\t\t<div class=\"elementor-column elementor-col-25 elementor-top-column elementor-element elementor-element-6139c50\" data-id=\"6139c50\" data-element_type=\"column\" data-e-type=\"column\">\n\t\t\t<div class=\"elementor-widget-wrap\">\n\t\t\t\t\t\t\t<\/div>\n\t\t<\/div>\n\t\t\t\t\t<\/div>\n\t\t<\/section>\n\t\t\t\t<section class=\"elementor-section elementor-top-section elementor-element elementor-element-3a044443 elementor-section-boxed elementor-section-height-default elementor-section-height-default\" data-id=\"3a044443\" data-element_type=\"section\" data-e-type=\"section\" id=\"sustainability\">\n\t\t\t\t\t\t<div class=\"elementor-container elementor-column-gap-wide\">\n\t\t\t\t\t<div class=\"elementor-column elementor-col-33 elementor-top-column elementor-element elementor-element-6f420909\" data-id=\"6f420909\" data-element_type=\"column\" data-e-type=\"column\">\n\t\t\t<div class=\"elementor-widget-wrap elementor-element-populated\">\n\t\t\t\t\t\t<section class=\"elementor-section elementor-inner-section elementor-element elementor-element-4b7ece7 elementor-section-boxed elementor-section-height-default elementor-section-height-default\" data-id=\"4b7ece7\" data-element_type=\"section\" data-e-type=\"section\" data-settings=\"{&quot;sticky&quot;:&quot;top&quot;,&quot;sticky_on&quot;:[&quot;desktop&quot;,&quot;tablet&quot;],&quot;sticky_offset&quot;:130,&quot;sticky_parent&quot;:&quot;yes&quot;,&quot;sticky_effects_offset&quot;:0,&quot;sticky_anchor_link_offset&quot;:0}\">\n\t\t\t\t\t\t<div class=\"elementor-container elementor-column-gap-default\">\n\t\t\t\t\t<div class=\"elementor-column elementor-col-100 elementor-inner-column elementor-element elementor-element-7de8db93\" data-id=\"7de8db93\" data-element_type=\"column\" data-e-type=\"column\">\n\t\t\t<div class=\"elementor-widget-wrap elementor-element-populated\">\n\t\t\t\t\t\t<div class=\"elementor-element elementor-element-f923e62 elementor-widget elementor-widget-heading\" data-id=\"f923e62\" data-element_type=\"widget\" data-e-type=\"widget\" data-widget_type=\"heading.default\">\n\t\t\t\t<div class=\"elementor-widget-container\">\n\t\t\t\t\t<h2 class=\"elementor-heading-title elementor-size-default\">ABOUT NATTIKA<\/h2>\t\t\t\t<\/div>\n\t\t\t\t<\/div>\n\t\t\t\t<div class=\"elementor-element elementor-element-3708ba1b elementor-nav-menu__align-start elementor-nav-menu--dropdown-none elementor-widget elementor-widget-nav-menu\" data-id=\"3708ba1b\" data-element_type=\"widget\" data-e-type=\"widget\" data-settings=\"{&quot;layout&quot;:&quot;vertical&quot;,&quot;submenu_icon&quot;:{&quot;value&quot;:&quot;&lt;i class=\\&quot;fas fa-caret-down\\&quot; aria-hidden=\\&quot;true\\&quot;&gt;&lt;\\\/i&gt;&quot;,&quot;library&quot;:&quot;fa-solid&quot;}}\" data-widget_type=\"nav-menu.default\">\n\t\t\t\t<div class=\"elementor-widget-container\">\n\t\t\t\t\t\t\t\t<nav aria-label=\"Menu\" class=\"elementor-nav-menu--main elementor-nav-menu__container elementor-nav-menu--layout-vertical e--pointer-none\">\n\t\t\t\t<ul id=\"menu-1-3708ba1b\" class=\"elementor-nav-menu sm-vertical\"><li class=\"menu-item menu-item-type-custom menu-item-object-custom menu-item-2864\"><a href=\"https:\/\/thenattikabeach.com\/fr\/developpement-durable\/\" class=\"elementor-item\">Sustainability<\/a><\/li>\n<li class=\"menu-item menu-item-type-custom menu-item-object-custom menu-item-2865\"><a href=\"https:\/\/thenattikabeach.com\/fr\/ferme-biologique-et-academie-de-tennis\/\" class=\"elementor-item\">Organic Vegetable Farm and Tennis Academy<\/a><\/li>\n<li class=\"menu-item menu-item-type-custom menu-item-object-custom menu-item-2866\"><a href=\"https:\/\/thenattikabeach.com\/fr\/nabh-green-leaf-certification\/\" class=\"elementor-item\">NABH &#038; Ayur Diamond Certification<\/a><\/li>\n<li class=\"menu-item menu-item-type-custom menu-item-object-custom menu-item-2867\"><a href=\"https:\/\/thenattikabeach.com\/fr\/faqs\/\" class=\"elementor-item\">FAQs<\/a><\/li>\n<li class=\"menu-item menu-item-type-custom menu-item-object-custom menu-item-2868\"><a href=\"https:\/\/thenattikabeach.com\/fr\/tourisme-local\/\" class=\"elementor-item\">Local Sightseeing<\/a><\/li>\n<li class=\"menu-item menu-item-type-custom menu-item-object-custom menu-item-2869\"><a href=\"https:\/\/thenattikabeach.com\/fr\/activites-quotidiennes\/\" class=\"elementor-item\">Daily Activities<\/a><\/li>\n<li class=\"menu-item menu-item-type-custom menu-item-object-custom menu-item-2870\"><a href=\"https:\/\/thenattikabeach.com\/fr\/nous-contacter\/\" class=\"elementor-item\">Contact Us<\/a><\/li>\n<li class=\"menu-item menu-item-type-custom menu-item-object-custom menu-item-2871\"><a href=\"https:\/\/thenattikabeach.com\/fr\/travailler-avec-nous\/\" class=\"elementor-item\">Work With Us<\/a><\/li>\n<li class=\"menu-item menu-item-type-custom menu-item-object-custom menu-item-2872\"><a href=\"https:\/\/thenattikabeach.com\/fr\/rockholm-at-the-lighthouse-beach\/\" class=\"elementor-item\">Rockholm at the Lighthouse Beach<\/a><\/li>\n<li class=\"menu-item menu-item-type-custom menu-item-object-custom menu-item-2873\"><a href=\"https:\/\/www.nattikalife.com\/\" class=\"elementor-item\" rel=\"nofollow noopener\" target=\"_blank\">Nattika Online Wellness Services<\/a><\/li>\n<\/ul>\t\t\t<\/nav>\n\t\t\t\t\t\t<nav class=\"elementor-nav-menu--dropdown elementor-nav-menu__container\" aria-hidden=\"true\">\n\t\t\t\t<ul id=\"menu-2-3708ba1b\" class=\"elementor-nav-menu sm-vertical\"><li class=\"menu-item menu-item-type-custom menu-item-object-custom menu-item-2864\"><a href=\"https:\/\/thenattikabeach.com\/fr\/developpement-durable\/\" class=\"elementor-item\" tabindex=\"-1\">Sustainability<\/a><\/li>\n<li class=\"menu-item menu-item-type-custom menu-item-object-custom menu-item-2865\"><a href=\"https:\/\/thenattikabeach.com\/fr\/ferme-biologique-et-academie-de-tennis\/\" class=\"elementor-item\" tabindex=\"-1\">Organic Vegetable Farm and Tennis Academy<\/a><\/li>\n<li class=\"menu-item menu-item-type-custom menu-item-object-custom menu-item-2866\"><a href=\"https:\/\/thenattikabeach.com\/fr\/nabh-green-leaf-certification\/\" class=\"elementor-item\" tabindex=\"-1\">NABH &#038; Ayur Diamond Certification<\/a><\/li>\n<li class=\"menu-item menu-item-type-custom menu-item-object-custom menu-item-2867\"><a href=\"https:\/\/thenattikabeach.com\/fr\/faqs\/\" class=\"elementor-item\" tabindex=\"-1\">FAQs<\/a><\/li>\n<li class=\"menu-item menu-item-type-custom menu-item-object-custom menu-item-2868\"><a href=\"https:\/\/thenattikabeach.com\/fr\/tourisme-local\/\" class=\"elementor-item\" tabindex=\"-1\">Local Sightseeing<\/a><\/li>\n<li class=\"menu-item menu-item-type-custom menu-item-object-custom menu-item-2869\"><a href=\"https:\/\/thenattikabeach.com\/fr\/activites-quotidiennes\/\" class=\"elementor-item\" tabindex=\"-1\">Daily Activities<\/a><\/li>\n<li class=\"menu-item menu-item-type-custom menu-item-object-custom menu-item-2870\"><a href=\"https:\/\/thenattikabeach.com\/fr\/nous-contacter\/\" class=\"elementor-item\" tabindex=\"-1\">Contact Us<\/a><\/li>\n<li class=\"menu-item menu-item-type-custom menu-item-object-custom menu-item-2871\"><a href=\"https:\/\/thenattikabeach.com\/fr\/travailler-avec-nous\/\" class=\"elementor-item\" tabindex=\"-1\">Work With Us<\/a><\/li>\n<li class=\"menu-item menu-item-type-custom menu-item-object-custom menu-item-2872\"><a href=\"https:\/\/thenattikabeach.com\/fr\/rockholm-at-the-lighthouse-beach\/\" class=\"elementor-item\" tabindex=\"-1\">Rockholm at the Lighthouse Beach<\/a><\/li>\n<li class=\"menu-item menu-item-type-custom menu-item-object-custom menu-item-2873\"><a href=\"https:\/\/www.nattikalife.com\/\" class=\"elementor-item\" tabindex=\"-1\" rel=\"nofollow noopener\" target=\"_blank\">Nattika Online Wellness Services<\/a><\/li>\n<\/ul>\t\t\t<\/nav>\n\t\t\t\t\t\t<\/div>\n\t\t\t\t<\/div>\n\t\t\t\t\t<\/div>\n\t\t<\/div>\n\t\t\t\t\t<\/div>\n\t\t<\/section>\n\t\t\t\t\t<\/div>\n\t\t<\/div>\n\t\t\t\t<div class=\"elementor-column elementor-col-66 elementor-top-column elementor-element elementor-element-7b2fa941\" data-id=\"7b2fa941\" data-element_type=\"column\" data-e-type=\"column\">\n\t\t\t<div class=\"elementor-widget-wrap elementor-element-populated\">\n\t\t\t\t\t\t<section class=\"elementor-section elementor-inner-section elementor-element elementor-element-3fa0c8a1 elementor-section-boxed elementor-section-height-default elementor-section-height-default\" data-id=\"3fa0c8a1\" data-element_type=\"section\" data-e-type=\"section\" id=\"dailyactivities\">\n\t\t\t\t\t\t<div class=\"elementor-container elementor-column-gap-default\">\n\t\t\t\t\t<div class=\"elementor-column elementor-col-100 elementor-inner-column elementor-element elementor-element-43f1dff5\" data-id=\"43f1dff5\" data-element_type=\"column\" data-e-type=\"column\">\n\t\t\t<div class=\"elementor-widget-wrap elementor-element-populated\">\n\t\t\t\t\t\t<div class=\"elementor-element elementor-element-7ebfaa2f elementor-widget elementor-widget-heading\" data-id=\"7ebfaa2f\" data-element_type=\"widget\" data-e-type=\"widget\" data-widget_type=\"heading.default\">\n\t\t\t\t<div class=\"elementor-widget-container\">\n\t\t\t\t\t<h2 class=\"elementor-heading-title elementor-size-default\">ACTIVIT\u00c9S QUOTIDIENNES<\/h2>\t\t\t\t<\/div>\n\t\t\t\t<\/div>\n\t\t\t\t<div class=\"elementor-element elementor-element-2c3c340f elementor-widget elementor-widget-text-editor\" data-id=\"2c3c340f\" data-element_type=\"widget\" data-e-type=\"widget\" data-widget_type=\"text-editor.default\">\n\t\t\t\t<div class=\"elementor-widget-container\">\n\t\t\t\t\t\t\t\t\t<p>Comme nous offrons \u00e0 nos clients la possibilit\u00e9 d\u2019explorer les environs, nous proposons \u00e9galement des activit\u00e9s quotidiennes \u00e0 l\u2019int\u00e9rieur de l\u2019\u00e9tablissement avec le m\u00eame objectif de d\u00e9couvrir notre culture, notre philosophie et bien plus encore.<\/p><p>Le lundi, vous pouvez visiter notre usine d\u2019huile et notre jardin biologique \u00e0 11 heures. Nous vous ferons une d\u00e9monstration de la fabrication d\u2019huiles m\u00e9dicinales et vous montrerons ensuite la ferme biologique o\u00f9 nous cultivons les l\u00e9gumes frais utilis\u00e9s pour vos repas.<\/p><p>\u00c0 16 heures, notre m\u00e9decin ayurv\u00e9dique vous emm\u00e8nera faire le tour du jardin d\u2019herbes aromatiques du centre ayurv\u00e9dique pour le plaisir et l\u2019inspiration. Il s\u2019agit d\u2019une exp\u00e9rience interactive unique pour tous les \u00e2ges.<\/p><p>Rejoignez notre talentueux chef pour les cours de d\u00e9monstration de cuisine ayurv\u00e9dique au restaurant Vapika tous les mardis \u00e0 15 heures. Le cours comprend une d\u00e9monstration de cuisine, un \u00e9chantillon du plat propos\u00e9 et la recette que vous pourrez emporter chez vous.<\/p><p>Le mercredi, nous vous proposons des activit\u00e9s culturelles avec la visite du mus\u00e9e Vaidyaratnam Ayurveda \u00e0 14h30 (frais de 1000 Rs. par personne), o\u00f9 vous en apprendrez plus sur la sagesse traditionnelle du Kerala en mati\u00e8re de soins de sant\u00e9 et son origine principalement fond\u00e9e sur les principes de l\u2019Ayurveda.<\/p><p>Le soir \u00e0 19h00, vous pourrez assister \u00e0 un concert de musique traditionnelle tout en savourant votre d\u00eener au restaurant Vapika au son des meilleurs ragas classiques indiens.<\/p><p>Tous les jeudis \u00e0 17 heures, rejoignez-nous et les autres clients pour un moment de th\u00e9 ensemble dans le salon confortable au bord de la plage. Le salon de la plage offre un cadre id\u00e9al pour une rencontre d\u00e9contract\u00e9e et vous pouvez vous retrouver autour d\u2019une tasse de th\u00e9, de jus de fruits frais et d\u2019en-cas sains.<\/p><p>Rejoignez notre talentueux chef \u00e0 Vapika pour un cours de cuisine saine les vendredis \u00e0 17h, o\u00f9 il vous montrera des techniques simples et rapides de cuisine saine et vous permettra d&rsquo;essayer tous les plats pr\u00e9par\u00e9s lors de l&rsquo;initiation.<\/p><p>Avant la d\u00e9monstration de cuisine, vous aurez l\u2019occasion de visiter notre usine d\u2019huile et le jardin biologique \u00e0 15 heures.<\/p><p><span style=\"font-size: 15.2px;\">Notre basilique Lady of Dolour&amp;#39;s, alias l&rsquo;\u00e9glise Puthenpally, est la plus haute \u00e9glise en Inde et la troisi\u00e8me plus haute en Asie, elle a \u00e9t\u00e9 construite en 1814. Elle est c\u00e9l\u00e8bre pour son architecture de style gothique. Sa somptueuse d\u00e9coration int\u00e9rieur comprend de belles peintures murales, des ic\u00f4nes et des statues de saints ainsi que des sc\u00e8nes de la de l&rsquo;\u00c9criture sainte.<\/span><\/p><p><span style=\"font-size: 15.2px;\">Thrissur est \u00e9galement appel\u00e9e le centre de l&rsquo;or. Chaque ann\u00e9e, 500 kg de bijoux en or sont fabriqu\u00e9s dans cette ville. Explorez le march\u00e9, qui offre une grande vari\u00e9t\u00e9 de bijoux artisanaux.<\/span><\/p><p><span style=\"font-size: 15.2px;\">Le temple Peringottukara Sree Vishnumaya attire non seulement les croyants, mais aussi une foule de touristes et voyageurs du monde entier. C&rsquo;est la sublime architecture du Thanjavur-mod\u00e8le dans le l&rsquo;int\u00e9rieur comme \u00e0 l&rsquo;ext\u00e9rieur du temple, qui enchante les visiteurs. L&rsquo;attraction principale sont les magnifiques sculptures \u00e0 l&rsquo;ext\u00e9rieur du temple.<\/span><\/p><p>\u00c0 19h00, le restaurant Vapika propose un autre concert de musique traditionnelle qui vous ravira pendant le d\u00eener.<\/p><p>Le dimanche, vous pourrez assister \u00e0 une conf\u00e9rence sur l\u2019Ayurveda \u00e0 16h15, au cours de laquelle notre docteur en Ayurveda partagera des informations et vous \u00e9clairera sur les diff\u00e9rents aspects de l\u2019Ayurveda, lors de cette conf\u00e9rence qui se tiendra dans le salon du centre Ayurveda.<\/p>\t\t\t\t\t\t\t\t<\/div>\n\t\t\t\t<\/div>\n\t\t\t\t\t<\/div>\n\t\t<\/div>\n\t\t\t\t\t<\/div>\n\t\t<\/section>\n\t\t\t\t<section class=\"elementor-section elementor-inner-section elementor-element elementor-element-fc9883a elementor-section-content-middle elementor-section-boxed elementor-section-height-default elementor-section-height-default\" data-id=\"fc9883a\" data-element_type=\"section\" data-e-type=\"section\">\n\t\t\t\t\t\t<div class=\"elementor-container elementor-column-gap-default\">\n\t\t\t\t\t<div class=\"elementor-column elementor-col-50 elementor-inner-column elementor-element elementor-element-75b8766\" data-id=\"75b8766\" data-element_type=\"column\" data-e-type=\"column\">\n\t\t\t<div class=\"elementor-widget-wrap elementor-element-populated\">\n\t\t\t\t\t\t<div class=\"elementor-element elementor-element-2c5d7972 elementor-widget elementor-widget-image\" data-id=\"2c5d7972\" data-element_type=\"widget\" data-e-type=\"widget\" data-widget_type=\"image.default\">\n\t\t\t\t<div class=\"elementor-widget-container\">\n\t\t\t\t\t\t\t\t\t\t\t\t\t\t\t<img fetchpriority=\"high\" decoding=\"async\" width=\"1000\" height=\"1000\" src=\"https:\/\/thenattikabeach.com\/wp-content\/uploads\/2022\/08\/daily1.jpg\" class=\"attachment-full size-full wp-image-2608\" alt=\"\" srcset=\"https:\/\/thenattikabeach.com\/wp-content\/uploads\/2022\/08\/daily1.jpg 1000w, https:\/\/thenattikabeach.com\/wp-content\/uploads\/2022\/08\/daily1-300x300.jpg 300w, https:\/\/thenattikabeach.com\/wp-content\/uploads\/2022\/08\/daily1-150x150.jpg 150w, https:\/\/thenattikabeach.com\/wp-content\/uploads\/2022\/08\/daily1-768x768.jpg 768w\" sizes=\"(max-width: 1000px) 100vw, 1000px\" title=\"\">\t\t\t\t\t\t\t\t\t\t\t\t\t\t\t<\/div>\n\t\t\t\t<\/div>\n\t\t\t\t\t<\/div>\n\t\t<\/div>\n\t\t\t\t<div class=\"elementor-column elementor-col-50 elementor-inner-column elementor-element elementor-element-8b40547\" data-id=\"8b40547\" data-element_type=\"column\" data-e-type=\"column\">\n\t\t\t<div class=\"elementor-widget-wrap elementor-element-populated\">\n\t\t\t\t\t\t<div class=\"elementor-element elementor-element-7ee7137 elementor-widget elementor-widget-image\" data-id=\"7ee7137\" data-element_type=\"widget\" data-e-type=\"widget\" data-widget_type=\"image.default\">\n\t\t\t\t<div class=\"elementor-widget-container\">\n\t\t\t\t\t\t\t\t\t\t\t\t\t\t\t<img decoding=\"async\" width=\"1000\" height=\"1000\" src=\"https:\/\/thenattikabeach.com\/wp-content\/uploads\/2022\/08\/farm.jpg\" class=\"attachment-full size-full wp-image-2660\" alt=\"\" srcset=\"https:\/\/thenattikabeach.com\/wp-content\/uploads\/2022\/08\/farm.jpg 1000w, https:\/\/thenattikabeach.com\/wp-content\/uploads\/2022\/08\/farm-300x300.jpg 300w, https:\/\/thenattikabeach.com\/wp-content\/uploads\/2022\/08\/farm-150x150.jpg 150w, https:\/\/thenattikabeach.com\/wp-content\/uploads\/2022\/08\/farm-768x768.jpg 768w\" sizes=\"(max-width: 1000px) 100vw, 1000px\" title=\"\">\t\t\t\t\t\t\t\t\t\t\t\t\t\t\t<\/div>\n\t\t\t\t<\/div>\n\t\t\t\t\t<\/div>\n\t\t<\/div>\n\t\t\t\t\t<\/div>\n\t\t<\/section>\n\t\t\t\t<section class=\"elementor-section elementor-inner-section elementor-element elementor-element-94856be elementor-section-content-middle elementor-section-boxed elementor-section-height-default elementor-section-height-default\" data-id=\"94856be\" data-element_type=\"section\" data-e-type=\"section\">\n\t\t\t\t\t\t<div class=\"elementor-container elementor-column-gap-default\">\n\t\t\t\t\t<div class=\"elementor-column elementor-col-50 elementor-inner-column elementor-element elementor-element-8f2403a\" data-id=\"8f2403a\" data-element_type=\"column\" data-e-type=\"column\">\n\t\t\t<div class=\"elementor-widget-wrap elementor-element-populated\">\n\t\t\t\t\t\t<div class=\"elementor-element elementor-element-7254e0d elementor-widget elementor-widget-image\" data-id=\"7254e0d\" data-element_type=\"widget\" data-e-type=\"widget\" data-widget_type=\"image.default\">\n\t\t\t\t<div class=\"elementor-widget-container\">\n\t\t\t\t\t\t\t\t\t\t\t\t\t\t\t<img decoding=\"async\" width=\"1000\" height=\"1000\" src=\"https:\/\/thenattikabeach.com\/wp-content\/uploads\/2022\/08\/daily3.jpg\" class=\"attachment-full size-full wp-image-2612\" alt=\"\" srcset=\"https:\/\/thenattikabeach.com\/wp-content\/uploads\/2022\/08\/daily3.jpg 1000w, https:\/\/thenattikabeach.com\/wp-content\/uploads\/2022\/08\/daily3-300x300.jpg 300w, https:\/\/thenattikabeach.com\/wp-content\/uploads\/2022\/08\/daily3-150x150.jpg 150w, https:\/\/thenattikabeach.com\/wp-content\/uploads\/2022\/08\/daily3-768x768.jpg 768w\" sizes=\"(max-width: 1000px) 100vw, 1000px\" title=\"\">\t\t\t\t\t\t\t\t\t\t\t\t\t\t\t<\/div>\n\t\t\t\t<\/div>\n\t\t\t\t\t<\/div>\n\t\t<\/div>\n\t\t\t\t<div class=\"elementor-column elementor-col-50 elementor-inner-column elementor-element elementor-element-448a3f7\" data-id=\"448a3f7\" data-element_type=\"column\" data-e-type=\"column\">\n\t\t\t<div class=\"elementor-widget-wrap elementor-element-populated\">\n\t\t\t\t\t\t<div class=\"elementor-element elementor-element-84a7d36 elementor-widget elementor-widget-image\" data-id=\"84a7d36\" data-element_type=\"widget\" data-e-type=\"widget\" data-widget_type=\"image.default\">\n\t\t\t\t<div class=\"elementor-widget-container\">\n\t\t\t\t\t\t\t\t\t\t\t\t\t\t\t<img loading=\"lazy\" decoding=\"async\" width=\"1000\" height=\"1000\" src=\"https:\/\/thenattikabeach.com\/wp-content\/uploads\/2022\/08\/daily4.jpg\" class=\"attachment-full size-full wp-image-2614\" alt=\"\" srcset=\"https:\/\/thenattikabeach.com\/wp-content\/uploads\/2022\/08\/daily4.jpg 1000w, https:\/\/thenattikabeach.com\/wp-content\/uploads\/2022\/08\/daily4-300x300.jpg 300w, https:\/\/thenattikabeach.com\/wp-content\/uploads\/2022\/08\/daily4-150x150.jpg 150w, https:\/\/thenattikabeach.com\/wp-content\/uploads\/2022\/08\/daily4-768x768.jpg 768w\" sizes=\"(max-width: 1000px) 100vw, 1000px\" title=\"\">\t\t\t\t\t\t\t\t\t\t\t\t\t\t\t<\/div>\n\t\t\t\t<\/div>\n\t\t\t\t\t<\/div>\n\t\t<\/div>\n\t\t\t\t\t<\/div>\n\t\t<\/section>\n\t\t\t\t\t<\/div>\n\t\t<\/div>\n\t\t\t\t\t<\/div>\n\t\t<\/section>\n\t\t\t\t<\/div>\n\t\t","protected":false},"excerpt":{"rendered":"<p>Home ABOUT NATTIKA ACTIVIT\u00c9S QUOTIDIENNES Comme nous offrons \u00e0 nos clients la possibilit\u00e9 d\u2019explorer les environs, nous proposons \u00e9galement des activit\u00e9s quotidiennes \u00e0 l\u2019int\u00e9rieur de l\u2019\u00e9tablissement avec le m\u00eame objectif de d\u00e9couvrir notre culture, notre philosophie et bien plus encore. Le lundi, vous pouvez visiter notre usine d\u2019huile et notre jardin biologique \u00e0 11 heures. [&hellip;]<\/p>\n","protected":false},"author":3,"featured_media":0,"parent":0,"menu_order":0,"comment_status":"closed","ping_status":"closed","template":"elementor_header_footer","meta":{"footnotes":""},"class_list":["post-2718","page","type-page","status-publish","hentry"],"_links":{"self":[{"href":"https:\/\/thenattikabeach.com\/fr\/wp-json\/wp\/v2\/pages\/2718","targetHints":{"allow":["GET"]}}],"collection":[{"href":"https:\/\/thenattikabeach.com\/fr\/wp-json\/wp\/v2\/pages"}],"about":[{"href":"https:\/\/thenattikabeach.com\/fr\/wp-json\/wp\/v2\/types\/page"}],"author":[{"embeddable":true,"href":"https:\/\/thenattikabeach.com\/fr\/wp-json\/wp\/v2\/users\/3"}],"replies":[{"embeddable":true,"href":"https:\/\/thenattikabeach.com\/fr\/wp-json\/wp\/v2\/comments?post=2718"}],"version-history":[{"count":17,"href":"https:\/\/thenattikabeach.com\/fr\/wp-json\/wp\/v2\/pages\/2718\/revisions"}],"predecessor-version":[{"id":11107,"href":"https:\/\/thenattikabeach.com\/fr\/wp-json\/wp\/v2\/pages\/2718\/revisions\/11107"}],"wp:attachment":[{"href":"https:\/\/thenattikabeach.com\/fr\/wp-json\/wp\/v2\/media?parent=2718"}],"curies":[{"name":"wp","href":"https:\/\/api.w.org\/{rel}","templated":true}]}}