{"id":2714,"date":"2022-08-04T11:08:01","date_gmt":"2022-08-04T11:08:01","guid":{"rendered":"https:\/\/thenattikabeach.com\/nabh-green-leaf-certification\/"},"modified":"2025-11-13T08:50:44","modified_gmt":"2025-11-13T08:50:44","slug":"nabh-green-leaf-certification","status":"publish","type":"page","link":"https:\/\/thenattikabeach.com\/fr\/nabh-green-leaf-certification\/","title":{"rendered":"NABH &amp; Green Leaf Certification"},"content":{"rendered":"\t\t<div data-elementor-type=\"wp-page\" data-elementor-id=\"2714\" class=\"elementor elementor-2714 elementor-1402\" data-elementor-post-type=\"page\">\n\t\t\t\t\t\t<section class=\"elementor-section elementor-top-section elementor-element elementor-element-746d85fa elementor-section-height-min-height elementor-hidden-mobile elementor-section-items-bottom elementor-section-boxed elementor-section-height-default\" data-id=\"746d85fa\" data-element_type=\"section\" data-e-type=\"section\" data-settings=\"{&quot;background_background&quot;:&quot;classic&quot;}\">\n\t\t\t\t\t\t<div class=\"elementor-container elementor-column-gap-default\">\n\t\t\t\t\t<div class=\"elementor-column elementor-col-100 elementor-top-column elementor-element elementor-element-490d5270\" data-id=\"490d5270\" data-element_type=\"column\" data-e-type=\"column\">\n\t\t\t<div class=\"elementor-widget-wrap\">\n\t\t\t\t\t\t\t<\/div>\n\t\t<\/div>\n\t\t\t\t\t<\/div>\n\t\t<\/section>\n\t\t\t\t<section class=\"elementor-section elementor-top-section elementor-element elementor-element-481fd3c elementor-section-boxed elementor-section-height-default elementor-section-height-default\" data-id=\"481fd3c\" data-element_type=\"section\" data-e-type=\"section\">\n\t\t\t\t\t\t<div class=\"elementor-container elementor-column-gap-default\">\n\t\t\t\t\t<div class=\"elementor-column elementor-col-25 elementor-top-column elementor-element elementor-element-35a0322\" data-id=\"35a0322\" data-element_type=\"column\" data-e-type=\"column\">\n\t\t\t<div class=\"elementor-widget-wrap\">\n\t\t\t\t\t\t\t<\/div>\n\t\t<\/div>\n\t\t\t\t<div class=\"elementor-column elementor-col-50 elementor-top-column elementor-element elementor-element-610001e\" data-id=\"610001e\" data-element_type=\"column\" data-e-type=\"column\">\n\t\t\t<div class=\"elementor-widget-wrap\">\n\t\t\t\t\t\t\t<\/div>\n\t\t<\/div>\n\t\t\t\t<div class=\"elementor-column elementor-col-25 elementor-top-column elementor-element elementor-element-53ff252\" data-id=\"53ff252\" data-element_type=\"column\" data-e-type=\"column\">\n\t\t\t<div class=\"elementor-widget-wrap\">\n\t\t\t\t\t\t\t<\/div>\n\t\t<\/div>\n\t\t\t\t\t<\/div>\n\t\t<\/section>\n\t\t\t\t<section class=\"elementor-section elementor-top-section elementor-element elementor-element-4c6bb31d elementor-section-boxed elementor-section-height-default elementor-section-height-default\" data-id=\"4c6bb31d\" data-element_type=\"section\" data-e-type=\"section\" id=\"sustainability\">\n\t\t\t\t\t\t<div class=\"elementor-container elementor-column-gap-wide\">\n\t\t\t\t\t<div class=\"elementor-column elementor-col-33 elementor-top-column elementor-element elementor-element-60173c5b\" data-id=\"60173c5b\" data-element_type=\"column\" data-e-type=\"column\">\n\t\t\t<div class=\"elementor-widget-wrap elementor-element-populated\">\n\t\t\t\t\t\t<section class=\"elementor-section elementor-inner-section elementor-element elementor-element-1b795822 elementor-section-boxed elementor-section-height-default elementor-section-height-default\" data-id=\"1b795822\" data-element_type=\"section\" data-e-type=\"section\" data-settings=\"{&quot;sticky&quot;:&quot;top&quot;,&quot;sticky_on&quot;:[&quot;desktop&quot;,&quot;tablet&quot;],&quot;sticky_offset&quot;:130,&quot;sticky_parent&quot;:&quot;yes&quot;,&quot;sticky_effects_offset&quot;:0,&quot;sticky_anchor_link_offset&quot;:0}\">\n\t\t\t\t\t\t<div class=\"elementor-container elementor-column-gap-default\">\n\t\t\t\t\t<div class=\"elementor-column elementor-col-100 elementor-inner-column elementor-element elementor-element-31e74c29\" data-id=\"31e74c29\" data-element_type=\"column\" data-e-type=\"column\">\n\t\t\t<div class=\"elementor-widget-wrap elementor-element-populated\">\n\t\t\t\t\t\t<div class=\"elementor-element elementor-element-93b8276 elementor-widget elementor-widget-heading\" data-id=\"93b8276\" data-element_type=\"widget\" data-e-type=\"widget\" data-widget_type=\"heading.default\">\n\t\t\t\t<div class=\"elementor-widget-container\">\n\t\t\t\t\t<h2 class=\"elementor-heading-title elementor-size-default\">ABOUT NATTIKA<\/h2>\t\t\t\t<\/div>\n\t\t\t\t<\/div>\n\t\t\t\t<div class=\"elementor-element elementor-element-10c6897c elementor-nav-menu__align-start elementor-nav-menu--dropdown-none elementor-widget elementor-widget-nav-menu\" data-id=\"10c6897c\" data-element_type=\"widget\" data-e-type=\"widget\" data-settings=\"{&quot;layout&quot;:&quot;vertical&quot;,&quot;submenu_icon&quot;:{&quot;value&quot;:&quot;&lt;i class=\\&quot;fas fa-caret-down\\&quot; aria-hidden=\\&quot;true\\&quot;&gt;&lt;\\\/i&gt;&quot;,&quot;library&quot;:&quot;fa-solid&quot;}}\" data-widget_type=\"nav-menu.default\">\n\t\t\t\t<div class=\"elementor-widget-container\">\n\t\t\t\t\t\t\t\t<nav aria-label=\"Menu\" class=\"elementor-nav-menu--main elementor-nav-menu__container elementor-nav-menu--layout-vertical e--pointer-none\">\n\t\t\t\t<ul id=\"menu-1-10c6897c\" class=\"elementor-nav-menu sm-vertical\"><li class=\"menu-item menu-item-type-custom menu-item-object-custom menu-item-2864\"><a href=\"https:\/\/thenattikabeach.com\/fr\/developpement-durable\/\" class=\"elementor-item\">Sustainability<\/a><\/li>\n<li class=\"menu-item menu-item-type-custom menu-item-object-custom menu-item-2865\"><a href=\"https:\/\/thenattikabeach.com\/fr\/ferme-biologique-et-academie-de-tennis\/\" class=\"elementor-item\">Organic Vegetable Farm and Tennis Academy<\/a><\/li>\n<li class=\"menu-item menu-item-type-custom menu-item-object-custom menu-item-2866\"><a href=\"https:\/\/thenattikabeach.com\/fr\/nabh-green-leaf-certification\/\" class=\"elementor-item\">NABH &#038; Ayur Diamond Certification<\/a><\/li>\n<li class=\"menu-item menu-item-type-custom menu-item-object-custom menu-item-2867\"><a href=\"https:\/\/thenattikabeach.com\/fr\/faqs\/\" class=\"elementor-item\">FAQs<\/a><\/li>\n<li class=\"menu-item menu-item-type-custom menu-item-object-custom menu-item-2868\"><a href=\"https:\/\/thenattikabeach.com\/fr\/tourisme-local\/\" class=\"elementor-item\">Local Sightseeing<\/a><\/li>\n<li class=\"menu-item menu-item-type-custom menu-item-object-custom menu-item-2869\"><a href=\"https:\/\/thenattikabeach.com\/fr\/activites-quotidiennes\/\" class=\"elementor-item\">Daily Activities<\/a><\/li>\n<li class=\"menu-item menu-item-type-custom menu-item-object-custom menu-item-2870\"><a href=\"https:\/\/thenattikabeach.com\/fr\/nous-contacter\/\" class=\"elementor-item\">Contact Us<\/a><\/li>\n<li class=\"menu-item menu-item-type-custom menu-item-object-custom menu-item-2871\"><a href=\"https:\/\/thenattikabeach.com\/fr\/travailler-avec-nous\/\" class=\"elementor-item\">Work With Us<\/a><\/li>\n<li class=\"menu-item menu-item-type-custom menu-item-object-custom menu-item-2872\"><a href=\"https:\/\/thenattikabeach.com\/fr\/rockholm-at-the-lighthouse-beach\/\" class=\"elementor-item\">Rockholm at the Lighthouse Beach<\/a><\/li>\n<li class=\"menu-item menu-item-type-custom menu-item-object-custom menu-item-2873\"><a href=\"https:\/\/www.nattikalife.com\/\" class=\"elementor-item\" rel=\"nofollow noopener\" target=\"_blank\">Nattika Online Wellness Services<\/a><\/li>\n<\/ul>\t\t\t<\/nav>\n\t\t\t\t\t\t<nav class=\"elementor-nav-menu--dropdown elementor-nav-menu__container\" aria-hidden=\"true\">\n\t\t\t\t<ul id=\"menu-2-10c6897c\" class=\"elementor-nav-menu sm-vertical\"><li class=\"menu-item menu-item-type-custom menu-item-object-custom menu-item-2864\"><a href=\"https:\/\/thenattikabeach.com\/fr\/developpement-durable\/\" class=\"elementor-item\" tabindex=\"-1\">Sustainability<\/a><\/li>\n<li class=\"menu-item menu-item-type-custom menu-item-object-custom menu-item-2865\"><a href=\"https:\/\/thenattikabeach.com\/fr\/ferme-biologique-et-academie-de-tennis\/\" class=\"elementor-item\" tabindex=\"-1\">Organic Vegetable Farm and Tennis Academy<\/a><\/li>\n<li class=\"menu-item menu-item-type-custom menu-item-object-custom menu-item-2866\"><a href=\"https:\/\/thenattikabeach.com\/fr\/nabh-green-leaf-certification\/\" class=\"elementor-item\" tabindex=\"-1\">NABH &#038; Ayur Diamond Certification<\/a><\/li>\n<li class=\"menu-item menu-item-type-custom menu-item-object-custom menu-item-2867\"><a href=\"https:\/\/thenattikabeach.com\/fr\/faqs\/\" class=\"elementor-item\" tabindex=\"-1\">FAQs<\/a><\/li>\n<li class=\"menu-item menu-item-type-custom menu-item-object-custom menu-item-2868\"><a href=\"https:\/\/thenattikabeach.com\/fr\/tourisme-local\/\" class=\"elementor-item\" tabindex=\"-1\">Local Sightseeing<\/a><\/li>\n<li class=\"menu-item menu-item-type-custom menu-item-object-custom menu-item-2869\"><a href=\"https:\/\/thenattikabeach.com\/fr\/activites-quotidiennes\/\" class=\"elementor-item\" tabindex=\"-1\">Daily Activities<\/a><\/li>\n<li class=\"menu-item menu-item-type-custom menu-item-object-custom menu-item-2870\"><a href=\"https:\/\/thenattikabeach.com\/fr\/nous-contacter\/\" class=\"elementor-item\" tabindex=\"-1\">Contact Us<\/a><\/li>\n<li class=\"menu-item menu-item-type-custom menu-item-object-custom menu-item-2871\"><a href=\"https:\/\/thenattikabeach.com\/fr\/travailler-avec-nous\/\" class=\"elementor-item\" tabindex=\"-1\">Work With Us<\/a><\/li>\n<li class=\"menu-item menu-item-type-custom menu-item-object-custom menu-item-2872\"><a href=\"https:\/\/thenattikabeach.com\/fr\/rockholm-at-the-lighthouse-beach\/\" class=\"elementor-item\" tabindex=\"-1\">Rockholm at the Lighthouse Beach<\/a><\/li>\n<li class=\"menu-item menu-item-type-custom menu-item-object-custom menu-item-2873\"><a href=\"https:\/\/www.nattikalife.com\/\" class=\"elementor-item\" tabindex=\"-1\" rel=\"nofollow noopener\" target=\"_blank\">Nattika Online Wellness Services<\/a><\/li>\n<\/ul>\t\t\t<\/nav>\n\t\t\t\t\t\t<\/div>\n\t\t\t\t<\/div>\n\t\t\t\t\t<\/div>\n\t\t<\/div>\n\t\t\t\t\t<\/div>\n\t\t<\/section>\n\t\t\t\t\t<\/div>\n\t\t<\/div>\n\t\t\t\t<div class=\"elementor-column elementor-col-66 elementor-top-column elementor-element elementor-element-37a78fe9\" data-id=\"37a78fe9\" data-element_type=\"column\" data-e-type=\"column\">\n\t\t\t<div class=\"elementor-widget-wrap elementor-element-populated\">\n\t\t\t\t\t\t<section class=\"elementor-section elementor-inner-section elementor-element elementor-element-574afb17 elementor-section-boxed elementor-section-height-default elementor-section-height-default\" data-id=\"574afb17\" data-element_type=\"section\" data-e-type=\"section\" id=\"nabhgreenleafcertification\">\n\t\t\t\t\t\t<div class=\"elementor-container elementor-column-gap-default\">\n\t\t\t\t\t<div class=\"elementor-column elementor-col-100 elementor-inner-column elementor-element elementor-element-3f43840f\" data-id=\"3f43840f\" data-element_type=\"column\" data-e-type=\"column\">\n\t\t\t<div class=\"elementor-widget-wrap elementor-element-populated\">\n\t\t\t\t\t\t<div class=\"elementor-element elementor-element-1e0bfbe elementor-widget elementor-widget-heading\" data-id=\"1e0bfbe\" data-element_type=\"widget\" data-e-type=\"widget\" data-widget_type=\"heading.default\">\n\t\t\t\t<div class=\"elementor-widget-container\">\n\t\t\t\t\t<h2 class=\"elementor-heading-title elementor-size-default\">NABH &amp; GREEN LEAF CERTIFICATION<\/h2>\t\t\t\t<\/div>\n\t\t\t\t<\/div>\n\t\t\t\t<div class=\"elementor-element elementor-element-ac886 elementor-widget elementor-widget-text-editor\" data-id=\"ac886\" data-element_type=\"widget\" data-e-type=\"widget\" data-widget_type=\"text-editor.default\">\n\t\t\t\t<div class=\"elementor-widget-container\">\n\t\t\t\t\t\t\t\t\t<section id=\"nabhgreenleafcertification\" class=\"inner-pg-content-section\"><div class=\"inner-block-content\"><p>Nous sommes fiers d\u2019\u00eatre <a href=\"https:\/\/thenattikabeach.com\/wp-content\/uploads\/2022\/06\/NABH-Accreditation-Announcement-scaled-1.jpg\" target=\"_blank\" rel=\"noopener\">accr\u00e9dit\u00e9s NABH<\/a> au Nattika Beach Ayurveda Resort. Il s\u2019agit de la plus haute reconnaissance dans le secteur des soins de sant\u00e9 et cela prouve notre engagement \u00e0 offrir un service de qualit\u00e9. Le National Accreditation Board for Hospitals &amp; Healthcare Providers (NABH) est un conseil constitutif du Quality Council of India (QCI), cr\u00e9\u00e9 pour \u00e9tablir et g\u00e9rer des programmes d\u2019accr\u00e9ditation pour les organismes de sant\u00e9.<\/p><p>Une autre fiert\u00e9 de notre \u00e9tablissement est <a href=\"https:\/\/thenattikabeach.com\/wp-content\/uploads\/2022\/06\/Green-Leaf-Certificate-2019-2022-1.pdf\" target=\"_blank\" rel=\"noopener\">la certification Green Leaf<\/a> du gouvernement du Kerala. La Green Leaf est une classification pour les centres d\u2019Ayurveda qui poss\u00e8dent le plus haut degr\u00e9 de qualit\u00e9 et de service.<\/p><\/div><\/section>\t\t\t\t\t\t\t\t<\/div>\n\t\t\t\t<\/div>\n\t\t\t\t\t<\/div>\n\t\t<\/div>\n\t\t\t\t\t<\/div>\n\t\t<\/section>\n\t\t\t\t<section class=\"elementor-section elementor-inner-section elementor-element elementor-element-16e29fb elementor-section-boxed elementor-section-height-default elementor-section-height-default\" data-id=\"16e29fb\" data-element_type=\"section\" data-e-type=\"section\">\n\t\t\t\t\t\t<div class=\"elementor-container elementor-column-gap-default\">\n\t\t\t\t\t<div class=\"elementor-column elementor-col-50 elementor-inner-column elementor-element elementor-element-466d07a\" data-id=\"466d07a\" data-element_type=\"column\" data-e-type=\"column\">\n\t\t\t<div class=\"elementor-widget-wrap elementor-element-populated\">\n\t\t\t\t\t\t<div class=\"elementor-element elementor-element-5fe67de elementor-widget elementor-widget-image\" data-id=\"5fe67de\" data-element_type=\"widget\" data-e-type=\"widget\" data-widget_type=\"image.default\">\n\t\t\t\t<div class=\"elementor-widget-container\">\n\t\t\t\t\t\t\t\t\t\t\t\t\t\t\t<img fetchpriority=\"high\" decoding=\"async\" width=\"1893\" height=\"2560\" src=\"https:\/\/thenattikabeach.com\/wp-content\/uploads\/2022\/08\/cert1-scaled.jpg\" class=\"attachment-full size-full wp-image-2620\" alt=\"\" srcset=\"https:\/\/thenattikabeach.com\/wp-content\/uploads\/2022\/08\/cert1-scaled.jpg 1893w, https:\/\/thenattikabeach.com\/wp-content\/uploads\/2022\/08\/cert1-222x300.jpg 222w, https:\/\/thenattikabeach.com\/wp-content\/uploads\/2022\/08\/cert1-757x1024.jpg 757w, https:\/\/thenattikabeach.com\/wp-content\/uploads\/2022\/08\/cert1-768x1039.jpg 768w, https:\/\/thenattikabeach.com\/wp-content\/uploads\/2022\/08\/cert1-1136x1536.jpg 1136w, https:\/\/thenattikabeach.com\/wp-content\/uploads\/2022\/08\/cert1-1514x2048.jpg 1514w\" sizes=\"(max-width: 1893px) 100vw, 1893px\" title=\"\">\t\t\t\t\t\t\t\t\t\t\t\t\t\t\t<\/div>\n\t\t\t\t<\/div>\n\t\t\t\t\t<\/div>\n\t\t<\/div>\n\t\t\t\t<div class=\"elementor-column elementor-col-50 elementor-inner-column elementor-element elementor-element-de7552f\" data-id=\"de7552f\" data-element_type=\"column\" data-e-type=\"column\">\n\t\t\t<div class=\"elementor-widget-wrap elementor-element-populated\">\n\t\t\t\t\t\t<div class=\"elementor-element elementor-element-b0870e6 elementor-widget elementor-widget-image\" data-id=\"b0870e6\" data-element_type=\"widget\" data-e-type=\"widget\" data-widget_type=\"image.default\">\n\t\t\t\t<div class=\"elementor-widget-container\">\n\t\t\t\t\t\t\t\t\t\t\t\t\t\t\t<img decoding=\"async\" width=\"1754\" height=\"2481\" src=\"https:\/\/thenattikabeach.com\/wp-content\/uploads\/2025\/11\/NABH-Nattika-Certificate-2025-2028_page-0001.jpg\" class=\"attachment-full size-full wp-image-12416\" alt=\"\" srcset=\"https:\/\/thenattikabeach.com\/wp-content\/uploads\/2025\/11\/NABH-Nattika-Certificate-2025-2028_page-0001.jpg 1754w, https:\/\/thenattikabeach.com\/wp-content\/uploads\/2025\/11\/NABH-Nattika-Certificate-2025-2028_page-0001-212x300.jpg 212w, https:\/\/thenattikabeach.com\/wp-content\/uploads\/2025\/11\/NABH-Nattika-Certificate-2025-2028_page-0001-724x1024.jpg 724w, https:\/\/thenattikabeach.com\/wp-content\/uploads\/2025\/11\/NABH-Nattika-Certificate-2025-2028_page-0001-768x1086.jpg 768w, https:\/\/thenattikabeach.com\/wp-content\/uploads\/2025\/11\/NABH-Nattika-Certificate-2025-2028_page-0001-1086x1536.jpg 1086w, https:\/\/thenattikabeach.com\/wp-content\/uploads\/2025\/11\/NABH-Nattika-Certificate-2025-2028_page-0001-1448x2048.jpg 1448w\" sizes=\"(max-width: 1754px) 100vw, 1754px\" title=\"\">\t\t\t\t\t\t\t\t\t\t\t\t\t\t\t<\/div>\n\t\t\t\t<\/div>\n\t\t\t\t\t<\/div>\n\t\t<\/div>\n\t\t\t\t\t<\/div>\n\t\t<\/section>\n\t\t\t\t<section class=\"elementor-section elementor-inner-section elementor-element elementor-element-f992342 elementor-section-boxed elementor-section-height-default elementor-section-height-default\" data-id=\"f992342\" data-element_type=\"section\" data-e-type=\"section\">\n\t\t\t\t\t\t<div class=\"elementor-container elementor-column-gap-default\">\n\t\t\t\t\t<div class=\"elementor-column elementor-col-50 elementor-inner-column elementor-element elementor-element-0135315\" data-id=\"0135315\" data-element_type=\"column\" data-e-type=\"column\">\n\t\t\t<div class=\"elementor-widget-wrap elementor-element-populated\">\n\t\t\t\t\t\t<div class=\"elementor-element elementor-element-9affaec elementor-widget elementor-widget-image\" data-id=\"9affaec\" data-element_type=\"widget\" data-e-type=\"widget\" data-widget_type=\"image.default\">\n\t\t\t\t<div class=\"elementor-widget-container\">\n\t\t\t\t\t\t\t\t\t\t\t\t\t\t\t<img decoding=\"async\" width=\"1754\" height=\"2481\" src=\"https:\/\/thenattikabeach.com\/wp-content\/uploads\/2025\/11\/NABH-Nattika-Certificate-2025-2028_page-0002.jpg\" class=\"attachment-full size-full wp-image-12419\" alt=\"\" srcset=\"https:\/\/thenattikabeach.com\/wp-content\/uploads\/2025\/11\/NABH-Nattika-Certificate-2025-2028_page-0002.jpg 1754w, https:\/\/thenattikabeach.com\/wp-content\/uploads\/2025\/11\/NABH-Nattika-Certificate-2025-2028_page-0002-212x300.jpg 212w, https:\/\/thenattikabeach.com\/wp-content\/uploads\/2025\/11\/NABH-Nattika-Certificate-2025-2028_page-0002-724x1024.jpg 724w, https:\/\/thenattikabeach.com\/wp-content\/uploads\/2025\/11\/NABH-Nattika-Certificate-2025-2028_page-0002-768x1086.jpg 768w, https:\/\/thenattikabeach.com\/wp-content\/uploads\/2025\/11\/NABH-Nattika-Certificate-2025-2028_page-0002-1086x1536.jpg 1086w, https:\/\/thenattikabeach.com\/wp-content\/uploads\/2025\/11\/NABH-Nattika-Certificate-2025-2028_page-0002-1448x2048.jpg 1448w\" sizes=\"(max-width: 1754px) 100vw, 1754px\" title=\"\">\t\t\t\t\t\t\t\t\t\t\t\t\t\t\t<\/div>\n\t\t\t\t<\/div>\n\t\t\t\t\t<\/div>\n\t\t<\/div>\n\t\t\t\t<div class=\"elementor-column elementor-col-50 elementor-inner-column elementor-element elementor-element-8802c22\" data-id=\"8802c22\" data-element_type=\"column\" data-e-type=\"column\">\n\t\t\t<div class=\"elementor-widget-wrap\">\n\t\t\t\t\t\t\t<\/div>\n\t\t<\/div>\n\t\t\t\t\t<\/div>\n\t\t<\/section>\n\t\t\t\t\t<\/div>\n\t\t<\/div>\n\t\t\t\t\t<\/div>\n\t\t<\/section>\n\t\t\t\t<\/div>\n\t\t","protected":false},"excerpt":{"rendered":"<p>ABOUT NATTIKA NABH &amp; GREEN LEAF CERTIFICATION Nous sommes fiers d\u2019\u00eatre accr\u00e9dit\u00e9s NABH au Nattika Beach Ayurveda Resort. Il s\u2019agit de la plus haute reconnaissance dans le secteur des soins de sant\u00e9 et cela prouve notre engagement \u00e0 offrir un service de qualit\u00e9. Le National Accreditation Board for Hospitals &amp; Healthcare Providers (NABH) est un [&hellip;]<\/p>\n","protected":false},"author":3,"featured_media":0,"parent":0,"menu_order":0,"comment_status":"closed","ping_status":"closed","template":"elementor_header_footer","meta":{"footnotes":""},"class_list":["post-2714","page","type-page","status-publish","hentry"],"_links":{"self":[{"href":"https:\/\/thenattikabeach.com\/fr\/wp-json\/wp\/v2\/pages\/2714","targetHints":{"allow":["GET"]}}],"collection":[{"href":"https:\/\/thenattikabeach.com\/fr\/wp-json\/wp\/v2\/pages"}],"about":[{"href":"https:\/\/thenattikabeach.com\/fr\/wp-json\/wp\/v2\/types\/page"}],"author":[{"embeddable":true,"href":"https:\/\/thenattikabeach.com\/fr\/wp-json\/wp\/v2\/users\/3"}],"replies":[{"embeddable":true,"href":"https:\/\/thenattikabeach.com\/fr\/wp-json\/wp\/v2\/comments?post=2714"}],"version-history":[{"count":16,"href":"https:\/\/thenattikabeach.com\/fr\/wp-json\/wp\/v2\/pages\/2714\/revisions"}],"predecessor-version":[{"id":12429,"href":"https:\/\/thenattikabeach.com\/fr\/wp-json\/wp\/v2\/pages\/2714\/revisions\/12429"}],"wp:attachment":[{"href":"https:\/\/thenattikabeach.com\/fr\/wp-json\/wp\/v2\/media?parent=2714"}],"curies":[{"name":"wp","href":"https:\/\/api.w.org\/{rel}","templated":true}]}}