{"id":2710,"date":"2022-08-04T11:04:51","date_gmt":"2022-08-04T11:04:51","guid":{"rendered":"https:\/\/thenattikabeach.com\/developpement-durable\/"},"modified":"2026-02-21T06:23:46","modified_gmt":"2026-02-21T06:23:46","slug":"developpement-durable","status":"publish","type":"page","link":"https:\/\/thenattikabeach.com\/fr\/developpement-durable\/","title":{"rendered":"D\u00e9veloppement durable"},"content":{"rendered":"\t\t<div data-elementor-type=\"wp-page\" data-elementor-id=\"2710\" class=\"elementor elementor-2710 elementor-1386\" data-elementor-post-type=\"page\">\n\t\t\t\t\t\t<section class=\"elementor-section elementor-top-section elementor-element elementor-element-206a3846 elementor-section-height-min-height elementor-hidden-mobile elementor-section-items-bottom elementor-section-boxed elementor-section-height-default\" data-id=\"206a3846\" data-element_type=\"section\" data-e-type=\"section\" data-settings=\"{&quot;background_background&quot;:&quot;classic&quot;}\">\n\t\t\t\t\t\t<div class=\"elementor-container elementor-column-gap-default\">\n\t\t\t\t\t<div class=\"elementor-column elementor-col-100 elementor-top-column elementor-element elementor-element-13a52f38\" data-id=\"13a52f38\" data-element_type=\"column\" data-e-type=\"column\">\n\t\t\t<div class=\"elementor-widget-wrap\">\n\t\t\t\t\t\t\t<\/div>\n\t\t<\/div>\n\t\t\t\t\t<\/div>\n\t\t<\/section>\n\t\t\t\t<section class=\"elementor-section elementor-top-section elementor-element elementor-element-fdfbb01 elementor-section-boxed elementor-section-height-default elementor-section-height-default\" data-id=\"fdfbb01\" data-element_type=\"section\" data-e-type=\"section\">\n\t\t\t\t\t\t<div class=\"elementor-container elementor-column-gap-default\">\n\t\t\t\t\t<div class=\"elementor-column elementor-col-25 elementor-top-column elementor-element elementor-element-238886a\" data-id=\"238886a\" data-element_type=\"column\" data-e-type=\"column\">\n\t\t\t<div class=\"elementor-widget-wrap\">\n\t\t\t\t\t\t\t<\/div>\n\t\t<\/div>\n\t\t\t\t<div class=\"elementor-column elementor-col-50 elementor-top-column elementor-element elementor-element-f5abbd0\" data-id=\"f5abbd0\" data-element_type=\"column\" data-e-type=\"column\">\n\t\t\t<div class=\"elementor-widget-wrap\">\n\t\t\t\t\t\t\t<\/div>\n\t\t<\/div>\n\t\t\t\t<div class=\"elementor-column elementor-col-25 elementor-top-column elementor-element elementor-element-11c17d6\" data-id=\"11c17d6\" data-element_type=\"column\" data-e-type=\"column\">\n\t\t\t<div class=\"elementor-widget-wrap\">\n\t\t\t\t\t\t\t<\/div>\n\t\t<\/div>\n\t\t\t\t\t<\/div>\n\t\t<\/section>\n\t\t\t\t<section class=\"elementor-section elementor-top-section elementor-element elementor-element-5e990fce elementor-section-boxed elementor-section-height-default elementor-section-height-default\" data-id=\"5e990fce\" data-element_type=\"section\" data-e-type=\"section\" id=\"sustainability\">\n\t\t\t\t\t\t<div class=\"elementor-container elementor-column-gap-wide\">\n\t\t\t\t\t<div class=\"elementor-column elementor-col-33 elementor-top-column elementor-element elementor-element-4dcf86ac\" data-id=\"4dcf86ac\" data-element_type=\"column\" data-e-type=\"column\">\n\t\t\t<div class=\"elementor-widget-wrap elementor-element-populated\">\n\t\t\t\t\t\t<section class=\"elementor-section elementor-inner-section elementor-element elementor-element-66e61fc5 elementor-section-boxed elementor-section-height-default elementor-section-height-default\" data-id=\"66e61fc5\" data-element_type=\"section\" data-e-type=\"section\" data-settings=\"{&quot;sticky&quot;:&quot;top&quot;,&quot;sticky_on&quot;:[&quot;desktop&quot;,&quot;tablet&quot;],&quot;sticky_offset&quot;:130,&quot;sticky_parent&quot;:&quot;yes&quot;,&quot;sticky_effects_offset&quot;:0,&quot;sticky_anchor_link_offset&quot;:0}\">\n\t\t\t\t\t\t<div class=\"elementor-container elementor-column-gap-default\">\n\t\t\t\t\t<div class=\"elementor-column elementor-col-100 elementor-inner-column elementor-element elementor-element-6cf19b16\" data-id=\"6cf19b16\" data-element_type=\"column\" data-e-type=\"column\">\n\t\t\t<div class=\"elementor-widget-wrap elementor-element-populated\">\n\t\t\t\t\t\t<div class=\"elementor-element elementor-element-4e620571 elementor-widget elementor-widget-heading\" data-id=\"4e620571\" data-element_type=\"widget\" data-e-type=\"widget\" data-widget_type=\"heading.default\">\n\t\t\t\t<div class=\"elementor-widget-container\">\n\t\t\t\t\t<h2 class=\"elementor-heading-title elementor-size-default\">ABOUT NATTIKA<\/h2>\t\t\t\t<\/div>\n\t\t\t\t<\/div>\n\t\t\t\t<div class=\"elementor-element elementor-element-12537bce elementor-nav-menu__align-start elementor-nav-menu--dropdown-none elementor-widget elementor-widget-nav-menu\" data-id=\"12537bce\" data-element_type=\"widget\" data-e-type=\"widget\" data-settings=\"{&quot;layout&quot;:&quot;vertical&quot;,&quot;submenu_icon&quot;:{&quot;value&quot;:&quot;&lt;i class=\\&quot;fas fa-caret-down\\&quot; aria-hidden=\\&quot;true\\&quot;&gt;&lt;\\\/i&gt;&quot;,&quot;library&quot;:&quot;fa-solid&quot;}}\" data-widget_type=\"nav-menu.default\">\n\t\t\t\t<div class=\"elementor-widget-container\">\n\t\t\t\t\t\t\t\t<nav aria-label=\"Menu\" class=\"elementor-nav-menu--main elementor-nav-menu__container elementor-nav-menu--layout-vertical e--pointer-none\">\n\t\t\t\t<ul id=\"menu-1-12537bce\" class=\"elementor-nav-menu sm-vertical\"><li class=\"menu-item menu-item-type-custom menu-item-object-custom menu-item-2864\"><a href=\"https:\/\/thenattikabeach.com\/fr\/developpement-durable\/\" class=\"elementor-item\">Sustainability<\/a><\/li>\n<li class=\"menu-item menu-item-type-custom menu-item-object-custom menu-item-2865\"><a href=\"https:\/\/thenattikabeach.com\/fr\/ferme-biologique-et-academie-de-tennis\/\" class=\"elementor-item\">Organic Vegetable Farm and Tennis Academy<\/a><\/li>\n<li class=\"menu-item menu-item-type-custom menu-item-object-custom menu-item-2866\"><a href=\"https:\/\/thenattikabeach.com\/fr\/nabh-green-leaf-certification\/\" class=\"elementor-item\">NABH &#038; Ayur Diamond Certification<\/a><\/li>\n<li class=\"menu-item menu-item-type-custom menu-item-object-custom menu-item-2867\"><a href=\"https:\/\/thenattikabeach.com\/fr\/faqs\/\" class=\"elementor-item\">FAQs<\/a><\/li>\n<li class=\"menu-item menu-item-type-custom menu-item-object-custom menu-item-2868\"><a href=\"https:\/\/thenattikabeach.com\/fr\/tourisme-local\/\" class=\"elementor-item\">Local Sightseeing<\/a><\/li>\n<li class=\"menu-item menu-item-type-custom menu-item-object-custom menu-item-2869\"><a href=\"https:\/\/thenattikabeach.com\/fr\/activites-quotidiennes\/\" class=\"elementor-item\">Daily Activities<\/a><\/li>\n<li class=\"menu-item menu-item-type-custom menu-item-object-custom menu-item-2870\"><a href=\"https:\/\/thenattikabeach.com\/fr\/nous-contacter\/\" class=\"elementor-item\">Contact Us<\/a><\/li>\n<li class=\"menu-item menu-item-type-custom menu-item-object-custom menu-item-2871\"><a href=\"https:\/\/thenattikabeach.com\/fr\/travailler-avec-nous\/\" class=\"elementor-item\">Work With Us<\/a><\/li>\n<li class=\"menu-item menu-item-type-custom menu-item-object-custom menu-item-2872\"><a href=\"https:\/\/thenattikabeach.com\/fr\/rockholm-at-the-lighthouse-beach\/\" class=\"elementor-item\">Rockholm at the Lighthouse Beach<\/a><\/li>\n<li class=\"menu-item menu-item-type-custom menu-item-object-custom menu-item-2873\"><a href=\"https:\/\/www.nattikalife.com\/\" class=\"elementor-item\" rel=\"nofollow noopener\" target=\"_blank\">Nattika Online Wellness Services<\/a><\/li>\n<\/ul>\t\t\t<\/nav>\n\t\t\t\t\t\t<nav class=\"elementor-nav-menu--dropdown elementor-nav-menu__container\" aria-hidden=\"true\">\n\t\t\t\t<ul id=\"menu-2-12537bce\" class=\"elementor-nav-menu sm-vertical\"><li class=\"menu-item menu-item-type-custom menu-item-object-custom menu-item-2864\"><a href=\"https:\/\/thenattikabeach.com\/fr\/developpement-durable\/\" class=\"elementor-item\" tabindex=\"-1\">Sustainability<\/a><\/li>\n<li class=\"menu-item menu-item-type-custom menu-item-object-custom menu-item-2865\"><a href=\"https:\/\/thenattikabeach.com\/fr\/ferme-biologique-et-academie-de-tennis\/\" class=\"elementor-item\" tabindex=\"-1\">Organic Vegetable Farm and Tennis Academy<\/a><\/li>\n<li class=\"menu-item menu-item-type-custom menu-item-object-custom menu-item-2866\"><a href=\"https:\/\/thenattikabeach.com\/fr\/nabh-green-leaf-certification\/\" class=\"elementor-item\" tabindex=\"-1\">NABH &#038; Ayur Diamond Certification<\/a><\/li>\n<li class=\"menu-item menu-item-type-custom menu-item-object-custom menu-item-2867\"><a href=\"https:\/\/thenattikabeach.com\/fr\/faqs\/\" class=\"elementor-item\" tabindex=\"-1\">FAQs<\/a><\/li>\n<li class=\"menu-item menu-item-type-custom menu-item-object-custom menu-item-2868\"><a href=\"https:\/\/thenattikabeach.com\/fr\/tourisme-local\/\" class=\"elementor-item\" tabindex=\"-1\">Local Sightseeing<\/a><\/li>\n<li class=\"menu-item menu-item-type-custom menu-item-object-custom menu-item-2869\"><a href=\"https:\/\/thenattikabeach.com\/fr\/activites-quotidiennes\/\" class=\"elementor-item\" tabindex=\"-1\">Daily Activities<\/a><\/li>\n<li class=\"menu-item menu-item-type-custom menu-item-object-custom menu-item-2870\"><a href=\"https:\/\/thenattikabeach.com\/fr\/nous-contacter\/\" class=\"elementor-item\" tabindex=\"-1\">Contact Us<\/a><\/li>\n<li class=\"menu-item menu-item-type-custom menu-item-object-custom menu-item-2871\"><a href=\"https:\/\/thenattikabeach.com\/fr\/travailler-avec-nous\/\" class=\"elementor-item\" tabindex=\"-1\">Work With Us<\/a><\/li>\n<li class=\"menu-item menu-item-type-custom menu-item-object-custom menu-item-2872\"><a href=\"https:\/\/thenattikabeach.com\/fr\/rockholm-at-the-lighthouse-beach\/\" class=\"elementor-item\" tabindex=\"-1\">Rockholm at the Lighthouse Beach<\/a><\/li>\n<li class=\"menu-item menu-item-type-custom menu-item-object-custom menu-item-2873\"><a href=\"https:\/\/www.nattikalife.com\/\" class=\"elementor-item\" tabindex=\"-1\" rel=\"nofollow noopener\" target=\"_blank\">Nattika Online Wellness Services<\/a><\/li>\n<\/ul>\t\t\t<\/nav>\n\t\t\t\t\t\t<\/div>\n\t\t\t\t<\/div>\n\t\t\t\t\t<\/div>\n\t\t<\/div>\n\t\t\t\t\t<\/div>\n\t\t<\/section>\n\t\t\t\t\t<\/div>\n\t\t<\/div>\n\t\t\t\t<div class=\"elementor-column elementor-col-66 elementor-top-column elementor-element elementor-element-432e98fb\" data-id=\"432e98fb\" data-element_type=\"column\" data-e-type=\"column\">\n\t\t\t<div class=\"elementor-widget-wrap elementor-element-populated\">\n\t\t\t\t\t\t<section class=\"elementor-section elementor-inner-section elementor-element elementor-element-17d63476 elementor-section-boxed elementor-section-height-default elementor-section-height-default\" data-id=\"17d63476\" data-element_type=\"section\" data-e-type=\"section\">\n\t\t\t\t\t\t<div class=\"elementor-container elementor-column-gap-default\">\n\t\t\t\t\t<div class=\"elementor-column elementor-col-100 elementor-inner-column elementor-element elementor-element-6545d43b\" data-id=\"6545d43b\" data-element_type=\"column\" data-e-type=\"column\">\n\t\t\t<div class=\"elementor-widget-wrap elementor-element-populated\">\n\t\t\t\t\t\t<div class=\"elementor-element elementor-element-4ada1e2d elementor-widget elementor-widget-heading\" data-id=\"4ada1e2d\" data-element_type=\"widget\" data-e-type=\"widget\" data-widget_type=\"heading.default\">\n\t\t\t\t<div class=\"elementor-widget-container\">\n\t\t\t\t\t<h2 class=\"elementor-heading-title elementor-size-default\">D\u00c9VELOPPEMENT DURABLE<\/h2>\t\t\t\t<\/div>\n\t\t\t\t<\/div>\n\t\t\t\t<div class=\"elementor-element elementor-element-20f88c2c elementor-widget elementor-widget-text-editor\" data-id=\"20f88c2c\" data-element_type=\"widget\" data-e-type=\"widget\" data-widget_type=\"text-editor.default\">\n\t\t\t\t<div class=\"elementor-widget-container\">\n\t\t\t\t\t\t\t\t\t<p>\u201cRendre la Terre meilleure qu\u2019\u00e0 notre arriv\u00e9e\u201d est notre d\u00e9finition du succ\u00e8s et un \u00e9tat d\u2019esprit \u00e9panouissant \u00e0 suivre. Que ce soit d\u2019un point de vue environnemental ou social, nous nous effor\u00e7ons de faire de notre environnement et des alentours un meilleur endroit pour nous et pour les g\u00e9n\u00e9rations \u00e0 venir.<\/p>\n<p>Afin de suivre ces objectifs, de nombreuses initiatives sont mises en place \u00e0 Nattika, telles que :<\/p>\n<ul>\n<li>Plus de bouteilles en plastique pour nos clients : Nous fournissons notre eau purifi\u00e9e dans des bouteilles en verre recycl\u00e9 au restaurant.<\/li><li style=\"font-size: 15.2px;\">Nous avons introduit des pailles en riz, en rempla\u00e7ant les pailles en plastique. Ces pailles en riz sont comestibles.<\/li>\n<li>Jardin biologique : fournit \u00e0 notre restaurant des l\u00e9gumes frais et de saison. Le reste des produits est achet\u00e9 aupr\u00e8s de fournisseurs locaux afin de r\u00e9duire notre empreinte carbone et de soutenir les communaut\u00e9s voisines.<\/li>\n<li>Stations d\u2019\u00e9puration des eaux us\u00e9es : Nous disposons de deux stations de traitement des eaux us\u00e9es et d\u2019une station de traitement des effluents (l\u2019une dans le complexe, l\u2019autre dans le centre ayurv\u00e9dique) qui recyclent nos eaux us\u00e9es et les rendent utilisables pour arroser nos jardins luxuriants.<\/li>\n<li>Station de traitement des effluents : Nous recyclons \u00e9galement nos eaux de lavage s\u00e9par\u00e9ment en utilisant la m\u00e9thode de traitement des effluents, qui \u00e9limine les produits chimiques et les rend sans danger pour le jardinage de notre ferme.<\/li>\n<li>Nettoyage de la plage : Notre personnel nettoie r\u00e9guli\u00e8rement le bord de la plage, et gr\u00e2ce \u00e0 cette activit\u00e9 respectueuse de l\u2019environnement, nous maintenons l\u2019ambiance immacul\u00e9e de la nature et de la mer qui nous entoure.<\/li>\n<li>\u00c9limination efficace des d\u00e9chets biod\u00e9gradables et utilisation des \u00e9nergies renouvelables : Nous avons install\u00e9 deux usines de biogaz dans la station pour \u00e9liminer efficacement les d\u00e9chets alimentaires et agricoles. Le combustible obtenu est utilis\u00e9 pour la cuisine dans la caf\u00e9t\u00e9ria du personnel.<\/li>\n<li>Huiles ayurv\u00e9diques usag\u00e9es : Les d\u00e9chets sont collect\u00e9s et vendus \u00e0 des entreprises locales \u00e0 des fins de recyclage.<\/li>\n<li>Des opportunit\u00e9s d\u2019emploi attrayantes : Nous essayons d\u2019aider la communaut\u00e9 locale en cr\u00e9ant des emplois et en employant des personnes des villages voisins.<\/li>\n<li>Terrain de tennis : Nous proposons des cours de tennis gratuits aux enfants d\u00e9favoris\u00e9s de la r\u00e9gion, ce qui leur permet de pratiquer une activit\u00e9 de loisir int\u00e9ressante.<\/li>\n<li>Nattika Life : Dans un souci de produire la meilleure et la plus pure qualit\u00e9 d\u2019huiles ayurv\u00e9diques, nous avons notre propre installation de production \u00e0 quelques pas de l\u2019\u00e9tablissement. Cette initiative est un autre grand pas vers l\u2019autosuffisance totale du Nattika Beach Ayurveda Resort.<\/li>\n<\/ul>\n<p>Un article \u00e9crit par notre directeur sur l\u2019importance d\u2019une exp\u00e9rience de vacances ayurv\u00e9diques durables a \u00e9t\u00e9 publi\u00e9. Pour le lire, veuillez cliquer <a href=\"https:\/\/thenattikabeach.com\/wp-content\/uploads\/2022\/06\/Silicon-India-Article-Sustainable-Ayurveda.pdf\" target=\"_blank\" rel=\"noopener\">ici<\/a>.<\/p>\t\t\t\t\t\t\t\t<\/div>\n\t\t\t\t<\/div>\n\t\t\t\t\t<\/div>\n\t\t<\/div>\n\t\t\t\t\t<\/div>\n\t\t<\/section>\n\t\t\t\t<section class=\"elementor-section elementor-inner-section elementor-element elementor-element-67f90a3e elementor-section-content-middle elementor-section-boxed elementor-section-height-default elementor-section-height-default\" data-id=\"67f90a3e\" data-element_type=\"section\" data-e-type=\"section\">\n\t\t\t\t\t\t<div class=\"elementor-container elementor-column-gap-default\">\n\t\t\t\t\t<div class=\"elementor-column elementor-col-50 elementor-inner-column elementor-element elementor-element-21c61af0\" data-id=\"21c61af0\" data-element_type=\"column\" data-e-type=\"column\">\n\t\t\t<div class=\"elementor-widget-wrap elementor-element-populated\">\n\t\t\t\t\t\t<div class=\"elementor-element elementor-element-35512f36 elementor-widget elementor-widget-image\" data-id=\"35512f36\" data-element_type=\"widget\" data-e-type=\"widget\" data-widget_type=\"image.default\">\n\t\t\t\t<div class=\"elementor-widget-container\">\n\t\t\t\t\t\t\t\t\t\t\t\t\t\t\t<img fetchpriority=\"high\" decoding=\"async\" width=\"1000\" height=\"1000\" src=\"https:\/\/thenattikabeach.com\/wp-content\/uploads\/2022\/08\/sust1.jpg\" class=\"attachment-full size-full wp-image-2604\" alt=\"\" srcset=\"https:\/\/thenattikabeach.com\/wp-content\/uploads\/2022\/08\/sust1.jpg 1000w, https:\/\/thenattikabeach.com\/wp-content\/uploads\/2022\/08\/sust1-300x300.jpg 300w, https:\/\/thenattikabeach.com\/wp-content\/uploads\/2022\/08\/sust1-150x150.jpg 150w, https:\/\/thenattikabeach.com\/wp-content\/uploads\/2022\/08\/sust1-768x768.jpg 768w\" sizes=\"(max-width: 1000px) 100vw, 1000px\" title=\"\">\t\t\t\t\t\t\t\t\t\t\t\t\t\t\t<\/div>\n\t\t\t\t<\/div>\n\t\t\t\t\t<\/div>\n\t\t<\/div>\n\t\t\t\t<div class=\"elementor-column elementor-col-50 elementor-inner-column elementor-element elementor-element-436cfc1\" data-id=\"436cfc1\" data-element_type=\"column\" data-e-type=\"column\">\n\t\t\t<div class=\"elementor-widget-wrap elementor-element-populated\">\n\t\t\t\t\t\t<div class=\"elementor-element elementor-element-775411b elementor-widget elementor-widget-image\" data-id=\"775411b\" data-element_type=\"widget\" data-e-type=\"widget\" data-widget_type=\"image.default\">\n\t\t\t\t<div class=\"elementor-widget-container\">\n\t\t\t\t\t\t\t\t\t\t\t\t\t\t\t<img decoding=\"async\" width=\"1000\" height=\"1000\" src=\"https:\/\/thenattikabeach.com\/wp-content\/uploads\/2022\/08\/sust2.jpg\" class=\"attachment-full size-full wp-image-2606\" alt=\"\" srcset=\"https:\/\/thenattikabeach.com\/wp-content\/uploads\/2022\/08\/sust2.jpg 1000w, https:\/\/thenattikabeach.com\/wp-content\/uploads\/2022\/08\/sust2-300x300.jpg 300w, https:\/\/thenattikabeach.com\/wp-content\/uploads\/2022\/08\/sust2-150x150.jpg 150w, https:\/\/thenattikabeach.com\/wp-content\/uploads\/2022\/08\/sust2-768x768.jpg 768w\" sizes=\"(max-width: 1000px) 100vw, 1000px\" title=\"\">\t\t\t\t\t\t\t\t\t\t\t\t\t\t\t<\/div>\n\t\t\t\t<\/div>\n\t\t\t\t\t<\/div>\n\t\t<\/div>\n\t\t\t\t\t<\/div>\n\t\t<\/section>\n\t\t\t\t\t<\/div>\n\t\t<\/div>\n\t\t\t\t\t<\/div>\n\t\t<\/section>\n\t\t\t\t<\/div>\n\t\t","protected":false},"excerpt":{"rendered":"<p>ABOUT NATTIKA D\u00c9VELOPPEMENT DURABLE \u201cRendre la Terre meilleure qu\u2019\u00e0 notre arriv\u00e9e\u201d est notre d\u00e9finition du succ\u00e8s et un \u00e9tat d\u2019esprit \u00e9panouissant \u00e0 suivre. Que ce soit d\u2019un point de vue environnemental ou social, nous nous effor\u00e7ons de faire de notre environnement et des alentours un meilleur endroit pour nous et pour les g\u00e9n\u00e9rations \u00e0 venir. [&hellip;]<\/p>\n","protected":false},"author":3,"featured_media":0,"parent":0,"menu_order":0,"comment_status":"closed","ping_status":"closed","template":"elementor_header_footer","meta":{"footnotes":""},"class_list":["post-2710","page","type-page","status-publish","hentry"],"_links":{"self":[{"href":"https:\/\/thenattikabeach.com\/fr\/wp-json\/wp\/v2\/pages\/2710","targetHints":{"allow":["GET"]}}],"collection":[{"href":"https:\/\/thenattikabeach.com\/fr\/wp-json\/wp\/v2\/pages"}],"about":[{"href":"https:\/\/thenattikabeach.com\/fr\/wp-json\/wp\/v2\/types\/page"}],"author":[{"embeddable":true,"href":"https:\/\/thenattikabeach.com\/fr\/wp-json\/wp\/v2\/users\/3"}],"replies":[{"embeddable":true,"href":"https:\/\/thenattikabeach.com\/fr\/wp-json\/wp\/v2\/comments?post=2710"}],"version-history":[{"count":13,"href":"https:\/\/thenattikabeach.com\/fr\/wp-json\/wp\/v2\/pages\/2710\/revisions"}],"predecessor-version":[{"id":13834,"href":"https:\/\/thenattikabeach.com\/fr\/wp-json\/wp\/v2\/pages\/2710\/revisions\/13834"}],"wp:attachment":[{"href":"https:\/\/thenattikabeach.com\/fr\/wp-json\/wp\/v2\/media?parent=2710"}],"curies":[{"name":"wp","href":"https:\/\/api.w.org\/{rel}","templated":true}]}}