{"id":2704,"date":"2022-08-04T08:36:43","date_gmt":"2022-08-04T08:36:43","guid":{"rendered":"https:\/\/thenattikabeach.com\/cuisine\/"},"modified":"2025-07-04T09:24:41","modified_gmt":"2025-07-04T09:24:41","slug":"cuisine","status":"publish","type":"page","link":"https:\/\/thenattikabeach.com\/fr\/cuisine\/","title":{"rendered":"Cuisine"},"content":{"rendered":"\t\t<div data-elementor-type=\"wp-page\" data-elementor-id=\"2704\" class=\"elementor elementor-2704 elementor-1212\" data-elementor-post-type=\"page\">\n\t\t\t\t\t\t<section class=\"elementor-section elementor-top-section elementor-element elementor-element-7396dfaf elementor-section-height-min-height elementor-hidden-mobile elementor-section-boxed elementor-section-height-default elementor-section-items-middle\" data-id=\"7396dfaf\" data-element_type=\"section\" data-e-type=\"section\" data-settings=\"{&quot;background_background&quot;:&quot;classic&quot;}\">\n\t\t\t\t\t\t<div class=\"elementor-container elementor-column-gap-default\">\n\t\t\t\t\t<div class=\"elementor-column elementor-col-100 elementor-top-column elementor-element elementor-element-5d085af6\" data-id=\"5d085af6\" data-element_type=\"column\" data-e-type=\"column\">\n\t\t\t<div class=\"elementor-widget-wrap\">\n\t\t\t\t\t\t\t<\/div>\n\t\t<\/div>\n\t\t\t\t\t<\/div>\n\t\t<\/section>\n\t\t\t\t<section class=\"elementor-section elementor-top-section elementor-element elementor-element-ded106e elementor-section-boxed elementor-section-height-default elementor-section-height-default\" data-id=\"ded106e\" data-element_type=\"section\" data-e-type=\"section\">\n\t\t\t\t\t\t<div class=\"elementor-container elementor-column-gap-default\">\n\t\t\t\t\t<div class=\"elementor-column elementor-col-25 elementor-top-column elementor-element elementor-element-29871f4\" data-id=\"29871f4\" data-element_type=\"column\" data-e-type=\"column\">\n\t\t\t<div class=\"elementor-widget-wrap\">\n\t\t\t\t\t\t\t<\/div>\n\t\t<\/div>\n\t\t\t\t<div class=\"elementor-column elementor-col-50 elementor-top-column elementor-element elementor-element-ac23f0b\" data-id=\"ac23f0b\" data-element_type=\"column\" data-e-type=\"column\">\n\t\t\t<div class=\"elementor-widget-wrap\">\n\t\t\t\t\t\t\t<\/div>\n\t\t<\/div>\n\t\t\t\t<div class=\"elementor-column elementor-col-25 elementor-top-column elementor-element elementor-element-14c5aac\" data-id=\"14c5aac\" data-element_type=\"column\" data-e-type=\"column\">\n\t\t\t<div class=\"elementor-widget-wrap\">\n\t\t\t\t\t\t\t<\/div>\n\t\t<\/div>\n\t\t\t\t\t<\/div>\n\t\t<\/section>\n\t\t\t\t<section class=\"elementor-section elementor-top-section elementor-element elementor-element-2375d6a8 elementor-section-boxed elementor-section-height-default elementor-section-height-default\" data-id=\"2375d6a8\" data-element_type=\"section\" data-e-type=\"section\" id=\"ayurvedaphilosophy\">\n\t\t\t\t\t\t<div class=\"elementor-container elementor-column-gap-wide\">\n\t\t\t\t\t<div class=\"elementor-column elementor-col-33 elementor-top-column elementor-element elementor-element-464fa8fb\" data-id=\"464fa8fb\" data-element_type=\"column\" data-e-type=\"column\">\n\t\t\t<div class=\"elementor-widget-wrap elementor-element-populated\">\n\t\t\t\t\t\t<section class=\"elementor-section elementor-inner-section elementor-element elementor-element-7cc80e80 elementor-section-boxed elementor-section-height-default elementor-section-height-default\" data-id=\"7cc80e80\" data-element_type=\"section\" data-e-type=\"section\" data-settings=\"{&quot;sticky&quot;:&quot;top&quot;,&quot;sticky_on&quot;:[&quot;desktop&quot;,&quot;tablet&quot;],&quot;sticky_offset&quot;:130,&quot;sticky_parent&quot;:&quot;yes&quot;,&quot;sticky_effects_offset&quot;:0,&quot;sticky_anchor_link_offset&quot;:0}\">\n\t\t\t\t\t\t<div class=\"elementor-container elementor-column-gap-default\">\n\t\t\t\t\t<div class=\"elementor-column elementor-col-100 elementor-inner-column elementor-element elementor-element-6b16d089\" data-id=\"6b16d089\" data-element_type=\"column\" data-e-type=\"column\">\n\t\t\t<div class=\"elementor-widget-wrap elementor-element-populated\">\n\t\t\t\t\t\t<div class=\"elementor-element elementor-element-3de757d8 elementor-widget elementor-widget-heading\" data-id=\"3de757d8\" data-element_type=\"widget\" data-e-type=\"widget\" data-widget_type=\"heading.default\">\n\t\t\t\t<div class=\"elementor-widget-container\">\n\t\t\t\t\t<h2 class=\"elementor-heading-title elementor-size-default\">OUR PURPOSE<\/h2>\t\t\t\t<\/div>\n\t\t\t\t<\/div>\n\t\t\t\t<div class=\"elementor-element elementor-element-3b13ed40 elementor-nav-menu__align-start elementor-nav-menu--dropdown-none elementor-widget elementor-widget-nav-menu\" data-id=\"3b13ed40\" data-element_type=\"widget\" data-e-type=\"widget\" data-settings=\"{&quot;layout&quot;:&quot;vertical&quot;,&quot;submenu_icon&quot;:{&quot;value&quot;:&quot;&lt;i class=\\&quot;fas fa-caret-down\\&quot; aria-hidden=\\&quot;true\\&quot;&gt;&lt;\\\/i&gt;&quot;,&quot;library&quot;:&quot;fa-solid&quot;}}\" data-widget_type=\"nav-menu.default\">\n\t\t\t\t<div class=\"elementor-widget-container\">\n\t\t\t\t\t\t\t\t<nav aria-label=\"Menu\" class=\"elementor-nav-menu--main elementor-nav-menu__container elementor-nav-menu--layout-vertical e--pointer-none\">\n\t\t\t\t<ul id=\"menu-1-3b13ed40\" class=\"elementor-nav-menu sm-vertical\"><li class=\"menu-item menu-item-type-custom menu-item-object-custom menu-item-2855\"><a href=\"https:\/\/thenattikabeach.com\/fr\/philosophie-de-layurveda\/\" class=\"elementor-item\">Ayurveda Philosophy<\/a><\/li>\n<li class=\"menu-item menu-item-type-custom menu-item-object-custom menu-item-2856\"><a href=\"https:\/\/thenattikabeach.com\/fr\/swastha-le-centre-ayurveda\/\" class=\"elementor-item\">Swastha \u2013 The Ayurveda Center<\/a><\/li>\n<li class=\"menu-item menu-item-type-custom menu-item-object-custom menu-item-2857\"><a href=\"https:\/\/thenattikabeach.com\/fr\/principes-de-traitements\/\" class=\"elementor-item\">Treatment Principles<\/a><\/li>\n<li class=\"menu-item menu-item-type-custom menu-item-object-custom menu-item-2858\"><a href=\"https:\/\/thenattikabeach.com\/fr\/notre-methode-pour-soigner-le-corps-lesprit-et-lame\/\" class=\"elementor-item\">Our Methodology of Healing Body, Mind and Soul<\/a><\/li>\n<li class=\"menu-item menu-item-type-custom menu-item-object-custom menu-item-2859\"><a href=\"https:\/\/thenattikabeach.com\/fr\/yoga-au-pavillon-moksha\/\" class=\"elementor-item\">Yoga at Moksha<\/a><\/li>\n<li class=\"menu-item menu-item-type-custom menu-item-object-custom menu-item-2860\"><a href=\"https:\/\/thenattikabeach.com\/fr\/programmes-de-yoga-quotidiens\/\" class=\"elementor-item\">Daily Yoga Programs<\/a><\/li>\n<li class=\"menu-item menu-item-type-custom menu-item-object-custom menu-item-2861\"><a href=\"https:\/\/thenattikabeach.com\/fr\/cuisine\/\" class=\"elementor-item\">Cuisine<\/a><\/li>\n<li class=\"menu-item menu-item-type-post_type menu-item-object-page menu-item-13880\"><a href=\"https:\/\/thenattikabeach.com\/fr\/nattika-life-our-wellness-products\/\" class=\"elementor-item\">Nattika Life \u2013 Our Wellness Products<\/a><\/li>\n<\/ul>\t\t\t<\/nav>\n\t\t\t\t\t\t<nav class=\"elementor-nav-menu--dropdown elementor-nav-menu__container\" aria-hidden=\"true\">\n\t\t\t\t<ul id=\"menu-2-3b13ed40\" class=\"elementor-nav-menu sm-vertical\"><li class=\"menu-item menu-item-type-custom menu-item-object-custom menu-item-2855\"><a href=\"https:\/\/thenattikabeach.com\/fr\/philosophie-de-layurveda\/\" class=\"elementor-item\" tabindex=\"-1\">Ayurveda Philosophy<\/a><\/li>\n<li class=\"menu-item menu-item-type-custom menu-item-object-custom menu-item-2856\"><a href=\"https:\/\/thenattikabeach.com\/fr\/swastha-le-centre-ayurveda\/\" class=\"elementor-item\" tabindex=\"-1\">Swastha \u2013 The Ayurveda Center<\/a><\/li>\n<li class=\"menu-item menu-item-type-custom menu-item-object-custom menu-item-2857\"><a href=\"https:\/\/thenattikabeach.com\/fr\/principes-de-traitements\/\" class=\"elementor-item\" tabindex=\"-1\">Treatment Principles<\/a><\/li>\n<li class=\"menu-item menu-item-type-custom menu-item-object-custom menu-item-2858\"><a href=\"https:\/\/thenattikabeach.com\/fr\/notre-methode-pour-soigner-le-corps-lesprit-et-lame\/\" class=\"elementor-item\" tabindex=\"-1\">Our Methodology of Healing Body, Mind and Soul<\/a><\/li>\n<li class=\"menu-item menu-item-type-custom menu-item-object-custom menu-item-2859\"><a href=\"https:\/\/thenattikabeach.com\/fr\/yoga-au-pavillon-moksha\/\" class=\"elementor-item\" tabindex=\"-1\">Yoga at Moksha<\/a><\/li>\n<li class=\"menu-item menu-item-type-custom menu-item-object-custom menu-item-2860\"><a href=\"https:\/\/thenattikabeach.com\/fr\/programmes-de-yoga-quotidiens\/\" class=\"elementor-item\" tabindex=\"-1\">Daily Yoga Programs<\/a><\/li>\n<li class=\"menu-item menu-item-type-custom menu-item-object-custom menu-item-2861\"><a href=\"https:\/\/thenattikabeach.com\/fr\/cuisine\/\" class=\"elementor-item\" tabindex=\"-1\">Cuisine<\/a><\/li>\n<li class=\"menu-item menu-item-type-post_type menu-item-object-page menu-item-13880\"><a href=\"https:\/\/thenattikabeach.com\/fr\/nattika-life-our-wellness-products\/\" class=\"elementor-item\" tabindex=\"-1\">Nattika Life \u2013 Our Wellness Products<\/a><\/li>\n<\/ul>\t\t\t<\/nav>\n\t\t\t\t\t\t<\/div>\n\t\t\t\t<\/div>\n\t\t\t\t\t<\/div>\n\t\t<\/div>\n\t\t\t\t\t<\/div>\n\t\t<\/section>\n\t\t\t\t\t<\/div>\n\t\t<\/div>\n\t\t\t\t<div class=\"elementor-column elementor-col-66 elementor-top-column elementor-element elementor-element-4662c7e\" data-id=\"4662c7e\" data-element_type=\"column\" data-e-type=\"column\">\n\t\t\t<div class=\"elementor-widget-wrap elementor-element-populated\">\n\t\t\t\t\t\t<section class=\"elementor-section elementor-inner-section elementor-element elementor-element-5175fcff elementor-section-boxed elementor-section-height-default elementor-section-height-default\" data-id=\"5175fcff\" data-element_type=\"section\" data-e-type=\"section\" id=\"cuisine\">\n\t\t\t\t\t\t<div class=\"elementor-container elementor-column-gap-default\">\n\t\t\t\t\t<div class=\"elementor-column elementor-col-100 elementor-inner-column elementor-element elementor-element-1c8561ad\" data-id=\"1c8561ad\" data-element_type=\"column\" data-e-type=\"column\">\n\t\t\t<div class=\"elementor-widget-wrap elementor-element-populated\">\n\t\t\t\t\t\t<div class=\"elementor-element elementor-element-68cf36c6 elementor-widget elementor-widget-heading\" data-id=\"68cf36c6\" data-element_type=\"widget\" data-e-type=\"widget\" data-widget_type=\"heading.default\">\n\t\t\t\t<div class=\"elementor-widget-container\">\n\t\t\t\t\t<h2 class=\"elementor-heading-title elementor-size-default\">CUISINE<\/h2>\t\t\t\t<\/div>\n\t\t\t\t<\/div>\n\t\t\t\t<div class=\"elementor-element elementor-element-b576a61 elementor-widget elementor-widget-text-editor\" data-id=\"b576a61\" data-element_type=\"widget\" data-e-type=\"widget\" data-widget_type=\"text-editor.default\">\n\t\t\t\t<div class=\"elementor-widget-container\">\n\t\t\t\t\t\t\t\t\t<p>Ton&nbsp;<a href=\"https:\/\/thenattikabeach.com\/wp-content\/uploads\/2022\/06\/Diet-Info-An-Introduction-scaled-1.jpg\" target=\"_blank\" rel=\"noopener\">R\u00e9gime ayurv\u00e9dique<\/a>&nbsp;et la m\u00e9decine sont essentielles pour assurer le r\u00e9sultat souhait\u00e9 de votre programme. Notre restaurant ayurv\u00e9dique &lsquo;Vapika&rsquo; ainsi que nos m\u00e9decins di\u00e9t\u00e9tiques offrent les meilleurs soins et services pendant votre s\u00e9jour. <\/p>\n<p>Tous les d\u00e9tails du r\u00e9gime ayurv\u00e9dique, y compris le calendrier des m\u00e9dicaments et les sp\u00e9cifications di\u00e9t\u00e9tiques, sont pr\u00e9par\u00e9s par nos di\u00e9t\u00e9ticiens apr\u00e8s consultation et transmis \u00e0 l\u2019\u00e9quipe du restaurant, qui est pr\u00eate \u00e0 r\u00e9pondre \u00e0 tous vos besoins.<\/p>\n<p>La recommandation du m\u00e9decin est suivie de pr\u00e8s par notre \u00e9quipe de restaurant dirig\u00e9e par M. Kalai et tous vos besoins individuels seront pris en compte. Notre d\u00e9licieux menu buffet ayurv\u00e9dique \u00e0 Nattika est divis\u00e9 en Vatha, Pitha et Kapha. Tous les ingr\u00e9dients sont frais de la ferme et les aliments qui aident \u00e0 la gu\u00e9rison sont largement utilis\u00e9s dans le buffet.  <\/p>\n<p>Le chef cuisinier Joshy Sebastian et son \u00e9quipe ont perfectionn\u00e9 les anciennes recettes ayurv\u00e9diques, et vous avez \u00e9galement la chance de les apprendre lors de nos d\u00e9monstrations de cuisine en direct chaque semaine. Pour d\u00e9couvrir le v\u00e9ritable sens du Kerala, des sessions de musique classique et d&rsquo;arts traditionnels sont \u00e9galement organis\u00e9es dans notre restaurant. <\/p>\n<p>Les m\u00e9dicaments ayurv\u00e9diques jouent un r\u00f4le essentiel dans votre traitement. C\u2019est pourquoi le Swastha dispose d\u2019une pharmacie s\u00e9par\u00e9e, g\u00e9r\u00e9e par nos pharmaciens, qui s\u2019assurent que les m\u00e9dicaments proviennent de maisons ayurv\u00e9diques r\u00e9put\u00e9es.<\/p>\n<p>Pour en savoir plus sur les horaires et les directives de VaPiKa, cliquez sur&nbsp;<a href=\"https:\/\/thenattikabeach.com\/wp-content\/uploads\/2022\/06\/Restaurant-Timings-E-G-scaled-1.jpg\" target=\"_blank\" rel=\"noopener\">ici<\/a>.<\/p>\t\t\t\t\t\t\t\t<\/div>\n\t\t\t\t<\/div>\n\t\t\t\t\t<\/div>\n\t\t<\/div>\n\t\t\t\t\t<\/div>\n\t\t<\/section>\n\t\t\t\t<section class=\"elementor-section elementor-inner-section elementor-element elementor-element-6d49ce1d elementor-section-content-middle elementor-section-boxed elementor-section-height-default elementor-section-height-default\" data-id=\"6d49ce1d\" data-element_type=\"section\" data-e-type=\"section\">\n\t\t\t\t\t\t<div class=\"elementor-container elementor-column-gap-default\">\n\t\t\t\t\t<div class=\"elementor-column elementor-col-50 elementor-inner-column elementor-element elementor-element-2bb62a54\" data-id=\"2bb62a54\" data-element_type=\"column\" data-e-type=\"column\">\n\t\t\t<div class=\"elementor-widget-wrap elementor-element-populated\">\n\t\t\t\t\t\t<div class=\"elementor-element elementor-element-7742a4e8 elementor-widget elementor-widget-image\" data-id=\"7742a4e8\" data-element_type=\"widget\" data-e-type=\"widget\" data-widget_type=\"image.default\">\n\t\t\t\t<div class=\"elementor-widget-container\">\n\t\t\t\t\t\t\t\t\t\t\t\t\t\t\t<img fetchpriority=\"high\" decoding=\"async\" width=\"800\" height=\"800\" src=\"https:\/\/thenattikabeach.com\/wp-content\/uploads\/2022\/06\/Nattika-Cuisine.jpg\" class=\"attachment-large size-large wp-image-2356\" alt=\"\" srcset=\"https:\/\/thenattikabeach.com\/wp-content\/uploads\/2022\/06\/Nattika-Cuisine.jpg 1000w, https:\/\/thenattikabeach.com\/wp-content\/uploads\/2022\/06\/Nattika-Cuisine-300x300.jpg 300w, https:\/\/thenattikabeach.com\/wp-content\/uploads\/2022\/06\/Nattika-Cuisine-150x150.jpg 150w, https:\/\/thenattikabeach.com\/wp-content\/uploads\/2022\/06\/Nattika-Cuisine-768x768.jpg 768w\" sizes=\"(max-width: 800px) 100vw, 800px\" title=\"\">\t\t\t\t\t\t\t\t\t\t\t\t\t\t\t<\/div>\n\t\t\t\t<\/div>\n\t\t\t\t\t<\/div>\n\t\t<\/div>\n\t\t\t\t<div class=\"elementor-column elementor-col-50 elementor-inner-column elementor-element elementor-element-7e395b98\" data-id=\"7e395b98\" data-element_type=\"column\" data-e-type=\"column\">\n\t\t\t<div class=\"elementor-widget-wrap elementor-element-populated\">\n\t\t\t\t\t\t<div class=\"elementor-element elementor-element-4759ec69 elementor-widget elementor-widget-image\" data-id=\"4759ec69\" data-element_type=\"widget\" data-e-type=\"widget\" data-widget_type=\"image.default\">\n\t\t\t\t<div class=\"elementor-widget-container\">\n\t\t\t\t\t\t\t\t\t\t\t\t\t\t\t<img decoding=\"async\" width=\"800\" height=\"800\" src=\"https:\/\/thenattikabeach.com\/wp-content\/uploads\/2022\/06\/Vapika-Cuisine.jpg\" class=\"attachment-large size-large wp-image-2358\" alt=\"\" srcset=\"https:\/\/thenattikabeach.com\/wp-content\/uploads\/2022\/06\/Vapika-Cuisine.jpg 1000w, https:\/\/thenattikabeach.com\/wp-content\/uploads\/2022\/06\/Vapika-Cuisine-300x300.jpg 300w, https:\/\/thenattikabeach.com\/wp-content\/uploads\/2022\/06\/Vapika-Cuisine-150x150.jpg 150w, https:\/\/thenattikabeach.com\/wp-content\/uploads\/2022\/06\/Vapika-Cuisine-768x768.jpg 768w\" sizes=\"(max-width: 800px) 100vw, 800px\" title=\"\">\t\t\t\t\t\t\t\t\t\t\t\t\t\t\t<\/div>\n\t\t\t\t<\/div>\n\t\t\t\t\t<\/div>\n\t\t<\/div>\n\t\t\t\t\t<\/div>\n\t\t<\/section>\n\t\t\t\t\t<\/div>\n\t\t<\/div>\n\t\t\t\t\t<\/div>\n\t\t<\/section>\n\t\t\t\t<section class=\"elementor-section elementor-top-section elementor-element elementor-element-d3e1031 elementor-section-boxed elementor-section-height-default elementor-section-height-default\" data-id=\"d3e1031\" data-element_type=\"section\" data-e-type=\"section\">\n\t\t\t\t\t\t<div class=\"elementor-container elementor-column-gap-default\">\n\t\t\t\t\t<div class=\"elementor-column elementor-col-100 elementor-top-column elementor-element elementor-element-e565b21\" data-id=\"e565b21\" data-element_type=\"column\" data-e-type=\"column\">\n\t\t\t<div class=\"elementor-widget-wrap elementor-element-populated\">\n\t\t\t\t\t\t<div class=\"elementor-element elementor-element-7381348 elementor-widget elementor-widget-heading\" data-id=\"7381348\" data-element_type=\"widget\" data-e-type=\"widget\" data-widget_type=\"heading.default\">\n\t\t\t\t<div class=\"elementor-widget-container\">\n\t\t\t\t\t<h2 class=\"elementor-heading-title elementor-size-default\">FAQ'S<\/h2>\t\t\t\t<\/div>\n\t\t\t\t<\/div>\n\t\t\t\t\t<\/div>\n\t\t<\/div>\n\t\t\t\t\t<\/div>\n\t\t<\/section>\n\t\t\t\t<section class=\"elementor-section elementor-top-section elementor-element elementor-element-6b84fca elementor-section-boxed elementor-section-height-default elementor-section-height-default\" data-id=\"6b84fca\" data-element_type=\"section\" data-e-type=\"section\">\n\t\t\t\t\t\t<div class=\"elementor-container elementor-column-gap-default\">\n\t\t\t\t\t<div class=\"elementor-column elementor-col-100 elementor-top-column elementor-element elementor-element-983eaf7\" data-id=\"983eaf7\" data-element_type=\"column\" data-e-type=\"column\">\n\t\t\t<div class=\"elementor-widget-wrap elementor-element-populated\">\n\t\t\t\t\t\t<div class=\"elementor-element elementor-element-63f8632 elementor-widget elementor-widget-toggle\" data-id=\"63f8632\" data-element_type=\"widget\" data-e-type=\"widget\" data-widget_type=\"toggle.default\">\n\t\t\t\t<div class=\"elementor-widget-container\">\n\t\t\t\t\t\t\t<div class=\"elementor-toggle\">\n\t\t\t\t\t\t\t<div class=\"elementor-toggle-item\">\n\t\t\t\t\t<div id=\"elementor-tab-title-1041\" class=\"elementor-tab-title\" data-tab=\"1\" role=\"button\" aria-controls=\"elementor-tab-content-1041\" aria-expanded=\"false\">\n\t\t\t\t\t\t\t\t\t\t\t\t<span class=\"elementor-toggle-icon elementor-toggle-icon-right\" aria-hidden=\"true\">\n\t\t\t\t\t\t\t\t\t\t\t\t\t\t\t<span class=\"elementor-toggle-icon-closed\"><i class=\"fas fa-caret-right\"><\/i><\/span>\n\t\t\t\t\t\t\t\t<span class=\"elementor-toggle-icon-opened\"><i class=\"elementor-toggle-icon-opened fas fa-caret-up\"><\/i><\/span>\n\t\t\t\t\t\t\t\t\t\t\t\t\t<\/span>\n\t\t\t\t\t\t\t\t\t\t\t\t<a class=\"elementor-toggle-title\" tabindex=\"0\">1. Quel type de cuisine est servi au Nattika Beach Resort ?<\/a>\n\t\t\t\t\t<\/div>\n\n\t\t\t\t\t<div id=\"elementor-tab-content-1041\" class=\"elementor-tab-content elementor-clearfix\" data-tab=\"1\" role=\"region\" aria-labelledby=\"elementor-tab-title-1041\"><p><span style=\"font-weight: 400;\">Le complexe propose une cuisine ayurv\u00e9dique authentique, qui met l&rsquo;accent sur des ingr\u00e9dients frais et d&rsquo;origine locale, pr\u00e9par\u00e9s pour \u00e9quilibrer les doshas et favoriser la sant\u00e9.<\/span><\/p><\/div>\n\t\t\t\t<\/div>\n\t\t\t\t\t\t\t<div class=\"elementor-toggle-item\">\n\t\t\t\t\t<div id=\"elementor-tab-title-1042\" class=\"elementor-tab-title\" data-tab=\"2\" role=\"button\" aria-controls=\"elementor-tab-content-1042\" aria-expanded=\"false\">\n\t\t\t\t\t\t\t\t\t\t\t\t<span class=\"elementor-toggle-icon elementor-toggle-icon-right\" aria-hidden=\"true\">\n\t\t\t\t\t\t\t\t\t\t\t\t\t\t\t<span class=\"elementor-toggle-icon-closed\"><i class=\"fas fa-caret-right\"><\/i><\/span>\n\t\t\t\t\t\t\t\t<span class=\"elementor-toggle-icon-opened\"><i class=\"elementor-toggle-icon-opened fas fa-caret-up\"><\/i><\/span>\n\t\t\t\t\t\t\t\t\t\t\t\t\t<\/span>\n\t\t\t\t\t\t\t\t\t\t\t\t<a class=\"elementor-toggle-title\" tabindex=\"0\">2. Les repas sont-ils personnalis\u00e9s en fonction des besoins individuels en mati\u00e8re de sant\u00e9 ?<\/a>\n\t\t\t\t\t<\/div>\n\n\t\t\t\t\t<div id=\"elementor-tab-content-1042\" class=\"elementor-tab-content elementor-clearfix\" data-tab=\"2\" role=\"region\" aria-labelledby=\"elementor-tab-title-1042\"><p><span style=\"font-weight: 400;\">Oui, les repas sont adapt\u00e9s \u00e0 la constitution ayurv\u00e9dique et au plan de traitement de chaque h\u00f4te, ce qui garantit un soutien nutritionnel optimal pendant le s\u00e9jour.<\/span><\/p><\/div>\n\t\t\t\t<\/div>\n\t\t\t\t\t\t\t<div class=\"elementor-toggle-item\">\n\t\t\t\t\t<div id=\"elementor-tab-title-1043\" class=\"elementor-tab-title\" data-tab=\"3\" role=\"button\" aria-controls=\"elementor-tab-content-1043\" aria-expanded=\"false\">\n\t\t\t\t\t\t\t\t\t\t\t\t<span class=\"elementor-toggle-icon elementor-toggle-icon-right\" aria-hidden=\"true\">\n\t\t\t\t\t\t\t\t\t\t\t\t\t\t\t<span class=\"elementor-toggle-icon-closed\"><i class=\"fas fa-caret-right\"><\/i><\/span>\n\t\t\t\t\t\t\t\t<span class=\"elementor-toggle-icon-opened\"><i class=\"elementor-toggle-icon-opened fas fa-caret-up\"><\/i><\/span>\n\t\t\t\t\t\t\t\t\t\t\t\t\t<\/span>\n\t\t\t\t\t\t\t\t\t\t\t\t<a class=\"elementor-toggle-title\" tabindex=\"0\">3. Le centre de vill\u00e9giature peut-il s'adapter \u00e0 des restrictions alimentaires sp\u00e9cifiques ?<\/a>\n\t\t\t\t\t<\/div>\n\n\t\t\t\t\t<div id=\"elementor-tab-content-1043\" class=\"elementor-tab-content elementor-clearfix\" data-tab=\"3\" role=\"region\" aria-labelledby=\"elementor-tab-title-1043\"><p><span style=\"font-weight: 400;\">Absolument, l&rsquo;\u00e9quipe culinaire peut s&rsquo;adapter \u00e0 diverses restrictions et pr\u00e9f\u00e9rences alimentaires, notamment v\u00e9g\u00e9tariennes, v\u00e9g\u00e9taliennes, sans gluten, etc.<\/span><\/p><\/div>\n\t\t\t\t<\/div>\n\t\t\t\t\t\t\t<div class=\"elementor-toggle-item\">\n\t\t\t\t\t<div id=\"elementor-tab-title-1044\" class=\"elementor-tab-title\" data-tab=\"4\" role=\"button\" aria-controls=\"elementor-tab-content-1044\" aria-expanded=\"false\">\n\t\t\t\t\t\t\t\t\t\t\t\t<span class=\"elementor-toggle-icon elementor-toggle-icon-right\" aria-hidden=\"true\">\n\t\t\t\t\t\t\t\t\t\t\t\t\t\t\t<span class=\"elementor-toggle-icon-closed\"><i class=\"fas fa-caret-right\"><\/i><\/span>\n\t\t\t\t\t\t\t\t<span class=\"elementor-toggle-icon-opened\"><i class=\"elementor-toggle-icon-opened fas fa-caret-up\"><\/i><\/span>\n\t\t\t\t\t\t\t\t\t\t\t\t\t<\/span>\n\t\t\t\t\t\t\t\t\t\t\t\t<a class=\"elementor-toggle-title\" tabindex=\"0\">4. Les clients int\u00e9ress\u00e9s par la cuisine ayurv\u00e9dique peuvent-ils b\u00e9n\u00e9ficier de conseils culinaires ?<\/a>\n\t\t\t\t\t<\/div>\n\n\t\t\t\t\t<div id=\"elementor-tab-content-1044\" class=\"elementor-tab-content elementor-clearfix\" data-tab=\"4\" role=\"region\" aria-labelledby=\"elementor-tab-title-1044\"><p><span style=\"font-weight: 400;\">Oui, le centre propose des d\u00e9monstrations et des ateliers de cuisine pour apprendre aux clients \u00e0 pr\u00e9parer des repas ayurv\u00e9diques, ce qui leur permet de poursuivre les pratiques \u00e0 la maison.<\/span><\/p><\/div>\n\t\t\t\t<\/div>\n\t\t\t\t\t\t\t<div class=\"elementor-toggle-item\">\n\t\t\t\t\t<div id=\"elementor-tab-title-1045\" class=\"elementor-tab-title\" data-tab=\"5\" role=\"button\" aria-controls=\"elementor-tab-content-1045\" aria-expanded=\"false\">\n\t\t\t\t\t\t\t\t\t\t\t\t<span class=\"elementor-toggle-icon elementor-toggle-icon-right\" aria-hidden=\"true\">\n\t\t\t\t\t\t\t\t\t\t\t\t\t\t\t<span class=\"elementor-toggle-icon-closed\"><i class=\"fas fa-caret-right\"><\/i><\/span>\n\t\t\t\t\t\t\t\t<span class=\"elementor-toggle-icon-opened\"><i class=\"elementor-toggle-icon-opened fas fa-caret-up\"><\/i><\/span>\n\t\t\t\t\t\t\t\t\t\t\t\t\t<\/span>\n\t\t\t\t\t\t\t\t\t\t\t\t<a class=\"elementor-toggle-title\" tabindex=\"0\">5. Comment la cuisine compl\u00e8te-t-elle les traitements ayurv\u00e9diques ?<\/a>\n\t\t\t\t\t<\/div>\n\n\t\t\t\t\t<div id=\"elementor-tab-content-1045\" class=\"elementor-tab-content elementor-clearfix\" data-tab=\"5\" role=\"region\" aria-labelledby=\"elementor-tab-title-1045\"><p><span style=\"font-weight: 400;\">La cuisine est con\u00e7ue pour compl\u00e9ter les traitements ayurv\u00e9diques en fournissant des aliments nourrissants qui contribuent \u00e0 la d\u00e9sintoxication, au rajeunissement et \u00e0 l&rsquo;\u00e9quilibre des doshas.<\/span><\/p><\/div>\n\t\t\t\t<\/div>\n\t\t\t\t\t\t\t\t<\/div>\n\t\t\t\t\t\t<\/div>\n\t\t\t\t<\/div>\n\t\t\t\t\t<\/div>\n\t\t<\/div>\n\t\t\t\t\t<\/div>\n\t\t<\/section>\n\t\t\t\t<\/div>\n\t\t","protected":false},"excerpt":{"rendered":"<p>Home OUR PURPOSE CUISINE Ton&nbsp;R\u00e9gime ayurv\u00e9dique&nbsp;et la m\u00e9decine sont essentielles pour assurer le r\u00e9sultat souhait\u00e9 de votre programme. Notre restaurant ayurv\u00e9dique &lsquo;Vapika&rsquo; ainsi que nos m\u00e9decins di\u00e9t\u00e9tiques offrent les meilleurs soins et services pendant votre s\u00e9jour. Tous les d\u00e9tails du r\u00e9gime ayurv\u00e9dique, y compris le calendrier des m\u00e9dicaments et les sp\u00e9cifications di\u00e9t\u00e9tiques, sont pr\u00e9par\u00e9s par [&hellip;]<\/p>\n","protected":false},"author":3,"featured_media":0,"parent":0,"menu_order":0,"comment_status":"closed","ping_status":"closed","template":"elementor_header_footer","meta":{"footnotes":""},"class_list":["post-2704","page","type-page","status-publish","hentry"],"_links":{"self":[{"href":"https:\/\/thenattikabeach.com\/fr\/wp-json\/wp\/v2\/pages\/2704","targetHints":{"allow":["GET"]}}],"collection":[{"href":"https:\/\/thenattikabeach.com\/fr\/wp-json\/wp\/v2\/pages"}],"about":[{"href":"https:\/\/thenattikabeach.com\/fr\/wp-json\/wp\/v2\/types\/page"}],"author":[{"embeddable":true,"href":"https:\/\/thenattikabeach.com\/fr\/wp-json\/wp\/v2\/users\/3"}],"replies":[{"embeddable":true,"href":"https:\/\/thenattikabeach.com\/fr\/wp-json\/wp\/v2\/comments?post=2704"}],"version-history":[{"count":11,"href":"https:\/\/thenattikabeach.com\/fr\/wp-json\/wp\/v2\/pages\/2704\/revisions"}],"predecessor-version":[{"id":11045,"href":"https:\/\/thenattikabeach.com\/fr\/wp-json\/wp\/v2\/pages\/2704\/revisions\/11045"}],"wp:attachment":[{"href":"https:\/\/thenattikabeach.com\/fr\/wp-json\/wp\/v2\/media?parent=2704"}],"curies":[{"name":"wp","href":"https:\/\/api.w.org\/{rel}","templated":true}]}}