{"id":2696,"date":"2022-08-04T08:28:38","date_gmt":"2022-08-04T08:28:38","guid":{"rendered":"https:\/\/thenattikabeach.com\/principes-de-traitements\/"},"modified":"2025-07-04T09:26:09","modified_gmt":"2025-07-04T09:26:09","slug":"principes-de-traitements","status":"publish","type":"page","link":"https:\/\/thenattikabeach.com\/fr\/principes-de-traitements\/","title":{"rendered":"Principes de Traitements"},"content":{"rendered":"\t\t<div data-elementor-type=\"wp-page\" data-elementor-id=\"2696\" class=\"elementor elementor-2696 elementor-1192\" data-elementor-post-type=\"page\">\n\t\t\t\t\t\t<section class=\"elementor-section elementor-top-section elementor-element elementor-element-3d098ef0 elementor-section-height-min-height elementor-hidden-mobile elementor-section-boxed elementor-section-height-default elementor-section-items-middle\" data-id=\"3d098ef0\" data-element_type=\"section\" data-e-type=\"section\" data-settings=\"{&quot;background_background&quot;:&quot;classic&quot;}\">\n\t\t\t\t\t\t<div class=\"elementor-container elementor-column-gap-default\">\n\t\t\t\t\t<div class=\"elementor-column elementor-col-100 elementor-top-column elementor-element elementor-element-2ae501de\" data-id=\"2ae501de\" data-element_type=\"column\" data-e-type=\"column\">\n\t\t\t<div class=\"elementor-widget-wrap\">\n\t\t\t\t\t\t\t<\/div>\n\t\t<\/div>\n\t\t\t\t\t<\/div>\n\t\t<\/section>\n\t\t\t\t<section class=\"elementor-section elementor-top-section elementor-element elementor-element-b48c94e elementor-section-boxed elementor-section-height-default elementor-section-height-default\" data-id=\"b48c94e\" data-element_type=\"section\" data-e-type=\"section\">\n\t\t\t\t\t\t<div class=\"elementor-container elementor-column-gap-default\">\n\t\t\t\t\t<div class=\"elementor-column elementor-col-25 elementor-top-column elementor-element elementor-element-3c5687b\" data-id=\"3c5687b\" data-element_type=\"column\" data-e-type=\"column\">\n\t\t\t<div class=\"elementor-widget-wrap\">\n\t\t\t\t\t\t\t<\/div>\n\t\t<\/div>\n\t\t\t\t<div class=\"elementor-column elementor-col-50 elementor-top-column elementor-element elementor-element-dd041f2\" data-id=\"dd041f2\" data-element_type=\"column\" data-e-type=\"column\">\n\t\t\t<div class=\"elementor-widget-wrap\">\n\t\t\t\t\t\t\t<\/div>\n\t\t<\/div>\n\t\t\t\t<div class=\"elementor-column elementor-col-25 elementor-top-column elementor-element elementor-element-1f397d6\" data-id=\"1f397d6\" data-element_type=\"column\" data-e-type=\"column\">\n\t\t\t<div class=\"elementor-widget-wrap\">\n\t\t\t\t\t\t\t<\/div>\n\t\t<\/div>\n\t\t\t\t\t<\/div>\n\t\t<\/section>\n\t\t\t\t<section class=\"elementor-section elementor-top-section elementor-element elementor-element-52a09240 elementor-section-boxed elementor-section-height-default elementor-section-height-default\" data-id=\"52a09240\" data-element_type=\"section\" data-e-type=\"section\" id=\"ayurvedaphilosophy\">\n\t\t\t\t\t\t<div class=\"elementor-container elementor-column-gap-wide\">\n\t\t\t\t\t<div class=\"elementor-column elementor-col-33 elementor-top-column elementor-element elementor-element-65d35eb5\" data-id=\"65d35eb5\" data-element_type=\"column\" data-e-type=\"column\">\n\t\t\t<div class=\"elementor-widget-wrap elementor-element-populated\">\n\t\t\t\t\t\t<section class=\"elementor-section elementor-inner-section elementor-element elementor-element-3137346f elementor-section-boxed elementor-section-height-default elementor-section-height-default\" data-id=\"3137346f\" data-element_type=\"section\" data-e-type=\"section\" data-settings=\"{&quot;sticky&quot;:&quot;top&quot;,&quot;sticky_on&quot;:[&quot;desktop&quot;,&quot;tablet&quot;],&quot;sticky_offset&quot;:130,&quot;sticky_parent&quot;:&quot;yes&quot;,&quot;sticky_effects_offset&quot;:0,&quot;sticky_anchor_link_offset&quot;:0}\">\n\t\t\t\t\t\t<div class=\"elementor-container elementor-column-gap-default\">\n\t\t\t\t\t<div class=\"elementor-column elementor-col-100 elementor-inner-column elementor-element elementor-element-271af542\" data-id=\"271af542\" data-element_type=\"column\" data-e-type=\"column\">\n\t\t\t<div class=\"elementor-widget-wrap elementor-element-populated\">\n\t\t\t\t\t\t<div class=\"elementor-element elementor-element-75648306 elementor-widget elementor-widget-heading\" data-id=\"75648306\" data-element_type=\"widget\" data-e-type=\"widget\" data-widget_type=\"heading.default\">\n\t\t\t\t<div class=\"elementor-widget-container\">\n\t\t\t\t\t<h2 class=\"elementor-heading-title elementor-size-default\">OUR PURPOSE<\/h2>\t\t\t\t<\/div>\n\t\t\t\t<\/div>\n\t\t\t\t<div class=\"elementor-element elementor-element-4971b40b elementor-nav-menu__align-start elementor-nav-menu--dropdown-none elementor-widget elementor-widget-nav-menu\" data-id=\"4971b40b\" data-element_type=\"widget\" data-e-type=\"widget\" data-settings=\"{&quot;layout&quot;:&quot;vertical&quot;,&quot;submenu_icon&quot;:{&quot;value&quot;:&quot;&lt;i class=\\&quot;fas fa-caret-down\\&quot; aria-hidden=\\&quot;true\\&quot;&gt;&lt;\\\/i&gt;&quot;,&quot;library&quot;:&quot;fa-solid&quot;}}\" data-widget_type=\"nav-menu.default\">\n\t\t\t\t<div class=\"elementor-widget-container\">\n\t\t\t\t\t\t\t\t<nav aria-label=\"Menu\" class=\"elementor-nav-menu--main elementor-nav-menu__container elementor-nav-menu--layout-vertical e--pointer-none\">\n\t\t\t\t<ul id=\"menu-1-4971b40b\" class=\"elementor-nav-menu sm-vertical\"><li class=\"menu-item menu-item-type-custom menu-item-object-custom menu-item-2855\"><a href=\"https:\/\/thenattikabeach.com\/fr\/philosophie-de-layurveda\/\" class=\"elementor-item\">Ayurveda Philosophy<\/a><\/li>\n<li class=\"menu-item menu-item-type-custom menu-item-object-custom menu-item-2856\"><a href=\"https:\/\/thenattikabeach.com\/fr\/swastha-le-centre-ayurveda\/\" class=\"elementor-item\">Swastha \u2013 The Ayurveda Center<\/a><\/li>\n<li class=\"menu-item menu-item-type-custom menu-item-object-custom menu-item-2857\"><a href=\"https:\/\/thenattikabeach.com\/fr\/principes-de-traitements\/\" class=\"elementor-item\">Treatment Principles<\/a><\/li>\n<li class=\"menu-item menu-item-type-custom menu-item-object-custom menu-item-2858\"><a href=\"https:\/\/thenattikabeach.com\/fr\/notre-methode-pour-soigner-le-corps-lesprit-et-lame\/\" class=\"elementor-item\">Our Methodology of Healing Body, Mind and Soul<\/a><\/li>\n<li class=\"menu-item menu-item-type-custom menu-item-object-custom menu-item-2859\"><a href=\"https:\/\/thenattikabeach.com\/fr\/yoga-au-pavillon-moksha\/\" class=\"elementor-item\">Yoga at Moksha<\/a><\/li>\n<li class=\"menu-item menu-item-type-custom menu-item-object-custom menu-item-2860\"><a href=\"https:\/\/thenattikabeach.com\/fr\/programmes-de-yoga-quotidiens\/\" class=\"elementor-item\">Daily Yoga Programs<\/a><\/li>\n<li class=\"menu-item menu-item-type-custom menu-item-object-custom menu-item-2861\"><a href=\"https:\/\/thenattikabeach.com\/fr\/cuisine\/\" class=\"elementor-item\">Cuisine<\/a><\/li>\n<li class=\"menu-item menu-item-type-post_type menu-item-object-page menu-item-13880\"><a href=\"https:\/\/thenattikabeach.com\/fr\/nattika-life-our-wellness-products\/\" class=\"elementor-item\">Nattika Life \u2013 Our Wellness Products<\/a><\/li>\n<\/ul>\t\t\t<\/nav>\n\t\t\t\t\t\t<nav class=\"elementor-nav-menu--dropdown elementor-nav-menu__container\" aria-hidden=\"true\">\n\t\t\t\t<ul id=\"menu-2-4971b40b\" class=\"elementor-nav-menu sm-vertical\"><li class=\"menu-item menu-item-type-custom menu-item-object-custom menu-item-2855\"><a href=\"https:\/\/thenattikabeach.com\/fr\/philosophie-de-layurveda\/\" class=\"elementor-item\" tabindex=\"-1\">Ayurveda Philosophy<\/a><\/li>\n<li class=\"menu-item menu-item-type-custom menu-item-object-custom menu-item-2856\"><a href=\"https:\/\/thenattikabeach.com\/fr\/swastha-le-centre-ayurveda\/\" class=\"elementor-item\" tabindex=\"-1\">Swastha \u2013 The Ayurveda Center<\/a><\/li>\n<li class=\"menu-item menu-item-type-custom menu-item-object-custom menu-item-2857\"><a href=\"https:\/\/thenattikabeach.com\/fr\/principes-de-traitements\/\" class=\"elementor-item\" tabindex=\"-1\">Treatment Principles<\/a><\/li>\n<li class=\"menu-item menu-item-type-custom menu-item-object-custom menu-item-2858\"><a href=\"https:\/\/thenattikabeach.com\/fr\/notre-methode-pour-soigner-le-corps-lesprit-et-lame\/\" class=\"elementor-item\" tabindex=\"-1\">Our Methodology of Healing Body, Mind and Soul<\/a><\/li>\n<li class=\"menu-item menu-item-type-custom menu-item-object-custom menu-item-2859\"><a href=\"https:\/\/thenattikabeach.com\/fr\/yoga-au-pavillon-moksha\/\" class=\"elementor-item\" tabindex=\"-1\">Yoga at Moksha<\/a><\/li>\n<li class=\"menu-item menu-item-type-custom menu-item-object-custom menu-item-2860\"><a href=\"https:\/\/thenattikabeach.com\/fr\/programmes-de-yoga-quotidiens\/\" class=\"elementor-item\" tabindex=\"-1\">Daily Yoga Programs<\/a><\/li>\n<li class=\"menu-item menu-item-type-custom menu-item-object-custom menu-item-2861\"><a href=\"https:\/\/thenattikabeach.com\/fr\/cuisine\/\" class=\"elementor-item\" tabindex=\"-1\">Cuisine<\/a><\/li>\n<li class=\"menu-item menu-item-type-post_type menu-item-object-page menu-item-13880\"><a href=\"https:\/\/thenattikabeach.com\/fr\/nattika-life-our-wellness-products\/\" class=\"elementor-item\" tabindex=\"-1\">Nattika Life \u2013 Our Wellness Products<\/a><\/li>\n<\/ul>\t\t\t<\/nav>\n\t\t\t\t\t\t<\/div>\n\t\t\t\t<\/div>\n\t\t\t\t\t<\/div>\n\t\t<\/div>\n\t\t\t\t\t<\/div>\n\t\t<\/section>\n\t\t\t\t\t<\/div>\n\t\t<\/div>\n\t\t\t\t<div class=\"elementor-column elementor-col-66 elementor-top-column elementor-element elementor-element-7e69b7ba\" data-id=\"7e69b7ba\" data-element_type=\"column\" data-e-type=\"column\">\n\t\t\t<div class=\"elementor-widget-wrap elementor-element-populated\">\n\t\t\t\t\t\t<section class=\"elementor-section elementor-inner-section elementor-element elementor-element-3e8fac2e elementor-section-boxed elementor-section-height-default elementor-section-height-default\" data-id=\"3e8fac2e\" data-element_type=\"section\" data-e-type=\"section\" id=\"treatmentprinciples\">\n\t\t\t\t\t\t<div class=\"elementor-container elementor-column-gap-default\">\n\t\t\t\t\t<div class=\"elementor-column elementor-col-100 elementor-inner-column elementor-element elementor-element-756075c3\" data-id=\"756075c3\" data-element_type=\"column\" data-e-type=\"column\">\n\t\t\t<div class=\"elementor-widget-wrap elementor-element-populated\">\n\t\t\t\t\t\t<div class=\"elementor-element elementor-element-69386c5d elementor-widget elementor-widget-heading\" data-id=\"69386c5d\" data-element_type=\"widget\" data-e-type=\"widget\" data-widget_type=\"heading.default\">\n\t\t\t\t<div class=\"elementor-widget-container\">\n\t\t\t\t\t<h2 class=\"elementor-heading-title elementor-size-default\">PRINCIPES DE TRAITEMENTS<\/h2>\t\t\t\t<\/div>\n\t\t\t\t<\/div>\n\t\t\t\t<div class=\"elementor-element elementor-element-233b23b1 elementor-widget elementor-widget-text-editor\" data-id=\"233b23b1\" data-element_type=\"widget\" data-e-type=\"widget\" data-widget_type=\"text-editor.default\">\n\t\t\t\t<div class=\"elementor-widget-container\">\n\t\t\t\t\t\t\t\t\t<p>La demande de soins sp\u00e9cialis\u00e9s bas\u00e9s sur l\u2019Ayurveda, et en particulier sur le Panchakarma, a connu une augmentation ph\u00e9nom\u00e9nale, non seulement pour le traitement des maladies, mais aussi pour la pr\u00e9vention et la pr\u00e9servation de la sant\u00e9. En cons\u00e9quence, de nombreux centres de sant\u00e9 et stations baln\u00e9aires proposent ces prestations, mais cela ne doit se faire qu\u2019\u00e0 l\u2019issue d\u2019un examen, d\u2019une planification et d\u2019un accompagnement appropri\u00e9s, car notre objectif est de r\u00e9tablir l\u2019harmonie naturelle de votre corps et de votre esprit. Lors de la premi\u00e8re consultation au Swastha, nos m\u00e9decins vous demanderont vos ant\u00e9c\u00e9dents m\u00e9dicaux et effectueront les examens bas\u00e9s sur l\u2019Ayurveda (Darshana \u2013 Inspection et observations, Sparshana \u2013 Palpation, Purgation, Auscultation, Prashna \u2013 Interrogation sur l\u2019\u00e9tat de sant\u00e9 g\u00e9n\u00e9ral en mettant l\u2019accent sur votre style de vie, votre alimentation, vos habitudes et votre environnement).<\/p><p style=\"box-sizing: inherit; margin-bottom: 0px; font-size: 0.95rem; font-family: 'Maven Pro', sans-serif; color: #404040; letter-spacing: 0.2px;\">Sur la base de cette \u00e9valuation, notre m\u00e9decin va essayer de :<br><br><\/p><ul style=\"margin-right: 0px; margin-left: 0px; list-style-position: initial; list-style-image: initial; color: #404040; font-family: 'Maven Pro', sans-serif; font-size: 16px; letter-spacing: 0.2px; background-color: #ffffff;\"><li style=\"box-sizing: inherit; font-size: 0.95rem; margin-bottom: 1em;\"> Analyser le d\u00e9s\u00e9quilibre des Doshas<\/li><li style=\"box-sizing: inherit; font-size: 0.95rem; margin-bottom: 1em;\">D\u00e9couvrir la constitution de votre corps (<a style=\"box-sizing: inherit; font-size: 0.95rem; transition: all 350ms ease 0s; outline: none; color: #ee8810 !important;\" href=\"https:\/\/thenattikabeach.com\/wp-content\/uploads\/2022\/06\/Ayurveda-Forms-Prakrithi-Analysis-Questionnaire.pdf\" target=\"_blank\" rel=\"noopener\">Prakriti<\/a>)<\/li><li style=\"box-sizing: inherit; font-size: 0.95rem; margin-bottom: 1em;\">Planifier les traitements pour les troubles sp\u00e9cifiques et pour \u00e9liminer les toxines accumul\u00e9es, qui sont la cause principale de la plupart des probl\u00e8mes.<\/li><li style=\"box-sizing: inherit; font-size: 0.95rem; margin-bottom: 1em;\">Planifier <a style=\"box-sizing: inherit; font-size: 0.95rem; transition: all 350ms ease 0s; outline: none; color: #ee8810 !important;\" href=\"https:\/\/thenattikabeach.com\/wp-content\/uploads\/2022\/06\/DIet-Info-Ayurveda-Diet-scaled-1.jpg\" target=\"_blank\" rel=\"noopener\">le r\u00e9gime<\/a> alimentaire en fonction du d\u00e9s\u00e9quilibre en question.<\/li><li style=\"box-sizing: inherit; font-size: 0.95rem; margin-bottom: 1em;\">Pr\u00e9parer votre corps pour un effet maximal des m\u00e9dicaments oraux.<\/li><li style=\"box-sizing: inherit; font-size: 0.95rem; margin-bottom: 1em;\">Faire des <a style=\"box-sizing: inherit; font-size: 0.95rem; transition: all 350ms ease 0s; outline: none; color: #ee8810 !important;\" href=\"https:\/\/thenattikabeach.com\/wp-content\/uploads\/2022\/06\/Diet-Info-Basis-for-Doshas-scaled-1.jpg\" target=\"_blank\" rel=\"noopener\">recommandations<\/a> sur la mani\u00e8re de r\u00e9tablir votre \u00e9quilibre naturel, ce qui implique toujours des changements dans votre mode de vie, votre alimentation, etc.<\/li><\/ul>\t\t\t\t\t\t\t\t<\/div>\n\t\t\t\t<\/div>\n\t\t\t\t\t<\/div>\n\t\t<\/div>\n\t\t\t\t\t<\/div>\n\t\t<\/section>\n\t\t\t\t<section class=\"elementor-section elementor-inner-section elementor-element elementor-element-1b85fc0d elementor-section-content-middle elementor-section-boxed elementor-section-height-default elementor-section-height-default\" data-id=\"1b85fc0d\" data-element_type=\"section\" data-e-type=\"section\">\n\t\t\t\t\t\t<div class=\"elementor-container elementor-column-gap-default\">\n\t\t\t\t\t<div class=\"elementor-column elementor-col-100 elementor-inner-column elementor-element elementor-element-547a2e0e\" data-id=\"547a2e0e\" data-element_type=\"column\" data-e-type=\"column\">\n\t\t\t<div class=\"elementor-widget-wrap elementor-element-populated\">\n\t\t\t\t\t\t<div class=\"elementor-element elementor-element-62d6573d elementor-widget elementor-widget-image\" data-id=\"62d6573d\" data-element_type=\"widget\" data-e-type=\"widget\" data-widget_type=\"image.default\">\n\t\t\t\t<div class=\"elementor-widget-container\">\n\t\t\t\t\t\t\t\t\t\t\t\t\t\t\t<img fetchpriority=\"high\" decoding=\"async\" width=\"800\" height=\"400\" src=\"https:\/\/thenattikabeach.com\/wp-content\/uploads\/2022\/06\/Doctor-Consultation-1024x512.jpg\" class=\"attachment-large size-large wp-image-2334\" alt=\"\" srcset=\"https:\/\/thenattikabeach.com\/wp-content\/uploads\/2022\/06\/Doctor-Consultation-1024x512.jpg 1024w, https:\/\/thenattikabeach.com\/wp-content\/uploads\/2022\/06\/Doctor-Consultation-300x150.jpg 300w, https:\/\/thenattikabeach.com\/wp-content\/uploads\/2022\/06\/Doctor-Consultation-768x384.jpg 768w, https:\/\/thenattikabeach.com\/wp-content\/uploads\/2022\/06\/Doctor-Consultation.jpg 1200w\" sizes=\"(max-width: 800px) 100vw, 800px\" title=\"\">\t\t\t\t\t\t\t\t\t\t\t\t\t\t\t<\/div>\n\t\t\t\t<\/div>\n\t\t\t\t\t<\/div>\n\t\t<\/div>\n\t\t\t\t\t<\/div>\n\t\t<\/section>\n\t\t\t\t\t<\/div>\n\t\t<\/div>\n\t\t\t\t\t<\/div>\n\t\t<\/section>\n\t\t\t\t<section class=\"elementor-section elementor-top-section elementor-element elementor-element-903b965 elementor-section-boxed elementor-section-height-default elementor-section-height-default\" data-id=\"903b965\" data-element_type=\"section\" data-e-type=\"section\">\n\t\t\t\t\t\t<div class=\"elementor-container elementor-column-gap-default\">\n\t\t\t\t\t<div class=\"elementor-column elementor-col-100 elementor-top-column elementor-element elementor-element-639fca3\" data-id=\"639fca3\" data-element_type=\"column\" data-e-type=\"column\">\n\t\t\t<div class=\"elementor-widget-wrap elementor-element-populated\">\n\t\t\t\t\t\t<div class=\"elementor-element elementor-element-c989f27 elementor-widget elementor-widget-heading\" data-id=\"c989f27\" data-element_type=\"widget\" data-e-type=\"widget\" data-widget_type=\"heading.default\">\n\t\t\t\t<div class=\"elementor-widget-container\">\n\t\t\t\t\t<h2 class=\"elementor-heading-title elementor-size-default\">FAQ'S<\/h2>\t\t\t\t<\/div>\n\t\t\t\t<\/div>\n\t\t\t\t\t<\/div>\n\t\t<\/div>\n\t\t\t\t\t<\/div>\n\t\t<\/section>\n\t\t\t\t<section class=\"elementor-section elementor-top-section elementor-element elementor-element-4e66c93 elementor-section-boxed elementor-section-height-default elementor-section-height-default\" data-id=\"4e66c93\" data-element_type=\"section\" data-e-type=\"section\">\n\t\t\t\t\t\t<div class=\"elementor-container elementor-column-gap-default\">\n\t\t\t\t\t<div class=\"elementor-column elementor-col-100 elementor-top-column elementor-element elementor-element-465e7e2\" data-id=\"465e7e2\" data-element_type=\"column\" data-e-type=\"column\">\n\t\t\t<div class=\"elementor-widget-wrap elementor-element-populated\">\n\t\t\t\t\t\t<div class=\"elementor-element elementor-element-f6ebf7f elementor-widget elementor-widget-toggle\" data-id=\"f6ebf7f\" data-element_type=\"widget\" data-e-type=\"widget\" data-widget_type=\"toggle.default\">\n\t\t\t\t<div class=\"elementor-widget-container\">\n\t\t\t\t\t\t\t<div class=\"elementor-toggle\">\n\t\t\t\t\t\t\t<div class=\"elementor-toggle-item\">\n\t\t\t\t\t<div id=\"elementor-tab-title-2581\" class=\"elementor-tab-title\" data-tab=\"1\" role=\"button\" aria-controls=\"elementor-tab-content-2581\" aria-expanded=\"false\">\n\t\t\t\t\t\t\t\t\t\t\t\t<span class=\"elementor-toggle-icon elementor-toggle-icon-right\" aria-hidden=\"true\">\n\t\t\t\t\t\t\t\t\t\t\t\t\t\t\t<span class=\"elementor-toggle-icon-closed\"><i class=\"fas fa-caret-right\"><\/i><\/span>\n\t\t\t\t\t\t\t\t<span class=\"elementor-toggle-icon-opened\"><i class=\"elementor-toggle-icon-opened fas fa-caret-up\"><\/i><\/span>\n\t\t\t\t\t\t\t\t\t\t\t\t\t<\/span>\n\t\t\t\t\t\t\t\t\t\t\t\t<a class=\"elementor-toggle-title\" tabindex=\"0\">1. Quels sont les principes directeurs des traitements au Nattika Beach Resort ?<\/a>\n\t\t\t\t\t<\/div>\n\n\t\t\t\t\t<div id=\"elementor-tab-content-2581\" class=\"elementor-tab-content elementor-clearfix\" data-tab=\"1\" role=\"region\" aria-labelledby=\"elementor-tab-title-2581\"><p><span style=\"font-weight: 400;\">Les traitements sont bas\u00e9s sur les principes ayurv\u00e9diques et visent \u00e0 la d\u00e9sintoxication et au rajeunissement du corps afin de promouvoir le bien-\u00eatre g\u00e9n\u00e9ral.<\/span><\/p><\/div>\n\t\t\t\t<\/div>\n\t\t\t\t\t\t\t<div class=\"elementor-toggle-item\">\n\t\t\t\t\t<div id=\"elementor-tab-title-2582\" class=\"elementor-tab-title\" data-tab=\"2\" role=\"button\" aria-controls=\"elementor-tab-content-2582\" aria-expanded=\"false\">\n\t\t\t\t\t\t\t\t\t\t\t\t<span class=\"elementor-toggle-icon elementor-toggle-icon-right\" aria-hidden=\"true\">\n\t\t\t\t\t\t\t\t\t\t\t\t\t\t\t<span class=\"elementor-toggle-icon-closed\"><i class=\"fas fa-caret-right\"><\/i><\/span>\n\t\t\t\t\t\t\t\t<span class=\"elementor-toggle-icon-opened\"><i class=\"elementor-toggle-icon-opened fas fa-caret-up\"><\/i><\/span>\n\t\t\t\t\t\t\t\t\t\t\t\t\t<\/span>\n\t\t\t\t\t\t\t\t\t\t\t\t<a class=\"elementor-toggle-title\" tabindex=\"0\">2. Comment les plans de traitement sont-ils \u00e9labor\u00e9s pour les clients ?<\/a>\n\t\t\t\t\t<\/div>\n\n\t\t\t\t\t<div id=\"elementor-tab-content-2582\" class=\"elementor-tab-content elementor-clearfix\" data-tab=\"2\" role=\"region\" aria-labelledby=\"elementor-tab-title-2582\"><p><span style=\"font-weight: 400;\">Chaque client fait l&rsquo;objet d&rsquo;une consultation d\u00e9taill\u00e9e avec un m\u00e9decin ayurv\u00e9dique afin d&rsquo;\u00e9valuer son \u00e9tat de sant\u00e9 et le d\u00e9s\u00e9quilibre de son dosha, ce qui d\u00e9bouche sur un plan de traitement personnalis\u00e9.<\/span><\/p><\/div>\n\t\t\t\t<\/div>\n\t\t\t\t\t\t\t<div class=\"elementor-toggle-item\">\n\t\t\t\t\t<div id=\"elementor-tab-title-2583\" class=\"elementor-tab-title\" data-tab=\"3\" role=\"button\" aria-controls=\"elementor-tab-content-2583\" aria-expanded=\"false\">\n\t\t\t\t\t\t\t\t\t\t\t\t<span class=\"elementor-toggle-icon elementor-toggle-icon-right\" aria-hidden=\"true\">\n\t\t\t\t\t\t\t\t\t\t\t\t\t\t\t<span class=\"elementor-toggle-icon-closed\"><i class=\"fas fa-caret-right\"><\/i><\/span>\n\t\t\t\t\t\t\t\t<span class=\"elementor-toggle-icon-opened\"><i class=\"elementor-toggle-icon-opened fas fa-caret-up\"><\/i><\/span>\n\t\t\t\t\t\t\t\t\t\t\t\t\t<\/span>\n\t\t\t\t\t\t\t\t\t\t\t\t<a class=\"elementor-toggle-title\" tabindex=\"0\">3. Quels sont les types de traitements propos\u00e9s ?<\/a>\n\t\t\t\t\t<\/div>\n\n\t\t\t\t\t<div id=\"elementor-tab-content-2583\" class=\"elementor-tab-content elementor-clearfix\" data-tab=\"3\" role=\"region\" aria-labelledby=\"elementor-tab-title-2583\"><p><span style=\"font-weight: 400;\">Toutes les proc\u00e9dures de traitement ayurv\u00e9dique comme l&rsquo;Abhyanga (massage \u00e0 l&rsquo;huile), le Kizhi (mart\u00e8lement), le Dhara (versement continu de liquides m\u00e9dicamenteux sur le corps et la t\u00eate), les th\u00e9rapies Panchakarma (proc\u00e9dures de d\u00e9sintoxication) et les th\u00e9rapies Rasayana (traitements de rajeunissement) sont propos\u00e9es \u00e0 Nattika apr\u00e8s \u00e9valuation de l&rsquo;\u00e9tat de sant\u00e9 de chaque individu et un plan personnalis\u00e9 est \u00e9tabli.<\/span><\/p><\/div>\n\t\t\t\t<\/div>\n\t\t\t\t\t\t\t<div class=\"elementor-toggle-item\">\n\t\t\t\t\t<div id=\"elementor-tab-title-2584\" class=\"elementor-tab-title\" data-tab=\"4\" role=\"button\" aria-controls=\"elementor-tab-content-2584\" aria-expanded=\"false\">\n\t\t\t\t\t\t\t\t\t\t\t\t<span class=\"elementor-toggle-icon elementor-toggle-icon-right\" aria-hidden=\"true\">\n\t\t\t\t\t\t\t\t\t\t\t\t\t\t\t<span class=\"elementor-toggle-icon-closed\"><i class=\"fas fa-caret-right\"><\/i><\/span>\n\t\t\t\t\t\t\t\t<span class=\"elementor-toggle-icon-opened\"><i class=\"elementor-toggle-icon-opened fas fa-caret-up\"><\/i><\/span>\n\t\t\t\t\t\t\t\t\t\t\t\t\t<\/span>\n\t\t\t\t\t\t\t\t\t\t\t\t<a class=\"elementor-toggle-title\" tabindex=\"0\">4. Les traitements sont-ils administr\u00e9s par des professionnels qualifi\u00e9s ?<\/a>\n\t\t\t\t\t<\/div>\n\n\t\t\t\t\t<div id=\"elementor-tab-content-2584\" class=\"elementor-tab-content elementor-clearfix\" data-tab=\"4\" role=\"region\" aria-labelledby=\"elementor-tab-title-2584\"><p><span style=\"font-weight: 400;\">Oui, tous les traitements sont administr\u00e9s par des th\u00e9rapeutes ayurv\u00e9diques exp\u00e9riment\u00e9s et certifi\u00e9s, sous la supervision de m\u00e9decins ayurv\u00e9diques qualifi\u00e9s.<\/span><\/p><\/div>\n\t\t\t\t<\/div>\n\t\t\t\t\t\t\t<div class=\"elementor-toggle-item\">\n\t\t\t\t\t<div id=\"elementor-tab-title-2585\" class=\"elementor-tab-title\" data-tab=\"5\" role=\"button\" aria-controls=\"elementor-tab-content-2585\" aria-expanded=\"false\">\n\t\t\t\t\t\t\t\t\t\t\t\t<span class=\"elementor-toggle-icon elementor-toggle-icon-right\" aria-hidden=\"true\">\n\t\t\t\t\t\t\t\t\t\t\t\t\t\t\t<span class=\"elementor-toggle-icon-closed\"><i class=\"fas fa-caret-right\"><\/i><\/span>\n\t\t\t\t\t\t\t\t<span class=\"elementor-toggle-icon-opened\"><i class=\"elementor-toggle-icon-opened fas fa-caret-up\"><\/i><\/span>\n\t\t\t\t\t\t\t\t\t\t\t\t\t<\/span>\n\t\t\t\t\t\t\t\t\t\t\t\t<a class=\"elementor-toggle-title\" tabindex=\"0\">5. Quelle est la dur\u00e9e habituelle des programmes de traitement ?<\/a>\n\t\t\t\t\t<\/div>\n\n\t\t\t\t\t<div id=\"elementor-tab-content-2585\" class=\"elementor-tab-content elementor-clearfix\" data-tab=\"5\" role=\"region\" aria-labelledby=\"elementor-tab-title-2585\"><p><span style=\"font-weight: 400;\">La dur\u00e9e des traitements varie en fonction des objectifs de sant\u00e9 et de l&rsquo;\u00e9tat de sant\u00e9 de chacun. Les programmes durent g\u00e9n\u00e9ralement entre une et trois semaines.<\/span><\/p><p><br \/><br \/><\/p><\/div>\n\t\t\t\t<\/div>\n\t\t\t\t\t\t\t\t<\/div>\n\t\t\t\t\t\t<\/div>\n\t\t\t\t<\/div>\n\t\t\t\t\t<\/div>\n\t\t<\/div>\n\t\t\t\t\t<\/div>\n\t\t<\/section>\n\t\t\t\t<\/div>\n\t\t","protected":false},"excerpt":{"rendered":"<p>Home OUR PURPOSE PRINCIPES DE TRAITEMENTS La demande de soins sp\u00e9cialis\u00e9s bas\u00e9s sur l\u2019Ayurveda, et en particulier sur le Panchakarma, a connu une augmentation ph\u00e9nom\u00e9nale, non seulement pour le traitement des maladies, mais aussi pour la pr\u00e9vention et la pr\u00e9servation de la sant\u00e9. En cons\u00e9quence, de nombreux centres de sant\u00e9 et stations baln\u00e9aires proposent ces [&hellip;]<\/p>\n","protected":false},"author":3,"featured_media":0,"parent":0,"menu_order":0,"comment_status":"closed","ping_status":"closed","template":"elementor_header_footer","meta":{"footnotes":""},"class_list":["post-2696","page","type-page","status-publish","hentry"],"_links":{"self":[{"href":"https:\/\/thenattikabeach.com\/fr\/wp-json\/wp\/v2\/pages\/2696","targetHints":{"allow":["GET"]}}],"collection":[{"href":"https:\/\/thenattikabeach.com\/fr\/wp-json\/wp\/v2\/pages"}],"about":[{"href":"https:\/\/thenattikabeach.com\/fr\/wp-json\/wp\/v2\/types\/page"}],"author":[{"embeddable":true,"href":"https:\/\/thenattikabeach.com\/fr\/wp-json\/wp\/v2\/users\/3"}],"replies":[{"embeddable":true,"href":"https:\/\/thenattikabeach.com\/fr\/wp-json\/wp\/v2\/comments?post=2696"}],"version-history":[{"count":13,"href":"https:\/\/thenattikabeach.com\/fr\/wp-json\/wp\/v2\/pages\/2696\/revisions"}],"predecessor-version":[{"id":11059,"href":"https:\/\/thenattikabeach.com\/fr\/wp-json\/wp\/v2\/pages\/2696\/revisions\/11059"}],"wp:attachment":[{"href":"https:\/\/thenattikabeach.com\/fr\/wp-json\/wp\/v2\/media?parent=2696"}],"curies":[{"name":"wp","href":"https:\/\/api.w.org\/{rel}","templated":true}]}}