{"id":2694,"date":"2022-08-04T07:59:03","date_gmt":"2022-08-04T07:59:03","guid":{"rendered":"https:\/\/thenattikabeach.com\/swastha-le-centre-ayurveda\/"},"modified":"2025-07-22T06:09:52","modified_gmt":"2025-07-22T06:09:52","slug":"swastha-le-centre-ayurveda","status":"publish","type":"page","link":"https:\/\/thenattikabeach.com\/fr\/swastha-le-centre-ayurveda\/","title":{"rendered":"Swastha \u2013 Le Centre Ayurveda"},"content":{"rendered":"\t\t<div data-elementor-type=\"wp-page\" data-elementor-id=\"2694\" class=\"elementor elementor-2694 elementor-1184\" data-elementor-post-type=\"page\">\n\t\t\t\t\t\t<section class=\"elementor-section elementor-top-section elementor-element elementor-element-34f7dec9 elementor-section-height-min-height elementor-hidden-mobile elementor-section-boxed elementor-section-height-default elementor-section-items-middle\" data-id=\"34f7dec9\" data-element_type=\"section\" data-e-type=\"section\" data-settings=\"{&quot;background_background&quot;:&quot;classic&quot;}\">\n\t\t\t\t\t\t<div class=\"elementor-container elementor-column-gap-default\">\n\t\t\t\t\t<div class=\"elementor-column elementor-col-100 elementor-top-column elementor-element elementor-element-20e1441f\" data-id=\"20e1441f\" data-element_type=\"column\" data-e-type=\"column\">\n\t\t\t<div class=\"elementor-widget-wrap\">\n\t\t\t\t\t\t\t<\/div>\n\t\t<\/div>\n\t\t\t\t\t<\/div>\n\t\t<\/section>\n\t\t\t\t<section class=\"elementor-section elementor-top-section elementor-element elementor-element-b7c8cef elementor-section-boxed elementor-section-height-default elementor-section-height-default\" data-id=\"b7c8cef\" data-element_type=\"section\" data-e-type=\"section\">\n\t\t\t\t\t\t<div class=\"elementor-container elementor-column-gap-default\">\n\t\t\t\t\t<div class=\"elementor-column elementor-col-25 elementor-top-column elementor-element elementor-element-4a3c5c1\" data-id=\"4a3c5c1\" data-element_type=\"column\" data-e-type=\"column\">\n\t\t\t<div class=\"elementor-widget-wrap\">\n\t\t\t\t\t\t\t<\/div>\n\t\t<\/div>\n\t\t\t\t<div class=\"elementor-column elementor-col-50 elementor-top-column elementor-element elementor-element-05a08da\" data-id=\"05a08da\" data-element_type=\"column\" data-e-type=\"column\">\n\t\t\t<div class=\"elementor-widget-wrap\">\n\t\t\t\t\t\t\t<\/div>\n\t\t<\/div>\n\t\t\t\t<div class=\"elementor-column elementor-col-25 elementor-top-column elementor-element elementor-element-06420d3\" data-id=\"06420d3\" data-element_type=\"column\" data-e-type=\"column\">\n\t\t\t<div class=\"elementor-widget-wrap\">\n\t\t\t\t\t\t\t<\/div>\n\t\t<\/div>\n\t\t\t\t\t<\/div>\n\t\t<\/section>\n\t\t\t\t<section class=\"elementor-section elementor-top-section elementor-element elementor-element-21870855 elementor-section-boxed elementor-section-height-default elementor-section-height-default\" data-id=\"21870855\" data-element_type=\"section\" data-e-type=\"section\" id=\"ayurvedaphilosophy\">\n\t\t\t\t\t\t<div class=\"elementor-container elementor-column-gap-wide\">\n\t\t\t\t\t<div class=\"elementor-column elementor-col-33 elementor-top-column elementor-element elementor-element-50e3094\" data-id=\"50e3094\" data-element_type=\"column\" data-e-type=\"column\">\n\t\t\t<div class=\"elementor-widget-wrap elementor-element-populated\">\n\t\t\t\t\t\t<section class=\"elementor-section elementor-inner-section elementor-element elementor-element-2a1d3ddb elementor-section-boxed elementor-section-height-default elementor-section-height-default\" data-id=\"2a1d3ddb\" data-element_type=\"section\" data-e-type=\"section\" data-settings=\"{&quot;sticky&quot;:&quot;top&quot;,&quot;sticky_on&quot;:[&quot;desktop&quot;,&quot;tablet&quot;],&quot;sticky_offset&quot;:130,&quot;sticky_parent&quot;:&quot;yes&quot;,&quot;sticky_effects_offset&quot;:0,&quot;sticky_anchor_link_offset&quot;:0}\">\n\t\t\t\t\t\t<div class=\"elementor-container elementor-column-gap-default\">\n\t\t\t\t\t<div class=\"elementor-column elementor-col-100 elementor-inner-column elementor-element elementor-element-4978eef5\" data-id=\"4978eef5\" data-element_type=\"column\" data-e-type=\"column\">\n\t\t\t<div class=\"elementor-widget-wrap elementor-element-populated\">\n\t\t\t\t\t\t<div class=\"elementor-element elementor-element-4fe88f41 elementor-widget elementor-widget-heading\" data-id=\"4fe88f41\" data-element_type=\"widget\" data-e-type=\"widget\" data-widget_type=\"heading.default\">\n\t\t\t\t<div class=\"elementor-widget-container\">\n\t\t\t\t\t<h2 class=\"elementor-heading-title elementor-size-default\">OUR PURPOSE<\/h2>\t\t\t\t<\/div>\n\t\t\t\t<\/div>\n\t\t\t\t<div class=\"elementor-element elementor-element-21172375 elementor-nav-menu__align-start elementor-nav-menu--dropdown-none elementor-widget elementor-widget-nav-menu\" data-id=\"21172375\" data-element_type=\"widget\" data-e-type=\"widget\" data-settings=\"{&quot;layout&quot;:&quot;vertical&quot;,&quot;submenu_icon&quot;:{&quot;value&quot;:&quot;&lt;i class=\\&quot;fas fa-caret-down\\&quot; aria-hidden=\\&quot;true\\&quot;&gt;&lt;\\\/i&gt;&quot;,&quot;library&quot;:&quot;fa-solid&quot;}}\" data-widget_type=\"nav-menu.default\">\n\t\t\t\t<div class=\"elementor-widget-container\">\n\t\t\t\t\t\t\t\t<nav aria-label=\"Menu\" class=\"elementor-nav-menu--main elementor-nav-menu__container elementor-nav-menu--layout-vertical e--pointer-none\">\n\t\t\t\t<ul id=\"menu-1-21172375\" class=\"elementor-nav-menu sm-vertical\"><li class=\"menu-item menu-item-type-custom menu-item-object-custom menu-item-2855\"><a href=\"https:\/\/thenattikabeach.com\/fr\/philosophie-de-layurveda\/\" class=\"elementor-item\">Ayurveda Philosophy<\/a><\/li>\n<li class=\"menu-item menu-item-type-custom menu-item-object-custom menu-item-2856\"><a href=\"https:\/\/thenattikabeach.com\/fr\/swastha-le-centre-ayurveda\/\" class=\"elementor-item\">Swastha \u2013 The Ayurveda Center<\/a><\/li>\n<li class=\"menu-item menu-item-type-custom menu-item-object-custom menu-item-2857\"><a href=\"https:\/\/thenattikabeach.com\/fr\/principes-de-traitements\/\" class=\"elementor-item\">Treatment Principles<\/a><\/li>\n<li class=\"menu-item menu-item-type-custom menu-item-object-custom menu-item-2858\"><a href=\"https:\/\/thenattikabeach.com\/fr\/notre-methode-pour-soigner-le-corps-lesprit-et-lame\/\" class=\"elementor-item\">Our Methodology of Healing Body, Mind and Soul<\/a><\/li>\n<li class=\"menu-item menu-item-type-custom menu-item-object-custom menu-item-2859\"><a href=\"https:\/\/thenattikabeach.com\/fr\/yoga-au-pavillon-moksha\/\" class=\"elementor-item\">Yoga at Moksha<\/a><\/li>\n<li class=\"menu-item menu-item-type-custom menu-item-object-custom menu-item-2860\"><a href=\"https:\/\/thenattikabeach.com\/fr\/programmes-de-yoga-quotidiens\/\" class=\"elementor-item\">Daily Yoga Programs<\/a><\/li>\n<li class=\"menu-item menu-item-type-custom menu-item-object-custom menu-item-2861\"><a href=\"https:\/\/thenattikabeach.com\/fr\/cuisine\/\" class=\"elementor-item\">Cuisine<\/a><\/li>\n<li class=\"menu-item menu-item-type-post_type menu-item-object-page menu-item-13880\"><a href=\"https:\/\/thenattikabeach.com\/fr\/nattika-life-our-wellness-products\/\" class=\"elementor-item\">Nattika Life \u2013 Our Wellness Products<\/a><\/li>\n<\/ul>\t\t\t<\/nav>\n\t\t\t\t\t\t<nav class=\"elementor-nav-menu--dropdown elementor-nav-menu__container\" aria-hidden=\"true\">\n\t\t\t\t<ul id=\"menu-2-21172375\" class=\"elementor-nav-menu sm-vertical\"><li class=\"menu-item menu-item-type-custom menu-item-object-custom menu-item-2855\"><a href=\"https:\/\/thenattikabeach.com\/fr\/philosophie-de-layurveda\/\" class=\"elementor-item\" tabindex=\"-1\">Ayurveda Philosophy<\/a><\/li>\n<li class=\"menu-item menu-item-type-custom menu-item-object-custom menu-item-2856\"><a href=\"https:\/\/thenattikabeach.com\/fr\/swastha-le-centre-ayurveda\/\" class=\"elementor-item\" tabindex=\"-1\">Swastha \u2013 The Ayurveda Center<\/a><\/li>\n<li class=\"menu-item menu-item-type-custom menu-item-object-custom menu-item-2857\"><a href=\"https:\/\/thenattikabeach.com\/fr\/principes-de-traitements\/\" class=\"elementor-item\" tabindex=\"-1\">Treatment Principles<\/a><\/li>\n<li class=\"menu-item menu-item-type-custom menu-item-object-custom menu-item-2858\"><a href=\"https:\/\/thenattikabeach.com\/fr\/notre-methode-pour-soigner-le-corps-lesprit-et-lame\/\" class=\"elementor-item\" tabindex=\"-1\">Our Methodology of Healing Body, Mind and Soul<\/a><\/li>\n<li class=\"menu-item menu-item-type-custom menu-item-object-custom menu-item-2859\"><a href=\"https:\/\/thenattikabeach.com\/fr\/yoga-au-pavillon-moksha\/\" class=\"elementor-item\" tabindex=\"-1\">Yoga at Moksha<\/a><\/li>\n<li class=\"menu-item menu-item-type-custom menu-item-object-custom menu-item-2860\"><a href=\"https:\/\/thenattikabeach.com\/fr\/programmes-de-yoga-quotidiens\/\" class=\"elementor-item\" tabindex=\"-1\">Daily Yoga Programs<\/a><\/li>\n<li class=\"menu-item menu-item-type-custom menu-item-object-custom menu-item-2861\"><a href=\"https:\/\/thenattikabeach.com\/fr\/cuisine\/\" class=\"elementor-item\" tabindex=\"-1\">Cuisine<\/a><\/li>\n<li class=\"menu-item menu-item-type-post_type menu-item-object-page menu-item-13880\"><a href=\"https:\/\/thenattikabeach.com\/fr\/nattika-life-our-wellness-products\/\" class=\"elementor-item\" tabindex=\"-1\">Nattika Life \u2013 Our Wellness Products<\/a><\/li>\n<\/ul>\t\t\t<\/nav>\n\t\t\t\t\t\t<\/div>\n\t\t\t\t<\/div>\n\t\t\t\t\t<\/div>\n\t\t<\/div>\n\t\t\t\t\t<\/div>\n\t\t<\/section>\n\t\t\t\t\t<\/div>\n\t\t<\/div>\n\t\t\t\t<div class=\"elementor-column elementor-col-66 elementor-top-column elementor-element elementor-element-4613aefa\" data-id=\"4613aefa\" data-element_type=\"column\" data-e-type=\"column\">\n\t\t\t<div class=\"elementor-widget-wrap elementor-element-populated\">\n\t\t\t\t\t\t<section class=\"elementor-section elementor-inner-section elementor-element elementor-element-15db9f46 elementor-section-boxed elementor-section-height-default elementor-section-height-default\" data-id=\"15db9f46\" data-element_type=\"section\" data-e-type=\"section\" id=\"swasthatheayurvedacenter\">\n\t\t\t\t\t\t<div class=\"elementor-container elementor-column-gap-default\">\n\t\t\t\t\t<div class=\"elementor-column elementor-col-100 elementor-inner-column elementor-element elementor-element-48693f96\" data-id=\"48693f96\" data-element_type=\"column\" data-e-type=\"column\">\n\t\t\t<div class=\"elementor-widget-wrap elementor-element-populated\">\n\t\t\t\t\t\t<div class=\"elementor-element elementor-element-2a74ea12 elementor-widget elementor-widget-heading\" data-id=\"2a74ea12\" data-element_type=\"widget\" data-e-type=\"widget\" data-widget_type=\"heading.default\">\n\t\t\t\t<div class=\"elementor-widget-container\">\n\t\t\t\t\t<h2 class=\"elementor-heading-title elementor-size-default\">SWASTHA \u2013 LE CENTRE AYURVEDA<\/h2>\t\t\t\t<\/div>\n\t\t\t\t<\/div>\n\t\t\t\t<div class=\"elementor-element elementor-element-70f92154 elementor-widget elementor-widget-text-editor\" data-id=\"70f92154\" data-element_type=\"widget\" data-e-type=\"widget\" data-widget_type=\"text-editor.default\">\n\t\t\t\t<div class=\"elementor-widget-container\">\n\t\t\t\t\t\t\t\t\t<p>Notre centre ayurv\u00e9dique est construit de mani\u00e8re traditionnelle permettant aux principes ayurv\u00e9diques de se d\u00e9velopper. L\u2019architecture unique est bas\u00e9e sur les concepts de \u00ab Panchamahaboodha \u00bb (cinq \u00e9l\u00e9ments), ce qui permet une abondance de lumi\u00e8re naturelle et d\u2019air. Il y a au total dix-sept salles de traitement enti\u00e8rement \u00e9quip\u00e9es, deux salles de bain de vapeur et quatre salles de consultation pour les m\u00e9decins, ainsi que deux halls pour les clients.<\/p><p>Conform\u00e9ment \u00e0 notre philosophie ayurv\u00e9dique, nous sommes un \u00e9tablissement sans alcool. De plus, nous encourageons nos h\u00f4tes \u00e0 rester pour une p\u00e9riode de 14 jours ou plus afin de pouvoir se plonger pleinement dans le style de vie ayurv\u00e9dique.<\/p>\t\t\t\t\t\t\t\t<\/div>\n\t\t\t\t<\/div>\n\t\t\t\t\t<\/div>\n\t\t<\/div>\n\t\t\t\t\t<\/div>\n\t\t<\/section>\n\t\t\t\t<section class=\"elementor-section elementor-inner-section elementor-element elementor-element-9c5de94 elementor-section-boxed elementor-section-height-default elementor-section-height-default\" data-id=\"9c5de94\" data-element_type=\"section\" data-e-type=\"section\">\n\t\t\t\t\t\t<div class=\"elementor-container elementor-column-gap-default\">\n\t\t\t\t\t<div class=\"elementor-column elementor-col-50 elementor-inner-column elementor-element elementor-element-b82a982\" data-id=\"b82a982\" data-element_type=\"column\" data-e-type=\"column\">\n\t\t\t<div class=\"elementor-widget-wrap elementor-element-populated\">\n\t\t\t\t\t\t<div class=\"elementor-element elementor-element-75b464c elementor-widget elementor-widget-image\" data-id=\"75b464c\" data-element_type=\"widget\" data-e-type=\"widget\" data-widget_type=\"image.default\">\n\t\t\t\t<div class=\"elementor-widget-container\">\n\t\t\t\t\t\t\t\t\t\t\t\t\t\t\t<img fetchpriority=\"high\" decoding=\"async\" width=\"1000\" height=\"1000\" src=\"https:\/\/thenattikabeach.com\/wp-content\/uploads\/2022\/08\/swastha1.jpg\" class=\"attachment-full size-full wp-image-2598\" alt=\"\" srcset=\"https:\/\/thenattikabeach.com\/wp-content\/uploads\/2022\/08\/swastha1.jpg 1000w, https:\/\/thenattikabeach.com\/wp-content\/uploads\/2022\/08\/swastha1-300x300.jpg 300w, https:\/\/thenattikabeach.com\/wp-content\/uploads\/2022\/08\/swastha1-150x150.jpg 150w, https:\/\/thenattikabeach.com\/wp-content\/uploads\/2022\/08\/swastha1-768x768.jpg 768w\" sizes=\"(max-width: 1000px) 100vw, 1000px\" title=\"\">\t\t\t\t\t\t\t\t\t\t\t\t\t\t\t<\/div>\n\t\t\t\t<\/div>\n\t\t\t\t\t<\/div>\n\t\t<\/div>\n\t\t\t\t<div class=\"elementor-column elementor-col-50 elementor-inner-column elementor-element elementor-element-8ce49fb\" data-id=\"8ce49fb\" data-element_type=\"column\" data-e-type=\"column\">\n\t\t\t<div class=\"elementor-widget-wrap elementor-element-populated\">\n\t\t\t\t\t\t<div class=\"elementor-element elementor-element-63ef07d elementor-widget elementor-widget-image\" data-id=\"63ef07d\" data-element_type=\"widget\" data-e-type=\"widget\" data-widget_type=\"image.default\">\n\t\t\t\t<div class=\"elementor-widget-container\">\n\t\t\t\t\t\t\t\t\t\t\t\t\t\t\t<img decoding=\"async\" width=\"1000\" height=\"1000\" src=\"https:\/\/thenattikabeach.com\/wp-content\/uploads\/2022\/08\/swastha2.jpg\" class=\"attachment-full size-full wp-image-2596\" alt=\"\" srcset=\"https:\/\/thenattikabeach.com\/wp-content\/uploads\/2022\/08\/swastha2.jpg 1000w, https:\/\/thenattikabeach.com\/wp-content\/uploads\/2022\/08\/swastha2-300x300.jpg 300w, https:\/\/thenattikabeach.com\/wp-content\/uploads\/2022\/08\/swastha2-150x150.jpg 150w, https:\/\/thenattikabeach.com\/wp-content\/uploads\/2022\/08\/swastha2-768x768.jpg 768w\" sizes=\"(max-width: 1000px) 100vw, 1000px\" title=\"\">\t\t\t\t\t\t\t\t\t\t\t\t\t\t\t<\/div>\n\t\t\t\t<\/div>\n\t\t\t\t\t<\/div>\n\t\t<\/div>\n\t\t\t\t\t<\/div>\n\t\t<\/section>\n\t\t\t\t\t<\/div>\n\t\t<\/div>\n\t\t\t\t\t<\/div>\n\t\t<\/section>\n\t\t\t\t<section class=\"elementor-section elementor-top-section elementor-element elementor-element-080fdee elementor-section-boxed elementor-section-height-default elementor-section-height-default\" data-id=\"080fdee\" data-element_type=\"section\" data-e-type=\"section\">\n\t\t\t\t\t\t<div class=\"elementor-container elementor-column-gap-default\">\n\t\t\t\t\t<div class=\"elementor-column elementor-col-100 elementor-top-column elementor-element elementor-element-edccbd7\" data-id=\"edccbd7\" data-element_type=\"column\" data-e-type=\"column\">\n\t\t\t<div class=\"elementor-widget-wrap elementor-element-populated\">\n\t\t\t\t\t\t<div class=\"elementor-element elementor-element-0bbc6fd elementor-widget elementor-widget-heading\" data-id=\"0bbc6fd\" data-element_type=\"widget\" data-e-type=\"widget\" data-widget_type=\"heading.default\">\n\t\t\t\t<div class=\"elementor-widget-container\">\n\t\t\t\t\t<h2 class=\"elementor-heading-title elementor-size-default\">FAQ'S<\/h2>\t\t\t\t<\/div>\n\t\t\t\t<\/div>\n\t\t\t\t\t<\/div>\n\t\t<\/div>\n\t\t\t\t\t<\/div>\n\t\t<\/section>\n\t\t\t\t<section class=\"elementor-section elementor-top-section elementor-element elementor-element-fd1e5ab elementor-section-boxed elementor-section-height-default elementor-section-height-default\" data-id=\"fd1e5ab\" data-element_type=\"section\" data-e-type=\"section\">\n\t\t\t\t\t\t<div class=\"elementor-container elementor-column-gap-default\">\n\t\t\t\t\t<div class=\"elementor-column elementor-col-100 elementor-top-column elementor-element elementor-element-76cf3c4\" data-id=\"76cf3c4\" data-element_type=\"column\" data-e-type=\"column\">\n\t\t\t<div class=\"elementor-widget-wrap elementor-element-populated\">\n\t\t\t\t\t\t<div class=\"elementor-element elementor-element-5863efa elementor-widget elementor-widget-toggle\" data-id=\"5863efa\" data-element_type=\"widget\" data-e-type=\"widget\" data-widget_type=\"toggle.default\">\n\t\t\t\t<div class=\"elementor-widget-container\">\n\t\t\t\t\t\t\t<div class=\"elementor-toggle\">\n\t\t\t\t\t\t\t<div class=\"elementor-toggle-item\">\n\t\t\t\t\t<div id=\"elementor-tab-title-9261\" class=\"elementor-tab-title\" data-tab=\"1\" role=\"button\" aria-controls=\"elementor-tab-content-9261\" aria-expanded=\"false\">\n\t\t\t\t\t\t\t\t\t\t\t\t<span class=\"elementor-toggle-icon elementor-toggle-icon-right\" aria-hidden=\"true\">\n\t\t\t\t\t\t\t\t\t\t\t\t\t\t\t<span class=\"elementor-toggle-icon-closed\"><i class=\"fas fa-caret-right\"><\/i><\/span>\n\t\t\t\t\t\t\t\t<span class=\"elementor-toggle-icon-opened\"><i class=\"elementor-toggle-icon-opened fas fa-caret-up\"><\/i><\/span>\n\t\t\t\t\t\t\t\t\t\t\t\t\t<\/span>\n\t\t\t\t\t\t\t\t\t\t\t\t<a class=\"elementor-toggle-title\" tabindex=\"0\">1. Qu'est-ce qui rend le centre Ayurveda Swastha unique en Kerala ?<\/a>\n\t\t\t\t\t<\/div>\n\n\t\t\t\t\t<div id=\"elementor-tab-content-9261\" class=\"elementor-tab-content elementor-clearfix\" data-tab=\"1\" role=\"region\" aria-labelledby=\"elementor-tab-title-9261\"><p><span style=\"font-weight: 400;\">Le centre est construit selon les principes traditionnels des cinq \u00e9l\u00e9ments. La lumi\u00e8re naturelle et la ventilation abondante cr\u00e9ent un cadre id\u00e9al pour les soins ayurv\u00e9diques authentiques.<\/span><\/p><\/div>\n\t\t\t\t<\/div>\n\t\t\t\t\t\t\t<div class=\"elementor-toggle-item\">\n\t\t\t\t\t<div id=\"elementor-tab-title-9262\" class=\"elementor-tab-title\" data-tab=\"2\" role=\"button\" aria-controls=\"elementor-tab-content-9262\" aria-expanded=\"false\">\n\t\t\t\t\t\t\t\t\t\t\t\t<span class=\"elementor-toggle-icon elementor-toggle-icon-right\" aria-hidden=\"true\">\n\t\t\t\t\t\t\t\t\t\t\t\t\t\t\t<span class=\"elementor-toggle-icon-closed\"><i class=\"fas fa-caret-right\"><\/i><\/span>\n\t\t\t\t\t\t\t\t<span class=\"elementor-toggle-icon-opened\"><i class=\"elementor-toggle-icon-opened fas fa-caret-up\"><\/i><\/span>\n\t\t\t\t\t\t\t\t\t\t\t\t\t<\/span>\n\t\t\t\t\t\t\t\t\t\t\t\t<a class=\"elementor-toggle-title\" tabindex=\"0\">2. Combien de temps faut-il s\u00e9journer pour b\u00e9n\u00e9ficier pleinement de l'Ayurveda ?<\/a>\n\t\t\t\t\t<\/div>\n\n\t\t\t\t\t<div id=\"elementor-tab-content-9262\" class=\"elementor-tab-content elementor-clearfix\" data-tab=\"2\" role=\"region\" aria-labelledby=\"elementor-tab-title-9262\"><p><span style=\"font-weight: 400;\">Un s\u00e9jour d&rsquo;au moins 14 jours est recommand\u00e9 pour permettre une immersion compl\u00e8te dans le mode de vie ayurv\u00e9dique.<\/span><span style=\"font-weight: 400;\"><br \/><\/span><\/p><\/div>\n\t\t\t\t<\/div>\n\t\t\t\t\t\t\t<div class=\"elementor-toggle-item\">\n\t\t\t\t\t<div id=\"elementor-tab-title-9263\" class=\"elementor-tab-title\" data-tab=\"3\" role=\"button\" aria-controls=\"elementor-tab-content-9263\" aria-expanded=\"false\">\n\t\t\t\t\t\t\t\t\t\t\t\t<span class=\"elementor-toggle-icon elementor-toggle-icon-right\" aria-hidden=\"true\">\n\t\t\t\t\t\t\t\t\t\t\t\t\t\t\t<span class=\"elementor-toggle-icon-closed\"><i class=\"fas fa-caret-right\"><\/i><\/span>\n\t\t\t\t\t\t\t\t<span class=\"elementor-toggle-icon-opened\"><i class=\"elementor-toggle-icon-opened fas fa-caret-up\"><\/i><\/span>\n\t\t\t\t\t\t\t\t\t\t\t\t\t<\/span>\n\t\t\t\t\t\t\t\t\t\t\t\t<a class=\"elementor-toggle-title\" tabindex=\"0\">3. La consommation d\u2019alcool est-elle autoris\u00e9e dans le resort ?<\/a>\n\t\t\t\t\t<\/div>\n\n\t\t\t\t\t<div id=\"elementor-tab-content-9263\" class=\"elementor-tab-content elementor-clearfix\" data-tab=\"3\" role=\"region\" aria-labelledby=\"elementor-tab-title-9263\"><p><span style=\"font-weight: 400;\">Non, le resort est sans alcool afin de respecter les principes de gu\u00e9rison ayurv\u00e9dique et de favoriser le bien-\u00eatre global.<br \/><\/span><\/p><\/div>\n\t\t\t\t<\/div>\n\t\t\t\t\t\t\t<div class=\"elementor-toggle-item\">\n\t\t\t\t\t<div id=\"elementor-tab-title-9264\" class=\"elementor-tab-title\" data-tab=\"4\" role=\"button\" aria-controls=\"elementor-tab-content-9264\" aria-expanded=\"false\">\n\t\t\t\t\t\t\t\t\t\t\t\t<span class=\"elementor-toggle-icon elementor-toggle-icon-right\" aria-hidden=\"true\">\n\t\t\t\t\t\t\t\t\t\t\t\t\t\t\t<span class=\"elementor-toggle-icon-closed\"><i class=\"fas fa-caret-right\"><\/i><\/span>\n\t\t\t\t\t\t\t\t<span class=\"elementor-toggle-icon-opened\"><i class=\"elementor-toggle-icon-opened fas fa-caret-up\"><\/i><\/span>\n\t\t\t\t\t\t\t\t\t\t\t\t\t<\/span>\n\t\t\t\t\t\t\t\t\t\t\t\t<a class=\"elementor-toggle-title\" tabindex=\"0\">4. Les consultations avec des m\u00e9decins ayurv\u00e9diques sont-elles incluses ?<\/a>\n\t\t\t\t\t<\/div>\n\n\t\t\t\t\t<div id=\"elementor-tab-content-9264\" class=\"elementor-tab-content elementor-clearfix\" data-tab=\"4\" role=\"region\" aria-labelledby=\"elementor-tab-title-9264\"><p><span style=\"font-weight: 400;\">Oui, des consultations r\u00e9guli\u00e8res avec des m\u00e9decins ayurv\u00e9diques exp\u00e9riment\u00e9s sont incluses dans votre programme personnalis\u00e9.<\/span><\/p><\/div>\n\t\t\t\t<\/div>\n\t\t\t\t\t\t\t<div class=\"elementor-toggle-item\">\n\t\t\t\t\t<div id=\"elementor-tab-title-9265\" class=\"elementor-tab-title\" data-tab=\"5\" role=\"button\" aria-controls=\"elementor-tab-content-9265\" aria-expanded=\"false\">\n\t\t\t\t\t\t\t\t\t\t\t\t<span class=\"elementor-toggle-icon elementor-toggle-icon-right\" aria-hidden=\"true\">\n\t\t\t\t\t\t\t\t\t\t\t\t\t\t\t<span class=\"elementor-toggle-icon-closed\"><i class=\"fas fa-caret-right\"><\/i><\/span>\n\t\t\t\t\t\t\t\t<span class=\"elementor-toggle-icon-opened\"><i class=\"elementor-toggle-icon-opened fas fa-caret-up\"><\/i><\/span>\n\t\t\t\t\t\t\t\t\t\t\t\t\t<\/span>\n\t\t\t\t\t\t\t\t\t\t\t\t<a class=\"elementor-toggle-title\" tabindex=\"0\">5. Quelles installations sont disponibles au centre pour les th\u00e9rapies et le bien-\u00eatre ?<\/a>\n\t\t\t\t\t<\/div>\n\n\t\t\t\t\t<div id=\"elementor-tab-content-9265\" class=\"elementor-tab-content elementor-clearfix\" data-tab=\"5\" role=\"region\" aria-labelledby=\"elementor-tab-title-9265\"><p><span style=\"font-weight: 400;\">Le centre dispose de dix-sept salles de traitement, de deux chambres pour les bains de vapeur et d\u2019espaces bien ventil\u00e9s favorisant les soins traditionnels.<\/span><\/p><\/div>\n\t\t\t\t<\/div>\n\t\t\t\t\t\t\t\t<\/div>\n\t\t\t\t\t\t<\/div>\n\t\t\t\t<\/div>\n\t\t\t\t\t<\/div>\n\t\t<\/div>\n\t\t\t\t\t<\/div>\n\t\t<\/section>\n\t\t\t\t<\/div>\n\t\t","protected":false},"excerpt":{"rendered":"<p>Home OUR PURPOSE SWASTHA \u2013 LE CENTRE AYURVEDA Notre centre ayurv\u00e9dique est construit de mani\u00e8re traditionnelle permettant aux principes ayurv\u00e9diques de se d\u00e9velopper. L\u2019architecture unique est bas\u00e9e sur les concepts de \u00ab Panchamahaboodha \u00bb (cinq \u00e9l\u00e9ments), ce qui permet une abondance de lumi\u00e8re naturelle et d\u2019air. Il y a au total dix-sept salles de traitement [&hellip;]<\/p>\n","protected":false},"author":3,"featured_media":0,"parent":0,"menu_order":0,"comment_status":"closed","ping_status":"closed","template":"elementor_header_footer","meta":{"footnotes":""},"class_list":["post-2694","page","type-page","status-publish","hentry"],"_links":{"self":[{"href":"https:\/\/thenattikabeach.com\/fr\/wp-json\/wp\/v2\/pages\/2694","targetHints":{"allow":["GET"]}}],"collection":[{"href":"https:\/\/thenattikabeach.com\/fr\/wp-json\/wp\/v2\/pages"}],"about":[{"href":"https:\/\/thenattikabeach.com\/fr\/wp-json\/wp\/v2\/types\/page"}],"author":[{"embeddable":true,"href":"https:\/\/thenattikabeach.com\/fr\/wp-json\/wp\/v2\/users\/3"}],"replies":[{"embeddable":true,"href":"https:\/\/thenattikabeach.com\/fr\/wp-json\/wp\/v2\/comments?post=2694"}],"version-history":[{"count":23,"href":"https:\/\/thenattikabeach.com\/fr\/wp-json\/wp\/v2\/pages\/2694\/revisions"}],"predecessor-version":[{"id":11241,"href":"https:\/\/thenattikabeach.com\/fr\/wp-json\/wp\/v2\/pages\/2694\/revisions\/11241"}],"wp:attachment":[{"href":"https:\/\/thenattikabeach.com\/fr\/wp-json\/wp\/v2\/media?parent=2694"}],"curies":[{"name":"wp","href":"https:\/\/api.w.org\/{rel}","templated":true}]}}