{"id":2688,"date":"2022-08-04T07:45:13","date_gmt":"2022-08-04T07:45:13","guid":{"rendered":"https:\/\/thenattikabeach.com\/la-vie-a-nattika\/"},"modified":"2025-07-04T09:20:34","modified_gmt":"2025-07-04T09:20:34","slug":"la-vie-a-nattika","status":"publish","type":"page","link":"https:\/\/thenattikabeach.com\/fr\/la-vie-a-nattika\/","title":{"rendered":"La vie \u00e0 Nattika"},"content":{"rendered":"\t\t<div data-elementor-type=\"wp-page\" data-elementor-id=\"2688\" class=\"elementor elementor-2688 elementor-1153\" data-elementor-post-type=\"page\">\n\t\t\t\t\t\t<section class=\"elementor-section elementor-top-section elementor-element elementor-element-c123be elementor-section-height-min-height elementor-hidden-mobile elementor-section-boxed elementor-section-height-default elementor-section-items-middle\" data-id=\"c123be\" data-element_type=\"section\" data-e-type=\"section\" data-settings=\"{&quot;background_background&quot;:&quot;classic&quot;}\">\n\t\t\t\t\t\t<div class=\"elementor-container elementor-column-gap-default\">\n\t\t\t\t\t<div class=\"elementor-column elementor-col-100 elementor-top-column elementor-element elementor-element-7bff8014\" data-id=\"7bff8014\" data-element_type=\"column\" data-e-type=\"column\">\n\t\t\t<div class=\"elementor-widget-wrap\">\n\t\t\t\t\t\t\t<\/div>\n\t\t<\/div>\n\t\t\t\t\t<\/div>\n\t\t<\/section>\n\t\t\t\t<section class=\"elementor-section elementor-top-section elementor-element elementor-element-be367b0 elementor-section-boxed elementor-section-height-default elementor-section-height-default\" data-id=\"be367b0\" data-element_type=\"section\" data-e-type=\"section\">\n\t\t\t\t\t\t<div class=\"elementor-container elementor-column-gap-default\">\n\t\t\t\t\t<div class=\"elementor-column elementor-col-25 elementor-top-column elementor-element elementor-element-288d826\" data-id=\"288d826\" data-element_type=\"column\" data-e-type=\"column\">\n\t\t\t<div class=\"elementor-widget-wrap\">\n\t\t\t\t\t\t\t<\/div>\n\t\t<\/div>\n\t\t\t\t<div class=\"elementor-column elementor-col-50 elementor-top-column elementor-element elementor-element-2ea16d0\" data-id=\"2ea16d0\" data-element_type=\"column\" data-e-type=\"column\">\n\t\t\t<div class=\"elementor-widget-wrap\">\n\t\t\t\t\t\t\t<\/div>\n\t\t<\/div>\n\t\t\t\t<div class=\"elementor-column elementor-col-25 elementor-top-column elementor-element elementor-element-81d4225\" data-id=\"81d4225\" data-element_type=\"column\" data-e-type=\"column\">\n\t\t\t<div class=\"elementor-widget-wrap\">\n\t\t\t\t\t\t\t<\/div>\n\t\t<\/div>\n\t\t\t\t\t<\/div>\n\t\t<\/section>\n\t\t\t\t<section class=\"elementor-section elementor-top-section elementor-element elementor-element-109d8227 elementor-section-boxed elementor-section-height-default elementor-section-height-default\" data-id=\"109d8227\" data-element_type=\"section\" data-e-type=\"section\" id=\"villas\">\n\t\t\t\t\t\t<div class=\"elementor-container elementor-column-gap-wide\">\n\t\t\t\t\t<div class=\"elementor-column elementor-col-33 elementor-top-column elementor-element elementor-element-3c51a2ef\" data-id=\"3c51a2ef\" data-element_type=\"column\" data-e-type=\"column\">\n\t\t\t<div class=\"elementor-widget-wrap elementor-element-populated\">\n\t\t\t\t\t\t<section class=\"elementor-section elementor-inner-section elementor-element elementor-element-5bf7489f elementor-section-boxed elementor-section-height-default elementor-section-height-default\" data-id=\"5bf7489f\" data-element_type=\"section\" data-e-type=\"section\" data-settings=\"{&quot;sticky&quot;:&quot;top&quot;,&quot;sticky_on&quot;:[&quot;desktop&quot;,&quot;tablet&quot;],&quot;sticky_offset&quot;:130,&quot;sticky_parent&quot;:&quot;yes&quot;,&quot;sticky_effects_offset&quot;:0,&quot;sticky_anchor_link_offset&quot;:0}\">\n\t\t\t\t\t\t<div class=\"elementor-container elementor-column-gap-default\">\n\t\t\t\t\t<div class=\"elementor-column elementor-col-100 elementor-inner-column elementor-element elementor-element-1dbc6109\" data-id=\"1dbc6109\" data-element_type=\"column\" data-e-type=\"column\">\n\t\t\t<div class=\"elementor-widget-wrap elementor-element-populated\">\n\t\t\t\t\t\t<div class=\"elementor-element elementor-element-3cb68b94 elementor-widget elementor-widget-heading\" data-id=\"3cb68b94\" data-element_type=\"widget\" data-e-type=\"widget\" data-widget_type=\"heading.default\">\n\t\t\t\t<div class=\"elementor-widget-container\">\n\t\t\t\t\t<h2 class=\"elementor-heading-title elementor-size-default\">DISCOVER US<\/h2>\t\t\t\t<\/div>\n\t\t\t\t<\/div>\n\t\t\t\t<div class=\"elementor-element elementor-element-7ffa9f5b elementor-nav-menu__align-start elementor-nav-menu--dropdown-none elementor-widget elementor-widget-nav-menu\" data-id=\"7ffa9f5b\" data-element_type=\"widget\" data-e-type=\"widget\" data-settings=\"{&quot;layout&quot;:&quot;vertical&quot;,&quot;submenu_icon&quot;:{&quot;value&quot;:&quot;&lt;i class=\\&quot;fas fa-caret-down\\&quot; aria-hidden=\\&quot;true\\&quot;&gt;&lt;\\\/i&gt;&quot;,&quot;library&quot;:&quot;fa-solid&quot;}}\" data-widget_type=\"nav-menu.default\">\n\t\t\t\t<div class=\"elementor-widget-container\">\n\t\t\t\t\t\t\t\t<nav aria-label=\"Menu\" class=\"elementor-nav-menu--main elementor-nav-menu__container elementor-nav-menu--layout-vertical e--pointer-none\">\n\t\t\t\t<ul id=\"menu-1-7ffa9f5b\" class=\"elementor-nav-menu sm-vertical\"><li class=\"menu-item menu-item-type-custom menu-item-object-custom menu-item-2809\"><a href=\"https:\/\/thenattikabeach.com\/fr\/villas\/\" class=\"elementor-item\">Villas<\/a><\/li>\n<li class=\"menu-item menu-item-type-custom menu-item-object-custom menu-item-2810\"><a href=\"https:\/\/thenattikabeach.com\/fr\/plage\/\" class=\"elementor-item\">Beach<\/a><\/li>\n<li class=\"menu-item menu-item-type-custom menu-item-object-custom menu-item-2811\"><a href=\"https:\/\/thenattikabeach.com\/fr\/jardins\/\" class=\"elementor-item\">Gardens<\/a><\/li>\n<li class=\"menu-item menu-item-type-custom menu-item-object-custom menu-item-2812\"><a href=\"https:\/\/thenattikabeach.com\/fr\/choisir-quand-venir\/\" class=\"elementor-item\">Time To Visit<\/a><\/li>\n<li class=\"menu-item menu-item-type-custom menu-item-object-custom menu-item-2813\"><a href=\"https:\/\/thenattikabeach.com\/fr\/la-vie-a-nattika\/\" class=\"elementor-item\">Life at Nattika<\/a><\/li>\n<li class=\"menu-item menu-item-type-custom menu-item-object-custom menu-item-2814\"><a href=\"https:\/\/thenattikabeach.com\/fr\/lequipe\/\" class=\"elementor-item\">The Team<\/a><\/li>\n<\/ul>\t\t\t<\/nav>\n\t\t\t\t\t\t<nav class=\"elementor-nav-menu--dropdown elementor-nav-menu__container\" aria-hidden=\"true\">\n\t\t\t\t<ul id=\"menu-2-7ffa9f5b\" class=\"elementor-nav-menu sm-vertical\"><li class=\"menu-item menu-item-type-custom menu-item-object-custom menu-item-2809\"><a href=\"https:\/\/thenattikabeach.com\/fr\/villas\/\" class=\"elementor-item\" tabindex=\"-1\">Villas<\/a><\/li>\n<li class=\"menu-item menu-item-type-custom menu-item-object-custom menu-item-2810\"><a href=\"https:\/\/thenattikabeach.com\/fr\/plage\/\" class=\"elementor-item\" tabindex=\"-1\">Beach<\/a><\/li>\n<li class=\"menu-item menu-item-type-custom menu-item-object-custom menu-item-2811\"><a href=\"https:\/\/thenattikabeach.com\/fr\/jardins\/\" class=\"elementor-item\" tabindex=\"-1\">Gardens<\/a><\/li>\n<li class=\"menu-item menu-item-type-custom menu-item-object-custom menu-item-2812\"><a href=\"https:\/\/thenattikabeach.com\/fr\/choisir-quand-venir\/\" class=\"elementor-item\" tabindex=\"-1\">Time To Visit<\/a><\/li>\n<li class=\"menu-item menu-item-type-custom menu-item-object-custom menu-item-2813\"><a href=\"https:\/\/thenattikabeach.com\/fr\/la-vie-a-nattika\/\" class=\"elementor-item\" tabindex=\"-1\">Life at Nattika<\/a><\/li>\n<li class=\"menu-item menu-item-type-custom menu-item-object-custom menu-item-2814\"><a href=\"https:\/\/thenattikabeach.com\/fr\/lequipe\/\" class=\"elementor-item\" tabindex=\"-1\">The Team<\/a><\/li>\n<\/ul>\t\t\t<\/nav>\n\t\t\t\t\t\t<\/div>\n\t\t\t\t<\/div>\n\t\t\t\t\t<\/div>\n\t\t<\/div>\n\t\t\t\t\t<\/div>\n\t\t<\/section>\n\t\t\t\t\t<\/div>\n\t\t<\/div>\n\t\t\t\t<div class=\"elementor-column elementor-col-66 elementor-top-column elementor-element elementor-element-471440ac\" data-id=\"471440ac\" data-element_type=\"column\" data-e-type=\"column\">\n\t\t\t<div class=\"elementor-widget-wrap elementor-element-populated\">\n\t\t\t\t\t\t<section class=\"elementor-section elementor-inner-section elementor-element elementor-element-14711e2e elementor-section-boxed elementor-section-height-default elementor-section-height-default\" data-id=\"14711e2e\" data-element_type=\"section\" data-e-type=\"section\">\n\t\t\t\t\t\t<div class=\"elementor-container elementor-column-gap-default\">\n\t\t\t\t\t<div class=\"elementor-column elementor-col-100 elementor-inner-column elementor-element elementor-element-63c7fe23\" data-id=\"63c7fe23\" data-element_type=\"column\" data-e-type=\"column\">\n\t\t\t<div class=\"elementor-widget-wrap elementor-element-populated\">\n\t\t\t\t\t\t<div class=\"elementor-element elementor-element-3b87ffd1 elementor-widget elementor-widget-heading\" data-id=\"3b87ffd1\" data-element_type=\"widget\" data-e-type=\"widget\" data-widget_type=\"heading.default\">\n\t\t\t\t<div class=\"elementor-widget-container\">\n\t\t\t\t\t<h2 class=\"elementor-heading-title elementor-size-default\">LA VIE \u00c0 NATTIKA<\/h2>\t\t\t\t<\/div>\n\t\t\t\t<\/div>\n\t\t\t\t<div class=\"elementor-element elementor-element-3a62c9cb elementor-widget elementor-widget-text-editor\" data-id=\"3a62c9cb\" data-element_type=\"widget\" data-e-type=\"widget\" data-widget_type=\"text-editor.default\">\n\t\t\t\t<div class=\"elementor-widget-container\">\n\t\t\t\t\t\t\t\t\t<p>La vaste propri\u00e9t\u00e9 de Nattika au milieu de nos 16 acres de cocoteraies luxuriantes et de jardins luxueux se fond parfaitement avec la nature pour devenir un espace de pur bonheur. Le contraste offert par le fait d&rsquo;\u00eatre enti\u00e8rement bord\u00e9 par une plage infinie de sable fin est tout ce dont vous aurez besoin pour faire de votre s\u00e9jour une exp\u00e9rience idyllique. Chaque recoin de Nattika inspire le calme et la s\u00e9r\u00e9nit\u00e9 et notre personnel, d&rsquo;une exquise gentillesse, s&rsquo;attache \u00e0 \u00eatre toujours tr\u00e8s attentif \u00e0 chacun de vos besoins.  <\/p>\n<p>S\u00e9journer \u00e0 Nattika est une exp\u00e9rience fabuleuse en soi. L&rsquo;ajout de la gu\u00e9rison personnalis\u00e9e de votre corps, de votre esprit et de votre \u00e2me gr\u00e2ce \u00e0 vos traitements ayurv\u00e9diques quotidiens, une pratique de yoga et une alimentation saine d\u00e9passera toutes les attentes que vous avez d&rsquo;une retraite de bien-\u00eatre. <\/p>\n<p>Comme il n&rsquo;y a pas deux personnes identiques dans le monde, il en va de m\u00eame pour la perception du bien-\u00eatre. Par cons\u00e9quent, il est important pour nous d&rsquo;assurer, d\u00e8s le premier jour, un service sur mesure ax\u00e9 sur l&rsquo;individu et ses besoins. Que vous ayez besoin d&rsquo;un s\u00e9jour relaxant ou d&rsquo;un programme intense, vous serez ravi de voir que chaque aspect de Nattika est modulable pour votre plus grand confort et votre plus grande satisfaction. En fait, suivre les suggestions et les commentaires de nos clients a \u00e9t\u00e9 le principal facteur de notre succ\u00e8s. Gr\u00e2ce \u00e0 cela, nous sommes fiers d&rsquo;avoir de nombreux invit\u00e9s qui reviennent fr\u00e9quemment et qui ont la sensation de se sentir chez eux \u00e0 Nattika.    <\/p>\n<p>De plus, vous pouvez passer votre temps en participant aux nombreuses&nbsp;<a href=\"https:\/\/thenattikabeach.com\/wp-content\/uploads\/2022\/06\/Guest-Daily-Activites.pdf\" target=\"_blank\" rel=\"noopener\">Activit\u00e9s<\/a>&nbsp;fournis \u00e0 l&rsquo;int\u00e9rieur de la station. Les \u00e9v\u00e9nements r\u00e9guliers qui ont lieu chaque jour sont tous tr\u00e8s vari\u00e9s et peuvent aller de moments de convivialit\u00e9 \u00e0 des exp\u00e9riences culinaires en passant par des occasions de d\u00e9couverte ou d\u2019apprentissage.<\/p>\t\t\t\t\t\t\t\t<\/div>\n\t\t\t\t<\/div>\n\t\t\t\t\t<\/div>\n\t\t<\/div>\n\t\t\t\t\t<\/div>\n\t\t<\/section>\n\t\t\t\t<section class=\"elementor-section elementor-inner-section elementor-element elementor-element-2164e6f2 elementor-section-content-middle elementor-section-boxed elementor-section-height-default elementor-section-height-default\" data-id=\"2164e6f2\" data-element_type=\"section\" data-e-type=\"section\">\n\t\t\t\t\t\t<div class=\"elementor-container elementor-column-gap-default\">\n\t\t\t\t\t<div class=\"elementor-column elementor-col-50 elementor-inner-column elementor-element elementor-element-70a571a3\" data-id=\"70a571a3\" data-element_type=\"column\" data-e-type=\"column\">\n\t\t\t<div class=\"elementor-widget-wrap elementor-element-populated\">\n\t\t\t\t\t\t<div class=\"elementor-element elementor-element-c780183 elementor-widget elementor-widget-image\" data-id=\"c780183\" data-element_type=\"widget\" data-e-type=\"widget\" data-widget_type=\"image.default\">\n\t\t\t\t<div class=\"elementor-widget-container\">\n\t\t\t\t\t\t\t\t\t\t\t\t\t\t\t<img fetchpriority=\"high\" decoding=\"async\" width=\"800\" height=\"800\" src=\"https:\/\/thenattikabeach.com\/wp-content\/uploads\/2022\/06\/life-at-nattika-1-1024x1024.jpg\" class=\"attachment-large size-large wp-image-2312\" alt=\"\" srcset=\"https:\/\/thenattikabeach.com\/wp-content\/uploads\/2022\/06\/life-at-nattika-1-1024x1024.jpg 1024w, https:\/\/thenattikabeach.com\/wp-content\/uploads\/2022\/06\/life-at-nattika-1-300x300.jpg 300w, https:\/\/thenattikabeach.com\/wp-content\/uploads\/2022\/06\/life-at-nattika-1-150x150.jpg 150w, https:\/\/thenattikabeach.com\/wp-content\/uploads\/2022\/06\/life-at-nattika-1-768x768.jpg 768w, https:\/\/thenattikabeach.com\/wp-content\/uploads\/2022\/06\/life-at-nattika-1.jpg 1200w\" sizes=\"(max-width: 800px) 100vw, 800px\" title=\"\">\t\t\t\t\t\t\t\t\t\t\t\t\t\t\t<\/div>\n\t\t\t\t<\/div>\n\t\t\t\t\t<\/div>\n\t\t<\/div>\n\t\t\t\t<div class=\"elementor-column elementor-col-50 elementor-inner-column elementor-element elementor-element-1de57226\" data-id=\"1de57226\" data-element_type=\"column\" data-e-type=\"column\">\n\t\t\t<div class=\"elementor-widget-wrap elementor-element-populated\">\n\t\t\t\t\t\t<div class=\"elementor-element elementor-element-6c01311d elementor-widget elementor-widget-image\" data-id=\"6c01311d\" data-element_type=\"widget\" data-e-type=\"widget\" data-widget_type=\"image.default\">\n\t\t\t\t<div class=\"elementor-widget-container\">\n\t\t\t\t\t\t\t\t\t\t\t\t\t\t\t<img decoding=\"async\" width=\"800\" height=\"800\" src=\"https:\/\/thenattikabeach.com\/wp-content\/uploads\/2022\/06\/Onam-Celebrations-1024x1024.jpg\" class=\"attachment-large size-large wp-image-2314\" alt=\"\" srcset=\"https:\/\/thenattikabeach.com\/wp-content\/uploads\/2022\/06\/Onam-Celebrations-1024x1024.jpg 1024w, https:\/\/thenattikabeach.com\/wp-content\/uploads\/2022\/06\/Onam-Celebrations-300x300.jpg 300w, https:\/\/thenattikabeach.com\/wp-content\/uploads\/2022\/06\/Onam-Celebrations-150x150.jpg 150w, https:\/\/thenattikabeach.com\/wp-content\/uploads\/2022\/06\/Onam-Celebrations-768x768.jpg 768w, https:\/\/thenattikabeach.com\/wp-content\/uploads\/2022\/06\/Onam-Celebrations.jpg 1200w\" sizes=\"(max-width: 800px) 100vw, 800px\" title=\"\">\t\t\t\t\t\t\t\t\t\t\t\t\t\t\t<\/div>\n\t\t\t\t<\/div>\n\t\t\t\t\t<\/div>\n\t\t<\/div>\n\t\t\t\t\t<\/div>\n\t\t<\/section>\n\t\t\t\t\t<\/div>\n\t\t<\/div>\n\t\t\t\t\t<\/div>\n\t\t<\/section>\n\t\t\t\t<\/div>\n\t\t","protected":false},"excerpt":{"rendered":"<p>Home DISCOVER US LA VIE \u00c0 NATTIKA La vaste propri\u00e9t\u00e9 de Nattika au milieu de nos 16 acres de cocoteraies luxuriantes et de jardins luxueux se fond parfaitement avec la nature pour devenir un espace de pur bonheur. Le contraste offert par le fait d&rsquo;\u00eatre enti\u00e8rement bord\u00e9 par une plage infinie de sable fin est [&hellip;]<\/p>\n","protected":false},"author":3,"featured_media":0,"parent":0,"menu_order":0,"comment_status":"closed","ping_status":"closed","template":"elementor_header_footer","meta":{"footnotes":""},"class_list":["post-2688","page","type-page","status-publish","hentry"],"_links":{"self":[{"href":"https:\/\/thenattikabeach.com\/fr\/wp-json\/wp\/v2\/pages\/2688","targetHints":{"allow":["GET"]}}],"collection":[{"href":"https:\/\/thenattikabeach.com\/fr\/wp-json\/wp\/v2\/pages"}],"about":[{"href":"https:\/\/thenattikabeach.com\/fr\/wp-json\/wp\/v2\/types\/page"}],"author":[{"embeddable":true,"href":"https:\/\/thenattikabeach.com\/fr\/wp-json\/wp\/v2\/users\/3"}],"replies":[{"embeddable":true,"href":"https:\/\/thenattikabeach.com\/fr\/wp-json\/wp\/v2\/comments?post=2688"}],"version-history":[{"count":11,"href":"https:\/\/thenattikabeach.com\/fr\/wp-json\/wp\/v2\/pages\/2688\/revisions"}],"predecessor-version":[{"id":11025,"href":"https:\/\/thenattikabeach.com\/fr\/wp-json\/wp\/v2\/pages\/2688\/revisions\/11025"}],"wp:attachment":[{"href":"https:\/\/thenattikabeach.com\/fr\/wp-json\/wp\/v2\/media?parent=2688"}],"curies":[{"name":"wp","href":"https:\/\/api.w.org\/{rel}","templated":true}]}}