{"id":2684,"date":"2022-08-04T07:39:58","date_gmt":"2022-08-04T07:39:58","guid":{"rendered":"https:\/\/thenattikabeach.com\/jardins\/"},"modified":"2025-07-04T09:18:24","modified_gmt":"2025-07-04T09:18:24","slug":"jardins","status":"publish","type":"page","link":"https:\/\/thenattikabeach.com\/fr\/jardins\/","title":{"rendered":"Jardins"},"content":{"rendered":"\t\t<div data-elementor-type=\"wp-page\" data-elementor-id=\"2684\" class=\"elementor elementor-2684 elementor-1139\" data-elementor-post-type=\"page\">\n\t\t\t\t\t\t<section class=\"elementor-section elementor-top-section elementor-element elementor-element-648b098 elementor-section-height-min-height elementor-hidden-mobile elementor-section-boxed elementor-section-height-default elementor-section-items-middle\" data-id=\"648b098\" data-element_type=\"section\" data-e-type=\"section\" data-settings=\"{&quot;background_background&quot;:&quot;classic&quot;}\">\n\t\t\t\t\t\t<div class=\"elementor-container elementor-column-gap-default\">\n\t\t\t\t\t<div class=\"elementor-column elementor-col-100 elementor-top-column elementor-element elementor-element-b6d2671\" data-id=\"b6d2671\" data-element_type=\"column\" data-e-type=\"column\">\n\t\t\t<div class=\"elementor-widget-wrap\">\n\t\t\t\t\t\t\t<\/div>\n\t\t<\/div>\n\t\t\t\t\t<\/div>\n\t\t<\/section>\n\t\t\t\t<section class=\"elementor-section elementor-top-section elementor-element elementor-element-8b059f2 elementor-section-boxed elementor-section-height-default elementor-section-height-default\" data-id=\"8b059f2\" data-element_type=\"section\" data-e-type=\"section\">\n\t\t\t\t\t\t<div class=\"elementor-container elementor-column-gap-default\">\n\t\t\t\t\t<div class=\"elementor-column elementor-col-25 elementor-top-column elementor-element elementor-element-712330d\" data-id=\"712330d\" data-element_type=\"column\" data-e-type=\"column\">\n\t\t\t<div class=\"elementor-widget-wrap\">\n\t\t\t\t\t\t\t<\/div>\n\t\t<\/div>\n\t\t\t\t<div class=\"elementor-column elementor-col-50 elementor-top-column elementor-element elementor-element-28e7e9c\" data-id=\"28e7e9c\" data-element_type=\"column\" data-e-type=\"column\">\n\t\t\t<div class=\"elementor-widget-wrap\">\n\t\t\t\t\t\t\t<\/div>\n\t\t<\/div>\n\t\t\t\t<div class=\"elementor-column elementor-col-25 elementor-top-column elementor-element elementor-element-b511544\" data-id=\"b511544\" data-element_type=\"column\" data-e-type=\"column\">\n\t\t\t<div class=\"elementor-widget-wrap\">\n\t\t\t\t\t\t\t<\/div>\n\t\t<\/div>\n\t\t\t\t\t<\/div>\n\t\t<\/section>\n\t\t\t\t<section class=\"elementor-section elementor-top-section elementor-element elementor-element-2c19ed88 elementor-section-boxed elementor-section-height-default elementor-section-height-default\" data-id=\"2c19ed88\" data-element_type=\"section\" data-e-type=\"section\" id=\"villas\">\n\t\t\t\t\t\t<div class=\"elementor-container elementor-column-gap-wide\">\n\t\t\t\t\t<div class=\"elementor-column elementor-col-33 elementor-top-column elementor-element elementor-element-750ea037\" data-id=\"750ea037\" data-element_type=\"column\" data-e-type=\"column\">\n\t\t\t<div class=\"elementor-widget-wrap elementor-element-populated\">\n\t\t\t\t\t\t<section class=\"elementor-section elementor-inner-section elementor-element elementor-element-25858fc4 elementor-section-boxed elementor-section-height-default elementor-section-height-default\" data-id=\"25858fc4\" data-element_type=\"section\" data-e-type=\"section\" data-settings=\"{&quot;sticky&quot;:&quot;top&quot;,&quot;sticky_on&quot;:[&quot;desktop&quot;,&quot;tablet&quot;],&quot;sticky_offset&quot;:130,&quot;sticky_parent&quot;:&quot;yes&quot;,&quot;sticky_effects_offset&quot;:0,&quot;sticky_anchor_link_offset&quot;:0}\">\n\t\t\t\t\t\t<div class=\"elementor-container elementor-column-gap-default\">\n\t\t\t\t\t<div class=\"elementor-column elementor-col-100 elementor-inner-column elementor-element elementor-element-2f54ab4a\" data-id=\"2f54ab4a\" data-element_type=\"column\" data-e-type=\"column\">\n\t\t\t<div class=\"elementor-widget-wrap elementor-element-populated\">\n\t\t\t\t\t\t<div class=\"elementor-element elementor-element-218af861 elementor-widget elementor-widget-heading\" data-id=\"218af861\" data-element_type=\"widget\" data-e-type=\"widget\" data-widget_type=\"heading.default\">\n\t\t\t\t<div class=\"elementor-widget-container\">\n\t\t\t\t\t<h2 class=\"elementor-heading-title elementor-size-default\">DISCOVER US<\/h2>\t\t\t\t<\/div>\n\t\t\t\t<\/div>\n\t\t\t\t<div class=\"elementor-element elementor-element-7b0ca1a7 elementor-nav-menu__align-start elementor-nav-menu--dropdown-none elementor-widget elementor-widget-nav-menu\" data-id=\"7b0ca1a7\" data-element_type=\"widget\" data-e-type=\"widget\" data-settings=\"{&quot;layout&quot;:&quot;vertical&quot;,&quot;submenu_icon&quot;:{&quot;value&quot;:&quot;&lt;i class=\\&quot;fas fa-caret-down\\&quot; aria-hidden=\\&quot;true\\&quot;&gt;&lt;\\\/i&gt;&quot;,&quot;library&quot;:&quot;fa-solid&quot;}}\" data-widget_type=\"nav-menu.default\">\n\t\t\t\t<div class=\"elementor-widget-container\">\n\t\t\t\t\t\t\t\t<nav aria-label=\"Menu\" class=\"elementor-nav-menu--main elementor-nav-menu__container elementor-nav-menu--layout-vertical e--pointer-none\">\n\t\t\t\t<ul id=\"menu-1-7b0ca1a7\" class=\"elementor-nav-menu sm-vertical\"><li class=\"menu-item menu-item-type-custom menu-item-object-custom menu-item-2809\"><a href=\"https:\/\/thenattikabeach.com\/fr\/villas\/\" class=\"elementor-item\">Villas<\/a><\/li>\n<li class=\"menu-item menu-item-type-custom menu-item-object-custom menu-item-2810\"><a href=\"https:\/\/thenattikabeach.com\/fr\/plage\/\" class=\"elementor-item\">Beach<\/a><\/li>\n<li class=\"menu-item menu-item-type-custom menu-item-object-custom menu-item-2811\"><a href=\"https:\/\/thenattikabeach.com\/fr\/jardins\/\" class=\"elementor-item\">Gardens<\/a><\/li>\n<li class=\"menu-item menu-item-type-custom menu-item-object-custom menu-item-2812\"><a href=\"https:\/\/thenattikabeach.com\/fr\/choisir-quand-venir\/\" class=\"elementor-item\">Time To Visit<\/a><\/li>\n<li class=\"menu-item menu-item-type-custom menu-item-object-custom menu-item-2813\"><a href=\"https:\/\/thenattikabeach.com\/fr\/la-vie-a-nattika\/\" class=\"elementor-item\">Life at Nattika<\/a><\/li>\n<li class=\"menu-item menu-item-type-custom menu-item-object-custom menu-item-2814\"><a href=\"https:\/\/thenattikabeach.com\/fr\/lequipe\/\" class=\"elementor-item\">The Team<\/a><\/li>\n<\/ul>\t\t\t<\/nav>\n\t\t\t\t\t\t<nav class=\"elementor-nav-menu--dropdown elementor-nav-menu__container\" aria-hidden=\"true\">\n\t\t\t\t<ul id=\"menu-2-7b0ca1a7\" class=\"elementor-nav-menu sm-vertical\"><li class=\"menu-item menu-item-type-custom menu-item-object-custom menu-item-2809\"><a href=\"https:\/\/thenattikabeach.com\/fr\/villas\/\" class=\"elementor-item\" tabindex=\"-1\">Villas<\/a><\/li>\n<li class=\"menu-item menu-item-type-custom menu-item-object-custom menu-item-2810\"><a href=\"https:\/\/thenattikabeach.com\/fr\/plage\/\" class=\"elementor-item\" tabindex=\"-1\">Beach<\/a><\/li>\n<li class=\"menu-item menu-item-type-custom menu-item-object-custom menu-item-2811\"><a href=\"https:\/\/thenattikabeach.com\/fr\/jardins\/\" class=\"elementor-item\" tabindex=\"-1\">Gardens<\/a><\/li>\n<li class=\"menu-item menu-item-type-custom menu-item-object-custom menu-item-2812\"><a href=\"https:\/\/thenattikabeach.com\/fr\/choisir-quand-venir\/\" class=\"elementor-item\" tabindex=\"-1\">Time To Visit<\/a><\/li>\n<li class=\"menu-item menu-item-type-custom menu-item-object-custom menu-item-2813\"><a href=\"https:\/\/thenattikabeach.com\/fr\/la-vie-a-nattika\/\" class=\"elementor-item\" tabindex=\"-1\">Life at Nattika<\/a><\/li>\n<li class=\"menu-item menu-item-type-custom menu-item-object-custom menu-item-2814\"><a href=\"https:\/\/thenattikabeach.com\/fr\/lequipe\/\" class=\"elementor-item\" tabindex=\"-1\">The Team<\/a><\/li>\n<\/ul>\t\t\t<\/nav>\n\t\t\t\t\t\t<\/div>\n\t\t\t\t<\/div>\n\t\t\t\t\t<\/div>\n\t\t<\/div>\n\t\t\t\t\t<\/div>\n\t\t<\/section>\n\t\t\t\t\t<\/div>\n\t\t<\/div>\n\t\t\t\t<div class=\"elementor-column elementor-col-66 elementor-top-column elementor-element elementor-element-2b8d4186\" data-id=\"2b8d4186\" data-element_type=\"column\" data-e-type=\"column\">\n\t\t\t<div class=\"elementor-widget-wrap elementor-element-populated\">\n\t\t\t\t\t\t<section class=\"elementor-section elementor-inner-section elementor-element elementor-element-2474863f elementor-section-boxed elementor-section-height-default elementor-section-height-default\" data-id=\"2474863f\" data-element_type=\"section\" data-e-type=\"section\">\n\t\t\t\t\t\t<div class=\"elementor-container elementor-column-gap-default\">\n\t\t\t\t\t<div class=\"elementor-column elementor-col-100 elementor-inner-column elementor-element elementor-element-7ee51fe2\" data-id=\"7ee51fe2\" data-element_type=\"column\" data-e-type=\"column\">\n\t\t\t<div class=\"elementor-widget-wrap elementor-element-populated\">\n\t\t\t\t\t\t<div class=\"elementor-element elementor-element-431ad396 elementor-widget elementor-widget-heading\" data-id=\"431ad396\" data-element_type=\"widget\" data-e-type=\"widget\" data-widget_type=\"heading.default\">\n\t\t\t\t<div class=\"elementor-widget-container\">\n\t\t\t\t\t<h2 class=\"elementor-heading-title elementor-size-default\">JARDINS<\/h2>\t\t\t\t<\/div>\n\t\t\t\t<\/div>\n\t\t\t\t<div class=\"elementor-element elementor-element-366a14ff elementor-widget elementor-widget-text-editor\" data-id=\"366a14ff\" data-element_type=\"widget\" data-e-type=\"widget\" data-widget_type=\"text-editor.default\">\n\t\t\t\t<div class=\"elementor-widget-container\">\n\t\t\t\t\t\t\t\t\t<p>Nous ne sommes pas vos vrais h\u00f4tes. La nature &#8211; Les plantes, les animaux et les oiseaux qui vous entourent sont tous vos h\u00f4tes. Nous vous exhortons \u00e0 embrasser leur existence et \u00e0 respecter leur hospitalit\u00e9.  <\/p>\n<p>Les jardins Nattika offrent une vue spectaculaire sur la nature sauvage dans toutes ses manifestations de la flore et de la faune. Vous pourrez voir et entendre des oiseaux migrateurs et locaux tout autour de l\u2019h\u00f4tel. Notre jardin tropical luxuriant au milieu de la canop\u00e9e de 1800 palmiers avec une v\u00e9g\u00e9tation riche, une vie abondante et une qualit\u00e9&nbsp;d\u2019air exceptionnelle vous laissera avec une incroyable exp\u00e9rience de gu\u00e9rison et de transformation.<\/p>\n<p>Oiseaux fr\u00e9quemment observ\u00e9s \u2013 Corbeaux, corneilles, trogon de Malabar, grand coucal, bulbul, mynas, chouette effraie, toucan, grand h\u00e9ron, pigeons, aigles, martins-p\u00eacheurs et paons.<\/p>\n<p>Animaux fr\u00e9quemment observ\u00e9s \u2013 \u00e9cureuil palmiste, geckos, civettes, cam\u00e9l\u00e9on, crapaud indien, varan du Bengale, mangouste, \u00e9cureuil volant indien (occasionnellement la nuit).<\/p>\n<p>Plus que de simples jardins, nous avons \u00e9galement cr\u00e9\u00e9 3 sanctuaires pour les papillons o\u00f9 vous pourrez appr\u00e9cier leurs magnifiques motifs et leurs couleurs vives. Pour en savoir plus sur la liste compl\u00e8te des Botaniques, cliquez&nbsp;<a href=\"https:\/\/thenattikabeach.com\/wp-content\/uploads\/2022\/06\/Gardens-Botanicals-List.pdf\" target=\"_blank\" rel=\"noopener\">ici<\/a>.<\/p>\n<p>Le&nbsp;<a href=\"https:\/\/thenattikabeach.com\/wp-content\/uploads\/2022\/06\/Gardens-Nakshathra-Vana.pdf\" target=\"_blank\" rel=\"noopener\">Nakshatra Vanam<\/a>&nbsp;ou Star Garden est un concept de jardin mythologique comprenant 27 esp\u00e8ces d&rsquo;arbres, chacune repr\u00e9sentant une \u00e9toile du zodiaque de la philosophie indienne. Chaque \u00e9toile repr\u00e9sente un arbre. Il est dit que l&rsquo;arbre donne de l&rsquo;\u00e9nergie \u00e0 la personne qui est n\u00e9e pendentif ce signe astrologique. Ainsi, la pr\u00e9sence cr\u00e9e un ensemble complet de 27 arbres directement un espace physique, mental et spirituel sain et harmonieux.   <\/p>\n<p>Le jardin d&rsquo;herbes du Centre Ayurveda propose une vaste gamme d&rsquo;herbes m\u00e9dicinales utilis\u00e9es pour les traitements et les huiles Nattika Life Ayurveda. Vous aimerez visiter et d\u00e9couvrir les sp\u00e9cificit\u00e9s et les bienfaits de chaque plante qui pousse ici. <\/p>\t\t\t\t\t\t\t\t<\/div>\n\t\t\t\t<\/div>\n\t\t\t\t\t<\/div>\n\t\t<\/div>\n\t\t\t\t\t<\/div>\n\t\t<\/section>\n\t\t\t\t<section class=\"elementor-section elementor-inner-section elementor-element elementor-element-184da744 elementor-section-content-middle elementor-section-boxed elementor-section-height-default elementor-section-height-default\" data-id=\"184da744\" data-element_type=\"section\" data-e-type=\"section\">\n\t\t\t\t\t\t<div class=\"elementor-container elementor-column-gap-default\">\n\t\t\t\t\t<div class=\"elementor-column elementor-col-50 elementor-inner-column elementor-element elementor-element-2b3574\" data-id=\"2b3574\" data-element_type=\"column\" data-e-type=\"column\">\n\t\t\t<div class=\"elementor-widget-wrap elementor-element-populated\">\n\t\t\t\t\t\t<div class=\"elementor-element elementor-element-360b07fe elementor-widget elementor-widget-image\" data-id=\"360b07fe\" data-element_type=\"widget\" data-e-type=\"widget\" data-widget_type=\"image.default\">\n\t\t\t\t<div class=\"elementor-widget-container\">\n\t\t\t\t\t\t\t\t\t\t\t\t\t\t\t<img fetchpriority=\"high\" decoding=\"async\" width=\"800\" height=\"800\" src=\"https:\/\/thenattikabeach.com\/wp-content\/uploads\/2022\/06\/Garden-1-1024x1024.jpg\" class=\"attachment-large size-large wp-image-2302\" alt=\"\" srcset=\"https:\/\/thenattikabeach.com\/wp-content\/uploads\/2022\/06\/Garden-1-1024x1024.jpg 1024w, https:\/\/thenattikabeach.com\/wp-content\/uploads\/2022\/06\/Garden-1-300x300.jpg 300w, https:\/\/thenattikabeach.com\/wp-content\/uploads\/2022\/06\/Garden-1-150x150.jpg 150w, https:\/\/thenattikabeach.com\/wp-content\/uploads\/2022\/06\/Garden-1-768x768.jpg 768w, https:\/\/thenattikabeach.com\/wp-content\/uploads\/2022\/06\/Garden-1.jpg 1200w\" sizes=\"(max-width: 800px) 100vw, 800px\" title=\"\">\t\t\t\t\t\t\t\t\t\t\t\t\t\t\t<\/div>\n\t\t\t\t<\/div>\n\t\t\t\t\t<\/div>\n\t\t<\/div>\n\t\t\t\t<div class=\"elementor-column elementor-col-50 elementor-inner-column elementor-element elementor-element-39eadbc7\" data-id=\"39eadbc7\" data-element_type=\"column\" data-e-type=\"column\">\n\t\t\t<div class=\"elementor-widget-wrap elementor-element-populated\">\n\t\t\t\t\t\t<div class=\"elementor-element elementor-element-748fd063 elementor-widget elementor-widget-image\" data-id=\"748fd063\" data-element_type=\"widget\" data-e-type=\"widget\" data-widget_type=\"image.default\">\n\t\t\t\t<div class=\"elementor-widget-container\">\n\t\t\t\t\t\t\t\t\t\t\t\t\t\t\t<img decoding=\"async\" width=\"800\" height=\"800\" src=\"https:\/\/thenattikabeach.com\/wp-content\/uploads\/2022\/06\/Garden-2-1024x1024.jpg\" class=\"attachment-large size-large wp-image-2304\" alt=\"\" srcset=\"https:\/\/thenattikabeach.com\/wp-content\/uploads\/2022\/06\/Garden-2-1024x1024.jpg 1024w, https:\/\/thenattikabeach.com\/wp-content\/uploads\/2022\/06\/Garden-2-300x300.jpg 300w, https:\/\/thenattikabeach.com\/wp-content\/uploads\/2022\/06\/Garden-2-150x150.jpg 150w, https:\/\/thenattikabeach.com\/wp-content\/uploads\/2022\/06\/Garden-2-768x768.jpg 768w, https:\/\/thenattikabeach.com\/wp-content\/uploads\/2022\/06\/Garden-2.jpg 1200w\" sizes=\"(max-width: 800px) 100vw, 800px\" title=\"\">\t\t\t\t\t\t\t\t\t\t\t\t\t\t\t<\/div>\n\t\t\t\t<\/div>\n\t\t\t\t\t<\/div>\n\t\t<\/div>\n\t\t\t\t\t<\/div>\n\t\t<\/section>\n\t\t\t\t\t<\/div>\n\t\t<\/div>\n\t\t\t\t\t<\/div>\n\t\t<\/section>\n\t\t\t\t<\/div>\n\t\t","protected":false},"excerpt":{"rendered":"<p>Home DISCOVER US JARDINS Nous ne sommes pas vos vrais h\u00f4tes. La nature &#8211; Les plantes, les animaux et les oiseaux qui vous entourent sont tous vos h\u00f4tes. Nous vous exhortons \u00e0 embrasser leur existence et \u00e0 respecter leur hospitalit\u00e9. Les jardins Nattika offrent une vue spectaculaire sur la nature sauvage dans toutes ses manifestations [&hellip;]<\/p>\n","protected":false},"author":3,"featured_media":0,"parent":0,"menu_order":0,"comment_status":"closed","ping_status":"closed","template":"elementor_header_footer","meta":{"footnotes":""},"class_list":["post-2684","page","type-page","status-publish","hentry"],"_links":{"self":[{"href":"https:\/\/thenattikabeach.com\/fr\/wp-json\/wp\/v2\/pages\/2684","targetHints":{"allow":["GET"]}}],"collection":[{"href":"https:\/\/thenattikabeach.com\/fr\/wp-json\/wp\/v2\/pages"}],"about":[{"href":"https:\/\/thenattikabeach.com\/fr\/wp-json\/wp\/v2\/types\/page"}],"author":[{"embeddable":true,"href":"https:\/\/thenattikabeach.com\/fr\/wp-json\/wp\/v2\/users\/3"}],"replies":[{"embeddable":true,"href":"https:\/\/thenattikabeach.com\/fr\/wp-json\/wp\/v2\/comments?post=2684"}],"version-history":[{"count":8,"href":"https:\/\/thenattikabeach.com\/fr\/wp-json\/wp\/v2\/pages\/2684\/revisions"}],"predecessor-version":[{"id":11019,"href":"https:\/\/thenattikabeach.com\/fr\/wp-json\/wp\/v2\/pages\/2684\/revisions\/11019"}],"wp:attachment":[{"href":"https:\/\/thenattikabeach.com\/fr\/wp-json\/wp\/v2\/media?parent=2684"}],"curies":[{"name":"wp","href":"https:\/\/api.w.org\/{rel}","templated":true}]}}