{"id":12188,"date":"2025-09-25T16:56:57","date_gmt":"2025-09-25T16:56:57","guid":{"rendered":"https:\/\/thenattikabeach.com\/principes-de-traitement-demo\/"},"modified":"2025-09-25T17:00:01","modified_gmt":"2025-09-25T17:00:01","slug":"principes-de-traitement-demo","status":"publish","type":"page","link":"https:\/\/thenattikabeach.com\/fr\/principes-de-traitement-demo\/","title":{"rendered":"Principes de traitement d\u00e9mo"},"content":{"rendered":"\t\t<div data-elementor-type=\"wp-page\" data-elementor-id=\"12188\" class=\"elementor elementor-12188\" data-elementor-post-type=\"page\">\n\t\t\t\t\t\t<section class=\"elementor-section elementor-top-section elementor-element elementor-element-3d098ef0 elementor-section-height-min-height elementor-hidden-mobile elementor-section-boxed elementor-section-height-default elementor-section-items-middle\" data-id=\"3d098ef0\" data-element_type=\"section\" data-e-type=\"section\" data-settings=\"{&quot;background_background&quot;:&quot;classic&quot;}\">\n\t\t\t\t\t\t<div class=\"elementor-container elementor-column-gap-default\">\n\t\t\t\t\t<div class=\"elementor-column elementor-col-100 elementor-top-column elementor-element elementor-element-2ae501de\" data-id=\"2ae501de\" data-element_type=\"column\" data-e-type=\"column\">\n\t\t\t<div class=\"elementor-widget-wrap\">\n\t\t\t\t\t\t\t<\/div>\n\t\t<\/div>\n\t\t\t\t\t<\/div>\n\t\t<\/section>\n\t\t\t\t<section class=\"elementor-section elementor-top-section elementor-element elementor-element-416a310 elementor-section-boxed elementor-section-height-default elementor-section-height-default\" data-id=\"416a310\" data-element_type=\"section\" data-e-type=\"section\">\n\t\t\t\t\t\t<div class=\"elementor-container elementor-column-gap-default\">\n\t\t\t\t\t<div class=\"elementor-column elementor-col-25 elementor-top-column elementor-element elementor-element-c779e3b\" data-id=\"c779e3b\" data-element_type=\"column\" data-e-type=\"column\">\n\t\t\t<div class=\"elementor-widget-wrap\">\n\t\t\t\t\t\t\t<\/div>\n\t\t<\/div>\n\t\t\t\t<div class=\"elementor-column elementor-col-50 elementor-top-column elementor-element elementor-element-ebe2d25\" data-id=\"ebe2d25\" data-element_type=\"column\" data-e-type=\"column\">\n\t\t\t<div class=\"elementor-widget-wrap\">\n\t\t\t\t\t\t\t<\/div>\n\t\t<\/div>\n\t\t\t\t<div class=\"elementor-column elementor-col-25 elementor-top-column elementor-element elementor-element-2f32238\" data-id=\"2f32238\" data-element_type=\"column\" data-e-type=\"column\">\n\t\t\t<div class=\"elementor-widget-wrap\">\n\t\t\t\t\t\t\t<\/div>\n\t\t<\/div>\n\t\t\t\t\t<\/div>\n\t\t<\/section>\n\t\t\t\t<section class=\"elementor-section elementor-top-section elementor-element elementor-element-52a09240 elementor-section-boxed elementor-section-height-default elementor-section-height-default\" data-id=\"52a09240\" data-element_type=\"section\" data-e-type=\"section\" id=\"ayurvedaphilosophy\">\n\t\t\t\t\t\t<div class=\"elementor-container elementor-column-gap-wide\">\n\t\t\t\t\t<div class=\"elementor-column elementor-col-33 elementor-top-column elementor-element elementor-element-65d35eb5\" data-id=\"65d35eb5\" data-element_type=\"column\" data-e-type=\"column\">\n\t\t\t<div class=\"elementor-widget-wrap elementor-element-populated\">\n\t\t\t\t\t\t<section class=\"elementor-section elementor-inner-section elementor-element elementor-element-3137346f elementor-section-boxed elementor-section-height-default elementor-section-height-default\" data-id=\"3137346f\" data-element_type=\"section\" data-e-type=\"section\" data-settings=\"{&quot;sticky&quot;:&quot;top&quot;,&quot;sticky_on&quot;:[&quot;desktop&quot;,&quot;tablet&quot;],&quot;sticky_offset&quot;:130,&quot;sticky_parent&quot;:&quot;yes&quot;,&quot;sticky_effects_offset&quot;:0,&quot;sticky_anchor_link_offset&quot;:0}\">\n\t\t\t\t\t\t<div class=\"elementor-container elementor-column-gap-default\">\n\t\t\t\t\t<div class=\"elementor-column elementor-col-100 elementor-inner-column elementor-element elementor-element-271af542\" data-id=\"271af542\" data-element_type=\"column\" data-e-type=\"column\">\n\t\t\t<div class=\"elementor-widget-wrap elementor-element-populated\">\n\t\t\t\t\t\t<div class=\"elementor-element elementor-element-75648306 elementor-widget elementor-widget-heading\" data-id=\"75648306\" data-element_type=\"widget\" data-e-type=\"widget\" data-widget_type=\"heading.default\">\n\t\t\t\t<div class=\"elementor-widget-container\">\n\t\t\t\t\t<h2 class=\"elementor-heading-title elementor-size-default\">OUR PURPOSE<\/h2>\t\t\t\t<\/div>\n\t\t\t\t<\/div>\n\t\t\t\t<div class=\"elementor-element elementor-element-4971b40b elementor-nav-menu__align-start elementor-nav-menu--dropdown-none elementor-widget elementor-widget-nav-menu\" data-id=\"4971b40b\" data-element_type=\"widget\" data-e-type=\"widget\" data-settings=\"{&quot;layout&quot;:&quot;vertical&quot;,&quot;submenu_icon&quot;:{&quot;value&quot;:&quot;&lt;i class=\\&quot;fas fa-caret-down\\&quot; aria-hidden=\\&quot;true\\&quot;&gt;&lt;\\\/i&gt;&quot;,&quot;library&quot;:&quot;fa-solid&quot;}}\" data-widget_type=\"nav-menu.default\">\n\t\t\t\t<div class=\"elementor-widget-container\">\n\t\t\t\t\t\t\t\t<nav aria-label=\"Menu\" class=\"elementor-nav-menu--main elementor-nav-menu__container elementor-nav-menu--layout-vertical e--pointer-none\">\n\t\t\t\t<ul id=\"menu-1-4971b40b\" class=\"elementor-nav-menu sm-vertical\"><li class=\"menu-item menu-item-type-custom menu-item-object-custom menu-item-2855\"><a href=\"https:\/\/thenattikabeach.com\/fr\/philosophie-de-layurveda\/\" class=\"elementor-item\">Ayurveda Philosophy<\/a><\/li>\n<li class=\"menu-item menu-item-type-custom menu-item-object-custom menu-item-2856\"><a href=\"https:\/\/thenattikabeach.com\/fr\/swastha-le-centre-ayurveda\/\" class=\"elementor-item\">Swastha \u2013 The Ayurveda Center<\/a><\/li>\n<li class=\"menu-item menu-item-type-custom menu-item-object-custom menu-item-2857\"><a href=\"https:\/\/thenattikabeach.com\/fr\/principes-de-traitements\/\" class=\"elementor-item\">Treatment Principles<\/a><\/li>\n<li class=\"menu-item menu-item-type-custom menu-item-object-custom menu-item-2858\"><a href=\"https:\/\/thenattikabeach.com\/fr\/notre-methode-pour-soigner-le-corps-lesprit-et-lame\/\" class=\"elementor-item\">Our Methodology of Healing Body, Mind and Soul<\/a><\/li>\n<li class=\"menu-item menu-item-type-custom menu-item-object-custom menu-item-2859\"><a href=\"https:\/\/thenattikabeach.com\/fr\/yoga-au-pavillon-moksha\/\" class=\"elementor-item\">Yoga at Moksha<\/a><\/li>\n<li class=\"menu-item menu-item-type-custom menu-item-object-custom menu-item-2860\"><a href=\"https:\/\/thenattikabeach.com\/fr\/programmes-de-yoga-quotidiens\/\" class=\"elementor-item\">Daily Yoga Programs<\/a><\/li>\n<li class=\"menu-item menu-item-type-custom menu-item-object-custom menu-item-2861\"><a href=\"https:\/\/thenattikabeach.com\/fr\/cuisine\/\" class=\"elementor-item\">Cuisine<\/a><\/li>\n<li class=\"menu-item menu-item-type-post_type menu-item-object-page menu-item-13880\"><a href=\"https:\/\/thenattikabeach.com\/fr\/nattika-life-our-wellness-products\/\" class=\"elementor-item\">Nattika Life \u2013 Our Wellness Products<\/a><\/li>\n<\/ul>\t\t\t<\/nav>\n\t\t\t\t\t\t<nav class=\"elementor-nav-menu--dropdown elementor-nav-menu__container\" aria-hidden=\"true\">\n\t\t\t\t<ul id=\"menu-2-4971b40b\" class=\"elementor-nav-menu sm-vertical\"><li class=\"menu-item menu-item-type-custom menu-item-object-custom menu-item-2855\"><a href=\"https:\/\/thenattikabeach.com\/fr\/philosophie-de-layurveda\/\" class=\"elementor-item\" tabindex=\"-1\">Ayurveda Philosophy<\/a><\/li>\n<li class=\"menu-item menu-item-type-custom menu-item-object-custom menu-item-2856\"><a href=\"https:\/\/thenattikabeach.com\/fr\/swastha-le-centre-ayurveda\/\" class=\"elementor-item\" tabindex=\"-1\">Swastha \u2013 The Ayurveda Center<\/a><\/li>\n<li class=\"menu-item menu-item-type-custom menu-item-object-custom menu-item-2857\"><a href=\"https:\/\/thenattikabeach.com\/fr\/principes-de-traitements\/\" class=\"elementor-item\" tabindex=\"-1\">Treatment Principles<\/a><\/li>\n<li class=\"menu-item menu-item-type-custom menu-item-object-custom menu-item-2858\"><a href=\"https:\/\/thenattikabeach.com\/fr\/notre-methode-pour-soigner-le-corps-lesprit-et-lame\/\" class=\"elementor-item\" tabindex=\"-1\">Our Methodology of Healing Body, Mind and Soul<\/a><\/li>\n<li class=\"menu-item menu-item-type-custom menu-item-object-custom menu-item-2859\"><a href=\"https:\/\/thenattikabeach.com\/fr\/yoga-au-pavillon-moksha\/\" class=\"elementor-item\" tabindex=\"-1\">Yoga at Moksha<\/a><\/li>\n<li class=\"menu-item menu-item-type-custom menu-item-object-custom menu-item-2860\"><a href=\"https:\/\/thenattikabeach.com\/fr\/programmes-de-yoga-quotidiens\/\" class=\"elementor-item\" tabindex=\"-1\">Daily Yoga Programs<\/a><\/li>\n<li class=\"menu-item menu-item-type-custom menu-item-object-custom menu-item-2861\"><a href=\"https:\/\/thenattikabeach.com\/fr\/cuisine\/\" class=\"elementor-item\" tabindex=\"-1\">Cuisine<\/a><\/li>\n<li class=\"menu-item menu-item-type-post_type menu-item-object-page menu-item-13880\"><a href=\"https:\/\/thenattikabeach.com\/fr\/nattika-life-our-wellness-products\/\" class=\"elementor-item\" tabindex=\"-1\">Nattika Life \u2013 Our Wellness Products<\/a><\/li>\n<\/ul>\t\t\t<\/nav>\n\t\t\t\t\t\t<\/div>\n\t\t\t\t<\/div>\n\t\t\t\t\t<\/div>\n\t\t<\/div>\n\t\t\t\t\t<\/div>\n\t\t<\/section>\n\t\t\t\t\t<\/div>\n\t\t<\/div>\n\t\t\t\t<div class=\"elementor-column elementor-col-66 elementor-top-column elementor-element elementor-element-7e69b7ba\" data-id=\"7e69b7ba\" data-element_type=\"column\" data-e-type=\"column\">\n\t\t\t<div class=\"elementor-widget-wrap elementor-element-populated\">\n\t\t\t\t\t\t<section class=\"elementor-section elementor-inner-section elementor-element elementor-element-3e8fac2e elementor-section-boxed elementor-section-height-default elementor-section-height-default\" data-id=\"3e8fac2e\" data-element_type=\"section\" data-e-type=\"section\" id=\"treatmentprinciples\">\n\t\t\t\t\t\t<div class=\"elementor-container elementor-column-gap-default\">\n\t\t\t\t\t<div class=\"elementor-column elementor-col-100 elementor-inner-column elementor-element elementor-element-756075c3\" data-id=\"756075c3\" data-element_type=\"column\" data-e-type=\"column\">\n\t\t\t<div class=\"elementor-widget-wrap elementor-element-populated\">\n\t\t\t\t\t\t<div class=\"elementor-element elementor-element-69386c5d elementor-widget elementor-widget-heading\" data-id=\"69386c5d\" data-element_type=\"widget\" data-e-type=\"widget\" data-widget_type=\"heading.default\">\n\t\t\t\t<div class=\"elementor-widget-container\">\n\t\t\t\t\t<h1 class=\"elementor-heading-title elementor-size-default\">PRINCIPES DE TRAITEMENTS<\/h1>\t\t\t\t<\/div>\n\t\t\t\t<\/div>\n\t\t\t\t<div class=\"elementor-element elementor-element-233b23b1 elementor-widget elementor-widget-text-editor\" data-id=\"233b23b1\" data-element_type=\"widget\" data-e-type=\"widget\" data-widget_type=\"text-editor.default\">\n\t\t\t\t<div class=\"elementor-widget-container\">\n\t\t\t\t\t\t\t\t\t<p>La demande de <a href=\"https:\/\/thenattikabeach.com\/fr\/principes-de-traitements\/\">th\u00e9rapies sp\u00e9cialis\u00e9es de l&rsquo;Ayurveda<\/a>, et en particulier du <a href=\"https:\/\/thenattikabeach.com\/kerala-panchakarma-treatments\/\">Panchakarma<\/a>, a connu une augmentation ph\u00e9nom\u00e9nale, non seulement pour le traitement des maladies, mais aussi pour la pr\u00e9vention et la promotion de la sant\u00e9. C&rsquo;est pourquoi de nombreux centres de sant\u00e9 et stations baln\u00e9aires proposent ces th\u00e9rapies, mais elles ne doivent \u00eatre pratiqu\u00e9es que sur la base d&rsquo;un examen, d&rsquo;une planification et d&rsquo;une orientation appropri\u00e9s, l&rsquo;objectif \u00e9tant de r\u00e9tablir l&rsquo;harmonie naturelle de votre <a href=\"https:\/\/thenattikabeach.com\/fr\/notre-methode-pour-soigner-le-corps-lesprit-et-lame\/\">corps et de votre esprit.<\/a> Lors de la premi\u00e8re consultation \u00e0 <a href=\"https:\/\/thenattikabeach.com\/fr\/swastha-le-centre-ayurveda\/\">Swastha<\/a>, nos m\u00e9decins vous demanderont vos ant\u00e9c\u00e9dents m\u00e9dicaux et proc\u00e9deront \u00e0 des examens bas\u00e9s sur l&rsquo;Ayurveda (Darshana &#8211; Inspection et observations, Sparshana &#8211; Palpation, Purgation, Auscultation, Prashna &#8211; Interrogatoire comme l&rsquo;\u00e9tat de sant\u00e9 g\u00e9n\u00e9ral avec une attention particuli\u00e8re sur votre mode de vie, votre r\u00e9gime alimentaire, vos habitudes et votre environnement).<\/p>\n<p style=\"box-sizing: inherit; margin-bottom: 0px; font-size: 0.95rem; font-family: 'Maven Pro', sans-serif; color: #404040; letter-spacing: 0.2px;\">Sur la base de cette \u00e9valuation, notre m\u00e9decin va essayer de :<\/p>\n<ul style=\"margin-right: 0px; margin-left: 0px; list-style-position: initial; list-style-image: initial; color: #404040; font-family: 'Maven Pro', sans-serif; font-size: 16px; letter-spacing: 0.2px; background-color: #ffffff;\">\n<li style=\"box-sizing: inherit; font-size: 0.95rem; margin-bottom: 1em;\"> Analyser le d\u00e9s\u00e9quilibre des Doshas<\/li>\n<li style=\"box-sizing: inherit; font-size: 0.95rem; margin-bottom: 1em;\">D\u00e9couvrir la constitution de votre corps (<a style=\"box-sizing: inherit; font-size: 0.95rem; transition: all 350ms ease 0s; outline: none; color: #ee8810 !important;\" href=\"https:\/\/thenattikabeach.com\/wp-content\/uploads\/2022\/06\/Ayurveda-Forms-Prakrithi-Analysis-Questionnaire.pdf\" target=\"_blank\" rel=\"noopener\">Prakriti<\/a>)<\/li>\n<li style=\"box-sizing: inherit; font-size: 0.95rem; margin-bottom: 1em;\">Planifier les traitements pour les troubles sp\u00e9cifiques et pour \u00e9liminer les toxines accumul\u00e9es, qui sont la cause principale de la plupart des probl\u00e8mes.<\/li>\n<li style=\"box-sizing: inherit; font-size: 0.95rem; margin-bottom: 1em;\">Planifier <a style=\"box-sizing: inherit; font-size: 0.95rem; transition: all 350ms ease 0s; outline: none; color: #ee8810 !important;\" href=\"https:\/\/thenattikabeach.com\/wp-content\/uploads\/2022\/06\/DIet-Info-Ayurveda-Diet-scaled-1.jpg\" target=\"_blank\" rel=\"noopener\">le r\u00e9gime<\/a> alimentaire en fonction du d\u00e9s\u00e9quilibre en question.<\/li>\n<li style=\"box-sizing: inherit; font-size: 0.95rem; margin-bottom: 1em;\">Pr\u00e9parer votre corps pour un effet maximal des m\u00e9dicaments oraux.<\/li>\n<li style=\"box-sizing: inherit; font-size: 0.95rem; margin-bottom: 1em;\">Faire des <a style=\"box-sizing: inherit; font-size: 0.95rem; transition: all 350ms ease 0s; outline: none; color: #ee8810 !important;\" href=\"https:\/\/thenattikabeach.com\/wp-content\/uploads\/2022\/06\/Diet-Info-Basis-for-Doshas-scaled-1.jpg\" target=\"_blank\" rel=\"noopener\">recommandations<\/a> sur la mani\u00e8re de r\u00e9tablir votre \u00e9quilibre naturel, ce qui implique toujours des changements dans votre mode de vie, votre alimentation, etc.<\/li>\n<\/ul>\n\t\t\t\t\t\t\t\t<\/div>\n\t\t\t\t<\/div>\n\t\t\t\t\t<\/div>\n\t\t<\/div>\n\t\t\t\t\t<\/div>\n\t\t<\/section>\n\t\t\t\t<section class=\"elementor-section elementor-inner-section elementor-element elementor-element-1b85fc0d elementor-section-content-middle elementor-section-boxed elementor-section-height-default elementor-section-height-default\" data-id=\"1b85fc0d\" data-element_type=\"section\" data-e-type=\"section\">\n\t\t\t\t\t\t<div class=\"elementor-container elementor-column-gap-default\">\n\t\t\t\t\t<div class=\"elementor-column elementor-col-100 elementor-inner-column elementor-element elementor-element-547a2e0e\" data-id=\"547a2e0e\" data-element_type=\"column\" data-e-type=\"column\">\n\t\t\t<div class=\"elementor-widget-wrap elementor-element-populated\">\n\t\t\t\t\t\t<div class=\"elementor-element elementor-element-62d6573d elementor-widget elementor-widget-image\" data-id=\"62d6573d\" data-element_type=\"widget\" data-e-type=\"widget\" data-widget_type=\"image.default\">\n\t\t\t\t<div class=\"elementor-widget-container\">\n\t\t\t\t\t\t\t\t\t\t\t\t\t\t\t<img fetchpriority=\"high\" decoding=\"async\" width=\"800\" height=\"400\" src=\"https:\/\/thenattikabeach.com\/wp-content\/uploads\/2022\/06\/Doctor-Consultation-1024x512.jpg\" class=\"attachment-large size-large wp-image-2334\" alt=\"\" srcset=\"https:\/\/thenattikabeach.com\/wp-content\/uploads\/2022\/06\/Doctor-Consultation-1024x512.jpg 1024w, https:\/\/thenattikabeach.com\/wp-content\/uploads\/2022\/06\/Doctor-Consultation-300x150.jpg 300w, https:\/\/thenattikabeach.com\/wp-content\/uploads\/2022\/06\/Doctor-Consultation-768x384.jpg 768w, https:\/\/thenattikabeach.com\/wp-content\/uploads\/2022\/06\/Doctor-Consultation.jpg 1200w\" sizes=\"(max-width: 800px) 100vw, 800px\" title=\"\">\t\t\t\t\t\t\t\t\t\t\t\t\t\t\t<\/div>\n\t\t\t\t<\/div>\n\t\t\t\t\t<\/div>\n\t\t<\/div>\n\t\t\t\t\t<\/div>\n\t\t<\/section>\n\t\t\t\t\t<\/div>\n\t\t<\/div>\n\t\t\t\t\t<\/div>\n\t\t<\/section>\n\t\t\t\t<section class=\"elementor-section elementor-top-section elementor-element elementor-element-6657c75 elementor-section-boxed elementor-section-height-default elementor-section-height-default\" data-id=\"6657c75\" data-element_type=\"section\" data-e-type=\"section\">\n\t\t\t\t\t\t<div class=\"elementor-container elementor-column-gap-default\">\n\t\t\t\t\t<div class=\"elementor-column elementor-col-100 elementor-top-column elementor-element elementor-element-aa34690\" data-id=\"aa34690\" data-element_type=\"column\" data-e-type=\"column\">\n\t\t\t<div class=\"elementor-widget-wrap elementor-element-populated\">\n\t\t\t\t\t\t<div class=\"elementor-element elementor-element-8e4e5b8 elementor-widget elementor-widget-heading\" data-id=\"8e4e5b8\" data-element_type=\"widget\" data-e-type=\"widget\" data-widget_type=\"heading.default\">\n\t\t\t\t<div class=\"elementor-widget-container\">\n\t\t\t\t\t<h2 class=\"elementor-heading-title elementor-size-default\">FAQ'S<\/h2>\t\t\t\t<\/div>\n\t\t\t\t<\/div>\n\t\t\t\t\t<\/div>\n\t\t<\/div>\n\t\t\t\t\t<\/div>\n\t\t<\/section>\n\t\t\t\t<section class=\"elementor-section elementor-top-section elementor-element elementor-element-1d88530 elementor-section-boxed elementor-section-height-default elementor-section-height-default\" data-id=\"1d88530\" data-element_type=\"section\" data-e-type=\"section\">\n\t\t\t\t\t\t<div class=\"elementor-container elementor-column-gap-default\">\n\t\t\t\t\t<div class=\"elementor-column elementor-col-100 elementor-top-column elementor-element elementor-element-6c30e9f\" data-id=\"6c30e9f\" data-element_type=\"column\" data-e-type=\"column\">\n\t\t\t<div class=\"elementor-widget-wrap elementor-element-populated\">\n\t\t\t\t\t\t<div class=\"elementor-element elementor-element-3defc97 elementor-widget elementor-widget-toggle\" data-id=\"3defc97\" data-element_type=\"widget\" data-e-type=\"widget\" data-widget_type=\"toggle.default\">\n\t\t\t\t<div class=\"elementor-widget-container\">\n\t\t\t\t\t\t\t<div class=\"elementor-toggle\">\n\t\t\t\t\t\t\t<div class=\"elementor-toggle-item\">\n\t\t\t\t\t<div id=\"elementor-tab-title-6491\" class=\"elementor-tab-title\" data-tab=\"1\" role=\"button\" aria-controls=\"elementor-tab-content-6491\" aria-expanded=\"false\">\n\t\t\t\t\t\t\t\t\t\t\t\t<span class=\"elementor-toggle-icon elementor-toggle-icon-right\" aria-hidden=\"true\">\n\t\t\t\t\t\t\t\t\t\t\t\t\t\t\t<span class=\"elementor-toggle-icon-closed\"><i class=\"fas fa-caret-right\"><\/i><\/span>\n\t\t\t\t\t\t\t\t<span class=\"elementor-toggle-icon-opened\"><i class=\"elementor-toggle-icon-opened fas fa-caret-up\"><\/i><\/span>\n\t\t\t\t\t\t\t\t\t\t\t\t\t<\/span>\n\t\t\t\t\t\t\t\t\t\t\t\t<a class=\"elementor-toggle-title\" tabindex=\"0\">1. Quels sont les principes qui guident les traitements au Nattika Beach Resort ?<\/a>\n\t\t\t\t\t<\/div>\n\n\t\t\t\t\t<div id=\"elementor-tab-content-6491\" class=\"elementor-tab-content elementor-clearfix\" data-tab=\"1\" role=\"region\" aria-labelledby=\"elementor-tab-title-6491\"><p><span style=\"font-weight: 400;\">Le traitement est bas\u00e9 sur les principes ayurv\u00e9diques et vise \u00e0 la d\u00e9sintoxication et au rajeunissement du corps afin de promouvoir le bien-\u00eatre g\u00e9n\u00e9ral.<\/span><\/p>\n<\/div>\n\t\t\t\t<\/div>\n\t\t\t\t\t\t\t<div class=\"elementor-toggle-item\">\n\t\t\t\t\t<div id=\"elementor-tab-title-6492\" class=\"elementor-tab-title\" data-tab=\"2\" role=\"button\" aria-controls=\"elementor-tab-content-6492\" aria-expanded=\"false\">\n\t\t\t\t\t\t\t\t\t\t\t\t<span class=\"elementor-toggle-icon elementor-toggle-icon-right\" aria-hidden=\"true\">\n\t\t\t\t\t\t\t\t\t\t\t\t\t\t\t<span class=\"elementor-toggle-icon-closed\"><i class=\"fas fa-caret-right\"><\/i><\/span>\n\t\t\t\t\t\t\t\t<span class=\"elementor-toggle-icon-opened\"><i class=\"elementor-toggle-icon-opened fas fa-caret-up\"><\/i><\/span>\n\t\t\t\t\t\t\t\t\t\t\t\t\t<\/span>\n\t\t\t\t\t\t\t\t\t\t\t\t<a class=\"elementor-toggle-title\" tabindex=\"0\">2. Comment les plans de traitement sont-ils \u00e9labor\u00e9s pour les clients ?<\/a>\n\t\t\t\t\t<\/div>\n\n\t\t\t\t\t<div id=\"elementor-tab-content-6492\" class=\"elementor-tab-content elementor-clearfix\" data-tab=\"2\" role=\"region\" aria-labelledby=\"elementor-tab-title-6492\"><p><span style=\"font-weight: 400;\">Chaque invit\u00e9 est soumis \u00e0 une consultation d\u00e9taill\u00e9e avec un m\u00e9decin ayurv\u00e9dique afin d&rsquo;\u00e9valuer son \u00e9tat de sant\u00e9 et le d\u00e9s\u00e9quilibre de son dosha, ce qui d\u00e9bouche sur un plan de traitement personnalis\u00e9.<\/span><span style=\"font-weight: 400;\"><br \/><\/span><\/p>\n<\/div>\n\t\t\t\t<\/div>\n\t\t\t\t\t\t\t<div class=\"elementor-toggle-item\">\n\t\t\t\t\t<div id=\"elementor-tab-title-6493\" class=\"elementor-tab-title\" data-tab=\"3\" role=\"button\" aria-controls=\"elementor-tab-content-6493\" aria-expanded=\"false\">\n\t\t\t\t\t\t\t\t\t\t\t\t<span class=\"elementor-toggle-icon elementor-toggle-icon-right\" aria-hidden=\"true\">\n\t\t\t\t\t\t\t\t\t\t\t\t\t\t\t<span class=\"elementor-toggle-icon-closed\"><i class=\"fas fa-caret-right\"><\/i><\/span>\n\t\t\t\t\t\t\t\t<span class=\"elementor-toggle-icon-opened\"><i class=\"elementor-toggle-icon-opened fas fa-caret-up\"><\/i><\/span>\n\t\t\t\t\t\t\t\t\t\t\t\t\t<\/span>\n\t\t\t\t\t\t\t\t\t\t\t\t<a class=\"elementor-toggle-title\" tabindex=\"0\">3. Quels sont les types de traitements propos\u00e9s ?<\/a>\n\t\t\t\t\t<\/div>\n\n\t\t\t\t\t<div id=\"elementor-tab-content-6493\" class=\"elementor-tab-content elementor-clearfix\" data-tab=\"3\" role=\"region\" aria-labelledby=\"elementor-tab-title-6493\"><p><span style=\"font-weight: 400;\">Toutes les proc\u00e9dures de traitement ayurv\u00e9dique telles que l&rsquo;Abhyanga (massage \u00e0 l&rsquo;huile), le Kizhi (pilonnage), le Dhara (versement continu de liquides m\u00e9dicamenteux sur le corps et la t\u00eate), les th\u00e9rapies Panchakarma (proc\u00e9dures de d\u00e9sintoxication) et les th\u00e9rapies Rasayana (traitements de rajeunissement) sont dispens\u00e9es \u00e0 Nattika apr\u00e8s \u00e9valuation de l&rsquo;\u00e9tat de sant\u00e9 de chaque individu et un plan personnalis\u00e9 est \u00e9tabli.<\/span><\/p>\n<p><span style=\"font-weight: 400;\"> <\/span><\/p>\n<\/div>\n\t\t\t\t<\/div>\n\t\t\t\t\t\t\t<div class=\"elementor-toggle-item\">\n\t\t\t\t\t<div id=\"elementor-tab-title-6494\" class=\"elementor-tab-title\" data-tab=\"4\" role=\"button\" aria-controls=\"elementor-tab-content-6494\" aria-expanded=\"false\">\n\t\t\t\t\t\t\t\t\t\t\t\t<span class=\"elementor-toggle-icon elementor-toggle-icon-right\" aria-hidden=\"true\">\n\t\t\t\t\t\t\t\t\t\t\t\t\t\t\t<span class=\"elementor-toggle-icon-closed\"><i class=\"fas fa-caret-right\"><\/i><\/span>\n\t\t\t\t\t\t\t\t<span class=\"elementor-toggle-icon-opened\"><i class=\"elementor-toggle-icon-opened fas fa-caret-up\"><\/i><\/span>\n\t\t\t\t\t\t\t\t\t\t\t\t\t<\/span>\n\t\t\t\t\t\t\t\t\t\t\t\t<a class=\"elementor-toggle-title\" tabindex=\"0\">4. Les traitements sont-ils effectu\u00e9s par des professionnels qualifi\u00e9s ?<\/a>\n\t\t\t\t\t<\/div>\n\n\t\t\t\t\t<div id=\"elementor-tab-content-6494\" class=\"elementor-tab-content elementor-clearfix\" data-tab=\"4\" role=\"region\" aria-labelledby=\"elementor-tab-title-6494\"><p><span style=\"font-weight: 400;\">Oui, tous les traitements sont administr\u00e9s par des th\u00e9rapeutes ayurv\u00e9diques exp\u00e9riment\u00e9s et certifi\u00e9s, sous la supervision de m\u00e9decins ayurv\u00e9diques qualifi\u00e9s.<\/span><\/p>\n<\/div>\n\t\t\t\t<\/div>\n\t\t\t\t\t\t\t<div class=\"elementor-toggle-item\">\n\t\t\t\t\t<div id=\"elementor-tab-title-6495\" class=\"elementor-tab-title\" data-tab=\"5\" role=\"button\" aria-controls=\"elementor-tab-content-6495\" aria-expanded=\"false\">\n\t\t\t\t\t\t\t\t\t\t\t\t<span class=\"elementor-toggle-icon elementor-toggle-icon-right\" aria-hidden=\"true\">\n\t\t\t\t\t\t\t\t\t\t\t\t\t\t\t<span class=\"elementor-toggle-icon-closed\"><i class=\"fas fa-caret-right\"><\/i><\/span>\n\t\t\t\t\t\t\t\t<span class=\"elementor-toggle-icon-opened\"><i class=\"elementor-toggle-icon-opened fas fa-caret-up\"><\/i><\/span>\n\t\t\t\t\t\t\t\t\t\t\t\t\t<\/span>\n\t\t\t\t\t\t\t\t\t\t\t\t<a class=\"elementor-toggle-title\" tabindex=\"0\">5. Quelle est la dur\u00e9e habituelle des programmes de traitement ?<\/a>\n\t\t\t\t\t<\/div>\n\n\t\t\t\t\t<div id=\"elementor-tab-content-6495\" class=\"elementor-tab-content elementor-clearfix\" data-tab=\"5\" role=\"region\" aria-labelledby=\"elementor-tab-title-6495\"><p><span style=\"font-weight: 400;\">Les dur\u00e9es de traitement varient en fonction des objectifs de sant\u00e9 et des conditions individuelles, les programmes s&rsquo;\u00e9talant g\u00e9n\u00e9ralement sur une \u00e0 trois semaines.<\/span><\/p>\n<\/div>\n\t\t\t\t<\/div>\n\t\t\t\t\t\t\t\t<\/div>\n\t\t\t\t\t\t<\/div>\n\t\t\t\t<\/div>\n\t\t\t\t\t<\/div>\n\t\t<\/div>\n\t\t\t\t\t<\/div>\n\t\t<\/section>\n\t\t\t\t<\/div>\n\t\t","protected":false},"excerpt":{"rendered":"<p>OUR PURPOSE PRINCIPES DE TRAITEMENTS La demande de th\u00e9rapies sp\u00e9cialis\u00e9es de l&rsquo;Ayurveda, et en particulier du Panchakarma, a connu une augmentation ph\u00e9nom\u00e9nale, non seulement pour le traitement des maladies, mais aussi pour la pr\u00e9vention et la promotion de la sant\u00e9. C&rsquo;est pourquoi de nombreux centres de sant\u00e9 et stations baln\u00e9aires proposent ces th\u00e9rapies, mais elles [&hellip;]<\/p>\n","protected":false},"author":3,"featured_media":0,"parent":0,"menu_order":0,"comment_status":"closed","ping_status":"closed","template":"elementor_header_footer","meta":{"footnotes":""},"class_list":["post-12188","page","type-page","status-publish","hentry"],"_links":{"self":[{"href":"https:\/\/thenattikabeach.com\/fr\/wp-json\/wp\/v2\/pages\/12188","targetHints":{"allow":["GET"]}}],"collection":[{"href":"https:\/\/thenattikabeach.com\/fr\/wp-json\/wp\/v2\/pages"}],"about":[{"href":"https:\/\/thenattikabeach.com\/fr\/wp-json\/wp\/v2\/types\/page"}],"author":[{"embeddable":true,"href":"https:\/\/thenattikabeach.com\/fr\/wp-json\/wp\/v2\/users\/3"}],"replies":[{"embeddable":true,"href":"https:\/\/thenattikabeach.com\/fr\/wp-json\/wp\/v2\/comments?post=12188"}],"version-history":[{"count":1,"href":"https:\/\/thenattikabeach.com\/fr\/wp-json\/wp\/v2\/pages\/12188\/revisions"}],"predecessor-version":[{"id":12189,"href":"https:\/\/thenattikabeach.com\/fr\/wp-json\/wp\/v2\/pages\/12188\/revisions\/12189"}],"wp:attachment":[{"href":"https:\/\/thenattikabeach.com\/fr\/wp-json\/wp\/v2\/media?parent=12188"}],"curies":[{"name":"wp","href":"https:\/\/api.w.org\/{rel}","templated":true}]}}