{"id":11315,"date":"2025-07-25T04:20:14","date_gmt":"2025-07-25T04:20:14","guid":{"rendered":"https:\/\/thenattikabeach.com\/?page_id=11315"},"modified":"2025-09-09T09:15:48","modified_gmt":"2025-09-09T09:15:48","slug":"sitemap","status":"publish","type":"page","link":"https:\/\/thenattikabeach.com\/fr\/sitemap\/","title":{"rendered":"Sitemap"},"content":{"rendered":"\t\t<div data-elementor-type=\"wp-page\" data-elementor-id=\"11315\" class=\"elementor elementor-11315\" data-elementor-post-type=\"page\">\n\t\t\t\t\t\t<section class=\"elementor-section elementor-top-section elementor-element elementor-element-974e005 elementor-section-height-min-height elementor-hidden-mobile elementor-section-boxed elementor-section-height-default elementor-section-items-middle\" data-id=\"974e005\" data-element_type=\"section\" data-e-type=\"section\" data-settings=\"{&quot;background_background&quot;:&quot;classic&quot;}\">\n\t\t\t\t\t\t<div class=\"elementor-container elementor-column-gap-default\">\n\t\t\t\t\t<div class=\"elementor-column elementor-col-100 elementor-top-column elementor-element elementor-element-6b6e9763\" data-id=\"6b6e9763\" data-element_type=\"column\" data-e-type=\"column\">\n\t\t\t<div class=\"elementor-widget-wrap\">\n\t\t\t\t\t\t\t<\/div>\n\t\t<\/div>\n\t\t\t\t\t<\/div>\n\t\t<\/section>\n\t\t\t\t<section class=\"elementor-section elementor-top-section elementor-element elementor-element-47e1562 elementor-section-boxed elementor-section-height-default elementor-section-height-default\" data-id=\"47e1562\" data-element_type=\"section\" data-e-type=\"section\">\n\t\t\t\t\t\t<div class=\"elementor-container elementor-column-gap-default\">\n\t\t\t\t\t<div class=\"elementor-column elementor-col-25 elementor-top-column elementor-element elementor-element-bc7fae4\" data-id=\"bc7fae4\" data-element_type=\"column\" data-e-type=\"column\">\n\t\t\t<div class=\"elementor-widget-wrap\">\n\t\t\t\t\t\t\t<\/div>\n\t\t<\/div>\n\t\t\t\t<div class=\"elementor-column elementor-col-50 elementor-top-column elementor-element elementor-element-9f4139f\" data-id=\"9f4139f\" data-element_type=\"column\" data-e-type=\"column\">\n\t\t\t<div class=\"elementor-widget-wrap\">\n\t\t\t\t\t\t\t<\/div>\n\t\t<\/div>\n\t\t\t\t<div class=\"elementor-column elementor-col-25 elementor-top-column elementor-element elementor-element-ef755f5\" data-id=\"ef755f5\" data-element_type=\"column\" data-e-type=\"column\">\n\t\t\t<div class=\"elementor-widget-wrap\">\n\t\t\t\t\t\t\t<\/div>\n\t\t<\/div>\n\t\t\t\t\t<\/div>\n\t\t<\/section>\n\t\t\t\t<section class=\"elementor-section elementor-top-section elementor-element elementor-element-134d6b3 elementor-section-boxed elementor-section-height-default elementor-section-height-default\" data-id=\"134d6b3\" data-element_type=\"section\" data-e-type=\"section\">\n\t\t\t\t\t\t<div class=\"elementor-container elementor-column-gap-default\">\n\t\t\t\t\t<div class=\"elementor-column elementor-col-100 elementor-top-column elementor-element elementor-element-b189c8f\" data-id=\"b189c8f\" data-element_type=\"column\" data-e-type=\"column\">\n\t\t\t<div class=\"elementor-widget-wrap elementor-element-populated\">\n\t\t\t\t\t\t<div class=\"elementor-element elementor-element-4f7085d elementor-widget elementor-widget-html\" data-id=\"4f7085d\" data-element_type=\"widget\" data-e-type=\"widget\" data-widget_type=\"html.default\">\n\t\t\t\t<div class=\"elementor-widget-container\">\n\t\t\t\t\t\r\n<body style=\"font-family: Arial, sans-serif; font-size: 16px; line-height: 1.6;\">\r\n\r\n<div style=\"display: flex; flex-wrap: wrap; gap: 30px;\">\r\n\r\n  <div style=\"flex: 1 1 45%;\">\r\n    <h2 style=\"color:#373535; font-family:Georgia; font-size:16px;\">Menu Principal<\/h2>\r\n    <ul style=\"color:#373535; font-family:Maven Pro; font-size:15.2px;\">\r\n      <li><a href=\"https:\/\/thenattikabeach.com\/fr\/\">Accueil<\/a><\/li>\r\n      <li><a href=\"https:\/\/thenattikabeach.com\/fr\/villas\/\">Villas<\/a><\/li>\r\n      <li><a href=\"https:\/\/thenattikabeach.com\/fr\/plage\/\">Plage<\/a><\/li>\r\n      <li><a href=\"https:\/\/thenattikabeach.com\/fr\/jardins\/\">Jardins<\/a><\/li>\r\n      <li><a href=\"https:\/\/thenattikabeach.com\/fr\/la-vie-a-nattika\/\">La vie \u00e0 Nattika<\/a><\/li>\r\n      <li><a href=\"https:\/\/thenattikabeach.com\/fr\/lequipe\/\">L\u2019\u00e9quipe<\/a><\/li>\r\n      <li><a href=\"https:\/\/thenattikabeach.com\/fr\/philosophie-de-layurveda\/\">Philosophie de l\u2019Ayurveda<\/a><\/li>\r\n      <li><a href=\"https:\/\/thenattikabeach.com\/fr\/swastha-le-centre-ayurveda\/\">Swastha \u2013 Le centre Ayurveda<\/a><\/li>\r\n      <li><a href=\"https:\/\/thenattikabeach.com\/fr\/principes-de-traitements\/\">Principes de traitements<\/a><\/li>\r\n      <li><a href=\"https:\/\/thenattikabeach.com\/fr\/notre-methode-pour-soigner-le-corps-lesprit-et-lame\/\">Notre m\u00e9thode pour soigner le corps, l\u2019esprit et l\u2019\u00e2me<\/a><\/li>\r\n      <li><a href=\"https:\/\/thenattikabeach.com\/fr\/yoga-au-pavillon-moksha\/\">Yoga au pavillon Moksha<\/a><\/li>\r\n      <li><a href=\"https:\/\/thenattikabeach.com\/fr\/programmes-de-yoga-quotidiens\/\">Programmes de yoga quotidiens<\/a><\/li>\r\n      <li><a href=\"https:\/\/thenattikabeach.com\/fr\/cuisine\/\">Cuisine<\/a><\/li>\r\n      <li><a href=\"https:\/\/thenattikabeach.com\/fr\/nattika-life\/\">Nattika Life<\/a><\/li>\r\n      <li><a href=\"https:\/\/thenattikabeach.com\/fr\/nattika-essence\/\">Nattika Essence<\/a><\/li>\r\n    <\/ul>\r\n<br><br>\r\n    <h2 style=\"color:#373535; font-family:Georgia; font-size:16px;\">Informations pratiques<\/h2>\r\n    <ul style=\"color:#373535; font-family:Maven Pro; font-size:15.2px;\">\r\n      <li><a href=\"https:\/\/thenattikabeach.com\/fr\/reservations\/\">R\u00e9servations<\/a><\/li>\r\n      <li><a href=\"https:\/\/thenattikabeach.com\/fr\/gallery\/\">Galerie<\/a><\/li>\r\n      <li><a href=\"https:\/\/thenattikabeach.com\/fr\/developpement-durable\/\">D\u00e9veloppement durable<\/a><\/li>\r\n      <li><a href=\"https:\/\/thenattikabeach.com\/fr\/ferme-biologique-et-academie-de-tennis\/\">Ferme biologique et acad\u00e9mie de tennis<\/a><\/li>\r\n      <li><a href=\"https:\/\/thenattikabeach.com\/fr\/nabh-green-leaf-certification\/\">Certification NABH Green Leaf<\/a><\/li>\r\n    <\/ul>\r\n  <\/div>\r\n\r\n  <div style=\"flex: 1 1 45%;\">\r\n    <h2 style=\"color:#373535; font-family:Georgia; font-size:16px;\">Assistance & Liens utiles<\/h2>\r\n    <ul style=\"color:#373535; font-family:Maven Pro; font-size:15.2px;\">\r\n      <li><a href=\"https:\/\/thenattikabeach.com\/fr\/faqs\/\">FAQs<\/a><\/li>\r\n      <li><a href=\"https:\/\/thenattikabeach.com\/fr\/tourisme-local\/\">Tourisme local<\/a><\/li>\r\n      <li><a href=\"https:\/\/thenattikabeach.com\/fr\/activites-quotidiennes\/\">Activit\u00e9s quotidiennes<\/a><\/li>\r\n      <li><a href=\"https:\/\/thenattikabeach.com\/fr\/nous-contacter\/\">Nous contacter<\/a><\/li>\r\n      <li><a href=\"https:\/\/thenattikabeach.com\/fr\/travailler-avec-nous\/\">Travailler avec nous<\/a><\/li>\r\n      <li><a href=\"https:\/\/thenattikabeach.com\/fr\/rockholm-at-the-lighthouse-beach\/\">Rockholm at the Lighthouse Beach<\/a><\/li>\r\n      <li><a href=\"https:\/\/www.nattikalife.com\/\" rel=\"nofollow noopener\" target=\"_blank\">Nattika Life (site externe)<\/a><\/li>\r\n      <li><a href=\"https:\/\/thenattikabeach.com\/fr\/blog\/\">Blog<\/a><\/li>\r\n    <\/ul>\r\n<br><br>\r\n    <h2 style=\"color:#373535; font-family:Georgia; font-size:16px;\">Articles de Blog R\u00e9cents<\/h2>\r\n    <ul style=\"color:#373535; font-family:Maven Pro; font-size:15.2px;\">\r\n      <li><a href=\"https:\/\/thenattikabeach.com\/blogs\/retreat-ayurvedique-monde\">Retraites ayurv\u00e9diques \u00e0 travers le monde<\/a><\/li>\r\n      <li><a href=\"https:\/\/thenattikabeach.com\/blogs\/retraites-ayurvediques-kerala\">Retraites ayurv\u00e9diques au Kerala<\/a><\/li>\r\n      <li><a href=\"https:\/\/thenattikabeach.com\/blogs\/bien-etre-inde-stress\">Bien-\u00eatre en Inde \u2013 R\u00e9duire le stress avec l\u2019Ayurveda<\/a><\/li>\r\n      <li><a href=\"https:\/\/thenattikabeach.com\/blogs\/yoga-meditation-bien-etre\">Yoga et m\u00e9ditation pour le bien-\u00eatre<\/a><\/li>\r\n    <\/ul>\r\n    <br><br>\r\n<h2 style=\"color:#373535; font-family:Georgia; font-size:16px;\">Autres pages (Fran\u00e7ais)<\/h2>\r\n<ul style=\"color:#373535; font-family:Maven Pro; font-size:15.2px;\">\r\n  <li><a href=\"https:\/\/thenattikabeach.com\/fr\/meilleurs-complexes-hoteliers-a-thrissur\/\">Meilleurs complexes h\u00f4teliers \u00e0 Thrissur<\/a><\/li>\r\n  <li><a href=\"https:\/\/thenattikabeach.com\/fr\/stations-ayurvediques-thrissur\/\">Stations ayurv\u00e9diques Thrissur<\/a><\/li>\r\n  <li><a href=\"https:\/\/thenattikabeach.com\/fr\/sejour-de-luxe-plage-de-nattika-thrissur\/\">S\u00e9jour de luxe plage de Nattika Thrissur<\/a><\/li>\r\n  <li><a href=\"https:\/\/thenattikabeach.com\/fr\/retraites-ayurveda-thrissur\/\">Retraites Ayurveda Thrissur<\/a><\/li>\r\n  <li><a href=\"https:\/\/thenattikabeach.com\/fr\/retraite-bien-etre-thrissur\/\">Retraite bien-\u00eatre Thrissur<\/a><\/li>\r\n<\/ul>\r\n  <\/div>\r\n\r\n<\/div>\r\n\r\n\r\n\t\t\t\t<\/div>\n\t\t\t\t<\/div>\n\t\t\t\t\t<\/div>\n\t\t<\/div>\n\t\t\t\t\t<\/div>\n\t\t<\/section>\n\t\t\t\t<\/div>\n\t\t","protected":false},"excerpt":{"rendered":"<p>Menu Principal Accueil Villas Plage Jardins La vie \u00e0 Nattika L\u2019\u00e9quipe Philosophie de l\u2019Ayurveda Swastha \u2013 Le centre Ayurveda Principes de traitements Notre m\u00e9thode pour soigner le corps, l\u2019esprit et l\u2019\u00e2me Yoga au pavillon Moksha Programmes de yoga quotidiens Cuisine Nattika Life Nattika Essence Informations pratiques R\u00e9servations Galerie D\u00e9veloppement durable Ferme biologique et acad\u00e9mie de [&hellip;]<\/p>\n","protected":false},"author":3,"featured_media":0,"parent":0,"menu_order":0,"comment_status":"closed","ping_status":"closed","template":"elementor_header_footer","meta":{"footnotes":""},"class_list":["post-11315","page","type-page","status-publish","hentry"],"_links":{"self":[{"href":"https:\/\/thenattikabeach.com\/fr\/wp-json\/wp\/v2\/pages\/11315","targetHints":{"allow":["GET"]}}],"collection":[{"href":"https:\/\/thenattikabeach.com\/fr\/wp-json\/wp\/v2\/pages"}],"about":[{"href":"https:\/\/thenattikabeach.com\/fr\/wp-json\/wp\/v2\/types\/page"}],"author":[{"embeddable":true,"href":"https:\/\/thenattikabeach.com\/fr\/wp-json\/wp\/v2\/users\/3"}],"replies":[{"embeddable":true,"href":"https:\/\/thenattikabeach.com\/fr\/wp-json\/wp\/v2\/comments?post=11315"}],"version-history":[{"count":14,"href":"https:\/\/thenattikabeach.com\/fr\/wp-json\/wp\/v2\/pages\/11315\/revisions"}],"predecessor-version":[{"id":11743,"href":"https:\/\/thenattikabeach.com\/fr\/wp-json\/wp\/v2\/pages\/11315\/revisions\/11743"}],"wp:attachment":[{"href":"https:\/\/thenattikabeach.com\/fr\/wp-json\/wp\/v2\/media?parent=11315"}],"curies":[{"name":"wp","href":"https:\/\/api.w.org\/{rel}","templated":true}]}}