{"id":10164,"date":"2025-03-20T12:20:50","date_gmt":"2025-03-20T12:20:50","guid":{"rendered":"https:\/\/thenattikabeach.com\/?page_id=10164"},"modified":"2025-11-06T04:41:14","modified_gmt":"2025-11-06T04:41:14","slug":"blog","status":"publish","type":"page","link":"https:\/\/thenattikabeach.com\/fr\/blog\/","title":{"rendered":"Blog"},"content":{"rendered":"\t\t<div data-elementor-type=\"wp-page\" data-elementor-id=\"10164\" class=\"elementor elementor-10164\" data-elementor-post-type=\"page\">\n\t\t\t\t\t\t<section class=\"elementor-section elementor-top-section elementor-element elementor-element-8d8007 elementor-section-height-min-height elementor-section-boxed elementor-section-height-default elementor-section-items-middle\" data-id=\"8d8007\" data-element_type=\"section\" data-e-type=\"section\" data-settings=\"{&quot;background_background&quot;:&quot;classic&quot;}\">\n\t\t\t\t\t\t<div class=\"elementor-container elementor-column-gap-default\">\n\t\t\t\t\t<div class=\"elementor-column elementor-col-100 elementor-top-column elementor-element elementor-element-7e827236\" data-id=\"7e827236\" data-element_type=\"column\" data-e-type=\"column\">\n\t\t\t<div class=\"elementor-widget-wrap elementor-element-populated\">\n\t\t\t\t\t\t<div class=\"elementor-element elementor-element-dfbff4a elementor-widget elementor-widget-heading\" data-id=\"dfbff4a\" data-element_type=\"widget\" data-e-type=\"widget\" data-widget_type=\"heading.default\">\n\t\t\t\t<div class=\"elementor-widget-container\">\n\t\t\t\t\t<h1 class=\"elementor-heading-title elementor-size-xl\">AYURVEDA NEWS &amp; BLOGS UPDATES\u200b<\/h1>\t\t\t\t<\/div>\n\t\t\t\t<\/div>\n\t\t\t\t\t<\/div>\n\t\t<\/div>\n\t\t\t\t\t<\/div>\n\t\t<\/section>\n\t\t\t\t<section class=\"elementor-section elementor-top-section elementor-element elementor-element-7cda183 elementor-section-boxed elementor-section-height-default elementor-section-height-default\" data-id=\"7cda183\" data-element_type=\"section\" data-e-type=\"section\">\n\t\t\t\t\t\t<div class=\"elementor-container elementor-column-gap-default\">\n\t\t\t\t\t<div class=\"elementor-column elementor-col-25 elementor-top-column elementor-element elementor-element-ec417b9\" data-id=\"ec417b9\" data-element_type=\"column\" data-e-type=\"column\">\n\t\t\t<div class=\"elementor-widget-wrap\">\n\t\t\t\t\t\t\t<\/div>\n\t\t<\/div>\n\t\t\t\t<div class=\"elementor-column elementor-col-50 elementor-top-column elementor-element elementor-element-d129fd1\" data-id=\"d129fd1\" data-element_type=\"column\" data-e-type=\"column\">\n\t\t\t<div class=\"elementor-widget-wrap\">\n\t\t\t\t\t\t\t<\/div>\n\t\t<\/div>\n\t\t\t\t<div class=\"elementor-column elementor-col-25 elementor-top-column elementor-element elementor-element-56cce06\" data-id=\"56cce06\" data-element_type=\"column\" data-e-type=\"column\">\n\t\t\t<div class=\"elementor-widget-wrap\">\n\t\t\t\t\t\t\t<\/div>\n\t\t<\/div>\n\t\t\t\t\t<\/div>\n\t\t<\/section>\n\t\t\t\t<section class=\"elementor-section elementor-top-section elementor-element elementor-element-1822351d elementor-section-boxed elementor-section-height-default elementor-section-height-default\" data-id=\"1822351d\" data-element_type=\"section\" data-e-type=\"section\">\n\t\t\t\t\t\t<div class=\"elementor-container elementor-column-gap-wide\">\n\t\t\t\t\t<div class=\"elementor-column elementor-col-100 elementor-top-column elementor-element elementor-element-4a7dcbd3\" data-id=\"4a7dcbd3\" data-element_type=\"column\" data-e-type=\"column\">\n\t\t\t<div class=\"elementor-widget-wrap elementor-element-populated\">\n\t\t\t\t\t\t<section class=\"elementor-section elementor-inner-section elementor-element elementor-element-32259f73 elementor-section-boxed elementor-section-height-default elementor-section-height-default\" data-id=\"32259f73\" data-element_type=\"section\" data-e-type=\"section\" id=\"villas\">\n\t\t\t\t\t\t<div class=\"elementor-container elementor-column-gap-default\">\n\t\t\t\t\t<div class=\"elementor-column elementor-col-100 elementor-inner-column elementor-element elementor-element-3c46753c\" data-id=\"3c46753c\" data-element_type=\"column\" data-e-type=\"column\">\n\t\t\t<div class=\"elementor-widget-wrap elementor-element-populated\">\n\t\t\t\t\t\t<div class=\"elementor-element elementor-element-67d515e7 elementor-grid-3 elementor-grid-tablet-2 elementor-grid-mobile-1 elementor-posts--thumbnail-top elementor-card-shadow-yes elementor-posts__hover-gradient elementor-widget elementor-widget-posts\" data-id=\"67d515e7\" data-element_type=\"widget\" data-e-type=\"widget\" data-settings=\"{&quot;pagination_type&quot;:&quot;load_more_infinite_scroll&quot;,&quot;cards_row_gap&quot;:{&quot;unit&quot;:&quot;px&quot;,&quot;size&quot;:28,&quot;sizes&quot;:[]},&quot;cards_columns&quot;:&quot;3&quot;,&quot;cards_columns_tablet&quot;:&quot;2&quot;,&quot;cards_columns_mobile&quot;:&quot;1&quot;,&quot;cards_row_gap_tablet&quot;:{&quot;unit&quot;:&quot;px&quot;,&quot;size&quot;:&quot;&quot;,&quot;sizes&quot;:[]},&quot;cards_row_gap_mobile&quot;:{&quot;unit&quot;:&quot;px&quot;,&quot;size&quot;:&quot;&quot;,&quot;sizes&quot;:[]},&quot;load_more_spinner&quot;:{&quot;value&quot;:&quot;fas fa-spinner&quot;,&quot;library&quot;:&quot;fa-solid&quot;}}\" data-widget_type=\"posts.cards\">\n\t\t\t\t<div class=\"elementor-widget-container\">\n\t\t\t\t\t\t\t<div class=\"elementor-posts-container elementor-posts elementor-posts--skin-cards elementor-grid\" role=\"list\">\n\t\t\t\t<article class=\"elementor-post elementor-grid-item post-10030 post type-post status-publish format-standard has-post-thumbnail hentry category-french-2\" role=\"listitem\">\n\t\t\t<div class=\"elementor-post__card\">\n\t\t\t\t<a class=\"elementor-post__thumbnail__link\" href=\"https:\/\/thenattikabeach.com\/fr\/pourquoi-la-retraite-ayurvedique-a-nattika-est-celebree-dans-le-monde-entier\/\" tabindex=\"-1\" ><div class=\"elementor-post__thumbnail\"><img fetchpriority=\"high\" decoding=\"async\" width=\"300\" height=\"200\" src=\"https:\/\/thenattikabeach.com\/wp-content\/uploads\/2025\/01\/celebrated-globally-300x200.jpg\" class=\"attachment-medium size-medium wp-image-9951\" alt=\"\" srcset=\"https:\/\/thenattikabeach.com\/wp-content\/uploads\/2025\/01\/celebrated-globally-300x200.jpg 300w, https:\/\/thenattikabeach.com\/wp-content\/uploads\/2025\/01\/celebrated-globally-1024x684.jpg 1024w, https:\/\/thenattikabeach.com\/wp-content\/uploads\/2025\/01\/celebrated-globally-768x513.jpg 768w, https:\/\/thenattikabeach.com\/wp-content\/uploads\/2025\/01\/celebrated-globally-1536x1025.jpg 1536w, https:\/\/thenattikabeach.com\/wp-content\/uploads\/2025\/01\/celebrated-globally.jpg 2000w\" sizes=\"(max-width: 300px) 100vw, 300px\" title=\"\"><\/div><\/a>\n\t\t\t\t<div class=\"elementor-post__badge\">French<\/div>\n\t\t\t\t<div class=\"elementor-post__text\">\n\t\t\t\t<h3 class=\"elementor-post__title\">\n\t\t\t<a href=\"https:\/\/thenattikabeach.com\/fr\/pourquoi-la-retraite-ayurvedique-a-nattika-est-celebree-dans-le-monde-entier\/\" >\n\t\t\t\tPourquoi la retraite ayurv\u00e9dique \u00e0 Nattika est c\u00e9l\u00e9br\u00e9e dans le monde entier ?\t\t\t<\/a>\n\t\t<\/h3>\n\t\t\t\t<div class=\"elementor-post__excerpt\">\n\t\t\t<p>L&rsquo;Ayurveda est un syst\u00e8me de gu\u00e9rison holistique reconnu internationalement pour ses bienfaits transformateurs. Parmi les innombrables endroits qui offrent de v\u00e9ritables soins ayurv\u00e9diques, le Natika Beach Resort est un exemple d&rsquo;excellence. Situ\u00e9 sur les c\u00f4tes immacul\u00e9es du Kerala, ce centre de bien-\u00eatre attire des voyageurs du monde entier. Explorons les<\/p>\n\t\t<\/div>\n\t\t\n\t\t<a class=\"elementor-post__read-more\" href=\"https:\/\/thenattikabeach.com\/fr\/pourquoi-la-retraite-ayurvedique-a-nattika-est-celebree-dans-le-monde-entier\/\" aria-label=\"En savoir plus sur Pourquoi la retraite ayurv\u00e9dique \u00e0 Nattika est c\u00e9l\u00e9br\u00e9e dans le monde entier ?\" tabindex=\"-1\" >\n\t\t\tRead More \u00bb\t\t<\/a>\n\n\t\t\t\t<\/div>\n\t\t\t\t<div class=\"elementor-post__meta-data\">\n\t\t\t\t\t<span class=\"elementor-post-date\">\n\t\t\t10 janvier 2025\t\t<\/span>\n\t\t\t\t<\/div>\n\t\t\t\t\t<\/div>\n\t\t<\/article>\n\t\t\t\t<article class=\"elementor-post elementor-grid-item post-10208 post type-post status-publish format-standard has-post-thumbnail hentry category-french-2\" role=\"listitem\">\n\t\t\t<div class=\"elementor-post__card\">\n\t\t\t\t<a class=\"elementor-post__thumbnail__link\" href=\"https:\/\/thenattikabeach.com\/fr\/retraites-ayurvediques-au-kerala-pourquoi-choisir-nattika-beach-resort\/\" tabindex=\"-1\" ><div class=\"elementor-post__thumbnail\"><img decoding=\"async\" width=\"300\" height=\"200\" src=\"https:\/\/thenattikabeach.com\/wp-content\/uploads\/2025\/01\/sejours-ayurvedique-300x200.jpg\" class=\"attachment-medium size-medium wp-image-9942\" alt=\"\" srcset=\"https:\/\/thenattikabeach.com\/wp-content\/uploads\/2025\/01\/sejours-ayurvedique-300x200.jpg 300w, https:\/\/thenattikabeach.com\/wp-content\/uploads\/2025\/01\/sejours-ayurvedique-1024x684.jpg 1024w, https:\/\/thenattikabeach.com\/wp-content\/uploads\/2025\/01\/sejours-ayurvedique-768x513.jpg 768w, https:\/\/thenattikabeach.com\/wp-content\/uploads\/2025\/01\/sejours-ayurvedique-1536x1025.jpg 1536w, https:\/\/thenattikabeach.com\/wp-content\/uploads\/2025\/01\/sejours-ayurvedique.jpg 2000w\" sizes=\"(max-width: 300px) 100vw, 300px\" title=\"\"><\/div><\/a>\n\t\t\t\t<div class=\"elementor-post__badge\">French<\/div>\n\t\t\t\t<div class=\"elementor-post__text\">\n\t\t\t\t<h3 class=\"elementor-post__title\">\n\t\t\t<a href=\"https:\/\/thenattikabeach.com\/fr\/retraites-ayurvediques-au-kerala-pourquoi-choisir-nattika-beach-resort\/\" >\n\t\t\t\tRetraites ayurv\u00e9diques au Kerala : Pourquoi choisir Nattika Beach Resort ?\t\t\t<\/a>\n\t\t<\/h3>\n\t\t\t\t<div class=\"elementor-post__excerpt\">\n\t\t\t<p>Le Nattika Beach Ayurveda Resort, situ\u00e9 dans le sud de l&rsquo;Inde, attire des voyageurs du monde entier en qu\u00eate de sant\u00e9 et de gu\u00e9rison. Avec ses rivages immacul\u00e9s, ses paysages verdoyants et ses traditions ancestrales, le Nattika Beach Resort se distingue par la qualit\u00e9 de ses services et de son<\/p>\n\t\t<\/div>\n\t\t\n\t\t<a class=\"elementor-post__read-more\" href=\"https:\/\/thenattikabeach.com\/fr\/retraites-ayurvediques-au-kerala-pourquoi-choisir-nattika-beach-resort\/\" aria-label=\"En savoir plus sur Retraites ayurv\u00e9diques au Kerala : Pourquoi choisir Nattika Beach Resort ?\" tabindex=\"-1\" >\n\t\t\tRead More \u00bb\t\t<\/a>\n\n\t\t\t\t<\/div>\n\t\t\t\t<div class=\"elementor-post__meta-data\">\n\t\t\t\t\t<span class=\"elementor-post-date\">\n\t\t\t3 janvier 2025\t\t<\/span>\n\t\t\t\t<\/div>\n\t\t\t\t\t<\/div>\n\t\t<\/article>\n\t\t\t\t<article class=\"elementor-post elementor-grid-item post-10212 post type-post status-publish format-standard has-post-thumbnail hentry category-french-2\" role=\"listitem\">\n\t\t\t<div class=\"elementor-post__card\">\n\t\t\t\t<a class=\"elementor-post__thumbnail__link\" href=\"https:\/\/thenattikabeach.com\/fr\/pourquoi-les-stations-de-bien-etre-en-inde-sont-elles-lechappatoire-parfaite-pour-lutter-contre-le-stress\/\" tabindex=\"-1\" ><div class=\"elementor-post__thumbnail\"><img decoding=\"async\" width=\"300\" height=\"200\" src=\"https:\/\/thenattikabeach.com\/wp-content\/uploads\/2025\/01\/globally-relief-300x200.jpg\" class=\"attachment-medium size-medium wp-image-9932\" alt=\"\" srcset=\"https:\/\/thenattikabeach.com\/wp-content\/uploads\/2025\/01\/globally-relief-300x200.jpg 300w, https:\/\/thenattikabeach.com\/wp-content\/uploads\/2025\/01\/globally-relief-1024x684.jpg 1024w, https:\/\/thenattikabeach.com\/wp-content\/uploads\/2025\/01\/globally-relief-768x513.jpg 768w, https:\/\/thenattikabeach.com\/wp-content\/uploads\/2025\/01\/globally-relief-1536x1025.jpg 1536w, https:\/\/thenattikabeach.com\/wp-content\/uploads\/2025\/01\/globally-relief.jpg 2000w\" sizes=\"(max-width: 300px) 100vw, 300px\" title=\"\"><\/div><\/a>\n\t\t\t\t<div class=\"elementor-post__badge\">French<\/div>\n\t\t\t\t<div class=\"elementor-post__text\">\n\t\t\t\t<h3 class=\"elementor-post__title\">\n\t\t\t<a href=\"https:\/\/thenattikabeach.com\/fr\/pourquoi-les-stations-de-bien-etre-en-inde-sont-elles-lechappatoire-parfaite-pour-lutter-contre-le-stress\/\" >\n\t\t\t\tPourquoi les stations de bien-\u00eatre en Inde sont-elles l&rsquo;\u00e9chappatoire parfaite pour lutter contre le stress ?\t\t\t<\/a>\n\t\t<\/h3>\n\t\t\t\t<div class=\"elementor-post__excerpt\">\n\t\t\t<p>De nos jours, le stress est devenu un probl\u00e8me courant pour de nombreux \u00eatres humains. La demande de paix, de repos et de rajeunissement a augment\u00e9 la demande de centres de bien-\u00eatre et l&rsquo;Inde est devenue un point n\u00e9vralgique mondial pour ces lieux de vacances. Un m\u00e9lange de traditions anciennes<\/p>\n\t\t<\/div>\n\t\t\n\t\t<a class=\"elementor-post__read-more\" href=\"https:\/\/thenattikabeach.com\/fr\/pourquoi-les-stations-de-bien-etre-en-inde-sont-elles-lechappatoire-parfaite-pour-lutter-contre-le-stress\/\" aria-label=\"En savoir plus sur Pourquoi les stations de bien-\u00eatre en Inde sont-elles l&rsquo;\u00e9chappatoire parfaite pour lutter contre le stress ?\" tabindex=\"-1\" >\n\t\t\tRead More \u00bb\t\t<\/a>\n\n\t\t\t\t<\/div>\n\t\t\t\t<div class=\"elementor-post__meta-data\">\n\t\t\t\t\t<span class=\"elementor-post-date\">\n\t\t\t23 d\u00e9cembre 2024\t\t<\/span>\n\t\t\t\t<\/div>\n\t\t\t\t\t<\/div>\n\t\t<\/article>\n\t\t\t\t<article class=\"elementor-post elementor-grid-item post-10219 post type-post status-publish format-standard has-post-thumbnail hentry category-french-2\" role=\"listitem\">\n\t\t\t<div class=\"elementor-post__card\">\n\t\t\t\t<a class=\"elementor-post__thumbnail__link\" href=\"https:\/\/thenattikabeach.com\/fr\/les-bienfaits-du-yoga-et-de-la-meditation-dans-les-retraites-de-bien-etre-en-inde\/\" tabindex=\"-1\" ><div class=\"elementor-post__thumbnail\"><img loading=\"lazy\" decoding=\"async\" width=\"300\" height=\"200\" src=\"https:\/\/thenattikabeach.com\/wp-content\/uploads\/2025\/01\/Yoga-Class-300x200.jpg\" class=\"attachment-medium size-medium wp-image-9827\" alt=\"\" srcset=\"https:\/\/thenattikabeach.com\/wp-content\/uploads\/2025\/01\/Yoga-Class-300x200.jpg 300w, https:\/\/thenattikabeach.com\/wp-content\/uploads\/2025\/01\/Yoga-Class-1024x684.jpg 1024w, https:\/\/thenattikabeach.com\/wp-content\/uploads\/2025\/01\/Yoga-Class-768x513.jpg 768w, https:\/\/thenattikabeach.com\/wp-content\/uploads\/2025\/01\/Yoga-Class-1536x1025.jpg 1536w, https:\/\/thenattikabeach.com\/wp-content\/uploads\/2025\/01\/Yoga-Class.jpg 2000w\" sizes=\"(max-width: 300px) 100vw, 300px\" title=\"\"><\/div><\/a>\n\t\t\t\t<div class=\"elementor-post__badge\">French<\/div>\n\t\t\t\t<div class=\"elementor-post__text\">\n\t\t\t\t<h3 class=\"elementor-post__title\">\n\t\t\t<a href=\"https:\/\/thenattikabeach.com\/fr\/les-bienfaits-du-yoga-et-de-la-meditation-dans-les-retraites-de-bien-etre-en-inde\/\" >\n\t\t\t\tLes bienfaits du yoga et de la m\u00e9ditation dans les retraites de bien-\u00eatre en Inde\t\t\t<\/a>\n\t\t<\/h3>\n\t\t\t\t<div class=\"elementor-post__excerpt\">\n\t\t\t<p>Dans un monde \u00e9go\u00efste o\u00f9 le stress et l&rsquo;anxi\u00e9t\u00e9 sont devenus des compagnons constants, il n&rsquo;a jamais \u00e9t\u00e9 aussi important de trouver un moyen de se reconnecter \u00e0 son moi int\u00e9rieur. Le yoga et la m\u00e9ditation, pratiques anciennes qui font partie des traditions spirituelles et de bien-\u00eatre de l&rsquo;Inde depuis<\/p>\n\t\t<\/div>\n\t\t\n\t\t<a class=\"elementor-post__read-more\" href=\"https:\/\/thenattikabeach.com\/fr\/les-bienfaits-du-yoga-et-de-la-meditation-dans-les-retraites-de-bien-etre-en-inde\/\" aria-label=\"En savoir plus sur Les bienfaits du yoga et de la m\u00e9ditation dans les retraites de bien-\u00eatre en Inde\" tabindex=\"-1\" >\n\t\t\tRead More \u00bb\t\t<\/a>\n\n\t\t\t\t<\/div>\n\t\t\t\t<div class=\"elementor-post__meta-data\">\n\t\t\t\t\t<span class=\"elementor-post-date\">\n\t\t\t16 d\u00e9cembre 2024\t\t<\/span>\n\t\t\t\t<\/div>\n\t\t\t\t\t<\/div>\n\t\t<\/article>\n\t\t\t\t<\/div>\n\t\t\t\t\t<span class=\"e-load-more-spinner\">\n\t\t\t\t<i aria-hidden=\"true\" class=\"fas fa-spinner\"><\/i>\t\t\t<\/span>\n\t\t\n\t\t\t\t\t\t<\/div>\n\t\t\t\t<\/div>\n\t\t\t\t\t<\/div>\n\t\t<\/div>\n\t\t\t\t\t<\/div>\n\t\t<\/section>\n\t\t\t\t\t<\/div>\n\t\t<\/div>\n\t\t\t\t\t<\/div>\n\t\t<\/section>\n\t\t\t\t<\/div>\n\t\t","protected":false},"excerpt":{"rendered":"<p>AYURVEDA NEWS &#038; BLOGS UPDATES\u200b<\/p>\n","protected":false},"author":3,"featured_media":0,"parent":0,"menu_order":0,"comment_status":"closed","ping_status":"closed","template":"elementor_header_footer","meta":{"footnotes":""},"class_list":["post-10164","page","type-page","status-publish","hentry"],"_links":{"self":[{"href":"https:\/\/thenattikabeach.com\/fr\/wp-json\/wp\/v2\/pages\/10164","targetHints":{"allow":["GET"]}}],"collection":[{"href":"https:\/\/thenattikabeach.com\/fr\/wp-json\/wp\/v2\/pages"}],"about":[{"href":"https:\/\/thenattikabeach.com\/fr\/wp-json\/wp\/v2\/types\/page"}],"author":[{"embeddable":true,"href":"https:\/\/thenattikabeach.com\/fr\/wp-json\/wp\/v2\/users\/3"}],"replies":[{"embeddable":true,"href":"https:\/\/thenattikabeach.com\/fr\/wp-json\/wp\/v2\/comments?post=10164"}],"version-history":[{"count":22,"href":"https:\/\/thenattikabeach.com\/fr\/wp-json\/wp\/v2\/pages\/10164\/revisions"}],"predecessor-version":[{"id":12396,"href":"https:\/\/thenattikabeach.com\/fr\/wp-json\/wp\/v2\/pages\/10164\/revisions\/12396"}],"wp:attachment":[{"href":"https:\/\/thenattikabeach.com\/fr\/wp-json\/wp\/v2\/media?parent=10164"}],"curies":[{"name":"wp","href":"https:\/\/api.w.org\/{rel}","templated":true}]}}