{"id":2778,"date":"2022-08-04T11:17:34","date_gmt":"2022-08-04T11:17:34","guid":{"rendered":"https:\/\/thenattikabeach.com\/rockholm-at-the-lighthouse-beach\/"},"modified":"2025-07-01T10:50:48","modified_gmt":"2025-07-01T10:50:48","slug":"rockholm-at-the-lighthouse-beach","status":"publish","type":"page","link":"https:\/\/thenattikabeach.com\/de\/rockholm-at-the-lighthouse-beach\/","title":{"rendered":"Rockholm at the Lighthouse Beach"},"content":{"rendered":"\t\t<div data-elementor-type=\"wp-page\" data-elementor-id=\"2778\" class=\"elementor elementor-2778 elementor-1436\" data-elementor-post-type=\"page\">\n\t\t\t\t\t\t<section class=\"elementor-section elementor-top-section elementor-element elementor-element-7e90eb74 elementor-section-height-min-height elementor-hidden-mobile elementor-section-items-bottom elementor-section-boxed elementor-section-height-default\" data-id=\"7e90eb74\" data-element_type=\"section\" data-e-type=\"section\" data-settings=\"{&quot;background_background&quot;:&quot;classic&quot;}\">\n\t\t\t\t\t\t<div class=\"elementor-container elementor-column-gap-default\">\n\t\t\t\t\t<div class=\"elementor-column elementor-col-100 elementor-top-column elementor-element elementor-element-df75dc\" data-id=\"df75dc\" data-element_type=\"column\" data-e-type=\"column\">\n\t\t\t<div class=\"elementor-widget-wrap\">\n\t\t\t\t\t\t\t<\/div>\n\t\t<\/div>\n\t\t\t\t\t<\/div>\n\t\t<\/section>\n\t\t\t\t<section class=\"elementor-section elementor-top-section elementor-element elementor-element-ada2459 elementor-section-boxed elementor-section-height-default elementor-section-height-default\" data-id=\"ada2459\" data-element_type=\"section\" data-e-type=\"section\">\n\t\t\t\t\t\t<div class=\"elementor-container elementor-column-gap-default\">\n\t\t\t\t\t<div class=\"elementor-column elementor-col-25 elementor-top-column elementor-element elementor-element-745dbff\" data-id=\"745dbff\" data-element_type=\"column\" data-e-type=\"column\">\n\t\t\t<div class=\"elementor-widget-wrap\">\n\t\t\t\t\t\t\t<\/div>\n\t\t<\/div>\n\t\t\t\t<div class=\"elementor-column elementor-col-50 elementor-top-column elementor-element elementor-element-c0aa704\" data-id=\"c0aa704\" data-element_type=\"column\" data-e-type=\"column\">\n\t\t\t<div class=\"elementor-widget-wrap\">\n\t\t\t\t\t\t\t<\/div>\n\t\t<\/div>\n\t\t\t\t<div class=\"elementor-column elementor-col-25 elementor-top-column elementor-element elementor-element-f78ed14\" data-id=\"f78ed14\" data-element_type=\"column\" data-e-type=\"column\">\n\t\t\t<div class=\"elementor-widget-wrap\">\n\t\t\t\t\t\t\t<\/div>\n\t\t<\/div>\n\t\t\t\t\t<\/div>\n\t\t<\/section>\n\t\t\t\t<section class=\"elementor-section elementor-top-section elementor-element elementor-element-5a8753ca elementor-section-boxed elementor-section-height-default elementor-section-height-default\" data-id=\"5a8753ca\" data-element_type=\"section\" data-e-type=\"section\" id=\"sustainability\">\n\t\t\t\t\t\t<div class=\"elementor-container elementor-column-gap-wide\">\n\t\t\t\t\t<div class=\"elementor-column elementor-col-33 elementor-top-column elementor-element elementor-element-694450f0\" data-id=\"694450f0\" data-element_type=\"column\" data-e-type=\"column\">\n\t\t\t<div class=\"elementor-widget-wrap elementor-element-populated\">\n\t\t\t\t\t\t<section class=\"elementor-section elementor-inner-section elementor-element elementor-element-3d5c73f8 elementor-section-boxed elementor-section-height-default elementor-section-height-default\" data-id=\"3d5c73f8\" data-element_type=\"section\" data-e-type=\"section\" data-settings=\"{&quot;sticky&quot;:&quot;top&quot;,&quot;sticky_on&quot;:[&quot;desktop&quot;,&quot;tablet&quot;],&quot;sticky_offset&quot;:130,&quot;sticky_parent&quot;:&quot;yes&quot;,&quot;sticky_effects_offset&quot;:0,&quot;sticky_anchor_link_offset&quot;:0}\">\n\t\t\t\t\t\t<div class=\"elementor-container elementor-column-gap-default\">\n\t\t\t\t\t<div class=\"elementor-column elementor-col-100 elementor-inner-column elementor-element elementor-element-12e82fe3\" data-id=\"12e82fe3\" data-element_type=\"column\" data-e-type=\"column\">\n\t\t\t<div class=\"elementor-widget-wrap elementor-element-populated\">\n\t\t\t\t\t\t<div class=\"elementor-element elementor-element-3f902b51 elementor-widget elementor-widget-heading\" data-id=\"3f902b51\" data-element_type=\"widget\" data-e-type=\"widget\" data-widget_type=\"heading.default\">\n\t\t\t\t<div class=\"elementor-widget-container\">\n\t\t\t\t\t<h2 class=\"elementor-heading-title elementor-size-default\">ABOUT NATTIKA<\/h2>\t\t\t\t<\/div>\n\t\t\t\t<\/div>\n\t\t\t\t<div class=\"elementor-element elementor-element-1fe3255a elementor-nav-menu__align-start elementor-nav-menu--dropdown-none elementor-widget elementor-widget-nav-menu\" data-id=\"1fe3255a\" data-element_type=\"widget\" data-e-type=\"widget\" data-settings=\"{&quot;layout&quot;:&quot;vertical&quot;,&quot;submenu_icon&quot;:{&quot;value&quot;:&quot;&lt;i class=\\&quot;fas fa-caret-down\\&quot; aria-hidden=\\&quot;true\\&quot;&gt;&lt;\\\/i&gt;&quot;,&quot;library&quot;:&quot;fa-solid&quot;}}\" data-widget_type=\"nav-menu.default\">\n\t\t\t\t<div class=\"elementor-widget-container\">\n\t\t\t\t\t\t\t\t<nav aria-label=\"Men\u00fc\" class=\"elementor-nav-menu--main elementor-nav-menu__container elementor-nav-menu--layout-vertical e--pointer-none\">\n\t\t\t\t<ul id=\"menu-1-1fe3255a\" class=\"elementor-nav-menu sm-vertical\"><li class=\"menu-item menu-item-type-custom menu-item-object-custom menu-item-2932\"><a href=\"https:\/\/thenattikabeach.com\/de\/sustainability\/\" class=\"elementor-item\">Nachhaltigkeit<\/a><\/li>\n<li class=\"menu-item menu-item-type-custom menu-item-object-custom menu-item-2933\"><a href=\"https:\/\/thenattikabeach.com\/de\/organic-vegetable-farm-and-tennis-academy\/\" class=\"elementor-item\">Bio-Gem\u00fcsefarm und Tennisakademie<\/a><\/li>\n<li class=\"menu-item menu-item-type-custom menu-item-object-custom menu-item-2934\"><a href=\"https:\/\/thenattikabeach.com\/de\/nabh-green-leaf-certification\/\" class=\"elementor-item\">NABH- und Ayur-Diamant-Zertifizierung<\/a><\/li>\n<li class=\"menu-item menu-item-type-custom menu-item-object-custom menu-item-2935\"><a href=\"https:\/\/thenattikabeach.com\/de\/faqs\/\" class=\"elementor-item\">FAQs<\/a><\/li>\n<li class=\"menu-item menu-item-type-custom menu-item-object-custom menu-item-2936\"><a href=\"https:\/\/thenattikabeach.com\/de\/local-sightseeing\/\" class=\"elementor-item\">Lokale Sehensw\u00fcrdigkeiten<\/a><\/li>\n<li class=\"menu-item menu-item-type-custom menu-item-object-custom menu-item-2937\"><a href=\"https:\/\/thenattikabeach.com\/de\/daily-activities\/\" class=\"elementor-item\">T\u00e4gliche Aktivit\u00e4ten<\/a><\/li>\n<li class=\"menu-item menu-item-type-custom menu-item-object-custom menu-item-2938\"><a href=\"https:\/\/thenattikabeach.com\/de\/contact-us\/\" class=\"elementor-item\">Kontaktieren Sie uns<\/a><\/li>\n<li class=\"menu-item menu-item-type-custom menu-item-object-custom menu-item-2939\"><a href=\"https:\/\/thenattikabeach.com\/de\/work-with-us\/\" class=\"elementor-item\">Arbeiten Sie mit uns<\/a><\/li>\n<li class=\"menu-item menu-item-type-custom menu-item-object-custom menu-item-2940\"><a href=\"https:\/\/thenattikabeach.com\/de\/rockholm-at-the-lighthouse-beach\/\" class=\"elementor-item\">Rockholm at the Lighthouse Beach<\/a><\/li>\n<li class=\"menu-item menu-item-type-custom menu-item-object-custom menu-item-2941\"><a href=\"https:\/\/www.nattikalife.com\/\" class=\"elementor-item\" rel=\"nofollow noopener\" target=\"_blank\">Nattika Online-Wellness-Dienstleistungen<\/a><\/li>\n<li class=\"menu-item menu-item-type-custom menu-item-object-custom menu-item-9958\"><a href=\"https:\/\/www.parkamseenattika.com\/\" class=\"elementor-item\" rel=\"nofollow noopener\" target=\"_blank\">Ayurveda Kur in Deutschland<\/a><\/li>\n<\/ul>\t\t\t<\/nav>\n\t\t\t\t\t\t<nav class=\"elementor-nav-menu--dropdown elementor-nav-menu__container\" aria-hidden=\"true\">\n\t\t\t\t<ul id=\"menu-2-1fe3255a\" class=\"elementor-nav-menu sm-vertical\"><li class=\"menu-item menu-item-type-custom menu-item-object-custom menu-item-2932\"><a href=\"https:\/\/thenattikabeach.com\/de\/sustainability\/\" class=\"elementor-item\" tabindex=\"-1\">Nachhaltigkeit<\/a><\/li>\n<li class=\"menu-item menu-item-type-custom menu-item-object-custom menu-item-2933\"><a href=\"https:\/\/thenattikabeach.com\/de\/organic-vegetable-farm-and-tennis-academy\/\" class=\"elementor-item\" tabindex=\"-1\">Bio-Gem\u00fcsefarm und Tennisakademie<\/a><\/li>\n<li class=\"menu-item menu-item-type-custom menu-item-object-custom menu-item-2934\"><a href=\"https:\/\/thenattikabeach.com\/de\/nabh-green-leaf-certification\/\" class=\"elementor-item\" tabindex=\"-1\">NABH- und Ayur-Diamant-Zertifizierung<\/a><\/li>\n<li class=\"menu-item menu-item-type-custom menu-item-object-custom menu-item-2935\"><a href=\"https:\/\/thenattikabeach.com\/de\/faqs\/\" class=\"elementor-item\" tabindex=\"-1\">FAQs<\/a><\/li>\n<li class=\"menu-item menu-item-type-custom menu-item-object-custom menu-item-2936\"><a href=\"https:\/\/thenattikabeach.com\/de\/local-sightseeing\/\" class=\"elementor-item\" tabindex=\"-1\">Lokale Sehensw\u00fcrdigkeiten<\/a><\/li>\n<li class=\"menu-item menu-item-type-custom menu-item-object-custom menu-item-2937\"><a href=\"https:\/\/thenattikabeach.com\/de\/daily-activities\/\" class=\"elementor-item\" tabindex=\"-1\">T\u00e4gliche Aktivit\u00e4ten<\/a><\/li>\n<li class=\"menu-item menu-item-type-custom menu-item-object-custom menu-item-2938\"><a href=\"https:\/\/thenattikabeach.com\/de\/contact-us\/\" class=\"elementor-item\" tabindex=\"-1\">Kontaktieren Sie uns<\/a><\/li>\n<li class=\"menu-item menu-item-type-custom menu-item-object-custom menu-item-2939\"><a href=\"https:\/\/thenattikabeach.com\/de\/work-with-us\/\" class=\"elementor-item\" tabindex=\"-1\">Arbeiten Sie mit uns<\/a><\/li>\n<li class=\"menu-item menu-item-type-custom menu-item-object-custom menu-item-2940\"><a href=\"https:\/\/thenattikabeach.com\/de\/rockholm-at-the-lighthouse-beach\/\" class=\"elementor-item\" tabindex=\"-1\">Rockholm at the Lighthouse Beach<\/a><\/li>\n<li class=\"menu-item menu-item-type-custom menu-item-object-custom menu-item-2941\"><a href=\"https:\/\/www.nattikalife.com\/\" class=\"elementor-item\" tabindex=\"-1\" rel=\"nofollow noopener\" target=\"_blank\">Nattika Online-Wellness-Dienstleistungen<\/a><\/li>\n<li class=\"menu-item menu-item-type-custom menu-item-object-custom menu-item-9958\"><a href=\"https:\/\/www.parkamseenattika.com\/\" class=\"elementor-item\" tabindex=\"-1\" rel=\"nofollow noopener\" target=\"_blank\">Ayurveda Kur in Deutschland<\/a><\/li>\n<\/ul>\t\t\t<\/nav>\n\t\t\t\t\t\t<\/div>\n\t\t\t\t<\/div>\n\t\t\t\t\t<\/div>\n\t\t<\/div>\n\t\t\t\t\t<\/div>\n\t\t<\/section>\n\t\t\t\t\t<\/div>\n\t\t<\/div>\n\t\t\t\t<div class=\"elementor-column elementor-col-66 elementor-top-column elementor-element elementor-element-50465f34\" data-id=\"50465f34\" data-element_type=\"column\" data-e-type=\"column\">\n\t\t\t<div class=\"elementor-widget-wrap elementor-element-populated\">\n\t\t\t\t\t\t<section class=\"elementor-section elementor-inner-section elementor-element elementor-element-2bdb222 elementor-section-boxed elementor-section-height-default elementor-section-height-default\" data-id=\"2bdb222\" data-element_type=\"section\" data-e-type=\"section\" id=\"rockholmatthelighthousebeach\">\n\t\t\t\t\t\t<div class=\"elementor-container elementor-column-gap-default\">\n\t\t\t\t\t<div class=\"elementor-column elementor-col-100 elementor-inner-column elementor-element elementor-element-e34d1c4\" data-id=\"e34d1c4\" data-element_type=\"column\" data-e-type=\"column\">\n\t\t\t<div class=\"elementor-widget-wrap elementor-element-populated\">\n\t\t\t\t\t\t<div class=\"elementor-element elementor-element-4323db7a elementor-widget elementor-widget-heading\" data-id=\"4323db7a\" data-element_type=\"widget\" data-e-type=\"widget\" data-widget_type=\"heading.default\">\n\t\t\t\t<div class=\"elementor-widget-container\">\n\t\t\t\t\t<h1 class=\"elementor-heading-title elementor-size-default\">ROCKHOLM AT THE LIGHTHOUSE BEACH<\/h1>\t\t\t\t<\/div>\n\t\t\t\t<\/div>\n\t\t\t\t<div class=\"elementor-element elementor-element-12e0d333 elementor-widget elementor-widget-text-editor\" data-id=\"12e0d333\" data-element_type=\"widget\" data-e-type=\"widget\" data-widget_type=\"text-editor.default\">\n\t\t\t\t<div class=\"elementor-widget-container\">\n\t\t\t\t\t\t\t\t\t<p>Das <a href=\"https:\/\/thenattikabeach.com\/\">Nattika Beach Ayurveda Resort<\/a> hat die T\u00fcren zu seinem neuesten Anwesen ge\u00f6ffnet, einem luxuri\u00f6sen Strandhotel in Kovalam \u2013 <a href=\"https:\/\/rockholm.com\/\" rel=\"nofollow noopener\" target=\"_blank\">Rockholm at the Lighthouse Beach<\/a>.<\/p>\n<p>Das ikonische Strandhotel Rockholm wurde in den fr\u00fchen 1980er Jahren als Strandhotel erbaut. Fast 40 Jahre sp\u00e4ter wurde es durch eine vollst\u00e4ndige Renovierung auf den neuesten Stand gebracht, bei der die Essenz und der Geist des urspr\u00fcnglichen Entwurfs erhalten blieben.<\/p>\n<p>An einer kleinen Bucht im Herzen des Leuchtturmstrandes gelegen, mit unvergleichlichem Blick auf das Arabische Meer, ist das Rockholm ein Strandhotel, das sich ganz auf <a href=\"https:\/\/thenattikabeach.com\/de\/swastha-the-ayurveda-center\/\">Ayurveda und Yoga<\/a> konzentriert und alle Dienstleistungen und Einrichtungen auf dieses Konzept ausrichtet.<\/p>\n<p>Im Leben geht es vor allem um Erinnerungen, und Rockholm mit seiner Lage, seinem \u00e4sthetischen Design und dem Luxus eines pers\u00f6nlichen Erlebnisses f\u00fcr Reisende aus aller Welt wird mit Sicherheit zeitlose Erinnerungen schaffen.<\/p>\n<p>F\u00fcr Fragen oder Reservierungen wenden Sie sich bitte an unsere Reservierungsabteilung unter der Nummer reservation@rockholm.com oder besuchen Sie uns unter <a href=\"http:\/\/www.rockholm.com\/\" rel=\"nofollow noopener\" target=\"_blank\">www.rockholm.com<\/a>.<\/p>\t\t\t\t\t\t\t\t<\/div>\n\t\t\t\t<\/div>\n\t\t\t\t\t<\/div>\n\t\t<\/div>\n\t\t\t\t\t<\/div>\n\t\t<\/section>\n\t\t\t\t<section class=\"elementor-section elementor-inner-section elementor-element elementor-element-17e4917a elementor-section-boxed elementor-section-height-default elementor-section-height-default\" data-id=\"17e4917a\" data-element_type=\"section\" data-e-type=\"section\">\n\t\t\t\t\t\t<div class=\"elementor-container elementor-column-gap-default\">\n\t\t\t\t\t<div class=\"elementor-column elementor-col-50 elementor-inner-column elementor-element elementor-element-309b7170\" data-id=\"309b7170\" data-element_type=\"column\" data-e-type=\"column\">\n\t\t\t<div class=\"elementor-widget-wrap elementor-element-populated\">\n\t\t\t\t\t\t<div class=\"elementor-element elementor-element-4df95acc elementor-widget elementor-widget-image\" data-id=\"4df95acc\" data-element_type=\"widget\" data-e-type=\"widget\" data-widget_type=\"image.default\">\n\t\t\t\t<div class=\"elementor-widget-container\">\n\t\t\t\t\t\t\t\t\t\t\t\t\t\t\t<img fetchpriority=\"high\" decoding=\"async\" width=\"800\" height=\"800\" src=\"https:\/\/thenattikabeach.com\/wp-content\/uploads\/2022\/06\/Rockholm2.jpg\" class=\"attachment-large size-large wp-image-2457\" alt=\"\" srcset=\"https:\/\/thenattikabeach.com\/wp-content\/uploads\/2022\/06\/Rockholm2.jpg 1000w, https:\/\/thenattikabeach.com\/wp-content\/uploads\/2022\/06\/Rockholm2-300x300.jpg 300w, https:\/\/thenattikabeach.com\/wp-content\/uploads\/2022\/06\/Rockholm2-150x150.jpg 150w, https:\/\/thenattikabeach.com\/wp-content\/uploads\/2022\/06\/Rockholm2-768x768.jpg 768w\" sizes=\"(max-width: 800px) 100vw, 800px\" title=\"\">\t\t\t\t\t\t\t\t\t\t\t\t\t\t\t<\/div>\n\t\t\t\t<\/div>\n\t\t\t\t\t<\/div>\n\t\t<\/div>\n\t\t\t\t<div class=\"elementor-column elementor-col-50 elementor-inner-column elementor-element elementor-element-1d9cda0e\" data-id=\"1d9cda0e\" data-element_type=\"column\" data-e-type=\"column\">\n\t\t\t<div class=\"elementor-widget-wrap elementor-element-populated\">\n\t\t\t\t\t\t<div class=\"elementor-element elementor-element-81f650b elementor-widget elementor-widget-image\" data-id=\"81f650b\" data-element_type=\"widget\" data-e-type=\"widget\" data-widget_type=\"image.default\">\n\t\t\t\t<div class=\"elementor-widget-container\">\n\t\t\t\t\t\t\t\t\t\t\t\t\t\t\t<img decoding=\"async\" width=\"800\" height=\"800\" src=\"https:\/\/thenattikabeach.com\/wp-content\/uploads\/2022\/06\/Rockholm1.jpg\" class=\"attachment-large size-large wp-image-2459\" alt=\"\" srcset=\"https:\/\/thenattikabeach.com\/wp-content\/uploads\/2022\/06\/Rockholm1.jpg 1000w, https:\/\/thenattikabeach.com\/wp-content\/uploads\/2022\/06\/Rockholm1-300x300.jpg 300w, https:\/\/thenattikabeach.com\/wp-content\/uploads\/2022\/06\/Rockholm1-150x150.jpg 150w, https:\/\/thenattikabeach.com\/wp-content\/uploads\/2022\/06\/Rockholm1-768x768.jpg 768w\" sizes=\"(max-width: 800px) 100vw, 800px\" title=\"\">\t\t\t\t\t\t\t\t\t\t\t\t\t\t\t<\/div>\n\t\t\t\t<\/div>\n\t\t\t\t\t<\/div>\n\t\t<\/div>\n\t\t\t\t\t<\/div>\n\t\t<\/section>\n\t\t\t\t<section class=\"elementor-section elementor-inner-section elementor-element elementor-element-40788f2e elementor-section-boxed elementor-section-height-default elementor-section-height-default\" data-id=\"40788f2e\" data-element_type=\"section\" data-e-type=\"section\">\n\t\t\t\t\t\t<div class=\"elementor-container elementor-column-gap-default\">\n\t\t\t\t\t<div class=\"elementor-column elementor-col-100 elementor-inner-column elementor-element elementor-element-3948a855\" data-id=\"3948a855\" data-element_type=\"column\" data-e-type=\"column\">\n\t\t\t<div class=\"elementor-widget-wrap elementor-element-populated\">\n\t\t\t\t\t\t<div class=\"elementor-element elementor-element-622cc241 elementor-widget elementor-widget-image\" data-id=\"622cc241\" data-element_type=\"widget\" data-e-type=\"widget\" data-widget_type=\"image.default\">\n\t\t\t\t<div class=\"elementor-widget-container\">\n\t\t\t\t\t\t\t\t\t\t\t\t\t\t\t<img decoding=\"async\" width=\"800\" height=\"379\" src=\"https:\/\/thenattikabeach.com\/wp-content\/uploads\/2022\/06\/Rockholm3-1024x485.jpg\" class=\"attachment-large size-large wp-image-2461\" alt=\"\" srcset=\"https:\/\/thenattikabeach.com\/wp-content\/uploads\/2022\/06\/Rockholm3-1024x485.jpg 1024w, https:\/\/thenattikabeach.com\/wp-content\/uploads\/2022\/06\/Rockholm3-300x142.jpg 300w, https:\/\/thenattikabeach.com\/wp-content\/uploads\/2022\/06\/Rockholm3-768x364.jpg 768w, https:\/\/thenattikabeach.com\/wp-content\/uploads\/2022\/06\/Rockholm3-1536x728.jpg 1536w, https:\/\/thenattikabeach.com\/wp-content\/uploads\/2022\/06\/Rockholm3.jpg 1900w\" sizes=\"(max-width: 800px) 100vw, 800px\" title=\"\">\t\t\t\t\t\t\t\t\t\t\t\t\t\t\t<\/div>\n\t\t\t\t<\/div>\n\t\t\t\t\t<\/div>\n\t\t<\/div>\n\t\t\t\t\t<\/div>\n\t\t<\/section>\n\t\t\t\t\t<\/div>\n\t\t<\/div>\n\t\t\t\t\t<\/div>\n\t\t<\/section>\n\t\t\t\t<\/div>\n\t\t","protected":false},"excerpt":{"rendered":"<p>Home ABOUT NATTIKA ROCKHOLM AT THE LIGHTHOUSE BEACH Das Nattika Beach Ayurveda Resort hat die T\u00fcren zu seinem neuesten Anwesen ge\u00f6ffnet, einem luxuri\u00f6sen Strandhotel in Kovalam \u2013 Rockholm at the Lighthouse Beach. Das ikonische Strandhotel Rockholm wurde in den fr\u00fchen 1980er Jahren als Strandhotel erbaut. Fast 40 Jahre sp\u00e4ter wurde es durch eine vollst\u00e4ndige Renovierung [&hellip;]<\/p>\n","protected":false},"author":3,"featured_media":0,"parent":0,"menu_order":0,"comment_status":"closed","ping_status":"closed","template":"elementor_header_footer","meta":{"footnotes":""},"class_list":["post-2778","page","type-page","status-publish","hentry"],"_links":{"self":[{"href":"https:\/\/thenattikabeach.com\/de\/wp-json\/wp\/v2\/pages\/2778","targetHints":{"allow":["GET"]}}],"collection":[{"href":"https:\/\/thenattikabeach.com\/de\/wp-json\/wp\/v2\/pages"}],"about":[{"href":"https:\/\/thenattikabeach.com\/de\/wp-json\/wp\/v2\/types\/page"}],"author":[{"embeddable":true,"href":"https:\/\/thenattikabeach.com\/de\/wp-json\/wp\/v2\/users\/3"}],"replies":[{"embeddable":true,"href":"https:\/\/thenattikabeach.com\/de\/wp-json\/wp\/v2\/comments?post=2778"}],"version-history":[{"count":25,"href":"https:\/\/thenattikabeach.com\/de\/wp-json\/wp\/v2\/pages\/2778\/revisions"}],"predecessor-version":[{"id":10962,"href":"https:\/\/thenattikabeach.com\/de\/wp-json\/wp\/v2\/pages\/2778\/revisions\/10962"}],"wp:attachment":[{"href":"https:\/\/thenattikabeach.com\/de\/wp-json\/wp\/v2\/media?parent=2778"}],"curies":[{"name":"wp","href":"https:\/\/api.w.org\/{rel}","templated":true}]}}