{"id":2776,"date":"2022-08-04T11:15:57","date_gmt":"2022-08-04T11:15:57","guid":{"rendered":"https:\/\/thenattikabeach.com\/work-with-us\/"},"modified":"2025-09-22T09:49:21","modified_gmt":"2025-09-22T09:49:21","slug":"work-with-us","status":"publish","type":"page","link":"https:\/\/thenattikabeach.com\/de\/work-with-us\/","title":{"rendered":"Arbeite mit uns"},"content":{"rendered":"\t\t<div data-elementor-type=\"wp-page\" data-elementor-id=\"2776\" class=\"elementor elementor-2776 elementor-1424\" data-elementor-post-type=\"page\">\n\t\t\t\t\t\t<section class=\"elementor-section elementor-top-section elementor-element elementor-element-85abcd1 elementor-section-height-min-height elementor-hidden-mobile elementor-section-items-bottom elementor-section-boxed elementor-section-height-default\" data-id=\"85abcd1\" data-element_type=\"section\" data-e-type=\"section\" data-settings=\"{&quot;background_background&quot;:&quot;classic&quot;}\">\n\t\t\t\t\t\t<div class=\"elementor-container elementor-column-gap-default\">\n\t\t\t\t\t<div class=\"elementor-column elementor-col-100 elementor-top-column elementor-element elementor-element-d00903e\" data-id=\"d00903e\" data-element_type=\"column\" data-e-type=\"column\" data-settings=\"{&quot;background_background&quot;:&quot;slideshow&quot;,&quot;background_slideshow_gallery&quot;:[],&quot;background_slideshow_loop&quot;:&quot;yes&quot;,&quot;background_slideshow_slide_duration&quot;:5000,&quot;background_slideshow_slide_transition&quot;:&quot;fade&quot;,&quot;background_slideshow_transition_duration&quot;:500}\">\n\t\t\t<div class=\"elementor-widget-wrap\">\n\t\t\t\t\t\t\t<\/div>\n\t\t<\/div>\n\t\t\t\t\t<\/div>\n\t\t<\/section>\n\t\t\t\t<section class=\"elementor-section elementor-top-section elementor-element elementor-element-3a58467 elementor-section-boxed elementor-section-height-default elementor-section-height-default\" data-id=\"3a58467\" data-element_type=\"section\" data-e-type=\"section\">\n\t\t\t\t\t\t<div class=\"elementor-container elementor-column-gap-default\">\n\t\t\t\t\t<div class=\"elementor-column elementor-col-25 elementor-top-column elementor-element elementor-element-e85b4cc\" data-id=\"e85b4cc\" data-element_type=\"column\" data-e-type=\"column\">\n\t\t\t<div class=\"elementor-widget-wrap\">\n\t\t\t\t\t\t\t<\/div>\n\t\t<\/div>\n\t\t\t\t<div class=\"elementor-column elementor-col-50 elementor-top-column elementor-element elementor-element-8483690\" data-id=\"8483690\" data-element_type=\"column\" data-e-type=\"column\">\n\t\t\t<div class=\"elementor-widget-wrap\">\n\t\t\t\t\t\t\t<\/div>\n\t\t<\/div>\n\t\t\t\t<div class=\"elementor-column elementor-col-25 elementor-top-column elementor-element elementor-element-b6dfd9b\" data-id=\"b6dfd9b\" data-element_type=\"column\" data-e-type=\"column\">\n\t\t\t<div class=\"elementor-widget-wrap\">\n\t\t\t\t\t\t\t<\/div>\n\t\t<\/div>\n\t\t\t\t\t<\/div>\n\t\t<\/section>\n\t\t\t\t<section class=\"elementor-section elementor-top-section elementor-element elementor-element-546b72b7 elementor-section-boxed elementor-section-height-default elementor-section-height-default\" data-id=\"546b72b7\" data-element_type=\"section\" data-e-type=\"section\" id=\"sustainability\">\n\t\t\t\t\t\t<div class=\"elementor-container elementor-column-gap-wide\">\n\t\t\t\t\t<div class=\"elementor-column elementor-col-33 elementor-top-column elementor-element elementor-element-5aa7ee5b\" data-id=\"5aa7ee5b\" data-element_type=\"column\" data-e-type=\"column\">\n\t\t\t<div class=\"elementor-widget-wrap elementor-element-populated\">\n\t\t\t\t\t\t<section class=\"elementor-section elementor-inner-section elementor-element elementor-element-3c7e1d7 elementor-section-boxed elementor-section-height-default elementor-section-height-default\" data-id=\"3c7e1d7\" data-element_type=\"section\" data-e-type=\"section\" data-settings=\"{&quot;sticky&quot;:&quot;top&quot;,&quot;sticky_on&quot;:[&quot;desktop&quot;,&quot;tablet&quot;],&quot;sticky_offset&quot;:130,&quot;sticky_parent&quot;:&quot;yes&quot;,&quot;sticky_effects_offset&quot;:0,&quot;sticky_anchor_link_offset&quot;:0}\">\n\t\t\t\t\t\t<div class=\"elementor-container elementor-column-gap-default\">\n\t\t\t\t\t<div class=\"elementor-column elementor-col-100 elementor-inner-column elementor-element elementor-element-5d814e6\" data-id=\"5d814e6\" data-element_type=\"column\" data-e-type=\"column\">\n\t\t\t<div class=\"elementor-widget-wrap elementor-element-populated\">\n\t\t\t\t\t\t<div class=\"elementor-element elementor-element-139ad532 elementor-widget elementor-widget-heading\" data-id=\"139ad532\" data-element_type=\"widget\" data-e-type=\"widget\" data-widget_type=\"heading.default\">\n\t\t\t\t<div class=\"elementor-widget-container\">\n\t\t\t\t\t<h2 class=\"elementor-heading-title elementor-size-default\">ABOUT NATTIKA<\/h2>\t\t\t\t<\/div>\n\t\t\t\t<\/div>\n\t\t\t\t<div class=\"elementor-element elementor-element-5516791f elementor-nav-menu__align-start elementor-nav-menu--dropdown-none elementor-widget elementor-widget-nav-menu\" data-id=\"5516791f\" data-element_type=\"widget\" data-e-type=\"widget\" data-settings=\"{&quot;layout&quot;:&quot;vertical&quot;,&quot;submenu_icon&quot;:{&quot;value&quot;:&quot;&lt;i class=\\&quot;fas fa-caret-down\\&quot; aria-hidden=\\&quot;true\\&quot;&gt;&lt;\\\/i&gt;&quot;,&quot;library&quot;:&quot;fa-solid&quot;}}\" data-widget_type=\"nav-menu.default\">\n\t\t\t\t<div class=\"elementor-widget-container\">\n\t\t\t\t\t\t\t\t<nav aria-label=\"Men\u00fc\" class=\"elementor-nav-menu--main elementor-nav-menu__container elementor-nav-menu--layout-vertical e--pointer-none\">\n\t\t\t\t<ul id=\"menu-1-5516791f\" class=\"elementor-nav-menu sm-vertical\"><li class=\"menu-item menu-item-type-custom menu-item-object-custom menu-item-2932\"><a href=\"https:\/\/thenattikabeach.com\/de\/sustainability\/\" class=\"elementor-item\">Nachhaltigkeit<\/a><\/li>\n<li class=\"menu-item menu-item-type-custom menu-item-object-custom menu-item-2933\"><a href=\"https:\/\/thenattikabeach.com\/de\/organic-vegetable-farm-and-tennis-academy\/\" class=\"elementor-item\">Bio-Gem\u00fcsefarm und Tennisakademie<\/a><\/li>\n<li class=\"menu-item menu-item-type-custom menu-item-object-custom menu-item-2934\"><a href=\"https:\/\/thenattikabeach.com\/de\/nabh-green-leaf-certification\/\" class=\"elementor-item\">NABH- und Ayur-Diamant-Zertifizierung<\/a><\/li>\n<li class=\"menu-item menu-item-type-custom menu-item-object-custom menu-item-2935\"><a href=\"https:\/\/thenattikabeach.com\/de\/faqs\/\" class=\"elementor-item\">FAQs<\/a><\/li>\n<li class=\"menu-item menu-item-type-custom menu-item-object-custom menu-item-2936\"><a href=\"https:\/\/thenattikabeach.com\/de\/local-sightseeing\/\" class=\"elementor-item\">Lokale Sehensw\u00fcrdigkeiten<\/a><\/li>\n<li class=\"menu-item menu-item-type-custom menu-item-object-custom menu-item-2937\"><a href=\"https:\/\/thenattikabeach.com\/de\/daily-activities\/\" class=\"elementor-item\">T\u00e4gliche Aktivit\u00e4ten<\/a><\/li>\n<li class=\"menu-item menu-item-type-custom menu-item-object-custom menu-item-2938\"><a href=\"https:\/\/thenattikabeach.com\/de\/contact-us\/\" class=\"elementor-item\">Kontaktieren Sie uns<\/a><\/li>\n<li class=\"menu-item menu-item-type-custom menu-item-object-custom menu-item-2939\"><a href=\"https:\/\/thenattikabeach.com\/de\/work-with-us\/\" class=\"elementor-item\">Arbeiten Sie mit uns<\/a><\/li>\n<li class=\"menu-item menu-item-type-custom menu-item-object-custom menu-item-2940\"><a href=\"https:\/\/thenattikabeach.com\/de\/rockholm-at-the-lighthouse-beach\/\" class=\"elementor-item\">Rockholm at the Lighthouse Beach<\/a><\/li>\n<li class=\"menu-item menu-item-type-custom menu-item-object-custom menu-item-2941\"><a href=\"https:\/\/www.nattikalife.com\/\" class=\"elementor-item\" rel=\"nofollow noopener\" target=\"_blank\">Nattika Online-Wellness-Dienstleistungen<\/a><\/li>\n<li class=\"menu-item menu-item-type-custom menu-item-object-custom menu-item-9958\"><a href=\"https:\/\/www.parkamseenattika.com\/\" class=\"elementor-item\" rel=\"nofollow noopener\" target=\"_blank\">Ayurveda Kur in Deutschland<\/a><\/li>\n<\/ul>\t\t\t<\/nav>\n\t\t\t\t\t\t<nav class=\"elementor-nav-menu--dropdown elementor-nav-menu__container\" aria-hidden=\"true\">\n\t\t\t\t<ul id=\"menu-2-5516791f\" class=\"elementor-nav-menu sm-vertical\"><li class=\"menu-item menu-item-type-custom menu-item-object-custom menu-item-2932\"><a href=\"https:\/\/thenattikabeach.com\/de\/sustainability\/\" class=\"elementor-item\" tabindex=\"-1\">Nachhaltigkeit<\/a><\/li>\n<li class=\"menu-item menu-item-type-custom menu-item-object-custom menu-item-2933\"><a href=\"https:\/\/thenattikabeach.com\/de\/organic-vegetable-farm-and-tennis-academy\/\" class=\"elementor-item\" tabindex=\"-1\">Bio-Gem\u00fcsefarm und Tennisakademie<\/a><\/li>\n<li class=\"menu-item menu-item-type-custom menu-item-object-custom menu-item-2934\"><a href=\"https:\/\/thenattikabeach.com\/de\/nabh-green-leaf-certification\/\" class=\"elementor-item\" tabindex=\"-1\">NABH- und Ayur-Diamant-Zertifizierung<\/a><\/li>\n<li class=\"menu-item menu-item-type-custom menu-item-object-custom menu-item-2935\"><a href=\"https:\/\/thenattikabeach.com\/de\/faqs\/\" class=\"elementor-item\" tabindex=\"-1\">FAQs<\/a><\/li>\n<li class=\"menu-item menu-item-type-custom menu-item-object-custom menu-item-2936\"><a href=\"https:\/\/thenattikabeach.com\/de\/local-sightseeing\/\" class=\"elementor-item\" tabindex=\"-1\">Lokale Sehensw\u00fcrdigkeiten<\/a><\/li>\n<li class=\"menu-item menu-item-type-custom menu-item-object-custom menu-item-2937\"><a href=\"https:\/\/thenattikabeach.com\/de\/daily-activities\/\" class=\"elementor-item\" tabindex=\"-1\">T\u00e4gliche Aktivit\u00e4ten<\/a><\/li>\n<li class=\"menu-item menu-item-type-custom menu-item-object-custom menu-item-2938\"><a href=\"https:\/\/thenattikabeach.com\/de\/contact-us\/\" class=\"elementor-item\" tabindex=\"-1\">Kontaktieren Sie uns<\/a><\/li>\n<li class=\"menu-item menu-item-type-custom menu-item-object-custom menu-item-2939\"><a href=\"https:\/\/thenattikabeach.com\/de\/work-with-us\/\" class=\"elementor-item\" tabindex=\"-1\">Arbeiten Sie mit uns<\/a><\/li>\n<li class=\"menu-item menu-item-type-custom menu-item-object-custom menu-item-2940\"><a href=\"https:\/\/thenattikabeach.com\/de\/rockholm-at-the-lighthouse-beach\/\" class=\"elementor-item\" tabindex=\"-1\">Rockholm at the Lighthouse Beach<\/a><\/li>\n<li class=\"menu-item menu-item-type-custom menu-item-object-custom menu-item-2941\"><a href=\"https:\/\/www.nattikalife.com\/\" class=\"elementor-item\" tabindex=\"-1\" rel=\"nofollow noopener\" target=\"_blank\">Nattika Online-Wellness-Dienstleistungen<\/a><\/li>\n<li class=\"menu-item menu-item-type-custom menu-item-object-custom menu-item-9958\"><a href=\"https:\/\/www.parkamseenattika.com\/\" class=\"elementor-item\" tabindex=\"-1\" rel=\"nofollow noopener\" target=\"_blank\">Ayurveda Kur in Deutschland<\/a><\/li>\n<\/ul>\t\t\t<\/nav>\n\t\t\t\t\t\t<\/div>\n\t\t\t\t<\/div>\n\t\t\t\t\t<\/div>\n\t\t<\/div>\n\t\t\t\t\t<\/div>\n\t\t<\/section>\n\t\t\t\t\t<\/div>\n\t\t<\/div>\n\t\t\t\t<div class=\"elementor-column elementor-col-66 elementor-top-column elementor-element elementor-element-3d639273\" data-id=\"3d639273\" data-element_type=\"column\" data-e-type=\"column\">\n\t\t\t<div class=\"elementor-widget-wrap elementor-element-populated\">\n\t\t\t\t\t\t<section class=\"elementor-section elementor-inner-section elementor-element elementor-element-53696e78 elementor-section-boxed elementor-section-height-default elementor-section-height-default\" data-id=\"53696e78\" data-element_type=\"section\" data-e-type=\"section\" id=\"workwithus\">\n\t\t\t\t\t\t<div class=\"elementor-container elementor-column-gap-default\">\n\t\t\t\t\t<div class=\"elementor-column elementor-col-100 elementor-inner-column elementor-element elementor-element-5dcc448c\" data-id=\"5dcc448c\" data-element_type=\"column\" data-e-type=\"column\">\n\t\t\t<div class=\"elementor-widget-wrap elementor-element-populated\">\n\t\t\t\t\t\t<div class=\"elementor-element elementor-element-b8b133c elementor-widget elementor-widget-heading\" data-id=\"b8b133c\" data-element_type=\"widget\" data-e-type=\"widget\" data-widget_type=\"heading.default\">\n\t\t\t\t<div class=\"elementor-widget-container\">\n\t\t\t\t\t<h1 class=\"elementor-heading-title elementor-size-default\">Arbeiten Sie mit uns<\/h1>\t\t\t\t<\/div>\n\t\t\t\t<\/div>\n\t\t\t\t<div class=\"elementor-element elementor-element-1ce9d4b8 elementor-widget elementor-widget-text-editor\" data-id=\"1ce9d4b8\" data-element_type=\"widget\" data-e-type=\"widget\" data-widget_type=\"text-editor.default\">\n\t\t\t\t<div class=\"elementor-widget-container\">\n\t\t\t\t\t\t\t\t\t<p>F\u00fcllen Sie das nachstehende Formular aus oder senden Sie Ihren Lebenslauf an <a href=\"mailto:hr@thenattikabeach.com\">hr@thenattikabeach.com<\/a><\/p>\n\t\t\t\t\t\t\t\t<\/div>\n\t\t\t\t<\/div>\n\t\t\t\t<div class=\"elementor-element elementor-element-19274c1f elementor-button-align-start elementor-widget elementor-widget-form\" data-id=\"19274c1f\" data-element_type=\"widget\" data-e-type=\"widget\" data-settings=\"{&quot;step_next_label&quot;:&quot;Next&quot;,&quot;step_previous_label&quot;:&quot;Previous&quot;,&quot;button_width&quot;:&quot;100&quot;,&quot;step_type&quot;:&quot;number_text&quot;,&quot;step_icon_shape&quot;:&quot;circle&quot;}\" data-widget_type=\"form.default\">\n\t\t\t\t<div class=\"elementor-widget-container\">\n\t\t\t\t\t\t\t<form class=\"elementor-form\" method=\"post\" name=\"New Form\" aria-label=\"New Form\">\n\t\t\t<input type=\"hidden\" name=\"post_id\" value=\"2776\"\/>\n\t\t\t<input type=\"hidden\" name=\"form_id\" value=\"19274c1f\"\/>\n\t\t\t<input type=\"hidden\" name=\"referer_title\" value=\"Work With Us | Nattika Beach Ayurveda Resort Kerala, Indien\" \/>\n\n\t\t\t\t\t\t\t<input type=\"hidden\" name=\"queried_id\" value=\"2776\"\/>\n\t\t\t\n\t\t\t<div class=\"elementor-form-fields-wrapper elementor-labels-\">\n\t\t\t\t\t\t\t\t<div class=\"elementor-field-type-text elementor-field-group elementor-column elementor-field-group-name elementor-col-100 elementor-field-required\">\n\t\t\t\t\t\t\t\t\t\t\t\t<label for=\"form-field-name\" class=\"elementor-field-label elementor-screen-only\">\n\t\t\t\t\t\t\t\tFirst Name\t\t\t\t\t\t\t<\/label>\n\t\t\t\t\t\t\t\t\t\t\t\t\t\t<input size=\"1\" type=\"text\" name=\"form_fields[name]\" id=\"form-field-name\" class=\"elementor-field elementor-size-sm  elementor-field-textual\" placeholder=\"First Name\" required=\"required\">\n\t\t\t\t\t\t\t\t\t\t\t<\/div>\n\t\t\t\t\t\t\t\t<div class=\"elementor-field-type-text elementor-field-group elementor-column elementor-field-group-field_5c5c18f elementor-col-100 elementor-field-required\">\n\t\t\t\t\t\t\t\t\t\t\t\t<label for=\"form-field-field_5c5c18f\" class=\"elementor-field-label elementor-screen-only\">\n\t\t\t\t\t\t\t\tLast Name\t\t\t\t\t\t\t<\/label>\n\t\t\t\t\t\t\t\t\t\t\t\t\t\t<input size=\"1\" type=\"text\" name=\"form_fields[field_5c5c18f]\" id=\"form-field-field_5c5c18f\" class=\"elementor-field elementor-size-sm  elementor-field-textual\" placeholder=\"Last Name\" required=\"required\">\n\t\t\t\t\t\t\t\t\t\t\t<\/div>\n\t\t\t\t\t\t\t\t<div class=\"elementor-field-type-email elementor-field-group elementor-column elementor-field-group-email elementor-col-100 elementor-field-required\">\n\t\t\t\t\t\t\t\t\t\t\t\t<label for=\"form-field-email\" class=\"elementor-field-label elementor-screen-only\">\n\t\t\t\t\t\t\t\tEmail\t\t\t\t\t\t\t<\/label>\n\t\t\t\t\t\t\t\t\t\t\t\t\t\t<input size=\"1\" type=\"email\" name=\"form_fields[email]\" id=\"form-field-email\" class=\"elementor-field elementor-size-sm  elementor-field-textual\" placeholder=\"Email\" required=\"required\">\n\t\t\t\t\t\t\t\t\t\t\t<\/div>\n\t\t\t\t\t\t\t\t<div class=\"elementor-field-type-text elementor-field-group elementor-column elementor-field-group-field_454a581 elementor-col-100 elementor-field-required\">\n\t\t\t\t\t\t\t\t\t\t\t\t<label for=\"form-field-field_454a581\" class=\"elementor-field-label elementor-screen-only\">\n\t\t\t\t\t\t\t\tMobile\t\t\t\t\t\t\t<\/label>\n\t\t\t\t\t\t\t\t\t\t\t\t\t\t<input size=\"1\" type=\"text\" name=\"form_fields[field_454a581]\" id=\"form-field-field_454a581\" class=\"elementor-field elementor-size-sm  elementor-field-textual\" placeholder=\"Mobile\" required=\"required\">\n\t\t\t\t\t\t\t\t\t\t\t<\/div>\n\t\t\t\t\t\t\t\t<div class=\"elementor-field-type-text elementor-field-group elementor-column elementor-field-group-field_7ec4dee elementor-col-100 elementor-field-required\">\n\t\t\t\t\t\t\t\t\t\t\t\t<label for=\"form-field-field_7ec4dee\" class=\"elementor-field-label elementor-screen-only\">\n\t\t\t\t\t\t\t\tAddress\t\t\t\t\t\t\t<\/label>\n\t\t\t\t\t\t\t\t\t\t\t\t\t\t<input size=\"1\" type=\"text\" name=\"form_fields[field_7ec4dee]\" id=\"form-field-field_7ec4dee\" class=\"elementor-field elementor-size-sm  elementor-field-textual\" placeholder=\"Address\" required=\"required\">\n\t\t\t\t\t\t\t\t\t\t\t<\/div>\n\t\t\t\t\t\t\t\t<div class=\"elementor-field-type-date elementor-field-group elementor-column elementor-field-group-field_ba56170 elementor-col-100\">\n\t\t\t\t\t\t\t\t\t\t\t\t<label for=\"form-field-field_ba56170\" class=\"elementor-field-label elementor-screen-only\">\n\t\t\t\t\t\t\t\tDate of Birth\t\t\t\t\t\t\t<\/label>\n\t\t\t\t\t\t\n\t\t<input type=\"date\" name=\"form_fields[field_ba56170]\" id=\"form-field-field_ba56170\" class=\"elementor-field elementor-size-sm  elementor-field-textual elementor-date-field\" placeholder=\"Date of Birth\" pattern=\"[0-9]{4}-[0-9]{2}-[0-9]{2}\">\n\t\t\t\t\t\t<\/div>\n\t\t\t\t\t\t\t\t<div class=\"elementor-field-type-text elementor-field-group elementor-column elementor-field-group-message elementor-col-100 elementor-field-required\">\n\t\t\t\t\t\t\t\t\t\t\t\t<label for=\"form-field-message\" class=\"elementor-field-label elementor-screen-only\">\n\t\t\t\t\t\t\t\tExperience\t\t\t\t\t\t\t<\/label>\n\t\t\t\t\t\t\t\t\t\t\t\t\t\t<input size=\"1\" type=\"text\" name=\"form_fields[message]\" id=\"form-field-message\" class=\"elementor-field elementor-size-sm  elementor-field-textual\" placeholder=\"Experience\" required=\"required\">\n\t\t\t\t\t\t\t\t\t\t\t<\/div>\n\t\t\t\t\t\t\t\t<div class=\"elementor-field-type-text elementor-field-group elementor-column elementor-field-group-field_17d7ffa elementor-col-100 elementor-field-required\">\n\t\t\t\t\t\t\t\t\t\t\t\t<label for=\"form-field-field_17d7ffa\" class=\"elementor-field-label elementor-screen-only\">\n\t\t\t\t\t\t\t\tCurrent Job Designation\t\t\t\t\t\t\t<\/label>\n\t\t\t\t\t\t\t\t\t\t\t\t\t\t<input size=\"1\" type=\"text\" name=\"form_fields[field_17d7ffa]\" id=\"form-field-field_17d7ffa\" class=\"elementor-field elementor-size-sm  elementor-field-textual\" placeholder=\"Current Job Designation\" required=\"required\">\n\t\t\t\t\t\t\t\t\t\t\t<\/div>\n\t\t\t\t\t\t\t\t<div class=\"elementor-field-type-text elementor-field-group elementor-column elementor-field-group-field_61a3c19 elementor-col-100 elementor-field-required\">\n\t\t\t\t\t\t\t\t\t\t\t\t<label for=\"form-field-field_61a3c19\" class=\"elementor-field-label elementor-screen-only\">\n\t\t\t\t\t\t\t\tQualification\t\t\t\t\t\t\t<\/label>\n\t\t\t\t\t\t\t\t\t\t\t\t\t\t<input size=\"1\" type=\"text\" name=\"form_fields[field_61a3c19]\" id=\"form-field-field_61a3c19\" class=\"elementor-field elementor-size-sm  elementor-field-textual\" placeholder=\"Qualification\" required=\"required\">\n\t\t\t\t\t\t\t\t\t\t\t<\/div>\n\t\t\t\t\t\t\t\t<div class=\"elementor-field-type-text elementor-field-group elementor-column elementor-field-group-field_9b3911d elementor-col-100 elementor-field-required\">\n\t\t\t\t\t\t\t\t\t\t\t\t<label for=\"form-field-field_9b3911d\" class=\"elementor-field-label elementor-screen-only\">\n\t\t\t\t\t\t\t\tSkills\t\t\t\t\t\t\t<\/label>\n\t\t\t\t\t\t\t\t\t\t\t\t\t\t<input size=\"1\" type=\"text\" name=\"form_fields[field_9b3911d]\" id=\"form-field-field_9b3911d\" class=\"elementor-field elementor-size-sm  elementor-field-textual\" placeholder=\"Skills\" required=\"required\">\n\t\t\t\t\t\t\t\t\t\t\t<\/div>\n\t\t\t\t\t\t\t\t<div class=\"elementor-field-type-text elementor-field-group elementor-column elementor-field-group-field_c4652e7 elementor-col-100 elementor-field-required\">\n\t\t\t\t\t\t\t\t\t\t\t\t<label for=\"form-field-field_c4652e7\" class=\"elementor-field-label elementor-screen-only\">\n\t\t\t\t\t\t\t\tInsert Your CV URL (Dropbox \/ Google Drive)\t\t\t\t\t\t\t<\/label>\n\t\t\t\t\t\t\t\t\t\t\t\t\t\t<input size=\"1\" type=\"text\" name=\"form_fields[field_c4652e7]\" id=\"form-field-field_c4652e7\" class=\"elementor-field elementor-size-sm  elementor-field-textual\" placeholder=\"Insert Your CV URL (Dropbox \/ Google Drive)\" required=\"required\">\n\t\t\t\t\t\t\t\t\t\t\t<\/div>\n\t\t\t\t\t\t\t\t<div class=\"elementor-field-type-recaptcha_v3 elementor-field-group elementor-column elementor-field-group-field_de7dccf elementor-col-100 recaptcha_v3-inline\">\n\t\t\t\t\t<div class=\"elementor-field\" id=\"form-field-field_de7dccf\"><div class=\"elementor-g-recaptcha\" data-sitekey=\"6LeOfv0fAAAAAHEJakPg1Oar5QnpXxC9uc0yce1x\" data-type=\"v3\" data-action=\"Form\" data-badge=\"inline\" data-size=\"invisible\"><\/div><\/div>\t\t\t\t<\/div>\n\t\t\t\t\t\t\t\t<div class=\"elementor-field-group elementor-column elementor-field-type-submit elementor-col-100 e-form__buttons\">\n\t\t\t\t\t<button class=\"elementor-button elementor-size-sm\" type=\"submit\">\n\t\t\t\t\t\t<span class=\"elementor-button-content-wrapper\">\n\t\t\t\t\t\t\t\t\t\t\t\t\t\t\t\t\t\t\t\t\t\t<span class=\"elementor-button-text\">Submit<\/span>\n\t\t\t\t\t\t\t\t\t\t\t\t\t<\/span>\n\t\t\t\t\t<\/button>\n\t\t\t\t<\/div>\n\t\t\t<\/div>\n\t\t<\/form>\n\t\t\t\t\t\t<\/div>\n\t\t\t\t<\/div>\n\t\t\t\t<div class=\"elementor-element elementor-element-753f8712 elementor-widget elementor-widget-text-editor\" data-id=\"753f8712\" data-element_type=\"widget\" data-e-type=\"widget\" data-widget_type=\"text-editor.default\">\n\t\t\t\t<div class=\"elementor-widget-container\">\n\t\t\t\t\t\t\t\t\t<p>Besch\u00e4ftigungsm\u00f6glichkeiten:<\/p>\n<p>Das Nattika Beach Ayurveda Resort ist ein <a href=\"https:\/\/thenattikabeach.com\/wp-content\/uploads\/2022\/06\/Career-Group-Profile.pdf\" target=\"_blank\" rel=\"noopener\">Arbeitgeber der Chancengleichheit.<\/a> Mit zwei Ayurveda-Strandresorts unter seinem Dach bietet die Gruppe zahlreiche Wachstumsm\u00f6glichkeiten in der Tourismusbranche. Wir laden qualifizierte, dynamische, selbstmotivierte und selbstbewusste Mitarbeiter ein, sich uns in dieser wachsenden Branche anzuschlie\u00dfen. <\/p>\n<p>Dar\u00fcber hinaus stellen wir auch Auszubildende ein.<\/p>\n<p>Neben Unterkunft und Verpflegung wird eine attraktive Verg\u00fctung geboten. Au\u00dferdem bieten wir alle 6 Monate leistungsabh\u00e4ngige Incentives an. <\/p>\n<p>F\u00fcr weitere Informationen \u00fcber <a href=\"https:\/\/thenattikabeach.com\/wp-content\/uploads\/2022\/06\/Career-Internship-Program.pdf\" target=\"_blank\" rel=\"noopener\">Praktika<\/a> wenden Sie sich bitte an reservation@thenattikabeach.com.<\/p>\n<p>Komfort f\u00fcr das Personal:<\/p>\n<ul>\n<li>Alle Mitglieder unseres Teams erhalten eine Unterkunft und Verpflegung.<\/li>\n<li>Auf Wunsch wird auch eine Familienunterkunft angeboten.<\/li>\n<li>Alle unsere Mitarbeiter haben die M\u00f6glichkeit, einen Notfallfonds zu nutzen und sind voll krankenversichert.<\/li>\n<li>Personaltransport zum und vom Urlaubsort f\u00fcr Mitarbeiter, die bei ihren Familien in Thrissur wohnen.<\/li>\n<li>Arbeitnehmern, die l\u00e4nger als ein Jahr besch\u00e4ftigt sind, wird auf Antrag ein zinsloses Darlehen gew\u00e4hrt.<\/li>\n<li>Praktische Schulungen zu Nachhaltigkeitsthemen, um das Bewusstsein zu sch\u00e4rfen \u2013 Um das Bewusstsein zu sch\u00e4rfen, werden Anweisungen auf der Grundlage konkreter Aufgaben gegeben.<\/li>\n<li>Vollst\u00e4ndige Einhaltung der Regeln und Vorschriften des \u00f6rtlichen Arbeitsamts. Angemessene Arbeitszeiten, freie Tage etc. <\/li>\n<\/ul>\n\t\t\t\t\t\t\t\t<\/div>\n\t\t\t\t<\/div>\n\t\t\t\t<div class=\"elementor-element elementor-element-266b7259 elementor-widget elementor-widget-image\" data-id=\"266b7259\" data-element_type=\"widget\" data-e-type=\"widget\" data-widget_type=\"image.default\">\n\t\t\t\t<div class=\"elementor-widget-container\">\n\t\t\t\t\t\t\t\t\t\t\t\t\t\t\t<img fetchpriority=\"high\" decoding=\"async\" width=\"800\" height=\"379\" src=\"https:\/\/thenattikabeach.com\/wp-content\/uploads\/2022\/06\/Training-of-Therapists-1024x485.jpg\" class=\"attachment-large size-large wp-image-2455\" alt=\"\" srcset=\"https:\/\/thenattikabeach.com\/wp-content\/uploads\/2022\/06\/Training-of-Therapists-1024x485.jpg 1024w, https:\/\/thenattikabeach.com\/wp-content\/uploads\/2022\/06\/Training-of-Therapists-300x142.jpg 300w, https:\/\/thenattikabeach.com\/wp-content\/uploads\/2022\/06\/Training-of-Therapists-768x364.jpg 768w, https:\/\/thenattikabeach.com\/wp-content\/uploads\/2022\/06\/Training-of-Therapists-1536x728.jpg 1536w, https:\/\/thenattikabeach.com\/wp-content\/uploads\/2022\/06\/Training-of-Therapists.jpg 1900w\" sizes=\"(max-width: 800px) 100vw, 800px\" title=\"\">\t\t\t\t\t\t\t\t\t\t\t\t\t\t\t<\/div>\n\t\t\t\t<\/div>\n\t\t\t\t\t<\/div>\n\t\t<\/div>\n\t\t\t\t\t<\/div>\n\t\t<\/section>\n\t\t\t\t\t<\/div>\n\t\t<\/div>\n\t\t\t\t\t<\/div>\n\t\t<\/section>\n\t\t\t\t<\/div>\n\t\t","protected":false},"excerpt":{"rendered":"<p>ABOUT NATTIKA Arbeiten Sie mit uns F\u00fcllen Sie das nachstehende Formular aus oder senden Sie Ihren Lebenslauf an hr@thenattikabeach.com Besch\u00e4ftigungsm\u00f6glichkeiten: Das Nattika Beach Ayurveda Resort ist ein Arbeitgeber der Chancengleichheit. Mit zwei Ayurveda-Strandresorts unter seinem Dach bietet die Gruppe zahlreiche Wachstumsm\u00f6glichkeiten in der Tourismusbranche. Wir laden qualifizierte, dynamische, selbstmotivierte und selbstbewusste Mitarbeiter ein, sich uns [&hellip;]<\/p>\n","protected":false},"author":3,"featured_media":0,"parent":0,"menu_order":0,"comment_status":"closed","ping_status":"closed","template":"elementor_header_footer","meta":{"footnotes":""},"class_list":["post-2776","page","type-page","status-publish","hentry"],"_links":{"self":[{"href":"https:\/\/thenattikabeach.com\/de\/wp-json\/wp\/v2\/pages\/2776","targetHints":{"allow":["GET"]}}],"collection":[{"href":"https:\/\/thenattikabeach.com\/de\/wp-json\/wp\/v2\/pages"}],"about":[{"href":"https:\/\/thenattikabeach.com\/de\/wp-json\/wp\/v2\/types\/page"}],"author":[{"embeddable":true,"href":"https:\/\/thenattikabeach.com\/de\/wp-json\/wp\/v2\/users\/3"}],"replies":[{"embeddable":true,"href":"https:\/\/thenattikabeach.com\/de\/wp-json\/wp\/v2\/comments?post=2776"}],"version-history":[{"count":20,"href":"https:\/\/thenattikabeach.com\/de\/wp-json\/wp\/v2\/pages\/2776\/revisions"}],"predecessor-version":[{"id":12096,"href":"https:\/\/thenattikabeach.com\/de\/wp-json\/wp\/v2\/pages\/2776\/revisions\/12096"}],"wp:attachment":[{"href":"https:\/\/thenattikabeach.com\/de\/wp-json\/wp\/v2\/media?parent=2776"}],"curies":[{"name":"wp","href":"https:\/\/api.w.org\/{rel}","templated":true}]}}