{"id":2772,"date":"2022-08-04T11:11:45","date_gmt":"2022-08-04T11:11:45","guid":{"rendered":"https:\/\/thenattikabeach.com\/daily-activities\/"},"modified":"2025-09-22T09:48:11","modified_gmt":"2025-09-22T09:48:11","slug":"daily-activities","status":"publish","type":"page","link":"https:\/\/thenattikabeach.com\/de\/daily-activities\/","title":{"rendered":"Daily Activities"},"content":{"rendered":"\t\t<div data-elementor-type=\"wp-page\" data-elementor-id=\"2772\" class=\"elementor elementor-2772 elementor-1414\" data-elementor-post-type=\"page\">\n\t\t\t\t\t\t<section class=\"elementor-section elementor-top-section elementor-element elementor-element-662b91a4 elementor-section-height-min-height elementor-hidden-mobile elementor-section-items-bottom elementor-section-boxed elementor-section-height-default\" data-id=\"662b91a4\" data-element_type=\"section\" data-e-type=\"section\" data-settings=\"{&quot;background_background&quot;:&quot;classic&quot;}\">\n\t\t\t\t\t\t<div class=\"elementor-container elementor-column-gap-default\">\n\t\t\t\t\t<div class=\"elementor-column elementor-col-100 elementor-top-column elementor-element elementor-element-5d741934\" data-id=\"5d741934\" data-element_type=\"column\" data-e-type=\"column\">\n\t\t\t<div class=\"elementor-widget-wrap\">\n\t\t\t\t\t\t\t<\/div>\n\t\t<\/div>\n\t\t\t\t\t<\/div>\n\t\t<\/section>\n\t\t\t\t<section class=\"elementor-section elementor-top-section elementor-element elementor-element-2b26f36 elementor-section-boxed elementor-section-height-default elementor-section-height-default\" data-id=\"2b26f36\" data-element_type=\"section\" data-e-type=\"section\">\n\t\t\t\t\t\t<div class=\"elementor-container elementor-column-gap-default\">\n\t\t\t\t\t<div class=\"elementor-column elementor-col-25 elementor-top-column elementor-element elementor-element-493f737\" data-id=\"493f737\" data-element_type=\"column\" data-e-type=\"column\">\n\t\t\t<div class=\"elementor-widget-wrap\">\n\t\t\t\t\t\t\t<\/div>\n\t\t<\/div>\n\t\t\t\t<div class=\"elementor-column elementor-col-50 elementor-top-column elementor-element elementor-element-4b5f42d\" data-id=\"4b5f42d\" data-element_type=\"column\" data-e-type=\"column\">\n\t\t\t<div class=\"elementor-widget-wrap\">\n\t\t\t\t\t\t\t<\/div>\n\t\t<\/div>\n\t\t\t\t<div class=\"elementor-column elementor-col-25 elementor-top-column elementor-element elementor-element-d9882df\" data-id=\"d9882df\" data-element_type=\"column\" data-e-type=\"column\">\n\t\t\t<div class=\"elementor-widget-wrap\">\n\t\t\t\t\t\t\t<\/div>\n\t\t<\/div>\n\t\t\t\t\t<\/div>\n\t\t<\/section>\n\t\t\t\t<section class=\"elementor-section elementor-top-section elementor-element elementor-element-3a044443 elementor-section-boxed elementor-section-height-default elementor-section-height-default\" data-id=\"3a044443\" data-element_type=\"section\" data-e-type=\"section\" id=\"sustainability\">\n\t\t\t\t\t\t<div class=\"elementor-container elementor-column-gap-wide\">\n\t\t\t\t\t<div class=\"elementor-column elementor-col-33 elementor-top-column elementor-element elementor-element-6f420909\" data-id=\"6f420909\" data-element_type=\"column\" data-e-type=\"column\">\n\t\t\t<div class=\"elementor-widget-wrap elementor-element-populated\">\n\t\t\t\t\t\t<section class=\"elementor-section elementor-inner-section elementor-element elementor-element-4b7ece7 elementor-section-boxed elementor-section-height-default elementor-section-height-default\" data-id=\"4b7ece7\" data-element_type=\"section\" data-e-type=\"section\" data-settings=\"{&quot;sticky&quot;:&quot;top&quot;,&quot;sticky_on&quot;:[&quot;desktop&quot;,&quot;tablet&quot;],&quot;sticky_offset&quot;:130,&quot;sticky_parent&quot;:&quot;yes&quot;,&quot;sticky_effects_offset&quot;:0,&quot;sticky_anchor_link_offset&quot;:0}\">\n\t\t\t\t\t\t<div class=\"elementor-container elementor-column-gap-default\">\n\t\t\t\t\t<div class=\"elementor-column elementor-col-100 elementor-inner-column elementor-element elementor-element-7de8db93\" data-id=\"7de8db93\" data-element_type=\"column\" data-e-type=\"column\">\n\t\t\t<div class=\"elementor-widget-wrap elementor-element-populated\">\n\t\t\t\t\t\t<div class=\"elementor-element elementor-element-f923e62 elementor-widget elementor-widget-heading\" data-id=\"f923e62\" data-element_type=\"widget\" data-e-type=\"widget\" data-widget_type=\"heading.default\">\n\t\t\t\t<div class=\"elementor-widget-container\">\n\t\t\t\t\t<h2 class=\"elementor-heading-title elementor-size-default\">ABOUT NATTIKA<\/h2>\t\t\t\t<\/div>\n\t\t\t\t<\/div>\n\t\t\t\t<div class=\"elementor-element elementor-element-3708ba1b elementor-nav-menu__align-start elementor-nav-menu--dropdown-none elementor-widget elementor-widget-nav-menu\" data-id=\"3708ba1b\" data-element_type=\"widget\" data-e-type=\"widget\" data-settings=\"{&quot;layout&quot;:&quot;vertical&quot;,&quot;submenu_icon&quot;:{&quot;value&quot;:&quot;&lt;i class=\\&quot;fas fa-caret-down\\&quot; aria-hidden=\\&quot;true\\&quot;&gt;&lt;\\\/i&gt;&quot;,&quot;library&quot;:&quot;fa-solid&quot;}}\" data-widget_type=\"nav-menu.default\">\n\t\t\t\t<div class=\"elementor-widget-container\">\n\t\t\t\t\t\t\t\t<nav aria-label=\"Men\u00fc\" class=\"elementor-nav-menu--main elementor-nav-menu__container elementor-nav-menu--layout-vertical e--pointer-none\">\n\t\t\t\t<ul id=\"menu-1-3708ba1b\" class=\"elementor-nav-menu sm-vertical\"><li class=\"menu-item menu-item-type-custom menu-item-object-custom menu-item-2932\"><a href=\"https:\/\/thenattikabeach.com\/de\/sustainability\/\" class=\"elementor-item\">Nachhaltigkeit<\/a><\/li>\n<li class=\"menu-item menu-item-type-custom menu-item-object-custom menu-item-2933\"><a href=\"https:\/\/thenattikabeach.com\/de\/organic-vegetable-farm-and-tennis-academy\/\" class=\"elementor-item\">Bio-Gem\u00fcsefarm und Tennisakademie<\/a><\/li>\n<li class=\"menu-item menu-item-type-custom menu-item-object-custom menu-item-2934\"><a href=\"https:\/\/thenattikabeach.com\/de\/nabh-green-leaf-certification\/\" class=\"elementor-item\">NABH- und Ayur-Diamant-Zertifizierung<\/a><\/li>\n<li class=\"menu-item menu-item-type-custom menu-item-object-custom menu-item-2935\"><a href=\"https:\/\/thenattikabeach.com\/de\/faqs\/\" class=\"elementor-item\">FAQs<\/a><\/li>\n<li class=\"menu-item menu-item-type-custom menu-item-object-custom menu-item-2936\"><a href=\"https:\/\/thenattikabeach.com\/de\/local-sightseeing\/\" class=\"elementor-item\">Lokale Sehensw\u00fcrdigkeiten<\/a><\/li>\n<li class=\"menu-item menu-item-type-custom menu-item-object-custom menu-item-2937\"><a href=\"https:\/\/thenattikabeach.com\/de\/daily-activities\/\" class=\"elementor-item\">T\u00e4gliche Aktivit\u00e4ten<\/a><\/li>\n<li class=\"menu-item menu-item-type-custom menu-item-object-custom menu-item-2938\"><a href=\"https:\/\/thenattikabeach.com\/de\/contact-us\/\" class=\"elementor-item\">Kontaktieren Sie uns<\/a><\/li>\n<li class=\"menu-item menu-item-type-custom menu-item-object-custom menu-item-2939\"><a href=\"https:\/\/thenattikabeach.com\/de\/work-with-us\/\" class=\"elementor-item\">Arbeiten Sie mit uns<\/a><\/li>\n<li class=\"menu-item menu-item-type-custom menu-item-object-custom menu-item-2940\"><a href=\"https:\/\/thenattikabeach.com\/de\/rockholm-at-the-lighthouse-beach\/\" class=\"elementor-item\">Rockholm at the Lighthouse Beach<\/a><\/li>\n<li class=\"menu-item menu-item-type-custom menu-item-object-custom menu-item-2941\"><a href=\"https:\/\/www.nattikalife.com\/\" class=\"elementor-item\" rel=\"nofollow noopener\" target=\"_blank\">Nattika Online-Wellness-Dienstleistungen<\/a><\/li>\n<li class=\"menu-item menu-item-type-custom menu-item-object-custom menu-item-9958\"><a href=\"https:\/\/www.parkamseenattika.com\/\" class=\"elementor-item\" rel=\"nofollow noopener\" target=\"_blank\">Ayurveda Kur in Deutschland<\/a><\/li>\n<\/ul>\t\t\t<\/nav>\n\t\t\t\t\t\t<nav class=\"elementor-nav-menu--dropdown elementor-nav-menu__container\" aria-hidden=\"true\">\n\t\t\t\t<ul id=\"menu-2-3708ba1b\" class=\"elementor-nav-menu sm-vertical\"><li class=\"menu-item menu-item-type-custom menu-item-object-custom menu-item-2932\"><a href=\"https:\/\/thenattikabeach.com\/de\/sustainability\/\" class=\"elementor-item\" tabindex=\"-1\">Nachhaltigkeit<\/a><\/li>\n<li class=\"menu-item menu-item-type-custom menu-item-object-custom menu-item-2933\"><a href=\"https:\/\/thenattikabeach.com\/de\/organic-vegetable-farm-and-tennis-academy\/\" class=\"elementor-item\" tabindex=\"-1\">Bio-Gem\u00fcsefarm und Tennisakademie<\/a><\/li>\n<li class=\"menu-item menu-item-type-custom menu-item-object-custom menu-item-2934\"><a href=\"https:\/\/thenattikabeach.com\/de\/nabh-green-leaf-certification\/\" class=\"elementor-item\" tabindex=\"-1\">NABH- und Ayur-Diamant-Zertifizierung<\/a><\/li>\n<li class=\"menu-item menu-item-type-custom menu-item-object-custom menu-item-2935\"><a href=\"https:\/\/thenattikabeach.com\/de\/faqs\/\" class=\"elementor-item\" tabindex=\"-1\">FAQs<\/a><\/li>\n<li class=\"menu-item menu-item-type-custom menu-item-object-custom menu-item-2936\"><a href=\"https:\/\/thenattikabeach.com\/de\/local-sightseeing\/\" class=\"elementor-item\" tabindex=\"-1\">Lokale Sehensw\u00fcrdigkeiten<\/a><\/li>\n<li class=\"menu-item menu-item-type-custom menu-item-object-custom menu-item-2937\"><a href=\"https:\/\/thenattikabeach.com\/de\/daily-activities\/\" class=\"elementor-item\" tabindex=\"-1\">T\u00e4gliche Aktivit\u00e4ten<\/a><\/li>\n<li class=\"menu-item menu-item-type-custom menu-item-object-custom menu-item-2938\"><a href=\"https:\/\/thenattikabeach.com\/de\/contact-us\/\" class=\"elementor-item\" tabindex=\"-1\">Kontaktieren Sie uns<\/a><\/li>\n<li class=\"menu-item menu-item-type-custom menu-item-object-custom menu-item-2939\"><a href=\"https:\/\/thenattikabeach.com\/de\/work-with-us\/\" class=\"elementor-item\" tabindex=\"-1\">Arbeiten Sie mit uns<\/a><\/li>\n<li class=\"menu-item menu-item-type-custom menu-item-object-custom menu-item-2940\"><a href=\"https:\/\/thenattikabeach.com\/de\/rockholm-at-the-lighthouse-beach\/\" class=\"elementor-item\" tabindex=\"-1\">Rockholm at the Lighthouse Beach<\/a><\/li>\n<li class=\"menu-item menu-item-type-custom menu-item-object-custom menu-item-2941\"><a href=\"https:\/\/www.nattikalife.com\/\" class=\"elementor-item\" tabindex=\"-1\" rel=\"nofollow noopener\" target=\"_blank\">Nattika Online-Wellness-Dienstleistungen<\/a><\/li>\n<li class=\"menu-item menu-item-type-custom menu-item-object-custom menu-item-9958\"><a href=\"https:\/\/www.parkamseenattika.com\/\" class=\"elementor-item\" tabindex=\"-1\" rel=\"nofollow noopener\" target=\"_blank\">Ayurveda Kur in Deutschland<\/a><\/li>\n<\/ul>\t\t\t<\/nav>\n\t\t\t\t\t\t<\/div>\n\t\t\t\t<\/div>\n\t\t\t\t\t<\/div>\n\t\t<\/div>\n\t\t\t\t\t<\/div>\n\t\t<\/section>\n\t\t\t\t\t<\/div>\n\t\t<\/div>\n\t\t\t\t<div class=\"elementor-column elementor-col-66 elementor-top-column elementor-element elementor-element-7b2fa941\" data-id=\"7b2fa941\" data-element_type=\"column\" data-e-type=\"column\">\n\t\t\t<div class=\"elementor-widget-wrap elementor-element-populated\">\n\t\t\t\t\t\t<section class=\"elementor-section elementor-inner-section elementor-element elementor-element-3fa0c8a1 elementor-section-boxed elementor-section-height-default elementor-section-height-default\" data-id=\"3fa0c8a1\" data-element_type=\"section\" data-e-type=\"section\" id=\"dailyactivities\">\n\t\t\t\t\t\t<div class=\"elementor-container elementor-column-gap-default\">\n\t\t\t\t\t<div class=\"elementor-column elementor-col-100 elementor-inner-column elementor-element elementor-element-43f1dff5\" data-id=\"43f1dff5\" data-element_type=\"column\" data-e-type=\"column\">\n\t\t\t<div class=\"elementor-widget-wrap elementor-element-populated\">\n\t\t\t\t\t\t<div class=\"elementor-element elementor-element-7ebfaa2f elementor-widget elementor-widget-heading\" data-id=\"7ebfaa2f\" data-element_type=\"widget\" data-e-type=\"widget\" data-widget_type=\"heading.default\">\n\t\t\t\t<div class=\"elementor-widget-container\">\n\t\t\t\t\t<h1 class=\"elementor-heading-title elementor-size-default\">T\u00e4gliche Aktivit\u00e4ten<\/h1>\t\t\t\t<\/div>\n\t\t\t\t<\/div>\n\t\t\t\t<div class=\"elementor-element elementor-element-2c3c340f elementor-widget elementor-widget-text-editor\" data-id=\"2c3c340f\" data-element_type=\"widget\" data-e-type=\"widget\" data-widget_type=\"text-editor.default\">\n\t\t\t\t<div class=\"elementor-widget-container\">\n\t\t\t\t\t\t\t\t\t<p>Da wir <a href=\"https:\/\/thenattikabeach.com\/de\/gallery\/#guests\">unseren G\u00e4sten<\/a> die M\u00f6glichkeit bieten, die Umgebung zu erkunden, bieten wir auch t\u00e4gliche Aktivit\u00e4ten innerhalb des Hotels an, mit dem gleichen Ziel, unsere Kultur, <a href=\"https:\/\/thenattikabeach.com\/de\/ayurveda-philosophy\/\">Philosophie<\/a> und vieles mehr zu entdecken.<\/p><p>Montags k\u00f6nnen Sie um 11 Uhr <a href=\"https:\/\/thenattikabeach.com\/de\/nattika-essence\/\">unsere \u00d6l Fabrik<\/a> und unseren Biogarten besuchen. Wir demonstrieren Ihnen die Herstellung von medizinischen \u00d6len und zeigen Ihnen anschlie\u00dfend den Bio-Bauernhof, auf dem wir das frische Gem\u00fcse f\u00fcr Ihre Mahlzeiten anbauen.<\/p><p>Um 16.00 Uhr f\u00fchrt Sie unser ayurvedischer Arzt durch den <a href=\"https:\/\/thenattikabeach.com\/de\/gardens\/\">Kr\u00e4utergarten<\/a> des <a href=\"https:\/\/thenattikabeach.com\/de\/swastha-the-ayurveda-center\/\">Ayurveda-Zentrums<\/a>, um Ihnen Spa\u00df und Inspiration zu bieten. Dies ist eine einzigartige interaktive Erfahrung f\u00fcr alle Altersgruppen.<\/p><p>Begleiten Sie unseren talentierten K\u00fcchenchef zu ayurvedischen Kochvorf\u00fchrungen im <a href=\"https:\/\/thenattikabeach.com\/de\/cuisine\/\">Restaurant Vapika<\/a> jeden Dienstag um 15 Uhr. Der Kurs beinhaltet eine Kochvorf\u00fchrung, eine Kostprobe des Gerichts und das Rezept zum Mitnehmen.<\/p><p>Mittwochs bieten wir kulturelle Aktivit\u00e4ten mit einem Besuch des Vaidyaratnam Ayurveda Museums um 14.30 Uhr an (Geb\u00fchr Rs. 1000 pro Person), wo Sie mehr \u00fcber die traditionelle Gesundheitspflege in Kerala und ihren Ursprung erfahren, der haupts\u00e4chlich auf den <a href=\"https:\/\/thenattikabeach.com\/de\/treatment-principles\/\">Prinzipien des Ayurveda<\/a> beruht.<\/p><p>Abends um 19 Uhr k\u00f6nnen Sie im Restaurant Vapika ein traditionelles Musikkonzert genie\u00dfen, w\u00e4hrend Sie Ihr Abendessen zu den Kl\u00e4ngen der besten klassischen indischen Ragas einnehmen.<\/p><p>Jeden Donnerstag um 17:00 Uhr k\u00f6nnen Sie mit uns und anderen G\u00e4sten in der gem\u00fctlichen Strandlounge gemeinsam Tee trinken. Die Beach Lounge bietet den perfekten Rahmen f\u00fcr ein entspanntes Beisammensein und Sie k\u00f6nnen eine Tasse Tee, frische S\u00e4fte und gesunde Snacks genie\u00dfen.<\/p><p>Begleiten Sie unseren talentierten K\u00fcchenchef freitags um 17.00 Uhr im Vapika zu einem gesunden Kochkurs, bei dem er schnelle und einfache gesunde Kochtechniken vorf\u00fchrt und Sie jedes Gericht, das w\u00e4hrend der Demonstration zubereitet wird, probieren k\u00f6nnen.<\/p><p>Vor der Kochvorf\u00fchrung haben Sie die M\u00f6glichkeit, um 15 Uhr unsere \u00d6l Fabrik und unseren Biogarten zu besichtigen.<\/p><p>Unsere Lady of Dolour&#8217;s Basilika alias Puthenpally Kirche ist die h\u00f6chste Kirche in Indien und die dritth\u00f6chste in Asien, sie wurde 1814 erbaut. Sie ist ber\u00fchmt f\u00fcr ihre Architektur im gotischen Stil. Ihre \u00fcppige Innenausstattung umfasst sch\u00f6ne Wandmalereien, Ikonen und Statuen von Heiligen sowie Szenen aus der Heiligen Schrift.\u00a0<\/p><p>Thrissur wird auch das Zentrum des Goldes genannt. Jedes Jahr werden in dieser Stadt 500 kg Gold- und Silberschmuck hergestellt. Erkundigen Sie den Markt, welcher eine Vielzahl an handgefertigtem Schmuck bietet.\u00a0<\/p><p>Der Peringottukara Sree Vishnumaya Tempel zieht nicht nur Gl\u00e4ubige, sondern auch eine Schar von Touristen und Reisende aus der ganzen Welt an. Es ist die erhabene Architektur des Thanjavur-Modells im sowohl Inneren als auch \u00c4u\u00dferen des Tempels, die die Besucher verzaubert. Die Hauptattraktion sind die pr\u00e4chtigen Skulpturen an der Au\u00dfenseite des Tempels.<\/p><p>Um 19 Uhr bietet das Restaurant Vapika ein weiteres traditionelles Musikkonzert, das Sie w\u00e4hrend des Abendessens begeistern wird.<\/p><p>Am Sonntag k\u00f6nnen Sie um 16.15 Uhr in der Lounge des Ayurveda-Zentrums an einem Vortrag \u00fcber Ayurveda teilnehmen, bei dem unser Ayurveda-Arzt Sie \u00fcber die verschiedenen Aspekte des Ayurveda aufkl\u00e4rt.<\/p>\t\t\t\t\t\t\t\t<\/div>\n\t\t\t\t<\/div>\n\t\t\t\t\t<\/div>\n\t\t<\/div>\n\t\t\t\t\t<\/div>\n\t\t<\/section>\n\t\t\t\t<section class=\"elementor-section elementor-inner-section elementor-element elementor-element-fc9883a elementor-section-content-middle elementor-section-boxed elementor-section-height-default elementor-section-height-default\" data-id=\"fc9883a\" data-element_type=\"section\" data-e-type=\"section\">\n\t\t\t\t\t\t<div class=\"elementor-container elementor-column-gap-default\">\n\t\t\t\t\t<div class=\"elementor-column elementor-col-50 elementor-inner-column elementor-element elementor-element-75b8766\" data-id=\"75b8766\" data-element_type=\"column\" data-e-type=\"column\">\n\t\t\t<div class=\"elementor-widget-wrap elementor-element-populated\">\n\t\t\t\t\t\t<div class=\"elementor-element elementor-element-2c5d7972 elementor-widget elementor-widget-image\" data-id=\"2c5d7972\" data-element_type=\"widget\" data-e-type=\"widget\" data-widget_type=\"image.default\">\n\t\t\t\t<div class=\"elementor-widget-container\">\n\t\t\t\t\t\t\t\t\t\t\t\t\t\t\t<img fetchpriority=\"high\" decoding=\"async\" width=\"1000\" height=\"1000\" src=\"https:\/\/thenattikabeach.com\/wp-content\/uploads\/2022\/08\/daily1.jpg\" class=\"attachment-full size-full wp-image-2609\" alt=\"\" srcset=\"https:\/\/thenattikabeach.com\/wp-content\/uploads\/2022\/08\/daily1.jpg 1000w, https:\/\/thenattikabeach.com\/wp-content\/uploads\/2022\/08\/daily1-300x300.jpg 300w, https:\/\/thenattikabeach.com\/wp-content\/uploads\/2022\/08\/daily1-150x150.jpg 150w, https:\/\/thenattikabeach.com\/wp-content\/uploads\/2022\/08\/daily1-768x768.jpg 768w\" sizes=\"(max-width: 1000px) 100vw, 1000px\" title=\"\">\t\t\t\t\t\t\t\t\t\t\t\t\t\t\t<\/div>\n\t\t\t\t<\/div>\n\t\t\t\t\t<\/div>\n\t\t<\/div>\n\t\t\t\t<div class=\"elementor-column elementor-col-50 elementor-inner-column elementor-element elementor-element-8b40547\" data-id=\"8b40547\" data-element_type=\"column\" data-e-type=\"column\">\n\t\t\t<div class=\"elementor-widget-wrap elementor-element-populated\">\n\t\t\t\t\t\t<div class=\"elementor-element elementor-element-7ee7137 elementor-widget elementor-widget-image\" data-id=\"7ee7137\" data-element_type=\"widget\" data-e-type=\"widget\" data-widget_type=\"image.default\">\n\t\t\t\t<div class=\"elementor-widget-container\">\n\t\t\t\t\t\t\t\t\t\t\t\t\t\t\t<img decoding=\"async\" width=\"1000\" height=\"1000\" src=\"https:\/\/thenattikabeach.com\/wp-content\/uploads\/2022\/08\/farm.jpg\" class=\"attachment-full size-full wp-image-2661\" alt=\"\" srcset=\"https:\/\/thenattikabeach.com\/wp-content\/uploads\/2022\/08\/farm.jpg 1000w, https:\/\/thenattikabeach.com\/wp-content\/uploads\/2022\/08\/farm-300x300.jpg 300w, https:\/\/thenattikabeach.com\/wp-content\/uploads\/2022\/08\/farm-150x150.jpg 150w, https:\/\/thenattikabeach.com\/wp-content\/uploads\/2022\/08\/farm-768x768.jpg 768w\" sizes=\"(max-width: 1000px) 100vw, 1000px\" title=\"\">\t\t\t\t\t\t\t\t\t\t\t\t\t\t\t<\/div>\n\t\t\t\t<\/div>\n\t\t\t\t\t<\/div>\n\t\t<\/div>\n\t\t\t\t\t<\/div>\n\t\t<\/section>\n\t\t\t\t<section class=\"elementor-section elementor-inner-section elementor-element elementor-element-94856be elementor-section-content-middle elementor-section-boxed elementor-section-height-default elementor-section-height-default\" data-id=\"94856be\" data-element_type=\"section\" data-e-type=\"section\">\n\t\t\t\t\t\t<div class=\"elementor-container elementor-column-gap-default\">\n\t\t\t\t\t<div class=\"elementor-column elementor-col-50 elementor-inner-column elementor-element elementor-element-8f2403a\" data-id=\"8f2403a\" data-element_type=\"column\" data-e-type=\"column\">\n\t\t\t<div class=\"elementor-widget-wrap elementor-element-populated\">\n\t\t\t\t\t\t<div class=\"elementor-element elementor-element-7254e0d elementor-widget elementor-widget-image\" data-id=\"7254e0d\" data-element_type=\"widget\" data-e-type=\"widget\" data-widget_type=\"image.default\">\n\t\t\t\t<div class=\"elementor-widget-container\">\n\t\t\t\t\t\t\t\t\t\t\t\t\t\t\t<img decoding=\"async\" width=\"1000\" height=\"1000\" src=\"https:\/\/thenattikabeach.com\/wp-content\/uploads\/2022\/08\/daily3.jpg\" class=\"attachment-full size-full wp-image-2613\" alt=\"\" srcset=\"https:\/\/thenattikabeach.com\/wp-content\/uploads\/2022\/08\/daily3.jpg 1000w, https:\/\/thenattikabeach.com\/wp-content\/uploads\/2022\/08\/daily3-300x300.jpg 300w, https:\/\/thenattikabeach.com\/wp-content\/uploads\/2022\/08\/daily3-150x150.jpg 150w, https:\/\/thenattikabeach.com\/wp-content\/uploads\/2022\/08\/daily3-768x768.jpg 768w\" sizes=\"(max-width: 1000px) 100vw, 1000px\" title=\"\">\t\t\t\t\t\t\t\t\t\t\t\t\t\t\t<\/div>\n\t\t\t\t<\/div>\n\t\t\t\t\t<\/div>\n\t\t<\/div>\n\t\t\t\t<div class=\"elementor-column elementor-col-50 elementor-inner-column elementor-element elementor-element-448a3f7\" data-id=\"448a3f7\" data-element_type=\"column\" data-e-type=\"column\">\n\t\t\t<div class=\"elementor-widget-wrap elementor-element-populated\">\n\t\t\t\t\t\t<div class=\"elementor-element elementor-element-84a7d36 elementor-widget elementor-widget-image\" data-id=\"84a7d36\" data-element_type=\"widget\" data-e-type=\"widget\" data-widget_type=\"image.default\">\n\t\t\t\t<div class=\"elementor-widget-container\">\n\t\t\t\t\t\t\t\t\t\t\t\t\t\t\t<img loading=\"lazy\" decoding=\"async\" width=\"1000\" height=\"1000\" src=\"https:\/\/thenattikabeach.com\/wp-content\/uploads\/2022\/08\/daily4.jpg\" class=\"attachment-full size-full wp-image-2615\" alt=\"\" srcset=\"https:\/\/thenattikabeach.com\/wp-content\/uploads\/2022\/08\/daily4.jpg 1000w, https:\/\/thenattikabeach.com\/wp-content\/uploads\/2022\/08\/daily4-300x300.jpg 300w, https:\/\/thenattikabeach.com\/wp-content\/uploads\/2022\/08\/daily4-150x150.jpg 150w, https:\/\/thenattikabeach.com\/wp-content\/uploads\/2022\/08\/daily4-768x768.jpg 768w\" sizes=\"(max-width: 1000px) 100vw, 1000px\" title=\"\">\t\t\t\t\t\t\t\t\t\t\t\t\t\t\t<\/div>\n\t\t\t\t<\/div>\n\t\t\t\t\t<\/div>\n\t\t<\/div>\n\t\t\t\t\t<\/div>\n\t\t<\/section>\n\t\t\t\t\t<\/div>\n\t\t<\/div>\n\t\t\t\t\t<\/div>\n\t\t<\/section>\n\t\t\t\t<\/div>\n\t\t","protected":false},"excerpt":{"rendered":"<p>ABOUT NATTIKA T\u00e4gliche Aktivit\u00e4ten Da wir unseren G\u00e4sten die M\u00f6glichkeit bieten, die Umgebung zu erkunden, bieten wir auch t\u00e4gliche Aktivit\u00e4ten innerhalb des Hotels an, mit dem gleichen Ziel, unsere Kultur, Philosophie und vieles mehr zu entdecken. Montags k\u00f6nnen Sie um 11 Uhr unsere \u00d6l Fabrik und unseren Biogarten besuchen. Wir demonstrieren Ihnen die Herstellung von [&hellip;]<\/p>\n","protected":false},"author":3,"featured_media":0,"parent":0,"menu_order":0,"comment_status":"closed","ping_status":"closed","template":"elementor_header_footer","meta":{"footnotes":""},"class_list":["post-2772","page","type-page","status-publish","hentry"],"_links":{"self":[{"href":"https:\/\/thenattikabeach.com\/de\/wp-json\/wp\/v2\/pages\/2772","targetHints":{"allow":["GET"]}}],"collection":[{"href":"https:\/\/thenattikabeach.com\/de\/wp-json\/wp\/v2\/pages"}],"about":[{"href":"https:\/\/thenattikabeach.com\/de\/wp-json\/wp\/v2\/types\/page"}],"author":[{"embeddable":true,"href":"https:\/\/thenattikabeach.com\/de\/wp-json\/wp\/v2\/users\/3"}],"replies":[{"embeddable":true,"href":"https:\/\/thenattikabeach.com\/de\/wp-json\/wp\/v2\/comments?post=2772"}],"version-history":[{"count":28,"href":"https:\/\/thenattikabeach.com\/de\/wp-json\/wp\/v2\/pages\/2772\/revisions"}],"predecessor-version":[{"id":12090,"href":"https:\/\/thenattikabeach.com\/de\/wp-json\/wp\/v2\/pages\/2772\/revisions\/12090"}],"wp:attachment":[{"href":"https:\/\/thenattikabeach.com\/de\/wp-json\/wp\/v2\/media?parent=2772"}],"curies":[{"name":"wp","href":"https:\/\/api.w.org\/{rel}","templated":true}]}}