{"id":2766,"date":"2022-08-04T11:06:10","date_gmt":"2022-08-04T11:06:10","guid":{"rendered":"https:\/\/thenattikabeach.com\/organic-vegetable-farm-and-tennis-academy\/"},"modified":"2025-09-22T09:46:14","modified_gmt":"2025-09-22T09:46:14","slug":"organic-vegetable-farm-and-tennis-academy","status":"publish","type":"page","link":"https:\/\/thenattikabeach.com\/de\/organic-vegetable-farm-and-tennis-academy\/","title":{"rendered":"Organic Vegetable Farm and Tennis Academy"},"content":{"rendered":"\t\t<div data-elementor-type=\"wp-page\" data-elementor-id=\"2766\" class=\"elementor elementor-2766 elementor-1397\" data-elementor-post-type=\"page\">\n\t\t\t\t\t\t<section class=\"elementor-section elementor-top-section elementor-element elementor-element-46d05b7c elementor-section-height-min-height elementor-hidden-mobile elementor-section-items-bottom elementor-section-boxed elementor-section-height-default\" data-id=\"46d05b7c\" data-element_type=\"section\" data-e-type=\"section\" data-settings=\"{&quot;background_background&quot;:&quot;classic&quot;}\">\n\t\t\t\t\t\t<div class=\"elementor-container elementor-column-gap-default\">\n\t\t\t\t\t<div class=\"elementor-column elementor-col-100 elementor-top-column elementor-element elementor-element-1dfea9b6\" data-id=\"1dfea9b6\" data-element_type=\"column\" data-e-type=\"column\">\n\t\t\t<div class=\"elementor-widget-wrap\">\n\t\t\t\t\t\t\t<\/div>\n\t\t<\/div>\n\t\t\t\t\t<\/div>\n\t\t<\/section>\n\t\t\t\t<section class=\"elementor-section elementor-top-section elementor-element elementor-element-7be2d2d elementor-section-boxed elementor-section-height-default elementor-section-height-default\" data-id=\"7be2d2d\" data-element_type=\"section\" data-e-type=\"section\">\n\t\t\t\t\t\t<div class=\"elementor-container elementor-column-gap-default\">\n\t\t\t\t\t<div class=\"elementor-column elementor-col-25 elementor-top-column elementor-element elementor-element-62ff153\" data-id=\"62ff153\" data-element_type=\"column\" data-e-type=\"column\">\n\t\t\t<div class=\"elementor-widget-wrap\">\n\t\t\t\t\t\t\t<\/div>\n\t\t<\/div>\n\t\t\t\t<div class=\"elementor-column elementor-col-50 elementor-top-column elementor-element elementor-element-00679b4\" data-id=\"00679b4\" data-element_type=\"column\" data-e-type=\"column\">\n\t\t\t<div class=\"elementor-widget-wrap\">\n\t\t\t\t\t\t\t<\/div>\n\t\t<\/div>\n\t\t\t\t<div class=\"elementor-column elementor-col-25 elementor-top-column elementor-element elementor-element-3cc54bf\" data-id=\"3cc54bf\" data-element_type=\"column\" data-e-type=\"column\">\n\t\t\t<div class=\"elementor-widget-wrap\">\n\t\t\t\t\t\t\t<\/div>\n\t\t<\/div>\n\t\t\t\t\t<\/div>\n\t\t<\/section>\n\t\t\t\t<section class=\"elementor-section elementor-top-section elementor-element elementor-element-22a5ffe1 elementor-section-boxed elementor-section-height-default elementor-section-height-default\" data-id=\"22a5ffe1\" data-element_type=\"section\" data-e-type=\"section\" id=\"sustainability\">\n\t\t\t\t\t\t<div class=\"elementor-container elementor-column-gap-wide\">\n\t\t\t\t\t<div class=\"elementor-column elementor-col-33 elementor-top-column elementor-element elementor-element-11fd1f70\" data-id=\"11fd1f70\" data-element_type=\"column\" data-e-type=\"column\">\n\t\t\t<div class=\"elementor-widget-wrap elementor-element-populated\">\n\t\t\t\t\t\t<section class=\"elementor-section elementor-inner-section elementor-element elementor-element-2f309d3b elementor-section-boxed elementor-section-height-default elementor-section-height-default\" data-id=\"2f309d3b\" data-element_type=\"section\" data-e-type=\"section\" data-settings=\"{&quot;sticky&quot;:&quot;top&quot;,&quot;sticky_on&quot;:[&quot;desktop&quot;,&quot;tablet&quot;],&quot;sticky_offset&quot;:130,&quot;sticky_parent&quot;:&quot;yes&quot;,&quot;sticky_effects_offset&quot;:0,&quot;sticky_anchor_link_offset&quot;:0}\">\n\t\t\t\t\t\t<div class=\"elementor-container elementor-column-gap-default\">\n\t\t\t\t\t<div class=\"elementor-column elementor-col-100 elementor-inner-column elementor-element elementor-element-30e0161c\" data-id=\"30e0161c\" data-element_type=\"column\" data-e-type=\"column\">\n\t\t\t<div class=\"elementor-widget-wrap elementor-element-populated\">\n\t\t\t\t\t\t<div class=\"elementor-element elementor-element-4889f9e3 elementor-widget elementor-widget-heading\" data-id=\"4889f9e3\" data-element_type=\"widget\" data-e-type=\"widget\" data-widget_type=\"heading.default\">\n\t\t\t\t<div class=\"elementor-widget-container\">\n\t\t\t\t\t<h2 class=\"elementor-heading-title elementor-size-default\">ABOUT NATTIKA<\/h2>\t\t\t\t<\/div>\n\t\t\t\t<\/div>\n\t\t\t\t<div class=\"elementor-element elementor-element-1adb2bc0 elementor-nav-menu__align-start elementor-nav-menu--dropdown-none elementor-widget elementor-widget-nav-menu\" data-id=\"1adb2bc0\" data-element_type=\"widget\" data-e-type=\"widget\" data-settings=\"{&quot;layout&quot;:&quot;vertical&quot;,&quot;submenu_icon&quot;:{&quot;value&quot;:&quot;&lt;i class=\\&quot;fas fa-caret-down\\&quot; aria-hidden=\\&quot;true\\&quot;&gt;&lt;\\\/i&gt;&quot;,&quot;library&quot;:&quot;fa-solid&quot;}}\" data-widget_type=\"nav-menu.default\">\n\t\t\t\t<div class=\"elementor-widget-container\">\n\t\t\t\t\t\t\t\t<nav aria-label=\"Men\u00fc\" class=\"elementor-nav-menu--main elementor-nav-menu__container elementor-nav-menu--layout-vertical e--pointer-none\">\n\t\t\t\t<ul id=\"menu-1-1adb2bc0\" class=\"elementor-nav-menu sm-vertical\"><li class=\"menu-item menu-item-type-custom menu-item-object-custom menu-item-2932\"><a href=\"https:\/\/thenattikabeach.com\/de\/sustainability\/\" class=\"elementor-item\">Nachhaltigkeit<\/a><\/li>\n<li class=\"menu-item menu-item-type-custom menu-item-object-custom menu-item-2933\"><a href=\"https:\/\/thenattikabeach.com\/de\/organic-vegetable-farm-and-tennis-academy\/\" class=\"elementor-item\">Bio-Gem\u00fcsefarm und Tennisakademie<\/a><\/li>\n<li class=\"menu-item menu-item-type-custom menu-item-object-custom menu-item-2934\"><a href=\"https:\/\/thenattikabeach.com\/de\/nabh-green-leaf-certification\/\" class=\"elementor-item\">NABH- und Ayur-Diamant-Zertifizierung<\/a><\/li>\n<li class=\"menu-item menu-item-type-custom menu-item-object-custom menu-item-2935\"><a href=\"https:\/\/thenattikabeach.com\/de\/faqs\/\" class=\"elementor-item\">FAQs<\/a><\/li>\n<li class=\"menu-item menu-item-type-custom menu-item-object-custom menu-item-2936\"><a href=\"https:\/\/thenattikabeach.com\/de\/local-sightseeing\/\" class=\"elementor-item\">Lokale Sehensw\u00fcrdigkeiten<\/a><\/li>\n<li class=\"menu-item menu-item-type-custom menu-item-object-custom menu-item-2937\"><a href=\"https:\/\/thenattikabeach.com\/de\/daily-activities\/\" class=\"elementor-item\">T\u00e4gliche Aktivit\u00e4ten<\/a><\/li>\n<li class=\"menu-item menu-item-type-custom menu-item-object-custom menu-item-2938\"><a href=\"https:\/\/thenattikabeach.com\/de\/contact-us\/\" class=\"elementor-item\">Kontaktieren Sie uns<\/a><\/li>\n<li class=\"menu-item menu-item-type-custom menu-item-object-custom menu-item-2939\"><a href=\"https:\/\/thenattikabeach.com\/de\/work-with-us\/\" class=\"elementor-item\">Arbeiten Sie mit uns<\/a><\/li>\n<li class=\"menu-item menu-item-type-custom menu-item-object-custom menu-item-2940\"><a href=\"https:\/\/thenattikabeach.com\/de\/rockholm-at-the-lighthouse-beach\/\" class=\"elementor-item\">Rockholm at the Lighthouse Beach<\/a><\/li>\n<li class=\"menu-item menu-item-type-custom menu-item-object-custom menu-item-2941\"><a href=\"https:\/\/www.nattikalife.com\/\" class=\"elementor-item\" rel=\"nofollow noopener\" target=\"_blank\">Nattika Online-Wellness-Dienstleistungen<\/a><\/li>\n<li class=\"menu-item menu-item-type-custom menu-item-object-custom menu-item-9958\"><a href=\"https:\/\/www.parkamseenattika.com\/\" class=\"elementor-item\" rel=\"nofollow noopener\" target=\"_blank\">Ayurveda Kur in Deutschland<\/a><\/li>\n<\/ul>\t\t\t<\/nav>\n\t\t\t\t\t\t<nav class=\"elementor-nav-menu--dropdown elementor-nav-menu__container\" aria-hidden=\"true\">\n\t\t\t\t<ul id=\"menu-2-1adb2bc0\" class=\"elementor-nav-menu sm-vertical\"><li class=\"menu-item menu-item-type-custom menu-item-object-custom menu-item-2932\"><a href=\"https:\/\/thenattikabeach.com\/de\/sustainability\/\" class=\"elementor-item\" tabindex=\"-1\">Nachhaltigkeit<\/a><\/li>\n<li class=\"menu-item menu-item-type-custom menu-item-object-custom menu-item-2933\"><a href=\"https:\/\/thenattikabeach.com\/de\/organic-vegetable-farm-and-tennis-academy\/\" class=\"elementor-item\" tabindex=\"-1\">Bio-Gem\u00fcsefarm und Tennisakademie<\/a><\/li>\n<li class=\"menu-item menu-item-type-custom menu-item-object-custom menu-item-2934\"><a href=\"https:\/\/thenattikabeach.com\/de\/nabh-green-leaf-certification\/\" class=\"elementor-item\" tabindex=\"-1\">NABH- und Ayur-Diamant-Zertifizierung<\/a><\/li>\n<li class=\"menu-item menu-item-type-custom menu-item-object-custom menu-item-2935\"><a href=\"https:\/\/thenattikabeach.com\/de\/faqs\/\" class=\"elementor-item\" tabindex=\"-1\">FAQs<\/a><\/li>\n<li class=\"menu-item menu-item-type-custom menu-item-object-custom menu-item-2936\"><a href=\"https:\/\/thenattikabeach.com\/de\/local-sightseeing\/\" class=\"elementor-item\" tabindex=\"-1\">Lokale Sehensw\u00fcrdigkeiten<\/a><\/li>\n<li class=\"menu-item menu-item-type-custom menu-item-object-custom menu-item-2937\"><a href=\"https:\/\/thenattikabeach.com\/de\/daily-activities\/\" class=\"elementor-item\" tabindex=\"-1\">T\u00e4gliche Aktivit\u00e4ten<\/a><\/li>\n<li class=\"menu-item menu-item-type-custom menu-item-object-custom menu-item-2938\"><a href=\"https:\/\/thenattikabeach.com\/de\/contact-us\/\" class=\"elementor-item\" tabindex=\"-1\">Kontaktieren Sie uns<\/a><\/li>\n<li class=\"menu-item menu-item-type-custom menu-item-object-custom menu-item-2939\"><a href=\"https:\/\/thenattikabeach.com\/de\/work-with-us\/\" class=\"elementor-item\" tabindex=\"-1\">Arbeiten Sie mit uns<\/a><\/li>\n<li class=\"menu-item menu-item-type-custom menu-item-object-custom menu-item-2940\"><a href=\"https:\/\/thenattikabeach.com\/de\/rockholm-at-the-lighthouse-beach\/\" class=\"elementor-item\" tabindex=\"-1\">Rockholm at the Lighthouse Beach<\/a><\/li>\n<li class=\"menu-item menu-item-type-custom menu-item-object-custom menu-item-2941\"><a href=\"https:\/\/www.nattikalife.com\/\" class=\"elementor-item\" tabindex=\"-1\" rel=\"nofollow noopener\" target=\"_blank\">Nattika Online-Wellness-Dienstleistungen<\/a><\/li>\n<li class=\"menu-item menu-item-type-custom menu-item-object-custom menu-item-9958\"><a href=\"https:\/\/www.parkamseenattika.com\/\" class=\"elementor-item\" tabindex=\"-1\" rel=\"nofollow noopener\" target=\"_blank\">Ayurveda Kur in Deutschland<\/a><\/li>\n<\/ul>\t\t\t<\/nav>\n\t\t\t\t\t\t<\/div>\n\t\t\t\t<\/div>\n\t\t\t\t\t<\/div>\n\t\t<\/div>\n\t\t\t\t\t<\/div>\n\t\t<\/section>\n\t\t\t\t\t<\/div>\n\t\t<\/div>\n\t\t\t\t<div class=\"elementor-column elementor-col-66 elementor-top-column elementor-element elementor-element-2be90556\" data-id=\"2be90556\" data-element_type=\"column\" data-e-type=\"column\">\n\t\t\t<div class=\"elementor-widget-wrap elementor-element-populated\">\n\t\t\t\t\t\t<section class=\"elementor-section elementor-inner-section elementor-element elementor-element-3a411002 elementor-section-boxed elementor-section-height-default elementor-section-height-default\" data-id=\"3a411002\" data-element_type=\"section\" data-e-type=\"section\" id=\"organicvegetablefarmandtennisacademy\">\n\t\t\t\t\t\t<div class=\"elementor-container elementor-column-gap-default\">\n\t\t\t\t\t<div class=\"elementor-column elementor-col-100 elementor-inner-column elementor-element elementor-element-dc3132d\" data-id=\"dc3132d\" data-element_type=\"column\" data-e-type=\"column\">\n\t\t\t<div class=\"elementor-widget-wrap elementor-element-populated\">\n\t\t\t\t\t\t<div class=\"elementor-element elementor-element-98fdba8 elementor-widget elementor-widget-heading\" data-id=\"98fdba8\" data-element_type=\"widget\" data-e-type=\"widget\" data-widget_type=\"heading.default\">\n\t\t\t\t<div class=\"elementor-widget-container\">\n\t\t\t\t\t<h1 class=\"elementor-heading-title elementor-size-default\">Bio-Gem\u00fcsefarm und Tennisakademie<\/h1>\t\t\t\t<\/div>\n\t\t\t\t<\/div>\n\t\t\t\t<div class=\"elementor-element elementor-element-32793737 elementor-widget elementor-widget-text-editor\" data-id=\"32793737\" data-element_type=\"widget\" data-e-type=\"widget\" data-widget_type=\"text-editor.default\">\n\t\t\t\t<div class=\"elementor-widget-container\">\n\t\t\t\t\t\t\t\t\t<p><strong>Bio-Bauernhof<\/strong><\/p><p>Unser Bio-Bauernhof versorgt unsere VaPiKa-K\u00fcche mit einer F\u00fclle an frischem, saisonalem Gem\u00fcse und Obst, das wir f\u00fcr unsere k\u00f6stlichen Gerichte verwenden. Inmitten unseres Bio-Bauernhofs finden Sie Produkte aus der Erde und alles organisch rein. <\/p><p>Zu den Produkten, die wir h\u00e4ufig von unseren Bauernh\u00f6fen beziehen, geh\u00f6ren: Butternussk\u00fcrbis, Brinjal, Tomaten, Schlangenk\u00fcrbis, Bitterk\u00fcrbis, Kohl, lange Bohnen, roter Spinat, Rote Beete, Tapioka, Bananen, Papaya und vieles mehr.<\/p>\t\t\t\t\t\t\t\t<\/div>\n\t\t\t\t<\/div>\n\t\t\t\t<div class=\"elementor-element elementor-element-679e4a30 elementor-widget elementor-widget-image\" data-id=\"679e4a30\" data-element_type=\"widget\" data-e-type=\"widget\" data-widget_type=\"image.default\">\n\t\t\t\t<div class=\"elementor-widget-container\">\n\t\t\t\t\t\t\t\t\t\t\t\t\t\t\t<img fetchpriority=\"high\" decoding=\"async\" width=\"800\" height=\"379\" src=\"https:\/\/thenattikabeach.com\/wp-content\/uploads\/2022\/06\/organic-farming-1024x485.jpg\" class=\"attachment-large size-large wp-image-2439\" alt=\"\" srcset=\"https:\/\/thenattikabeach.com\/wp-content\/uploads\/2022\/06\/organic-farming-1024x485.jpg 1024w, https:\/\/thenattikabeach.com\/wp-content\/uploads\/2022\/06\/organic-farming-300x142.jpg 300w, https:\/\/thenattikabeach.com\/wp-content\/uploads\/2022\/06\/organic-farming-768x364.jpg 768w, https:\/\/thenattikabeach.com\/wp-content\/uploads\/2022\/06\/organic-farming-1536x728.jpg 1536w, https:\/\/thenattikabeach.com\/wp-content\/uploads\/2022\/06\/organic-farming.jpg 1900w\" sizes=\"(max-width: 800px) 100vw, 800px\" title=\"\">\t\t\t\t\t\t\t\t\t\t\t\t\t\t\t<\/div>\n\t\t\t\t<\/div>\n\t\t\t\t<div class=\"elementor-element elementor-element-70a6f38b elementor-widget elementor-widget-text-editor\" data-id=\"70a6f38b\" data-element_type=\"widget\" data-e-type=\"widget\" data-widget_type=\"text-editor.default\">\n\t\t\t\t<div class=\"elementor-widget-container\">\n\t\t\t\t\t\t\t\t\t<p><strong>Tennis-Akademie<\/strong><\/p><p>Wir organisieren kostenlose Tennisstunden f\u00fcr unterprivilegierte Kinder aus der Umgebung und den umliegenden D\u00f6rfern, um ihnen eine lohnende Freizeitbesch\u00e4ftigung zu bieten, die ihre k\u00f6rperliche und geistige Fitness f\u00f6rdert. Dieses Training wird auf dem hoteleigenen Tennisplatz von einem professionellen Tennislehrer durchgef\u00fchrt. Auch unsere G\u00e4ste sind eingeladen, an der Schulung teilzunehmen. Unser Ziel ist es, Freude und Gl\u00fcck zu verbreiten und t\u00e4gliche Bewegung zu f\u00f6rdern, um gesund und fit zu bleiben. Dar\u00fcber hinaus k\u00f6nnen unsere G\u00e4ste mit den Kindern vor Ort interagieren und ihrem inneren Kind freien Lauf lassen, was zu ihrem allgemeinen psychischen Wohlbefinden beitr\u00e4gt.<\/p>\t\t\t\t\t\t\t\t<\/div>\n\t\t\t\t<\/div>\n\t\t\t\t<div class=\"elementor-element elementor-element-17a6d81a elementor-widget elementor-widget-image\" data-id=\"17a6d81a\" data-element_type=\"widget\" data-e-type=\"widget\" data-widget_type=\"image.default\">\n\t\t\t\t<div class=\"elementor-widget-container\">\n\t\t\t\t\t\t\t\t\t\t\t\t\t\t\t<img decoding=\"async\" width=\"800\" height=\"800\" src=\"https:\/\/thenattikabeach.com\/wp-content\/uploads\/2022\/06\/Tennis-Coaching-Camp.jpg\" class=\"attachment-large size-large wp-image-2441\" alt=\"\" srcset=\"https:\/\/thenattikabeach.com\/wp-content\/uploads\/2022\/06\/Tennis-Coaching-Camp.jpg 1000w, https:\/\/thenattikabeach.com\/wp-content\/uploads\/2022\/06\/Tennis-Coaching-Camp-300x300.jpg 300w, https:\/\/thenattikabeach.com\/wp-content\/uploads\/2022\/06\/Tennis-Coaching-Camp-150x150.jpg 150w, https:\/\/thenattikabeach.com\/wp-content\/uploads\/2022\/06\/Tennis-Coaching-Camp-768x768.jpg 768w\" sizes=\"(max-width: 800px) 100vw, 800px\" title=\"\">\t\t\t\t\t\t\t\t\t\t\t\t\t\t\t<\/div>\n\t\t\t\t<\/div>\n\t\t\t\t\t<\/div>\n\t\t<\/div>\n\t\t\t\t\t<\/div>\n\t\t<\/section>\n\t\t\t\t\t<\/div>\n\t\t<\/div>\n\t\t\t\t\t<\/div>\n\t\t<\/section>\n\t\t\t\t<\/div>\n\t\t","protected":false},"excerpt":{"rendered":"<p>ABOUT NATTIKA Bio-Gem\u00fcsefarm und Tennisakademie Bio-Bauernhof Unser Bio-Bauernhof versorgt unsere VaPiKa-K\u00fcche mit einer F\u00fclle an frischem, saisonalem Gem\u00fcse und Obst, das wir f\u00fcr unsere k\u00f6stlichen Gerichte verwenden. Inmitten unseres Bio-Bauernhofs finden Sie Produkte aus der Erde und alles organisch rein. Zu den Produkten, die wir h\u00e4ufig von unseren Bauernh\u00f6fen beziehen, geh\u00f6ren: Butternussk\u00fcrbis, Brinjal, Tomaten, Schlangenk\u00fcrbis, [&hellip;]<\/p>\n","protected":false},"author":3,"featured_media":0,"parent":0,"menu_order":0,"comment_status":"closed","ping_status":"closed","template":"elementor_header_footer","meta":{"footnotes":""},"class_list":["post-2766","page","type-page","status-publish","hentry"],"_links":{"self":[{"href":"https:\/\/thenattikabeach.com\/de\/wp-json\/wp\/v2\/pages\/2766","targetHints":{"allow":["GET"]}}],"collection":[{"href":"https:\/\/thenattikabeach.com\/de\/wp-json\/wp\/v2\/pages"}],"about":[{"href":"https:\/\/thenattikabeach.com\/de\/wp-json\/wp\/v2\/types\/page"}],"author":[{"embeddable":true,"href":"https:\/\/thenattikabeach.com\/de\/wp-json\/wp\/v2\/users\/3"}],"replies":[{"embeddable":true,"href":"https:\/\/thenattikabeach.com\/de\/wp-json\/wp\/v2\/comments?post=2766"}],"version-history":[{"count":19,"href":"https:\/\/thenattikabeach.com\/de\/wp-json\/wp\/v2\/pages\/2766\/revisions"}],"predecessor-version":[{"id":12081,"href":"https:\/\/thenattikabeach.com\/de\/wp-json\/wp\/v2\/pages\/2766\/revisions\/12081"}],"wp:attachment":[{"href":"https:\/\/thenattikabeach.com\/de\/wp-json\/wp\/v2\/media?parent=2766"}],"curies":[{"name":"wp","href":"https:\/\/api.w.org\/{rel}","templated":true}]}}