{"id":2764,"date":"2022-08-04T11:04:51","date_gmt":"2022-08-04T11:04:51","guid":{"rendered":"https:\/\/thenattikabeach.com\/sustainability\/"},"modified":"2026-02-21T06:27:23","modified_gmt":"2026-02-21T06:27:23","slug":"sustainability","status":"publish","type":"page","link":"https:\/\/thenattikabeach.com\/de\/sustainability\/","title":{"rendered":"Sustainability"},"content":{"rendered":"\t\t<div data-elementor-type=\"wp-page\" data-elementor-id=\"2764\" class=\"elementor elementor-2764 elementor-1386\" data-elementor-post-type=\"page\">\n\t\t\t\t\t\t<section class=\"elementor-section elementor-top-section elementor-element elementor-element-206a3846 elementor-section-height-min-height elementor-hidden-mobile elementor-section-items-bottom elementor-section-boxed elementor-section-height-default\" data-id=\"206a3846\" data-element_type=\"section\" data-e-type=\"section\" data-settings=\"{&quot;background_background&quot;:&quot;classic&quot;}\">\n\t\t\t\t\t\t<div class=\"elementor-container elementor-column-gap-default\">\n\t\t\t\t\t<div class=\"elementor-column elementor-col-100 elementor-top-column elementor-element elementor-element-13a52f38\" data-id=\"13a52f38\" data-element_type=\"column\" data-e-type=\"column\">\n\t\t\t<div class=\"elementor-widget-wrap\">\n\t\t\t\t\t\t\t<\/div>\n\t\t<\/div>\n\t\t\t\t\t<\/div>\n\t\t<\/section>\n\t\t\t\t<section class=\"elementor-section elementor-top-section elementor-element elementor-element-7b20690 elementor-section-boxed elementor-section-height-default elementor-section-height-default\" data-id=\"7b20690\" data-element_type=\"section\" data-e-type=\"section\">\n\t\t\t\t\t\t<div class=\"elementor-container elementor-column-gap-default\">\n\t\t\t\t\t<div class=\"elementor-column elementor-col-25 elementor-top-column elementor-element elementor-element-cd901bc\" data-id=\"cd901bc\" data-element_type=\"column\" data-e-type=\"column\">\n\t\t\t<div class=\"elementor-widget-wrap\">\n\t\t\t\t\t\t\t<\/div>\n\t\t<\/div>\n\t\t\t\t<div class=\"elementor-column elementor-col-50 elementor-top-column elementor-element elementor-element-6c0c3a5\" data-id=\"6c0c3a5\" data-element_type=\"column\" data-e-type=\"column\">\n\t\t\t<div class=\"elementor-widget-wrap\">\n\t\t\t\t\t\t\t<\/div>\n\t\t<\/div>\n\t\t\t\t<div class=\"elementor-column elementor-col-25 elementor-top-column elementor-element elementor-element-5a64397\" data-id=\"5a64397\" data-element_type=\"column\" data-e-type=\"column\">\n\t\t\t<div class=\"elementor-widget-wrap\">\n\t\t\t\t\t\t\t<\/div>\n\t\t<\/div>\n\t\t\t\t\t<\/div>\n\t\t<\/section>\n\t\t\t\t<section class=\"elementor-section elementor-top-section elementor-element elementor-element-5e990fce elementor-section-boxed elementor-section-height-default elementor-section-height-default\" data-id=\"5e990fce\" data-element_type=\"section\" data-e-type=\"section\" id=\"sustainability\">\n\t\t\t\t\t\t<div class=\"elementor-container elementor-column-gap-wide\">\n\t\t\t\t\t<div class=\"elementor-column elementor-col-33 elementor-top-column elementor-element elementor-element-4dcf86ac\" data-id=\"4dcf86ac\" data-element_type=\"column\" data-e-type=\"column\">\n\t\t\t<div class=\"elementor-widget-wrap elementor-element-populated\">\n\t\t\t\t\t\t<section class=\"elementor-section elementor-inner-section elementor-element elementor-element-66e61fc5 elementor-section-boxed elementor-section-height-default elementor-section-height-default\" data-id=\"66e61fc5\" data-element_type=\"section\" data-e-type=\"section\" data-settings=\"{&quot;sticky&quot;:&quot;top&quot;,&quot;sticky_on&quot;:[&quot;desktop&quot;,&quot;tablet&quot;],&quot;sticky_offset&quot;:130,&quot;sticky_parent&quot;:&quot;yes&quot;,&quot;sticky_effects_offset&quot;:0,&quot;sticky_anchor_link_offset&quot;:0}\">\n\t\t\t\t\t\t<div class=\"elementor-container elementor-column-gap-default\">\n\t\t\t\t\t<div class=\"elementor-column elementor-col-100 elementor-inner-column elementor-element elementor-element-6cf19b16\" data-id=\"6cf19b16\" data-element_type=\"column\" data-e-type=\"column\">\n\t\t\t<div class=\"elementor-widget-wrap elementor-element-populated\">\n\t\t\t\t\t\t<div class=\"elementor-element elementor-element-4e620571 elementor-widget elementor-widget-heading\" data-id=\"4e620571\" data-element_type=\"widget\" data-e-type=\"widget\" data-widget_type=\"heading.default\">\n\t\t\t\t<div class=\"elementor-widget-container\">\n\t\t\t\t\t<h2 class=\"elementor-heading-title elementor-size-default\">\u00dcBER NATTIKA\n<\/h2>\t\t\t\t<\/div>\n\t\t\t\t<\/div>\n\t\t\t\t<div class=\"elementor-element elementor-element-12537bce elementor-nav-menu__align-start elementor-nav-menu--dropdown-none elementor-widget elementor-widget-nav-menu\" data-id=\"12537bce\" data-element_type=\"widget\" data-e-type=\"widget\" data-settings=\"{&quot;layout&quot;:&quot;vertical&quot;,&quot;submenu_icon&quot;:{&quot;value&quot;:&quot;&lt;i class=\\&quot;fas fa-caret-down\\&quot; aria-hidden=\\&quot;true\\&quot;&gt;&lt;\\\/i&gt;&quot;,&quot;library&quot;:&quot;fa-solid&quot;}}\" data-widget_type=\"nav-menu.default\">\n\t\t\t\t<div class=\"elementor-widget-container\">\n\t\t\t\t\t\t\t\t<nav aria-label=\"Men\u00fc\" class=\"elementor-nav-menu--main elementor-nav-menu__container elementor-nav-menu--layout-vertical e--pointer-none\">\n\t\t\t\t<ul id=\"menu-1-12537bce\" class=\"elementor-nav-menu sm-vertical\"><li class=\"menu-item menu-item-type-custom menu-item-object-custom menu-item-2932\"><a href=\"https:\/\/thenattikabeach.com\/de\/sustainability\/\" class=\"elementor-item\">Nachhaltigkeit<\/a><\/li>\n<li class=\"menu-item menu-item-type-custom menu-item-object-custom menu-item-2933\"><a href=\"https:\/\/thenattikabeach.com\/de\/organic-vegetable-farm-and-tennis-academy\/\" class=\"elementor-item\">Bio-Gem\u00fcsefarm und Tennisakademie<\/a><\/li>\n<li class=\"menu-item menu-item-type-custom menu-item-object-custom menu-item-2934\"><a href=\"https:\/\/thenattikabeach.com\/de\/nabh-green-leaf-certification\/\" class=\"elementor-item\">NABH- und Ayur-Diamant-Zertifizierung<\/a><\/li>\n<li class=\"menu-item menu-item-type-custom menu-item-object-custom menu-item-2935\"><a href=\"https:\/\/thenattikabeach.com\/de\/faqs\/\" class=\"elementor-item\">FAQs<\/a><\/li>\n<li class=\"menu-item menu-item-type-custom menu-item-object-custom menu-item-2936\"><a href=\"https:\/\/thenattikabeach.com\/de\/local-sightseeing\/\" class=\"elementor-item\">Lokale Sehensw\u00fcrdigkeiten<\/a><\/li>\n<li class=\"menu-item menu-item-type-custom menu-item-object-custom menu-item-2937\"><a href=\"https:\/\/thenattikabeach.com\/de\/daily-activities\/\" class=\"elementor-item\">T\u00e4gliche Aktivit\u00e4ten<\/a><\/li>\n<li class=\"menu-item menu-item-type-custom menu-item-object-custom menu-item-2938\"><a href=\"https:\/\/thenattikabeach.com\/de\/contact-us\/\" class=\"elementor-item\">Kontaktieren Sie uns<\/a><\/li>\n<li class=\"menu-item menu-item-type-custom menu-item-object-custom menu-item-2939\"><a href=\"https:\/\/thenattikabeach.com\/de\/work-with-us\/\" class=\"elementor-item\">Arbeiten Sie mit uns<\/a><\/li>\n<li class=\"menu-item menu-item-type-custom menu-item-object-custom menu-item-2940\"><a href=\"https:\/\/thenattikabeach.com\/de\/rockholm-at-the-lighthouse-beach\/\" class=\"elementor-item\">Rockholm at the Lighthouse Beach<\/a><\/li>\n<li class=\"menu-item menu-item-type-custom menu-item-object-custom menu-item-2941\"><a href=\"https:\/\/www.nattikalife.com\/\" class=\"elementor-item\" rel=\"nofollow noopener\" target=\"_blank\">Nattika Online-Wellness-Dienstleistungen<\/a><\/li>\n<li class=\"menu-item menu-item-type-custom menu-item-object-custom menu-item-9958\"><a href=\"https:\/\/www.parkamseenattika.com\/\" class=\"elementor-item\" rel=\"nofollow noopener\" target=\"_blank\">Ayurveda Kur in Deutschland<\/a><\/li>\n<\/ul>\t\t\t<\/nav>\n\t\t\t\t\t\t<nav class=\"elementor-nav-menu--dropdown elementor-nav-menu__container\" aria-hidden=\"true\">\n\t\t\t\t<ul id=\"menu-2-12537bce\" class=\"elementor-nav-menu sm-vertical\"><li class=\"menu-item menu-item-type-custom menu-item-object-custom menu-item-2932\"><a href=\"https:\/\/thenattikabeach.com\/de\/sustainability\/\" class=\"elementor-item\" tabindex=\"-1\">Nachhaltigkeit<\/a><\/li>\n<li class=\"menu-item menu-item-type-custom menu-item-object-custom menu-item-2933\"><a href=\"https:\/\/thenattikabeach.com\/de\/organic-vegetable-farm-and-tennis-academy\/\" class=\"elementor-item\" tabindex=\"-1\">Bio-Gem\u00fcsefarm und Tennisakademie<\/a><\/li>\n<li class=\"menu-item menu-item-type-custom menu-item-object-custom menu-item-2934\"><a href=\"https:\/\/thenattikabeach.com\/de\/nabh-green-leaf-certification\/\" class=\"elementor-item\" tabindex=\"-1\">NABH- und Ayur-Diamant-Zertifizierung<\/a><\/li>\n<li class=\"menu-item menu-item-type-custom menu-item-object-custom menu-item-2935\"><a href=\"https:\/\/thenattikabeach.com\/de\/faqs\/\" class=\"elementor-item\" tabindex=\"-1\">FAQs<\/a><\/li>\n<li class=\"menu-item menu-item-type-custom menu-item-object-custom menu-item-2936\"><a href=\"https:\/\/thenattikabeach.com\/de\/local-sightseeing\/\" class=\"elementor-item\" tabindex=\"-1\">Lokale Sehensw\u00fcrdigkeiten<\/a><\/li>\n<li class=\"menu-item menu-item-type-custom menu-item-object-custom menu-item-2937\"><a href=\"https:\/\/thenattikabeach.com\/de\/daily-activities\/\" class=\"elementor-item\" tabindex=\"-1\">T\u00e4gliche Aktivit\u00e4ten<\/a><\/li>\n<li class=\"menu-item menu-item-type-custom menu-item-object-custom menu-item-2938\"><a href=\"https:\/\/thenattikabeach.com\/de\/contact-us\/\" class=\"elementor-item\" tabindex=\"-1\">Kontaktieren Sie uns<\/a><\/li>\n<li class=\"menu-item menu-item-type-custom menu-item-object-custom menu-item-2939\"><a href=\"https:\/\/thenattikabeach.com\/de\/work-with-us\/\" class=\"elementor-item\" tabindex=\"-1\">Arbeiten Sie mit uns<\/a><\/li>\n<li class=\"menu-item menu-item-type-custom menu-item-object-custom menu-item-2940\"><a href=\"https:\/\/thenattikabeach.com\/de\/rockholm-at-the-lighthouse-beach\/\" class=\"elementor-item\" tabindex=\"-1\">Rockholm at the Lighthouse Beach<\/a><\/li>\n<li class=\"menu-item menu-item-type-custom menu-item-object-custom menu-item-2941\"><a href=\"https:\/\/www.nattikalife.com\/\" class=\"elementor-item\" tabindex=\"-1\" rel=\"nofollow noopener\" target=\"_blank\">Nattika Online-Wellness-Dienstleistungen<\/a><\/li>\n<li class=\"menu-item menu-item-type-custom menu-item-object-custom menu-item-9958\"><a href=\"https:\/\/www.parkamseenattika.com\/\" class=\"elementor-item\" tabindex=\"-1\" rel=\"nofollow noopener\" target=\"_blank\">Ayurveda Kur in Deutschland<\/a><\/li>\n<\/ul>\t\t\t<\/nav>\n\t\t\t\t\t\t<\/div>\n\t\t\t\t<\/div>\n\t\t\t\t\t<\/div>\n\t\t<\/div>\n\t\t\t\t\t<\/div>\n\t\t<\/section>\n\t\t\t\t\t<\/div>\n\t\t<\/div>\n\t\t\t\t<div class=\"elementor-column elementor-col-66 elementor-top-column elementor-element elementor-element-432e98fb\" data-id=\"432e98fb\" data-element_type=\"column\" data-e-type=\"column\">\n\t\t\t<div class=\"elementor-widget-wrap elementor-element-populated\">\n\t\t\t\t\t\t<section class=\"elementor-section elementor-inner-section elementor-element elementor-element-17d63476 elementor-section-boxed elementor-section-height-default elementor-section-height-default\" data-id=\"17d63476\" data-element_type=\"section\" data-e-type=\"section\">\n\t\t\t\t\t\t<div class=\"elementor-container elementor-column-gap-default\">\n\t\t\t\t\t<div class=\"elementor-column elementor-col-100 elementor-inner-column elementor-element elementor-element-6545d43b\" data-id=\"6545d43b\" data-element_type=\"column\" data-e-type=\"column\">\n\t\t\t<div class=\"elementor-widget-wrap elementor-element-populated\">\n\t\t\t\t\t\t<div class=\"elementor-element elementor-element-4ada1e2d elementor-widget elementor-widget-heading\" data-id=\"4ada1e2d\" data-element_type=\"widget\" data-e-type=\"widget\" data-widget_type=\"heading.default\">\n\t\t\t\t<div class=\"elementor-widget-container\">\n\t\t\t\t\t<h1 class=\"elementor-heading-title elementor-size-default\">Nachhaltigkeit<\/h1>\t\t\t\t<\/div>\n\t\t\t\t<\/div>\n\t\t\t\t<div class=\"elementor-element elementor-element-20f88c2c elementor-widget elementor-widget-text-editor\" data-id=\"20f88c2c\" data-element_type=\"widget\" data-e-type=\"widget\" data-widget_type=\"text-editor.default\">\n\t\t\t\t<div class=\"elementor-widget-container\">\n\t\t\t\t\t\t\t\t\t<p>Die Erde besser zu machen, als wir sie vorgefunden haben\u201c ist unsere Definition von Erfolg und eine erf\u00fcllende Denkweise, der wir folgen. Ob aus \u00f6kologischer oder sozialer Sicht, wir bem\u00fchen uns, unsere Umwelt und unser Umfeld f\u00fcr uns und die kommenden Generationen zu verbessern.<\/p><p>Um diese Ziele zu erreichen, werden bei <a href=\"https:\/\/thenattikabeach.com\/de\/\">Nattika<\/a> zahlreiche Initiativen durchgef\u00fchrt, wie z. B.<\/p><ul><li>Keine Plastikflaschen mehr f\u00fcr unsere Kunden: Wir liefern unser gereinigtes Wasser in recycelten Glasflaschen an das Restaurant.<\/li><li>Wir haben Reisstrohhalme eingef\u00fchrt und damit die Plastikstrohhalme ersetzt. Diese Reisstrohhalme sind essbar.<\/li><li>Biologischer <a href=\"https:\/\/thenattikabeach.com\/de\/gardens\/\">Garten<\/a>: versorgt unser Restaurant mit frischem, saisonalem Gem\u00fcse. Der Rest der Produkte wird von lokalen Lieferanten bezogen, um unseren CO2-Fu\u00dfabdruck zu verringern und die umliegenden Gemeinden zu unterst\u00fctzen.<\/li><li>Kl\u00e4ranlagen: Wir haben zwei Kl\u00e4ranlagen und eine Abwasseraufbereitungsanlage (eine im Resort, die andere im Ayurveda-Zentrum), die unsere Abw\u00e4sser recyceln und f\u00fcr die Bew\u00e4sserung unserer \u00fcppigen G\u00e4rten nutzbar machen.<\/li><li>Kl\u00e4ranlage: Au\u00dferdem recyceln wir unser Waschwasser separat mit der Abwasseraufbereitungsmethode, die ohne Chemikalien auskommt und es f\u00fcr die Gartenarbeit auf unserem Hof sicher macht.<\/li><li>Strandreinigung: Unser Personal reinigt regelm\u00e4\u00dfig die Strandpromenade, und durch diese umweltfreundliche T\u00e4tigkeit erhalten wir die unber\u00fchrte Atmosph\u00e4re der Natur und des Meeres um uns herum.<\/li><li>Effiziente Entsorgung biologisch abbaubarer Abf\u00e4lle und Nutzung erneuerbarer Energien: Wir haben zwei Biogasanlagen im Resort installiert, um Lebensmittel- und landwirtschaftliche Abf\u00e4lle effizient zu entsorgen. Der dabei entstehende Brennstoff wird zum Kochen in der Kantine verwendet.<\/li><li>Verwendete <a href=\"https:\/\/thenattikabeach.com\/de\/nattika-essence\/\">ayurvedische \u00d6le<\/a>: Die Abf\u00e4lle werden gesammelt und an \u00f6rtliche Unternehmen zum Recycling verkauft.<\/li><li>Attraktive Besch\u00e4ftigungsm\u00f6glichkeiten: Wir versuchen, die lokale Gemeinschaft zu unterst\u00fctzen, indem wir Arbeitspl\u00e4tze schaffen und Menschen aus den umliegenden D\u00f6rfern besch\u00e4ftigen.<\/li><li>Tennisplatz: Wir bieten benachteiligten Kindern aus der Region kostenlose Tennisstunden an, um ihnen eine interessante Freizeitbesch\u00e4ftigung zu bieten.<\/li><li><a href=\"https:\/\/thenattikabeach.com\/de\/nattika-life\/\">Nattika Life<\/a>: In dem Bestreben, die besten und reinsten ayurvedischen \u00d6le zu produzieren, haben wir unsere eigene Produktionsst\u00e4tte, die nur wenige Gehminuten von unserer Einrichtung entfernt ist. Diese Initiative ist ein weiterer gro\u00dfer Schritt auf dem Weg zur vollst\u00e4ndigen Selbstversorgung des <a href=\"https:\/\/thenattikabeach.com\/de\/\">Nattika Beach Ayurveda Resorts<\/a>.<\/li><\/ul><p>Ein von unserem Direktor verfasster Artikel \u00fcber die Bedeutung einer nachhaltigen ayurvedischen Urlaubserfahrung wurde ver\u00f6ffentlicht. Um ihn zu lesen, klicken Sie bitte <a href=\"https:\/\/thenattikabeach.com\/wp-content\/uploads\/2022\/06\/Silicon-India-Article-Sustainable-Ayurveda.pdf\" target=\"_blank\" rel=\"noopener\">hier<\/a><\/p>\t\t\t\t\t\t\t\t<\/div>\n\t\t\t\t<\/div>\n\t\t\t\t\t<\/div>\n\t\t<\/div>\n\t\t\t\t\t<\/div>\n\t\t<\/section>\n\t\t\t\t<section class=\"elementor-section elementor-inner-section elementor-element elementor-element-67f90a3e elementor-section-content-middle elementor-section-boxed elementor-section-height-default elementor-section-height-default\" data-id=\"67f90a3e\" data-element_type=\"section\" data-e-type=\"section\">\n\t\t\t\t\t\t<div class=\"elementor-container elementor-column-gap-default\">\n\t\t\t\t\t<div class=\"elementor-column elementor-col-50 elementor-inner-column elementor-element elementor-element-21c61af0\" data-id=\"21c61af0\" data-element_type=\"column\" data-e-type=\"column\">\n\t\t\t<div class=\"elementor-widget-wrap elementor-element-populated\">\n\t\t\t\t\t\t<div class=\"elementor-element elementor-element-35512f36 elementor-widget elementor-widget-image\" data-id=\"35512f36\" data-element_type=\"widget\" data-e-type=\"widget\" data-widget_type=\"image.default\">\n\t\t\t\t<div class=\"elementor-widget-container\">\n\t\t\t\t\t\t\t\t\t\t\t\t\t\t\t<img fetchpriority=\"high\" decoding=\"async\" width=\"1000\" height=\"1000\" src=\"https:\/\/thenattikabeach.com\/wp-content\/uploads\/2022\/08\/sust1.jpg\" class=\"attachment-full size-full wp-image-2605\" alt=\"\" srcset=\"https:\/\/thenattikabeach.com\/wp-content\/uploads\/2022\/08\/sust1.jpg 1000w, https:\/\/thenattikabeach.com\/wp-content\/uploads\/2022\/08\/sust1-300x300.jpg 300w, https:\/\/thenattikabeach.com\/wp-content\/uploads\/2022\/08\/sust1-150x150.jpg 150w, https:\/\/thenattikabeach.com\/wp-content\/uploads\/2022\/08\/sust1-768x768.jpg 768w\" sizes=\"(max-width: 1000px) 100vw, 1000px\" title=\"\">\t\t\t\t\t\t\t\t\t\t\t\t\t\t\t<\/div>\n\t\t\t\t<\/div>\n\t\t\t\t\t<\/div>\n\t\t<\/div>\n\t\t\t\t<div class=\"elementor-column elementor-col-50 elementor-inner-column elementor-element elementor-element-436cfc1\" data-id=\"436cfc1\" data-element_type=\"column\" data-e-type=\"column\">\n\t\t\t<div class=\"elementor-widget-wrap elementor-element-populated\">\n\t\t\t\t\t\t<div class=\"elementor-element elementor-element-775411b elementor-widget elementor-widget-image\" data-id=\"775411b\" data-element_type=\"widget\" data-e-type=\"widget\" data-widget_type=\"image.default\">\n\t\t\t\t<div class=\"elementor-widget-container\">\n\t\t\t\t\t\t\t\t\t\t\t\t\t\t\t<img decoding=\"async\" width=\"1000\" height=\"1000\" src=\"https:\/\/thenattikabeach.com\/wp-content\/uploads\/2022\/08\/sust2.jpg\" class=\"attachment-full size-full wp-image-2607\" alt=\"\" srcset=\"https:\/\/thenattikabeach.com\/wp-content\/uploads\/2022\/08\/sust2.jpg 1000w, https:\/\/thenattikabeach.com\/wp-content\/uploads\/2022\/08\/sust2-300x300.jpg 300w, https:\/\/thenattikabeach.com\/wp-content\/uploads\/2022\/08\/sust2-150x150.jpg 150w, https:\/\/thenattikabeach.com\/wp-content\/uploads\/2022\/08\/sust2-768x768.jpg 768w\" sizes=\"(max-width: 1000px) 100vw, 1000px\" title=\"\">\t\t\t\t\t\t\t\t\t\t\t\t\t\t\t<\/div>\n\t\t\t\t<\/div>\n\t\t\t\t\t<\/div>\n\t\t<\/div>\n\t\t\t\t\t<\/div>\n\t\t<\/section>\n\t\t\t\t\t<\/div>\n\t\t<\/div>\n\t\t\t\t\t<\/div>\n\t\t<\/section>\n\t\t\t\t<\/div>\n\t\t","protected":false},"excerpt":{"rendered":"<p>\u00dcBER NATTIKA Nachhaltigkeit Die Erde besser zu machen, als wir sie vorgefunden haben\u201c ist unsere Definition von Erfolg und eine erf\u00fcllende Denkweise, der wir folgen. Ob aus \u00f6kologischer oder sozialer Sicht, wir bem\u00fchen uns, unsere Umwelt und unser Umfeld f\u00fcr uns und die kommenden Generationen zu verbessern. Um diese Ziele zu erreichen, werden bei Nattika [&hellip;]<\/p>\n","protected":false},"author":3,"featured_media":0,"parent":0,"menu_order":0,"comment_status":"closed","ping_status":"closed","template":"elementor_header_footer","meta":{"footnotes":""},"class_list":["post-2764","page","type-page","status-publish","hentry"],"_links":{"self":[{"href":"https:\/\/thenattikabeach.com\/de\/wp-json\/wp\/v2\/pages\/2764","targetHints":{"allow":["GET"]}}],"collection":[{"href":"https:\/\/thenattikabeach.com\/de\/wp-json\/wp\/v2\/pages"}],"about":[{"href":"https:\/\/thenattikabeach.com\/de\/wp-json\/wp\/v2\/types\/page"}],"author":[{"embeddable":true,"href":"https:\/\/thenattikabeach.com\/de\/wp-json\/wp\/v2\/users\/3"}],"replies":[{"embeddable":true,"href":"https:\/\/thenattikabeach.com\/de\/wp-json\/wp\/v2\/comments?post=2764"}],"version-history":[{"count":37,"href":"https:\/\/thenattikabeach.com\/de\/wp-json\/wp\/v2\/pages\/2764\/revisions"}],"predecessor-version":[{"id":13837,"href":"https:\/\/thenattikabeach.com\/de\/wp-json\/wp\/v2\/pages\/2764\/revisions\/13837"}],"wp:attachment":[{"href":"https:\/\/thenattikabeach.com\/de\/wp-json\/wp\/v2\/media?parent=2764"}],"curies":[{"name":"wp","href":"https:\/\/api.w.org\/{rel}","templated":true}]}}