{"id":2758,"date":"2022-08-04T08:36:43","date_gmt":"2022-08-04T08:36:43","guid":{"rendered":"https:\/\/thenattikabeach.com\/cuisine\/"},"modified":"2025-09-22T09:20:07","modified_gmt":"2025-09-22T09:20:07","slug":"cuisine","status":"publish","type":"page","link":"https:\/\/thenattikabeach.com\/de\/cuisine\/","title":{"rendered":"Cuisine"},"content":{"rendered":"\t\t<div data-elementor-type=\"wp-page\" data-elementor-id=\"2758\" class=\"elementor elementor-2758 elementor-1212\" data-elementor-post-type=\"page\">\n\t\t\t\t\t\t<section class=\"elementor-section elementor-top-section elementor-element elementor-element-7396dfaf elementor-section-height-min-height elementor-hidden-mobile elementor-section-boxed elementor-section-height-default elementor-section-items-middle\" data-id=\"7396dfaf\" data-element_type=\"section\" data-e-type=\"section\" data-settings=\"{&quot;background_background&quot;:&quot;classic&quot;}\">\n\t\t\t\t\t\t<div class=\"elementor-container elementor-column-gap-default\">\n\t\t\t\t\t<div class=\"elementor-column elementor-col-100 elementor-top-column elementor-element elementor-element-5d085af6\" data-id=\"5d085af6\" data-element_type=\"column\" data-e-type=\"column\">\n\t\t\t<div class=\"elementor-widget-wrap\">\n\t\t\t\t\t\t\t<\/div>\n\t\t<\/div>\n\t\t\t\t\t<\/div>\n\t\t<\/section>\n\t\t\t\t<section class=\"elementor-section elementor-top-section elementor-element elementor-element-ea6573d elementor-section-boxed elementor-section-height-default elementor-section-height-default\" data-id=\"ea6573d\" data-element_type=\"section\" data-e-type=\"section\">\n\t\t\t\t\t\t<div class=\"elementor-container elementor-column-gap-default\">\n\t\t\t\t\t<div class=\"elementor-column elementor-col-25 elementor-top-column elementor-element elementor-element-134457f\" data-id=\"134457f\" data-element_type=\"column\" data-e-type=\"column\">\n\t\t\t<div class=\"elementor-widget-wrap\">\n\t\t\t\t\t\t\t<\/div>\n\t\t<\/div>\n\t\t\t\t<div class=\"elementor-column elementor-col-50 elementor-top-column elementor-element elementor-element-e75b501\" data-id=\"e75b501\" data-element_type=\"column\" data-e-type=\"column\">\n\t\t\t<div class=\"elementor-widget-wrap\">\n\t\t\t\t\t\t\t<\/div>\n\t\t<\/div>\n\t\t\t\t<div class=\"elementor-column elementor-col-25 elementor-top-column elementor-element elementor-element-85ac5f3\" data-id=\"85ac5f3\" data-element_type=\"column\" data-e-type=\"column\">\n\t\t\t<div class=\"elementor-widget-wrap\">\n\t\t\t\t\t\t\t<\/div>\n\t\t<\/div>\n\t\t\t\t\t<\/div>\n\t\t<\/section>\n\t\t\t\t<section class=\"elementor-section elementor-top-section elementor-element elementor-element-2375d6a8 elementor-section-boxed elementor-section-height-default elementor-section-height-default\" data-id=\"2375d6a8\" data-element_type=\"section\" data-e-type=\"section\" id=\"ayurvedaphilosophy\">\n\t\t\t\t\t\t<div class=\"elementor-container elementor-column-gap-wide\">\n\t\t\t\t\t<div class=\"elementor-column elementor-col-33 elementor-top-column elementor-element elementor-element-464fa8fb\" data-id=\"464fa8fb\" data-element_type=\"column\" data-e-type=\"column\">\n\t\t\t<div class=\"elementor-widget-wrap elementor-element-populated\">\n\t\t\t\t\t\t<section class=\"elementor-section elementor-inner-section elementor-element elementor-element-7cc80e80 elementor-section-boxed elementor-section-height-default elementor-section-height-default\" data-id=\"7cc80e80\" data-element_type=\"section\" data-e-type=\"section\" data-settings=\"{&quot;sticky&quot;:&quot;top&quot;,&quot;sticky_on&quot;:[&quot;desktop&quot;,&quot;tablet&quot;],&quot;sticky_offset&quot;:130,&quot;sticky_parent&quot;:&quot;yes&quot;,&quot;sticky_effects_offset&quot;:0,&quot;sticky_anchor_link_offset&quot;:0}\">\n\t\t\t\t\t\t<div class=\"elementor-container elementor-column-gap-default\">\n\t\t\t\t\t<div class=\"elementor-column elementor-col-100 elementor-inner-column elementor-element elementor-element-6b16d089\" data-id=\"6b16d089\" data-element_type=\"column\" data-e-type=\"column\">\n\t\t\t<div class=\"elementor-widget-wrap elementor-element-populated\">\n\t\t\t\t\t\t<div class=\"elementor-element elementor-element-3de757d8 elementor-widget elementor-widget-heading\" data-id=\"3de757d8\" data-element_type=\"widget\" data-e-type=\"widget\" data-widget_type=\"heading.default\">\n\t\t\t\t<div class=\"elementor-widget-container\">\n\t\t\t\t\t<h2 class=\"elementor-heading-title elementor-size-default\">OUR PURPOSE<\/h2>\t\t\t\t<\/div>\n\t\t\t\t<\/div>\n\t\t\t\t<div class=\"elementor-element elementor-element-3b13ed40 elementor-nav-menu__align-start elementor-nav-menu--dropdown-none elementor-widget elementor-widget-nav-menu\" data-id=\"3b13ed40\" data-element_type=\"widget\" data-e-type=\"widget\" data-settings=\"{&quot;layout&quot;:&quot;vertical&quot;,&quot;submenu_icon&quot;:{&quot;value&quot;:&quot;&lt;i class=\\&quot;fas fa-caret-down\\&quot; aria-hidden=\\&quot;true\\&quot;&gt;&lt;\\\/i&gt;&quot;,&quot;library&quot;:&quot;fa-solid&quot;}}\" data-widget_type=\"nav-menu.default\">\n\t\t\t\t<div class=\"elementor-widget-container\">\n\t\t\t\t\t\t\t\t<nav aria-label=\"Men\u00fc\" class=\"elementor-nav-menu--main elementor-nav-menu__container elementor-nav-menu--layout-vertical e--pointer-none\">\n\t\t\t\t<ul id=\"menu-1-3b13ed40\" class=\"elementor-nav-menu sm-vertical\"><li class=\"menu-item menu-item-type-custom menu-item-object-custom menu-item-2923\"><a href=\"https:\/\/thenattikabeach.com\/de\/ayurveda-philosophy\/\" class=\"elementor-item\">Ayurveda-Philosophie<\/a><\/li>\n<li class=\"menu-item menu-item-type-post_type menu-item-object-page menu-item-12032\"><a href=\"https:\/\/thenattikabeach.com\/de\/ayurvedische-massage-in-kerala\/\" class=\"elementor-item\">Ayurvedische Massage in Kerala<\/a><\/li>\n<li class=\"menu-item menu-item-type-custom menu-item-object-custom menu-item-2924\"><a href=\"https:\/\/thenattikabeach.com\/de\/swastha-the-ayurveda-center\/\" class=\"elementor-item\">Swastha \u2013 Das Ayurveda-Zentrum<\/a><\/li>\n<li class=\"menu-item menu-item-type-custom menu-item-object-custom menu-item-2925\"><a href=\"https:\/\/thenattikabeach.com\/de\/treatment-principles\/\" class=\"elementor-item\">Behandlungsprinzipien<\/a><\/li>\n<li class=\"menu-item menu-item-type-custom menu-item-object-custom menu-item-2926\"><a href=\"https:\/\/thenattikabeach.com\/de\/our-methodology-of-healing-body-mind-and-soul\/\" class=\"elementor-item\">Unsere Methode zur Heilung von K\u00f6rper, Geist und Seele<\/a><\/li>\n<li class=\"menu-item menu-item-type-custom menu-item-object-custom menu-item-2927\"><a href=\"https:\/\/thenattikabeach.com\/de\/yoga-at-moksha\/\" class=\"elementor-item\">Yoga bei Moksha<\/a><\/li>\n<li class=\"menu-item menu-item-type-custom menu-item-object-custom menu-item-2928\"><a href=\"https:\/\/thenattikabeach.com\/de\/daily-yoga-programs\/\" class=\"elementor-item\">T\u00e4gliche Yoga-Programme<\/a><\/li>\n<li class=\"menu-item menu-item-type-custom menu-item-object-custom menu-item-2929\"><a href=\"https:\/\/thenattikabeach.com\/de\/cuisine\/\" class=\"elementor-item\">Ayurveda-K\u00fcche<\/a><\/li>\n<li class=\"menu-item menu-item-type-post_type menu-item-object-page menu-item-13807\"><a href=\"https:\/\/thenattikabeach.com\/de\/nattika-life-our-wellness-products\/\" class=\"elementor-item\">Nattika Life \u2013 Our Wellness Products<\/a><\/li>\n<\/ul>\t\t\t<\/nav>\n\t\t\t\t\t\t<nav class=\"elementor-nav-menu--dropdown elementor-nav-menu__container\" aria-hidden=\"true\">\n\t\t\t\t<ul id=\"menu-2-3b13ed40\" class=\"elementor-nav-menu sm-vertical\"><li class=\"menu-item menu-item-type-custom menu-item-object-custom menu-item-2923\"><a href=\"https:\/\/thenattikabeach.com\/de\/ayurveda-philosophy\/\" class=\"elementor-item\" tabindex=\"-1\">Ayurveda-Philosophie<\/a><\/li>\n<li class=\"menu-item menu-item-type-post_type menu-item-object-page menu-item-12032\"><a href=\"https:\/\/thenattikabeach.com\/de\/ayurvedische-massage-in-kerala\/\" class=\"elementor-item\" tabindex=\"-1\">Ayurvedische Massage in Kerala<\/a><\/li>\n<li class=\"menu-item menu-item-type-custom menu-item-object-custom menu-item-2924\"><a href=\"https:\/\/thenattikabeach.com\/de\/swastha-the-ayurveda-center\/\" class=\"elementor-item\" tabindex=\"-1\">Swastha \u2013 Das Ayurveda-Zentrum<\/a><\/li>\n<li class=\"menu-item menu-item-type-custom menu-item-object-custom menu-item-2925\"><a href=\"https:\/\/thenattikabeach.com\/de\/treatment-principles\/\" class=\"elementor-item\" tabindex=\"-1\">Behandlungsprinzipien<\/a><\/li>\n<li class=\"menu-item menu-item-type-custom menu-item-object-custom menu-item-2926\"><a href=\"https:\/\/thenattikabeach.com\/de\/our-methodology-of-healing-body-mind-and-soul\/\" class=\"elementor-item\" tabindex=\"-1\">Unsere Methode zur Heilung von K\u00f6rper, Geist und Seele<\/a><\/li>\n<li class=\"menu-item menu-item-type-custom menu-item-object-custom menu-item-2927\"><a href=\"https:\/\/thenattikabeach.com\/de\/yoga-at-moksha\/\" class=\"elementor-item\" tabindex=\"-1\">Yoga bei Moksha<\/a><\/li>\n<li class=\"menu-item menu-item-type-custom menu-item-object-custom menu-item-2928\"><a href=\"https:\/\/thenattikabeach.com\/de\/daily-yoga-programs\/\" class=\"elementor-item\" tabindex=\"-1\">T\u00e4gliche Yoga-Programme<\/a><\/li>\n<li class=\"menu-item menu-item-type-custom menu-item-object-custom menu-item-2929\"><a href=\"https:\/\/thenattikabeach.com\/de\/cuisine\/\" class=\"elementor-item\" tabindex=\"-1\">Ayurveda-K\u00fcche<\/a><\/li>\n<li class=\"menu-item menu-item-type-post_type menu-item-object-page menu-item-13807\"><a href=\"https:\/\/thenattikabeach.com\/de\/nattika-life-our-wellness-products\/\" class=\"elementor-item\" tabindex=\"-1\">Nattika Life \u2013 Our Wellness Products<\/a><\/li>\n<\/ul>\t\t\t<\/nav>\n\t\t\t\t\t\t<\/div>\n\t\t\t\t<\/div>\n\t\t\t\t\t<\/div>\n\t\t<\/div>\n\t\t\t\t\t<\/div>\n\t\t<\/section>\n\t\t\t\t\t<\/div>\n\t\t<\/div>\n\t\t\t\t<div class=\"elementor-column elementor-col-66 elementor-top-column elementor-element elementor-element-4662c7e\" data-id=\"4662c7e\" data-element_type=\"column\" data-e-type=\"column\">\n\t\t\t<div class=\"elementor-widget-wrap elementor-element-populated\">\n\t\t\t\t\t\t<section class=\"elementor-section elementor-inner-section elementor-element elementor-element-5175fcff elementor-section-boxed elementor-section-height-default elementor-section-height-default\" data-id=\"5175fcff\" data-element_type=\"section\" data-e-type=\"section\" id=\"cuisine\">\n\t\t\t\t\t\t<div class=\"elementor-container elementor-column-gap-default\">\n\t\t\t\t\t<div class=\"elementor-column elementor-col-100 elementor-inner-column elementor-element elementor-element-1c8561ad\" data-id=\"1c8561ad\" data-element_type=\"column\" data-e-type=\"column\">\n\t\t\t<div class=\"elementor-widget-wrap elementor-element-populated\">\n\t\t\t\t\t\t<div class=\"elementor-element elementor-element-68cf36c6 elementor-widget elementor-widget-heading\" data-id=\"68cf36c6\" data-element_type=\"widget\" data-e-type=\"widget\" data-widget_type=\"heading.default\">\n\t\t\t\t<div class=\"elementor-widget-container\">\n\t\t\t\t\t<h1 class=\"elementor-heading-title elementor-size-default\">Ayurveda-K\u00fcche<\/h1>\t\t\t\t<\/div>\n\t\t\t\t<\/div>\n\t\t\t\t<div class=\"elementor-element elementor-element-b576a61 elementor-widget elementor-widget-text-editor\" data-id=\"b576a61\" data-element_type=\"widget\" data-e-type=\"widget\" data-widget_type=\"text-editor.default\">\n\t\t\t\t<div class=\"elementor-widget-container\">\n\t\t\t\t\t\t\t\t\t<p>Ihre ayurvedische <a href=\"https:\/\/thenattikabeach.com\/wp-content\/uploads\/2022\/06\/Diet-Info-An-Introduction-scaled-1.jpg\" target=\"_blank\" rel=\"noopener\">Ern\u00e4hrung<\/a> und Ihre Heilmittel sind f\u00fcr den Erfolg Ihres Programms von wesentlicher Bedeutung. Unser ayurvedisches Restaurant \u201eVapika\u201c und unsere Ern\u00e4hrungsberater garantieren die beste Betreuung und den besten Service w\u00e4hrend Ihres Aufenthalts.<\/p><p>Alle Einzelheiten der ayurvedischen Di\u00e4t, einschlie\u00dflich des Medikamentenplans und der Di\u00e4tvorgaben, werden von unseren Ern\u00e4hrungsberater nach Absprache ausgearbeitet und an das Restaurantteam weitergeleitet, das bereit ist, auf alle Ihre Bed\u00fcrfnisse einzugehen.<\/p><p>Die Empfehlungen des Arztes werden von unserem Verpflegungsteam unter der Leitung von Herrn Kalai genau befolgt und alle Ihre individuellen Bed\u00fcrfnisse werden ber\u00fccksichtigt. Unser exquisites Ayurveda-Buffet-Men\u00fc im Nattika ist in drei Kategorien unterteilt: Vatha, Pitha und Kapha. Alle Zutaten sind frisch vom Bauernhof, und das Buffet besteht zu einem gro\u00dfen Teil aus Heilkost.<\/p><p>K\u00fcchenchef Joshy Sebastian und sein Team haben die uralten <a href=\"https:\/\/thenattikabeach.com\/die-essenz-der-frische-wie-unsere-eigenen-gewurze-unsere-charakteristischen-aromen-definieren\/\">Rezepte des Ayurveda<\/a> perfektioniert, und Sie haben die M\u00f6glichkeit, sie in unseren w\u00f6chentlichen Live-Kochvorf\u00fchrungen zu erlernen. Um die wahre Bedeutung von Kerala zu entdecken, werden in unserem Restaurant auch Veranstaltungen mit klassischer Musik und traditioneller Kunst abgehalten.<\/p><p>Ayurvedische Arzneimittel spielen eine wichtige Rolle bei Ihrer Behandlung. Deshalb verf\u00fcgt <a href=\"https:\/\/thenattikabeach.com\/de\/swastha-the-ayurveda-center\/\">Swastha<\/a> \u00fcber eine eigene Apotheke, die von unseren Apothekern geleitet wird, die daf\u00fcr sorgen, dass die Medikamente aus renommierten ayurvedischen H\u00e4usern bezogen werden.<\/p><p>Weitere Informationen zu den \u00d6ffnungszeiten und Anweisungen des Vapika-Restaurants finden Sie <a href=\"https:\/\/thenattikabeach.com\/wp-content\/uploads\/2022\/06\/Restaurant-Timings-E-G-scaled-1.jpg\" target=\"_blank\" rel=\"noopener\">hier<\/a>.<\/p>\t\t\t\t\t\t\t\t<\/div>\n\t\t\t\t<\/div>\n\t\t\t\t\t<\/div>\n\t\t<\/div>\n\t\t\t\t\t<\/div>\n\t\t<\/section>\n\t\t\t\t<section class=\"elementor-section elementor-inner-section elementor-element elementor-element-6d49ce1d elementor-section-content-middle elementor-section-boxed elementor-section-height-default elementor-section-height-default\" data-id=\"6d49ce1d\" data-element_type=\"section\" data-e-type=\"section\">\n\t\t\t\t\t\t<div class=\"elementor-container elementor-column-gap-default\">\n\t\t\t\t\t<div class=\"elementor-column elementor-col-50 elementor-inner-column elementor-element elementor-element-2bb62a54\" data-id=\"2bb62a54\" data-element_type=\"column\" data-e-type=\"column\">\n\t\t\t<div class=\"elementor-widget-wrap elementor-element-populated\">\n\t\t\t\t\t\t<div class=\"elementor-element elementor-element-7742a4e8 elementor-widget elementor-widget-image\" data-id=\"7742a4e8\" data-element_type=\"widget\" data-e-type=\"widget\" data-widget_type=\"image.default\">\n\t\t\t\t<div class=\"elementor-widget-container\">\n\t\t\t\t\t\t\t\t\t\t\t\t\t\t\t<img fetchpriority=\"high\" decoding=\"async\" width=\"800\" height=\"800\" src=\"https:\/\/thenattikabeach.com\/wp-content\/uploads\/2022\/06\/Nattika-Cuisine.jpg\" class=\"attachment-large size-large wp-image-2357\" alt=\"\" srcset=\"https:\/\/thenattikabeach.com\/wp-content\/uploads\/2022\/06\/Nattika-Cuisine.jpg 1000w, https:\/\/thenattikabeach.com\/wp-content\/uploads\/2022\/06\/Nattika-Cuisine-300x300.jpg 300w, https:\/\/thenattikabeach.com\/wp-content\/uploads\/2022\/06\/Nattika-Cuisine-150x150.jpg 150w, https:\/\/thenattikabeach.com\/wp-content\/uploads\/2022\/06\/Nattika-Cuisine-768x768.jpg 768w\" sizes=\"(max-width: 800px) 100vw, 800px\" title=\"\">\t\t\t\t\t\t\t\t\t\t\t\t\t\t\t<\/div>\n\t\t\t\t<\/div>\n\t\t\t\t\t<\/div>\n\t\t<\/div>\n\t\t\t\t<div class=\"elementor-column elementor-col-50 elementor-inner-column elementor-element elementor-element-7e395b98\" data-id=\"7e395b98\" data-element_type=\"column\" data-e-type=\"column\">\n\t\t\t<div class=\"elementor-widget-wrap elementor-element-populated\">\n\t\t\t\t\t\t<div class=\"elementor-element elementor-element-4759ec69 elementor-widget elementor-widget-image\" data-id=\"4759ec69\" data-element_type=\"widget\" data-e-type=\"widget\" data-widget_type=\"image.default\">\n\t\t\t\t<div class=\"elementor-widget-container\">\n\t\t\t\t\t\t\t\t\t\t\t\t\t\t\t<img decoding=\"async\" width=\"800\" height=\"800\" src=\"https:\/\/thenattikabeach.com\/wp-content\/uploads\/2022\/06\/Vapika-Cuisine.jpg\" class=\"attachment-large size-large wp-image-2359\" alt=\"\" srcset=\"https:\/\/thenattikabeach.com\/wp-content\/uploads\/2022\/06\/Vapika-Cuisine.jpg 1000w, https:\/\/thenattikabeach.com\/wp-content\/uploads\/2022\/06\/Vapika-Cuisine-300x300.jpg 300w, https:\/\/thenattikabeach.com\/wp-content\/uploads\/2022\/06\/Vapika-Cuisine-150x150.jpg 150w, https:\/\/thenattikabeach.com\/wp-content\/uploads\/2022\/06\/Vapika-Cuisine-768x768.jpg 768w\" sizes=\"(max-width: 800px) 100vw, 800px\" title=\"\">\t\t\t\t\t\t\t\t\t\t\t\t\t\t\t<\/div>\n\t\t\t\t<\/div>\n\t\t\t\t\t<\/div>\n\t\t<\/div>\n\t\t\t\t\t<\/div>\n\t\t<\/section>\n\t\t\t\t\t<\/div>\n\t\t<\/div>\n\t\t\t\t\t<\/div>\n\t\t<\/section>\n\t\t\t\t<section class=\"elementor-section elementor-top-section elementor-element elementor-element-6fe2753 elementor-section-boxed elementor-section-height-default elementor-section-height-default\" data-id=\"6fe2753\" data-element_type=\"section\" data-e-type=\"section\">\n\t\t\t\t\t\t<div class=\"elementor-container elementor-column-gap-default\">\n\t\t\t\t\t<div class=\"elementor-column elementor-col-100 elementor-top-column elementor-element elementor-element-9d11e8a\" data-id=\"9d11e8a\" data-element_type=\"column\" data-e-type=\"column\">\n\t\t\t<div class=\"elementor-widget-wrap elementor-element-populated\">\n\t\t\t\t\t\t<div class=\"elementor-element elementor-element-7990ea5 elementor-widget elementor-widget-heading\" data-id=\"7990ea5\" data-element_type=\"widget\" data-e-type=\"widget\" data-widget_type=\"heading.default\">\n\t\t\t\t<div class=\"elementor-widget-container\">\n\t\t\t\t\t<h2 class=\"elementor-heading-title elementor-size-default\">faq's<\/h2>\t\t\t\t<\/div>\n\t\t\t\t<\/div>\n\t\t\t\t\t<\/div>\n\t\t<\/div>\n\t\t\t\t\t<\/div>\n\t\t<\/section>\n\t\t\t\t<section class=\"elementor-section elementor-top-section elementor-element elementor-element-a1c5630 elementor-section-boxed elementor-section-height-default elementor-section-height-default\" data-id=\"a1c5630\" data-element_type=\"section\" data-e-type=\"section\">\n\t\t\t\t\t\t<div class=\"elementor-container elementor-column-gap-default\">\n\t\t\t\t\t<div class=\"elementor-column elementor-col-100 elementor-top-column elementor-element elementor-element-7e34334\" data-id=\"7e34334\" data-element_type=\"column\" data-e-type=\"column\">\n\t\t\t<div class=\"elementor-widget-wrap elementor-element-populated\">\n\t\t\t\t\t\t<div class=\"elementor-element elementor-element-444f506 elementor-widget elementor-widget-toggle\" data-id=\"444f506\" data-element_type=\"widget\" data-e-type=\"widget\" data-widget_type=\"toggle.default\">\n\t\t\t\t<div class=\"elementor-widget-container\">\n\t\t\t\t\t\t\t<div class=\"elementor-toggle\">\n\t\t\t\t\t\t\t<div class=\"elementor-toggle-item\">\n\t\t\t\t\t<div id=\"elementor-tab-title-7161\" class=\"elementor-tab-title\" data-tab=\"1\" role=\"button\" aria-controls=\"elementor-tab-content-7161\" aria-expanded=\"false\">\n\t\t\t\t\t\t\t\t\t\t\t\t<span class=\"elementor-toggle-icon elementor-toggle-icon-right\" aria-hidden=\"true\">\n\t\t\t\t\t\t\t\t\t\t\t\t\t\t\t<span class=\"elementor-toggle-icon-closed\"><i class=\"fas fa-caret-right\"><\/i><\/span>\n\t\t\t\t\t\t\t\t<span class=\"elementor-toggle-icon-opened\"><i class=\"elementor-toggle-icon-opened fas fa-caret-up\"><\/i><\/span>\n\t\t\t\t\t\t\t\t\t\t\t\t\t<\/span>\n\t\t\t\t\t\t\t\t\t\t\t\t<a class=\"elementor-toggle-title\" tabindex=\"0\">1. Welche Art von K\u00fcche wird im Nattika Beach Resort serviert?<\/a>\n\t\t\t\t\t<\/div>\n\n\t\t\t\t\t<div id=\"elementor-tab-content-7161\" class=\"elementor-tab-content elementor-clearfix\" data-tab=\"1\" role=\"region\" aria-labelledby=\"elementor-tab-title-7161\"><p><span style=\"font-weight: 400;\">Das Resort bietet authentische ayurvedische K\u00fcche, die sich auf frische, lokal bezogene Zutaten konzentriert, die zubereitet werden, um die Doshas auszugleichen und die Gesundheit zu unterst\u00fctzen.<\/span><\/p><\/div>\n\t\t\t\t<\/div>\n\t\t\t\t\t\t\t<div class=\"elementor-toggle-item\">\n\t\t\t\t\t<div id=\"elementor-tab-title-7162\" class=\"elementor-tab-title\" data-tab=\"2\" role=\"button\" aria-controls=\"elementor-tab-content-7162\" aria-expanded=\"false\">\n\t\t\t\t\t\t\t\t\t\t\t\t<span class=\"elementor-toggle-icon elementor-toggle-icon-right\" aria-hidden=\"true\">\n\t\t\t\t\t\t\t\t\t\t\t\t\t\t\t<span class=\"elementor-toggle-icon-closed\"><i class=\"fas fa-caret-right\"><\/i><\/span>\n\t\t\t\t\t\t\t\t<span class=\"elementor-toggle-icon-opened\"><i class=\"elementor-toggle-icon-opened fas fa-caret-up\"><\/i><\/span>\n\t\t\t\t\t\t\t\t\t\t\t\t\t<\/span>\n\t\t\t\t\t\t\t\t\t\t\t\t<a class=\"elementor-toggle-title\" tabindex=\"0\">2. Werden die Mahlzeiten an die individuellen Gesundheitsbed\u00fcrfnisse angepasst?<\/a>\n\t\t\t\t\t<\/div>\n\n\t\t\t\t\t<div id=\"elementor-tab-content-7162\" class=\"elementor-tab-content elementor-clearfix\" data-tab=\"2\" role=\"region\" aria-labelledby=\"elementor-tab-title-7162\"><p><span style=\"font-weight: 400;\">Ja, die Mahlzeiten werden auf die ayurvedische Konstitution und den Behandlungsplan jedes Gastes zugeschnitten, um eine optimale Ern\u00e4hrungsunterst\u00fctzung w\u00e4hrend des Aufenthalts zu gew\u00e4hrleisten.<\/span><\/p><\/div>\n\t\t\t\t<\/div>\n\t\t\t\t\t\t\t<div class=\"elementor-toggle-item\">\n\t\t\t\t\t<div id=\"elementor-tab-title-7163\" class=\"elementor-tab-title\" data-tab=\"3\" role=\"button\" aria-controls=\"elementor-tab-content-7163\" aria-expanded=\"false\">\n\t\t\t\t\t\t\t\t\t\t\t\t<span class=\"elementor-toggle-icon elementor-toggle-icon-right\" aria-hidden=\"true\">\n\t\t\t\t\t\t\t\t\t\t\t\t\t\t\t<span class=\"elementor-toggle-icon-closed\"><i class=\"fas fa-caret-right\"><\/i><\/span>\n\t\t\t\t\t\t\t\t<span class=\"elementor-toggle-icon-opened\"><i class=\"elementor-toggle-icon-opened fas fa-caret-up\"><\/i><\/span>\n\t\t\t\t\t\t\t\t\t\t\t\t\t<\/span>\n\t\t\t\t\t\t\t\t\t\t\t\t<a class=\"elementor-toggle-title\" tabindex=\"0\">3. Kann das Resort auf bestimmte Ern\u00e4hrungseinschr\u00e4nkungen eingehen?<\/a>\n\t\t\t\t\t<\/div>\n\n\t\t\t\t\t<div id=\"elementor-tab-content-7163\" class=\"elementor-tab-content elementor-clearfix\" data-tab=\"3\" role=\"region\" aria-labelledby=\"elementor-tab-title-7163\"><p><span style=\"font-weight: 400;\">Nat\u00fcrlich, das K\u00fcchenteam kann auf verschiedene Ern\u00e4hrungseinschr\u00e4nkungen und -vorlieben eingehen, einschlie\u00dflich vegetarischer, veganer, glutenfreier und anderer.<\/span><\/p><\/div>\n\t\t\t\t<\/div>\n\t\t\t\t\t\t\t<div class=\"elementor-toggle-item\">\n\t\t\t\t\t<div id=\"elementor-tab-title-7164\" class=\"elementor-tab-title\" data-tab=\"4\" role=\"button\" aria-controls=\"elementor-tab-content-7164\" aria-expanded=\"false\">\n\t\t\t\t\t\t\t\t\t\t\t\t<span class=\"elementor-toggle-icon elementor-toggle-icon-right\" aria-hidden=\"true\">\n\t\t\t\t\t\t\t\t\t\t\t\t\t\t\t<span class=\"elementor-toggle-icon-closed\"><i class=\"fas fa-caret-right\"><\/i><\/span>\n\t\t\t\t\t\t\t\t<span class=\"elementor-toggle-icon-opened\"><i class=\"elementor-toggle-icon-opened fas fa-caret-up\"><\/i><\/span>\n\t\t\t\t\t\t\t\t\t\t\t\t\t<\/span>\n\t\t\t\t\t\t\t\t\t\t\t\t<a class=\"elementor-toggle-title\" tabindex=\"0\">4. Gibt es Kochanleitungen f\u00fcr G\u00e4ste, die sich f\u00fcr die ayurvedische K\u00fcche interessieren?<\/a>\n\t\t\t\t\t<\/div>\n\n\t\t\t\t\t<div id=\"elementor-tab-content-7164\" class=\"elementor-tab-content elementor-clearfix\" data-tab=\"4\" role=\"region\" aria-labelledby=\"elementor-tab-title-7164\"><p><span style=\"font-weight: 400;\">Ja, das Resort bietet Kochvorf\u00fchrungen und Workshops an, um die G\u00e4ste in der Zubereitung ayurvedischer Mahlzeiten zu schulen, damit sie die Praktiken zu Hause fortsetzen k\u00f6nnen.<\/span><\/p><\/div>\n\t\t\t\t<\/div>\n\t\t\t\t\t\t\t<div class=\"elementor-toggle-item\">\n\t\t\t\t\t<div id=\"elementor-tab-title-7165\" class=\"elementor-tab-title\" data-tab=\"5\" role=\"button\" aria-controls=\"elementor-tab-content-7165\" aria-expanded=\"false\">\n\t\t\t\t\t\t\t\t\t\t\t\t<span class=\"elementor-toggle-icon elementor-toggle-icon-right\" aria-hidden=\"true\">\n\t\t\t\t\t\t\t\t\t\t\t\t\t\t\t<span class=\"elementor-toggle-icon-closed\"><i class=\"fas fa-caret-right\"><\/i><\/span>\n\t\t\t\t\t\t\t\t<span class=\"elementor-toggle-icon-opened\"><i class=\"elementor-toggle-icon-opened fas fa-caret-up\"><\/i><\/span>\n\t\t\t\t\t\t\t\t\t\t\t\t\t<\/span>\n\t\t\t\t\t\t\t\t\t\t\t\t<a class=\"elementor-toggle-title\" tabindex=\"0\">5. Wie unterst\u00fctzt die K\u00fcche die ayurvedischen Behandlungen?<\/a>\n\t\t\t\t\t<\/div>\n\n\t\t\t\t\t<div id=\"elementor-tab-content-7165\" class=\"elementor-tab-content elementor-clearfix\" data-tab=\"5\" role=\"region\" aria-labelledby=\"elementor-tab-title-7165\"><p><span style=\"font-weight: 400;\">Die K\u00fcche ist so konzipiert, dass sie die ayurvedischen Behandlungen erg\u00e4nzt, indem sie nahrhafte Lebensmittel anbietet, die bei der Entgiftung, Verj\u00fcngung und dem Ausgleich der Doshas helfen.<\/span><\/p><\/div>\n\t\t\t\t<\/div>\n\t\t\t\t\t\t\t\t<\/div>\n\t\t\t\t\t\t<\/div>\n\t\t\t\t<\/div>\n\t\t\t\t\t<\/div>\n\t\t<\/div>\n\t\t\t\t\t<\/div>\n\t\t<\/section>\n\t\t\t\t<\/div>\n\t\t","protected":false},"excerpt":{"rendered":"<p>OUR PURPOSE Ayurveda-K\u00fcche Ihre ayurvedische Ern\u00e4hrung und Ihre Heilmittel sind f\u00fcr den Erfolg Ihres Programms von wesentlicher Bedeutung. Unser ayurvedisches Restaurant \u201eVapika\u201c und unsere Ern\u00e4hrungsberater garantieren die beste Betreuung und den besten Service w\u00e4hrend Ihres Aufenthalts. Alle Einzelheiten der ayurvedischen Di\u00e4t, einschlie\u00dflich des Medikamentenplans und der Di\u00e4tvorgaben, werden von unseren Ern\u00e4hrungsberater nach Absprache ausgearbeitet und [&hellip;]<\/p>\n","protected":false},"author":3,"featured_media":0,"parent":0,"menu_order":0,"comment_status":"closed","ping_status":"closed","template":"elementor_header_footer","meta":{"footnotes":""},"class_list":["post-2758","page","type-page","status-publish","hentry"],"_links":{"self":[{"href":"https:\/\/thenattikabeach.com\/de\/wp-json\/wp\/v2\/pages\/2758","targetHints":{"allow":["GET"]}}],"collection":[{"href":"https:\/\/thenattikabeach.com\/de\/wp-json\/wp\/v2\/pages"}],"about":[{"href":"https:\/\/thenattikabeach.com\/de\/wp-json\/wp\/v2\/types\/page"}],"author":[{"embeddable":true,"href":"https:\/\/thenattikabeach.com\/de\/wp-json\/wp\/v2\/users\/3"}],"replies":[{"embeddable":true,"href":"https:\/\/thenattikabeach.com\/de\/wp-json\/wp\/v2\/comments?post=2758"}],"version-history":[{"count":38,"href":"https:\/\/thenattikabeach.com\/de\/wp-json\/wp\/v2\/pages\/2758\/revisions"}],"predecessor-version":[{"id":12064,"href":"https:\/\/thenattikabeach.com\/de\/wp-json\/wp\/v2\/pages\/2758\/revisions\/12064"}],"wp:attachment":[{"href":"https:\/\/thenattikabeach.com\/de\/wp-json\/wp\/v2\/media?parent=2758"}],"curies":[{"name":"wp","href":"https:\/\/api.w.org\/{rel}","templated":true}]}}