{"id":2742,"date":"2022-08-04T07:45:13","date_gmt":"2022-08-04T07:45:13","guid":{"rendered":"https:\/\/thenattikabeach.com\/life-at-nattika\/"},"modified":"2025-09-22T09:10:55","modified_gmt":"2025-09-22T09:10:55","slug":"life-at-nattika","status":"publish","type":"page","link":"https:\/\/thenattikabeach.com\/de\/life-at-nattika\/","title":{"rendered":"Life at Nattika"},"content":{"rendered":"\t\t<div data-elementor-type=\"wp-page\" data-elementor-id=\"2742\" class=\"elementor elementor-2742 elementor-1153\" data-elementor-post-type=\"page\">\n\t\t\t\t\t\t<section class=\"elementor-section elementor-top-section elementor-element elementor-element-c123be elementor-section-height-min-height elementor-hidden-mobile elementor-section-boxed elementor-section-height-default elementor-section-items-middle\" data-id=\"c123be\" data-element_type=\"section\" data-e-type=\"section\" data-settings=\"{&quot;background_background&quot;:&quot;classic&quot;}\">\n\t\t\t\t\t\t<div class=\"elementor-container elementor-column-gap-default\">\n\t\t\t\t\t<div class=\"elementor-column elementor-col-100 elementor-top-column elementor-element elementor-element-7bff8014\" data-id=\"7bff8014\" data-element_type=\"column\" data-e-type=\"column\">\n\t\t\t<div class=\"elementor-widget-wrap\">\n\t\t\t\t\t\t\t<\/div>\n\t\t<\/div>\n\t\t\t\t\t<\/div>\n\t\t<\/section>\n\t\t\t\t<section class=\"elementor-section elementor-top-section elementor-element elementor-element-e1cdbe9 elementor-section-boxed elementor-section-height-default elementor-section-height-default\" data-id=\"e1cdbe9\" data-element_type=\"section\" data-e-type=\"section\">\n\t\t\t\t\t\t<div class=\"elementor-container elementor-column-gap-default\">\n\t\t\t\t\t<div class=\"elementor-column elementor-col-25 elementor-top-column elementor-element elementor-element-a6b8984\" data-id=\"a6b8984\" data-element_type=\"column\" data-e-type=\"column\">\n\t\t\t<div class=\"elementor-widget-wrap\">\n\t\t\t\t\t\t\t<\/div>\n\t\t<\/div>\n\t\t\t\t<div class=\"elementor-column elementor-col-50 elementor-top-column elementor-element elementor-element-354a052\" data-id=\"354a052\" data-element_type=\"column\" data-e-type=\"column\">\n\t\t\t<div class=\"elementor-widget-wrap\">\n\t\t\t\t\t\t\t<\/div>\n\t\t<\/div>\n\t\t\t\t<div class=\"elementor-column elementor-col-25 elementor-top-column elementor-element elementor-element-80450d6\" data-id=\"80450d6\" data-element_type=\"column\" data-e-type=\"column\">\n\t\t\t<div class=\"elementor-widget-wrap\">\n\t\t\t\t\t\t\t<\/div>\n\t\t<\/div>\n\t\t\t\t\t<\/div>\n\t\t<\/section>\n\t\t\t\t<section class=\"elementor-section elementor-top-section elementor-element elementor-element-109d8227 elementor-section-boxed elementor-section-height-default elementor-section-height-default\" data-id=\"109d8227\" data-element_type=\"section\" data-e-type=\"section\" id=\"villas\">\n\t\t\t\t\t\t<div class=\"elementor-container elementor-column-gap-wide\">\n\t\t\t\t\t<div class=\"elementor-column elementor-col-33 elementor-top-column elementor-element elementor-element-3c51a2ef\" data-id=\"3c51a2ef\" data-element_type=\"column\" data-e-type=\"column\">\n\t\t\t<div class=\"elementor-widget-wrap elementor-element-populated\">\n\t\t\t\t\t\t<section class=\"elementor-section elementor-inner-section elementor-element elementor-element-5bf7489f elementor-section-boxed elementor-section-height-default elementor-section-height-default\" data-id=\"5bf7489f\" data-element_type=\"section\" data-e-type=\"section\" data-settings=\"{&quot;sticky&quot;:&quot;top&quot;,&quot;sticky_on&quot;:[&quot;desktop&quot;,&quot;tablet&quot;],&quot;sticky_offset&quot;:130,&quot;sticky_parent&quot;:&quot;yes&quot;,&quot;sticky_effects_offset&quot;:0,&quot;sticky_anchor_link_offset&quot;:0}\">\n\t\t\t\t\t\t<div class=\"elementor-container elementor-column-gap-default\">\n\t\t\t\t\t<div class=\"elementor-column elementor-col-100 elementor-inner-column elementor-element elementor-element-1dbc6109\" data-id=\"1dbc6109\" data-element_type=\"column\" data-e-type=\"column\">\n\t\t\t<div class=\"elementor-widget-wrap elementor-element-populated\">\n\t\t\t\t\t\t<div class=\"elementor-element elementor-element-3cb68b94 elementor-widget elementor-widget-heading\" data-id=\"3cb68b94\" data-element_type=\"widget\" data-e-type=\"widget\" data-widget_type=\"heading.default\">\n\t\t\t\t<div class=\"elementor-widget-container\">\n\t\t\t\t\t<h2 class=\"elementor-heading-title elementor-size-default\">DISCOVER US<\/h2>\t\t\t\t<\/div>\n\t\t\t\t<\/div>\n\t\t\t\t<div class=\"elementor-element elementor-element-7ffa9f5b elementor-nav-menu__align-start elementor-nav-menu--dropdown-none elementor-widget elementor-widget-nav-menu\" data-id=\"7ffa9f5b\" data-element_type=\"widget\" data-e-type=\"widget\" data-settings=\"{&quot;layout&quot;:&quot;vertical&quot;,&quot;submenu_icon&quot;:{&quot;value&quot;:&quot;&lt;i class=\\&quot;fas fa-caret-down\\&quot; aria-hidden=\\&quot;true\\&quot;&gt;&lt;\\\/i&gt;&quot;,&quot;library&quot;:&quot;fa-solid&quot;}}\" data-widget_type=\"nav-menu.default\">\n\t\t\t\t<div class=\"elementor-widget-container\">\n\t\t\t\t\t\t\t\t<nav aria-label=\"Men\u00fc\" class=\"elementor-nav-menu--main elementor-nav-menu__container elementor-nav-menu--layout-vertical e--pointer-none\">\n\t\t\t\t<ul id=\"menu-1-7ffa9f5b\" class=\"elementor-nav-menu sm-vertical\"><li class=\"menu-item menu-item-type-custom menu-item-object-custom menu-item-2815\"><a href=\"https:\/\/thenattikabeach.com\/de\/villas\/\" class=\"elementor-item\">Ayurveda-Villen<\/a><\/li>\n<li class=\"menu-item menu-item-type-custom menu-item-object-custom menu-item-2816\"><a href=\"https:\/\/thenattikabeach.com\/de\/beach\/\" class=\"elementor-item\">Nattika-Strand<\/a><\/li>\n<li class=\"menu-item menu-item-type-custom menu-item-object-custom menu-item-2817\"><a href=\"https:\/\/thenattikabeach.com\/de\/gardens\/\" class=\"elementor-item\">Ayurveda-G\u00e4rten<\/a><\/li>\n<li class=\"menu-item menu-item-type-custom menu-item-object-custom menu-item-2818\"><a href=\"https:\/\/thenattikabeach.com\/de\/time-to-visit\/\" class=\"elementor-item\">Zeit f\u00fcr einen Besuch<\/a><\/li>\n<li class=\"menu-item menu-item-type-custom menu-item-object-custom menu-item-2819\"><a href=\"https:\/\/thenattikabeach.com\/de\/life-at-nattika\/\" class=\"elementor-item\">Das Leben bei Nattika<\/a><\/li>\n<li class=\"menu-item menu-item-type-custom menu-item-object-custom menu-item-2820\"><a href=\"https:\/\/thenattikabeach.com\/de\/the-team\/\" class=\"elementor-item\">Das Team<\/a><\/li>\n<\/ul>\t\t\t<\/nav>\n\t\t\t\t\t\t<nav class=\"elementor-nav-menu--dropdown elementor-nav-menu__container\" aria-hidden=\"true\">\n\t\t\t\t<ul id=\"menu-2-7ffa9f5b\" class=\"elementor-nav-menu sm-vertical\"><li class=\"menu-item menu-item-type-custom menu-item-object-custom menu-item-2815\"><a href=\"https:\/\/thenattikabeach.com\/de\/villas\/\" class=\"elementor-item\" tabindex=\"-1\">Ayurveda-Villen<\/a><\/li>\n<li class=\"menu-item menu-item-type-custom menu-item-object-custom menu-item-2816\"><a href=\"https:\/\/thenattikabeach.com\/de\/beach\/\" class=\"elementor-item\" tabindex=\"-1\">Nattika-Strand<\/a><\/li>\n<li class=\"menu-item menu-item-type-custom menu-item-object-custom menu-item-2817\"><a href=\"https:\/\/thenattikabeach.com\/de\/gardens\/\" class=\"elementor-item\" tabindex=\"-1\">Ayurveda-G\u00e4rten<\/a><\/li>\n<li class=\"menu-item menu-item-type-custom menu-item-object-custom menu-item-2818\"><a href=\"https:\/\/thenattikabeach.com\/de\/time-to-visit\/\" class=\"elementor-item\" tabindex=\"-1\">Zeit f\u00fcr einen Besuch<\/a><\/li>\n<li class=\"menu-item menu-item-type-custom menu-item-object-custom menu-item-2819\"><a href=\"https:\/\/thenattikabeach.com\/de\/life-at-nattika\/\" class=\"elementor-item\" tabindex=\"-1\">Das Leben bei Nattika<\/a><\/li>\n<li class=\"menu-item menu-item-type-custom menu-item-object-custom menu-item-2820\"><a href=\"https:\/\/thenattikabeach.com\/de\/the-team\/\" class=\"elementor-item\" tabindex=\"-1\">Das Team<\/a><\/li>\n<\/ul>\t\t\t<\/nav>\n\t\t\t\t\t\t<\/div>\n\t\t\t\t<\/div>\n\t\t\t\t\t<\/div>\n\t\t<\/div>\n\t\t\t\t\t<\/div>\n\t\t<\/section>\n\t\t\t\t\t<\/div>\n\t\t<\/div>\n\t\t\t\t<div class=\"elementor-column elementor-col-66 elementor-top-column elementor-element elementor-element-471440ac\" data-id=\"471440ac\" data-element_type=\"column\" data-e-type=\"column\">\n\t\t\t<div class=\"elementor-widget-wrap elementor-element-populated\">\n\t\t\t\t\t\t<section class=\"elementor-section elementor-inner-section elementor-element elementor-element-14711e2e elementor-section-boxed elementor-section-height-default elementor-section-height-default\" data-id=\"14711e2e\" data-element_type=\"section\" data-e-type=\"section\">\n\t\t\t\t\t\t<div class=\"elementor-container elementor-column-gap-default\">\n\t\t\t\t\t<div class=\"elementor-column elementor-col-100 elementor-inner-column elementor-element elementor-element-63c7fe23\" data-id=\"63c7fe23\" data-element_type=\"column\" data-e-type=\"column\">\n\t\t\t<div class=\"elementor-widget-wrap elementor-element-populated\">\n\t\t\t\t\t\t<div class=\"elementor-element elementor-element-3b87ffd1 elementor-widget elementor-widget-heading\" data-id=\"3b87ffd1\" data-element_type=\"widget\" data-e-type=\"widget\" data-widget_type=\"heading.default\">\n\t\t\t\t<div class=\"elementor-widget-container\">\n\t\t\t\t\t<h1 class=\"elementor-heading-title elementor-size-default\">Das Leben bei Nattika<\/h1>\t\t\t\t<\/div>\n\t\t\t\t<\/div>\n\t\t\t\t<div class=\"elementor-element elementor-element-3a62c9cb elementor-widget elementor-widget-text-editor\" data-id=\"3a62c9cb\" data-element_type=\"widget\" data-e-type=\"widget\" data-widget_type=\"text-editor.default\">\n\t\t\t\t<div class=\"elementor-widget-container\">\n\t\t\t\t\t\t\t\t\t<p><a href=\"https:\/\/thenattikabeach.com\/de\/\">Nattikas<\/a> weitl\u00e4ufige Anlage inmitten unserer 16 Hektar \u00fcppiger Kokosnusshaine und <a href=\"https:\/\/thenattikabeach.com\/de\/gardens\/\">G\u00e4rten<\/a> verschmilzt nahtlos mit der Natur zu einem Ort der puren Verzauberung. Der Kontrast, der durch den endlosen, feinen <a href=\"https:\/\/thenattikabeach.com\/de\/beach\/\">Sandstrand<\/a> entsteht, ist alles, was Sie brauchen, um Ihren Aufenthalt zu einem idyllischen Erlebnis zu machen. Jeder Teil von Nattika strahlt Ruhe und Gelassenheit aus, und unser \u00e4u\u00dferst freundliches Personal ist bestrebt, auf alle Ihre Bed\u00fcrfnisse einzugehen.<\/p><p>Ein Aufenthalt in Nattika ist an sich schon ein gro\u00dfartiges Erlebnis. Hinzu kommt die ma\u00dfgeschneiderte Heilung von <a href=\"https:\/\/thenattikabeach.com\/de\/our-methodology-of-healing-body-mind-and-soul\/\">K\u00f6rper, Geist und Seele<\/a> durch t\u00e4gliche <a href=\"https:\/\/thenattikabeach.com\/de\/treatment-principles\/\">ayurvedische Behandlungen<\/a>, <a href=\"https:\/\/thenattikabeach.com\/de\/daily-activities\/\">Yogapraxis<\/a> und gesunde Ern\u00e4hrung, und Sie werden alle Erwartungen an ein <a href=\"https:\/\/thenattikabeach.com\/de\/sustainability\/\">Wellness-Retreat<\/a> \u00fcbertreffen.<\/p><p>Da es auf der Welt keine zwei identischen Menschen gibt, gilt dies auch f\u00fcr die Wahrnehmung von Wohlbefinden. Daher ist es uns wichtig, vom ersten Tag an einen ma\u00dfgeschneiderten Service zu gew\u00e4hrleisten, der auf den Einzelnen und seine Bed\u00fcrfnisse ausgerichtet ist. Egal, ob Sie einen entspannenden Aufenthalt oder ein intensives Programm w\u00fcnschen, Sie werden erfreut sein zu sehen, dass jeder einzelne Aspekt von Nattika f\u00fcr Ihren h\u00f6chsten Komfort und Ihre Zufriedenheit einstellbar ist. Tats\u00e4chlich war das Befolgen der Vorschl\u00e4ge und des Feedbacks unserer G\u00e4ste der Hauptfaktor f\u00fcr unseren Erfolg. Aus diesem Grund sind wir stolz darauf, dass viele G\u00e4ste h\u00e4ufig wiederkommen und sich in Nattika wie zu Hause f\u00fchlen.<\/p><p>Dar\u00fcber hinaus k\u00f6nnen Sie Ihre Zeit mit der Teilnahme an den zahlreichen verbringen\u00a0<a href=\"https:\/\/thenattikabeach.com\/wp-content\/uploads\/2022\/06\/Guest-Daily-Activites.pdf\" target=\"_blank\" rel=\"noopener\">Aktivit\u00e4ten<\/a>\u00a0innerhalb des Resorts bereitgestellt. Die regelm\u00e4\u00dfigen Veranstaltungen, die jeden Tag stattfinden, sind sehr vielf\u00e4ltig und k\u00f6nnen von geselligen Momenten \u00fcber kulinarische Erlebnisse bis hin zu Entdeckungs- und Lernm\u00f6glichkeiten reichen.<\/p>\t\t\t\t\t\t\t\t<\/div>\n\t\t\t\t<\/div>\n\t\t\t\t\t<\/div>\n\t\t<\/div>\n\t\t\t\t\t<\/div>\n\t\t<\/section>\n\t\t\t\t<section class=\"elementor-section elementor-inner-section elementor-element elementor-element-2164e6f2 elementor-section-content-middle elementor-section-boxed elementor-section-height-default elementor-section-height-default\" data-id=\"2164e6f2\" data-element_type=\"section\" data-e-type=\"section\">\n\t\t\t\t\t\t<div class=\"elementor-container elementor-column-gap-default\">\n\t\t\t\t\t<div class=\"elementor-column elementor-col-50 elementor-inner-column elementor-element elementor-element-70a571a3\" data-id=\"70a571a3\" data-element_type=\"column\" data-e-type=\"column\">\n\t\t\t<div class=\"elementor-widget-wrap elementor-element-populated\">\n\t\t\t\t\t\t<div class=\"elementor-element elementor-element-c780183 elementor-widget elementor-widget-image\" data-id=\"c780183\" data-element_type=\"widget\" data-e-type=\"widget\" data-widget_type=\"image.default\">\n\t\t\t\t<div class=\"elementor-widget-container\">\n\t\t\t\t\t\t\t\t\t\t\t\t\t\t\t<img fetchpriority=\"high\" decoding=\"async\" width=\"800\" height=\"800\" src=\"https:\/\/thenattikabeach.com\/wp-content\/uploads\/2022\/06\/life-at-nattika-1-1024x1024.jpg\" class=\"attachment-large size-large wp-image-2313\" alt=\"\" srcset=\"https:\/\/thenattikabeach.com\/wp-content\/uploads\/2022\/06\/life-at-nattika-1-1024x1024.jpg 1024w, https:\/\/thenattikabeach.com\/wp-content\/uploads\/2022\/06\/life-at-nattika-1-300x300.jpg 300w, https:\/\/thenattikabeach.com\/wp-content\/uploads\/2022\/06\/life-at-nattika-1-150x150.jpg 150w, https:\/\/thenattikabeach.com\/wp-content\/uploads\/2022\/06\/life-at-nattika-1-768x768.jpg 768w, https:\/\/thenattikabeach.com\/wp-content\/uploads\/2022\/06\/life-at-nattika-1.jpg 1200w\" sizes=\"(max-width: 800px) 100vw, 800px\" title=\"\">\t\t\t\t\t\t\t\t\t\t\t\t\t\t\t<\/div>\n\t\t\t\t<\/div>\n\t\t\t\t\t<\/div>\n\t\t<\/div>\n\t\t\t\t<div class=\"elementor-column elementor-col-50 elementor-inner-column elementor-element elementor-element-1de57226\" data-id=\"1de57226\" data-element_type=\"column\" data-e-type=\"column\">\n\t\t\t<div class=\"elementor-widget-wrap elementor-element-populated\">\n\t\t\t\t\t\t<div class=\"elementor-element elementor-element-6c01311d elementor-widget elementor-widget-image\" data-id=\"6c01311d\" data-element_type=\"widget\" data-e-type=\"widget\" data-widget_type=\"image.default\">\n\t\t\t\t<div class=\"elementor-widget-container\">\n\t\t\t\t\t\t\t\t\t\t\t\t\t\t\t<img decoding=\"async\" width=\"800\" height=\"800\" src=\"https:\/\/thenattikabeach.com\/wp-content\/uploads\/2022\/06\/Onam-Celebrations-1024x1024.jpg\" class=\"attachment-large size-large wp-image-2315\" alt=\"\" srcset=\"https:\/\/thenattikabeach.com\/wp-content\/uploads\/2022\/06\/Onam-Celebrations-1024x1024.jpg 1024w, https:\/\/thenattikabeach.com\/wp-content\/uploads\/2022\/06\/Onam-Celebrations-300x300.jpg 300w, https:\/\/thenattikabeach.com\/wp-content\/uploads\/2022\/06\/Onam-Celebrations-150x150.jpg 150w, https:\/\/thenattikabeach.com\/wp-content\/uploads\/2022\/06\/Onam-Celebrations-768x768.jpg 768w, https:\/\/thenattikabeach.com\/wp-content\/uploads\/2022\/06\/Onam-Celebrations.jpg 1200w\" sizes=\"(max-width: 800px) 100vw, 800px\" title=\"\">\t\t\t\t\t\t\t\t\t\t\t\t\t\t\t<\/div>\n\t\t\t\t<\/div>\n\t\t\t\t\t<\/div>\n\t\t<\/div>\n\t\t\t\t\t<\/div>\n\t\t<\/section>\n\t\t\t\t\t<\/div>\n\t\t<\/div>\n\t\t\t\t\t<\/div>\n\t\t<\/section>\n\t\t\t\t<\/div>\n\t\t","protected":false},"excerpt":{"rendered":"<p>DISCOVER US Das Leben bei Nattika Nattikas weitl\u00e4ufige Anlage inmitten unserer 16 Hektar \u00fcppiger Kokosnusshaine und G\u00e4rten verschmilzt nahtlos mit der Natur zu einem Ort der puren Verzauberung. Der Kontrast, der durch den endlosen, feinen Sandstrand entsteht, ist alles, was Sie brauchen, um Ihren Aufenthalt zu einem idyllischen Erlebnis zu machen. Jeder Teil von Nattika [&hellip;]<\/p>\n","protected":false},"author":3,"featured_media":0,"parent":0,"menu_order":0,"comment_status":"closed","ping_status":"closed","template":"elementor_header_footer","meta":{"footnotes":""},"class_list":["post-2742","page","type-page","status-publish","hentry"],"_links":{"self":[{"href":"https:\/\/thenattikabeach.com\/de\/wp-json\/wp\/v2\/pages\/2742","targetHints":{"allow":["GET"]}}],"collection":[{"href":"https:\/\/thenattikabeach.com\/de\/wp-json\/wp\/v2\/pages"}],"about":[{"href":"https:\/\/thenattikabeach.com\/de\/wp-json\/wp\/v2\/types\/page"}],"author":[{"embeddable":true,"href":"https:\/\/thenattikabeach.com\/de\/wp-json\/wp\/v2\/users\/3"}],"replies":[{"embeddable":true,"href":"https:\/\/thenattikabeach.com\/de\/wp-json\/wp\/v2\/comments?post=2742"}],"version-history":[{"count":29,"href":"https:\/\/thenattikabeach.com\/de\/wp-json\/wp\/v2\/pages\/2742\/revisions"}],"predecessor-version":[{"id":12049,"href":"https:\/\/thenattikabeach.com\/de\/wp-json\/wp\/v2\/pages\/2742\/revisions\/12049"}],"wp:attachment":[{"href":"https:\/\/thenattikabeach.com\/de\/wp-json\/wp\/v2\/media?parent=2742"}],"curies":[{"name":"wp","href":"https:\/\/api.w.org\/{rel}","templated":true}]}}