{"id":2740,"date":"2022-08-04T07:43:04","date_gmt":"2022-08-04T07:43:04","guid":{"rendered":"https:\/\/thenattikabeach.com\/time-to-visit\/"},"modified":"2025-09-22T09:07:29","modified_gmt":"2025-09-22T09:07:29","slug":"time-to-visit","status":"publish","type":"page","link":"https:\/\/thenattikabeach.com\/de\/time-to-visit\/","title":{"rendered":"Time to Visit"},"content":{"rendered":"\t\t<div data-elementor-type=\"wp-page\" data-elementor-id=\"2740\" class=\"elementor elementor-2740 elementor-1148\" data-elementor-post-type=\"page\">\n\t\t\t\t\t\t<section class=\"elementor-section elementor-top-section elementor-element elementor-element-20397ed5 elementor-section-height-min-height elementor-hidden-mobile elementor-section-items-bottom elementor-section-boxed elementor-section-height-default\" data-id=\"20397ed5\" data-element_type=\"section\" data-e-type=\"section\" data-settings=\"{&quot;background_background&quot;:&quot;classic&quot;}\">\n\t\t\t\t\t\t<div class=\"elementor-container elementor-column-gap-default\">\n\t\t\t\t\t<div class=\"elementor-column elementor-col-100 elementor-top-column elementor-element elementor-element-7ad87210\" data-id=\"7ad87210\" data-element_type=\"column\" data-e-type=\"column\">\n\t\t\t<div class=\"elementor-widget-wrap\">\n\t\t\t\t\t\t\t<\/div>\n\t\t<\/div>\n\t\t\t\t\t<\/div>\n\t\t<\/section>\n\t\t\t\t<section class=\"elementor-section elementor-top-section elementor-element elementor-element-4e49d0c elementor-section-boxed elementor-section-height-default elementor-section-height-default\" data-id=\"4e49d0c\" data-element_type=\"section\" data-e-type=\"section\">\n\t\t\t\t\t\t<div class=\"elementor-container elementor-column-gap-default\">\n\t\t\t\t\t<div class=\"elementor-column elementor-col-25 elementor-top-column elementor-element elementor-element-74162ba\" data-id=\"74162ba\" data-element_type=\"column\" data-e-type=\"column\">\n\t\t\t<div class=\"elementor-widget-wrap\">\n\t\t\t\t\t\t\t<\/div>\n\t\t<\/div>\n\t\t\t\t<div class=\"elementor-column elementor-col-50 elementor-top-column elementor-element elementor-element-9cd8d20\" data-id=\"9cd8d20\" data-element_type=\"column\" data-e-type=\"column\">\n\t\t\t<div class=\"elementor-widget-wrap\">\n\t\t\t\t\t\t\t<\/div>\n\t\t<\/div>\n\t\t\t\t<div class=\"elementor-column elementor-col-25 elementor-top-column elementor-element elementor-element-ddacd75\" data-id=\"ddacd75\" data-element_type=\"column\" data-e-type=\"column\">\n\t\t\t<div class=\"elementor-widget-wrap\">\n\t\t\t\t\t\t\t<\/div>\n\t\t<\/div>\n\t\t\t\t\t<\/div>\n\t\t<\/section>\n\t\t\t\t<section class=\"elementor-section elementor-top-section elementor-element elementor-element-743f7e38 elementor-section-boxed elementor-section-height-default elementor-section-height-default\" data-id=\"743f7e38\" data-element_type=\"section\" data-e-type=\"section\" id=\"villas\">\n\t\t\t\t\t\t<div class=\"elementor-container elementor-column-gap-wide\">\n\t\t\t\t\t<div class=\"elementor-column elementor-col-33 elementor-top-column elementor-element elementor-element-21027da5\" data-id=\"21027da5\" data-element_type=\"column\" data-e-type=\"column\">\n\t\t\t<div class=\"elementor-widget-wrap elementor-element-populated\">\n\t\t\t\t\t\t<section class=\"elementor-section elementor-inner-section elementor-element elementor-element-5fdc3c2 elementor-section-boxed elementor-section-height-default elementor-section-height-default\" data-id=\"5fdc3c2\" data-element_type=\"section\" data-e-type=\"section\" data-settings=\"{&quot;sticky&quot;:&quot;top&quot;,&quot;sticky_on&quot;:[&quot;desktop&quot;,&quot;tablet&quot;],&quot;sticky_offset&quot;:130,&quot;sticky_parent&quot;:&quot;yes&quot;,&quot;sticky_effects_offset&quot;:0,&quot;sticky_anchor_link_offset&quot;:0}\">\n\t\t\t\t\t\t<div class=\"elementor-container elementor-column-gap-default\">\n\t\t\t\t\t<div class=\"elementor-column elementor-col-100 elementor-inner-column elementor-element elementor-element-48f419f6\" data-id=\"48f419f6\" data-element_type=\"column\" data-e-type=\"column\">\n\t\t\t<div class=\"elementor-widget-wrap elementor-element-populated\">\n\t\t\t\t\t\t<div class=\"elementor-element elementor-element-19c204ce elementor-widget elementor-widget-heading\" data-id=\"19c204ce\" data-element_type=\"widget\" data-e-type=\"widget\" data-widget_type=\"heading.default\">\n\t\t\t\t<div class=\"elementor-widget-container\">\n\t\t\t\t\t<h2 class=\"elementor-heading-title elementor-size-default\">DISCOVER US<\/h2>\t\t\t\t<\/div>\n\t\t\t\t<\/div>\n\t\t\t\t<div class=\"elementor-element elementor-element-17ac6fb8 elementor-nav-menu__align-start elementor-nav-menu--dropdown-none elementor-widget elementor-widget-nav-menu\" data-id=\"17ac6fb8\" data-element_type=\"widget\" data-e-type=\"widget\" data-settings=\"{&quot;layout&quot;:&quot;vertical&quot;,&quot;submenu_icon&quot;:{&quot;value&quot;:&quot;&lt;i class=\\&quot;fas fa-caret-down\\&quot; aria-hidden=\\&quot;true\\&quot;&gt;&lt;\\\/i&gt;&quot;,&quot;library&quot;:&quot;fa-solid&quot;}}\" data-widget_type=\"nav-menu.default\">\n\t\t\t\t<div class=\"elementor-widget-container\">\n\t\t\t\t\t\t\t\t<nav aria-label=\"Men\u00fc\" class=\"elementor-nav-menu--main elementor-nav-menu__container elementor-nav-menu--layout-vertical e--pointer-none\">\n\t\t\t\t<ul id=\"menu-1-17ac6fb8\" class=\"elementor-nav-menu sm-vertical\"><li class=\"menu-item menu-item-type-custom menu-item-object-custom menu-item-2815\"><a href=\"https:\/\/thenattikabeach.com\/de\/villas\/\" class=\"elementor-item\">Ayurveda-Villen<\/a><\/li>\n<li class=\"menu-item menu-item-type-custom menu-item-object-custom menu-item-2816\"><a href=\"https:\/\/thenattikabeach.com\/de\/beach\/\" class=\"elementor-item\">Nattika-Strand<\/a><\/li>\n<li class=\"menu-item menu-item-type-custom menu-item-object-custom menu-item-2817\"><a href=\"https:\/\/thenattikabeach.com\/de\/gardens\/\" class=\"elementor-item\">Ayurveda-G\u00e4rten<\/a><\/li>\n<li class=\"menu-item menu-item-type-custom menu-item-object-custom menu-item-2818\"><a href=\"https:\/\/thenattikabeach.com\/de\/time-to-visit\/\" class=\"elementor-item\">Zeit f\u00fcr einen Besuch<\/a><\/li>\n<li class=\"menu-item menu-item-type-custom menu-item-object-custom menu-item-2819\"><a href=\"https:\/\/thenattikabeach.com\/de\/life-at-nattika\/\" class=\"elementor-item\">Das Leben bei Nattika<\/a><\/li>\n<li class=\"menu-item menu-item-type-custom menu-item-object-custom menu-item-2820\"><a href=\"https:\/\/thenattikabeach.com\/de\/the-team\/\" class=\"elementor-item\">Das Team<\/a><\/li>\n<\/ul>\t\t\t<\/nav>\n\t\t\t\t\t\t<nav class=\"elementor-nav-menu--dropdown elementor-nav-menu__container\" aria-hidden=\"true\">\n\t\t\t\t<ul id=\"menu-2-17ac6fb8\" class=\"elementor-nav-menu sm-vertical\"><li class=\"menu-item menu-item-type-custom menu-item-object-custom menu-item-2815\"><a href=\"https:\/\/thenattikabeach.com\/de\/villas\/\" class=\"elementor-item\" tabindex=\"-1\">Ayurveda-Villen<\/a><\/li>\n<li class=\"menu-item menu-item-type-custom menu-item-object-custom menu-item-2816\"><a href=\"https:\/\/thenattikabeach.com\/de\/beach\/\" class=\"elementor-item\" tabindex=\"-1\">Nattika-Strand<\/a><\/li>\n<li class=\"menu-item menu-item-type-custom menu-item-object-custom menu-item-2817\"><a href=\"https:\/\/thenattikabeach.com\/de\/gardens\/\" class=\"elementor-item\" tabindex=\"-1\">Ayurveda-G\u00e4rten<\/a><\/li>\n<li class=\"menu-item menu-item-type-custom menu-item-object-custom menu-item-2818\"><a href=\"https:\/\/thenattikabeach.com\/de\/time-to-visit\/\" class=\"elementor-item\" tabindex=\"-1\">Zeit f\u00fcr einen Besuch<\/a><\/li>\n<li class=\"menu-item menu-item-type-custom menu-item-object-custom menu-item-2819\"><a href=\"https:\/\/thenattikabeach.com\/de\/life-at-nattika\/\" class=\"elementor-item\" tabindex=\"-1\">Das Leben bei Nattika<\/a><\/li>\n<li class=\"menu-item menu-item-type-custom menu-item-object-custom menu-item-2820\"><a href=\"https:\/\/thenattikabeach.com\/de\/the-team\/\" class=\"elementor-item\" tabindex=\"-1\">Das Team<\/a><\/li>\n<\/ul>\t\t\t<\/nav>\n\t\t\t\t\t\t<\/div>\n\t\t\t\t<\/div>\n\t\t\t\t\t<\/div>\n\t\t<\/div>\n\t\t\t\t\t<\/div>\n\t\t<\/section>\n\t\t\t\t\t<\/div>\n\t\t<\/div>\n\t\t\t\t<div class=\"elementor-column elementor-col-66 elementor-top-column elementor-element elementor-element-196353d2\" data-id=\"196353d2\" data-element_type=\"column\" data-e-type=\"column\">\n\t\t\t<div class=\"elementor-widget-wrap elementor-element-populated\">\n\t\t\t\t\t\t<section class=\"elementor-section elementor-inner-section elementor-element elementor-element-1fb7178a elementor-section-boxed elementor-section-height-default elementor-section-height-default\" data-id=\"1fb7178a\" data-element_type=\"section\" data-e-type=\"section\">\n\t\t\t\t\t\t<div class=\"elementor-container elementor-column-gap-default\">\n\t\t\t\t\t<div class=\"elementor-column elementor-col-100 elementor-inner-column elementor-element elementor-element-41730dfd\" data-id=\"41730dfd\" data-element_type=\"column\" data-e-type=\"column\">\n\t\t\t<div class=\"elementor-widget-wrap elementor-element-populated\">\n\t\t\t\t\t\t<div class=\"elementor-element elementor-element-2f4df7e elementor-widget elementor-widget-heading\" data-id=\"2f4df7e\" data-element_type=\"widget\" data-e-type=\"widget\" data-widget_type=\"heading.default\">\n\t\t\t\t<div class=\"elementor-widget-container\">\n\t\t\t\t\t<h2 class=\"elementor-heading-title elementor-size-default\">Zeit f\u00fcr einen Besuch<\/h2>\t\t\t\t<\/div>\n\t\t\t\t<\/div>\n\t\t\t\t<div class=\"elementor-element elementor-element-49ca58d elementor-widget elementor-widget-text-editor\" data-id=\"49ca58d\" data-element_type=\"widget\" data-e-type=\"widget\" data-widget_type=\"text-editor.default\">\n\t\t\t\t<div class=\"elementor-widget-container\">\n\t\t\t\t\t\t\t\t\t<p>Sie k\u00f6nnen zu jeder Zeit des Jahres nach <a href=\"https:\/\/thenattikabeach.com\/de\/beach\/\">Nattika<\/a> kommen. Die Anlage ist wundersch\u00f6n und wird entsprechend der jeweiligen Jahreszeit gepflegt. Es gibt keine bestimmte Zeit, die besser ist als eine andere, und jede Jahreszeit hat ihre Vorteile. Die beste Zeit f\u00fcr einen Besuch h\u00e4ngt nur davon ab, was Sie erleben m\u00f6chten und wie viel Zeit Sie haben.<\/p><p>Aus Gr\u00fcnden des Wohlbefindens, der Wirksamkeit der <a href=\"https:\/\/thenattikabeach.com\/de\/treatment-principles\/\">Behandlungen<\/a> und um den unber\u00fchrten Strand von <a href=\"https:\/\/thenattikabeach.com\/de\/\">Nattika Beach Resort<\/a> in vollen Z\u00fcgen genie\u00dfen zu k\u00f6nnen, ist der ideale Zeitraum von September bis Mai. In der Nebensaison ist das Wetter im Allgemeinen sonnig und angenehm.<\/p><p>Die <a href=\"https:\/\/thenattikabeach.com\/wp-content\/uploads\/2022\/06\/Time-to-Visit-Varsha-Ritu-Monsoon.jpg\" target=\"_blank\" rel=\"noopener\">Monsunzeit<\/a>, von Juni bis August, ist ebenfalls empfehlenswert und eine wunderbare Zeit, um Nattika zu besuchen, den Regen zu genie\u00dfen und die ayurvedischen <a href=\"https:\/\/thenattikabeach.com\/wp-content\/uploads\/2022\/06\/Time-to-Visit-Monsoon-Detoxification.jpg\" target=\"_blank\" rel=\"noopener\">Monsunbehandlungen<\/a> zu erleben.<\/p>\t\t\t\t\t\t\t\t<\/div>\n\t\t\t\t<\/div>\n\t\t\t\t\t<\/div>\n\t\t<\/div>\n\t\t\t\t\t<\/div>\n\t\t<\/section>\n\t\t\t\t<section class=\"elementor-section elementor-inner-section elementor-element elementor-element-79e0ca8 elementor-section-boxed elementor-section-height-default elementor-section-height-default\" data-id=\"79e0ca8\" data-element_type=\"section\" data-e-type=\"section\">\n\t\t\t\t\t\t<div class=\"elementor-container elementor-column-gap-default\">\n\t\t\t\t\t<div class=\"elementor-column elementor-col-50 elementor-inner-column elementor-element elementor-element-f7266c6\" data-id=\"f7266c6\" data-element_type=\"column\" data-e-type=\"column\">\n\t\t\t<div class=\"elementor-widget-wrap elementor-element-populated\">\n\t\t\t\t\t\t<div class=\"elementor-element elementor-element-48271c9 elementor-widget elementor-widget-image\" data-id=\"48271c9\" data-element_type=\"widget\" data-e-type=\"widget\" data-widget_type=\"image.default\">\n\t\t\t\t<div class=\"elementor-widget-container\">\n\t\t\t\t\t\t\t\t\t\t\t\t\t\t\t<img fetchpriority=\"high\" decoding=\"async\" width=\"1000\" height=\"1000\" src=\"https:\/\/thenattikabeach.com\/wp-content\/uploads\/2022\/08\/time1.jpg\" class=\"attachment-full size-full wp-image-1916\" alt=\"\" srcset=\"https:\/\/thenattikabeach.com\/wp-content\/uploads\/2022\/08\/time1.jpg 1000w, https:\/\/thenattikabeach.com\/wp-content\/uploads\/2022\/08\/time1-300x300.jpg 300w, https:\/\/thenattikabeach.com\/wp-content\/uploads\/2022\/08\/time1-150x150.jpg 150w, https:\/\/thenattikabeach.com\/wp-content\/uploads\/2022\/08\/time1-768x768.jpg 768w\" sizes=\"(max-width: 1000px) 100vw, 1000px\" title=\"\">\t\t\t\t\t\t\t\t\t\t\t\t\t\t\t<\/div>\n\t\t\t\t<\/div>\n\t\t\t\t\t<\/div>\n\t\t<\/div>\n\t\t\t\t<div class=\"elementor-column elementor-col-50 elementor-inner-column elementor-element elementor-element-00383bc\" data-id=\"00383bc\" data-element_type=\"column\" data-e-type=\"column\">\n\t\t\t<div class=\"elementor-widget-wrap elementor-element-populated\">\n\t\t\t\t\t\t<div class=\"elementor-element elementor-element-6956779 elementor-widget elementor-widget-image\" data-id=\"6956779\" data-element_type=\"widget\" data-e-type=\"widget\" data-widget_type=\"image.default\">\n\t\t\t\t<div class=\"elementor-widget-container\">\n\t\t\t\t\t\t\t\t\t\t\t\t\t\t\t<img decoding=\"async\" width=\"1000\" height=\"1000\" src=\"https:\/\/thenattikabeach.com\/wp-content\/uploads\/2022\/08\/time2-1.jpg\" class=\"attachment-full size-full wp-image-1917\" alt=\"\" srcset=\"https:\/\/thenattikabeach.com\/wp-content\/uploads\/2022\/08\/time2-1.jpg 1000w, https:\/\/thenattikabeach.com\/wp-content\/uploads\/2022\/08\/time2-1-300x300.jpg 300w, https:\/\/thenattikabeach.com\/wp-content\/uploads\/2022\/08\/time2-1-150x150.jpg 150w, https:\/\/thenattikabeach.com\/wp-content\/uploads\/2022\/08\/time2-1-768x768.jpg 768w\" sizes=\"(max-width: 1000px) 100vw, 1000px\" title=\"\">\t\t\t\t\t\t\t\t\t\t\t\t\t\t\t<\/div>\n\t\t\t\t<\/div>\n\t\t\t\t\t<\/div>\n\t\t<\/div>\n\t\t\t\t\t<\/div>\n\t\t<\/section>\n\t\t\t\t\t<\/div>\n\t\t<\/div>\n\t\t\t\t\t<\/div>\n\t\t<\/section>\n\t\t\t\t<\/div>\n\t\t","protected":false},"excerpt":{"rendered":"<p>DISCOVER US Zeit f\u00fcr einen Besuch Sie k\u00f6nnen zu jeder Zeit des Jahres nach Nattika kommen. Die Anlage ist wundersch\u00f6n und wird entsprechend der jeweiligen Jahreszeit gepflegt. Es gibt keine bestimmte Zeit, die besser ist als eine andere, und jede Jahreszeit hat ihre Vorteile. Die beste Zeit f\u00fcr einen Besuch h\u00e4ngt nur davon ab, was [&hellip;]<\/p>\n","protected":false},"author":3,"featured_media":0,"parent":0,"menu_order":0,"comment_status":"closed","ping_status":"closed","template":"elementor_header_footer","meta":{"footnotes":""},"class_list":["post-2740","page","type-page","status-publish","hentry"],"_links":{"self":[{"href":"https:\/\/thenattikabeach.com\/de\/wp-json\/wp\/v2\/pages\/2740","targetHints":{"allow":["GET"]}}],"collection":[{"href":"https:\/\/thenattikabeach.com\/de\/wp-json\/wp\/v2\/pages"}],"about":[{"href":"https:\/\/thenattikabeach.com\/de\/wp-json\/wp\/v2\/types\/page"}],"author":[{"embeddable":true,"href":"https:\/\/thenattikabeach.com\/de\/wp-json\/wp\/v2\/users\/3"}],"replies":[{"embeddable":true,"href":"https:\/\/thenattikabeach.com\/de\/wp-json\/wp\/v2\/comments?post=2740"}],"version-history":[{"count":22,"href":"https:\/\/thenattikabeach.com\/de\/wp-json\/wp\/v2\/pages\/2740\/revisions"}],"predecessor-version":[{"id":12046,"href":"https:\/\/thenattikabeach.com\/de\/wp-json\/wp\/v2\/pages\/2740\/revisions\/12046"}],"wp:attachment":[{"href":"https:\/\/thenattikabeach.com\/de\/wp-json\/wp\/v2\/media?parent=2740"}],"curies":[{"name":"wp","href":"https:\/\/api.w.org\/{rel}","templated":true}]}}