{"id":2738,"date":"2022-08-04T07:39:58","date_gmt":"2022-08-04T07:39:58","guid":{"rendered":"https:\/\/thenattikabeach.com\/gardens\/"},"modified":"2025-09-22T09:06:55","modified_gmt":"2025-09-22T09:06:55","slug":"gardens","status":"publish","type":"page","link":"https:\/\/thenattikabeach.com\/de\/gardens\/","title":{"rendered":"Gardens"},"content":{"rendered":"\t\t<div data-elementor-type=\"wp-page\" data-elementor-id=\"2738\" class=\"elementor elementor-2738 elementor-1139\" data-elementor-post-type=\"page\">\n\t\t\t\t\t\t<section class=\"elementor-section elementor-top-section elementor-element elementor-element-648b098 elementor-section-height-min-height elementor-hidden-mobile elementor-section-boxed elementor-section-height-default elementor-section-items-middle\" data-id=\"648b098\" data-element_type=\"section\" data-e-type=\"section\" data-settings=\"{&quot;background_background&quot;:&quot;classic&quot;}\">\n\t\t\t\t\t\t<div class=\"elementor-container elementor-column-gap-default\">\n\t\t\t\t\t<div class=\"elementor-column elementor-col-100 elementor-top-column elementor-element elementor-element-b6d2671\" data-id=\"b6d2671\" data-element_type=\"column\" data-e-type=\"column\">\n\t\t\t<div class=\"elementor-widget-wrap\">\n\t\t\t\t\t\t\t<\/div>\n\t\t<\/div>\n\t\t\t\t\t<\/div>\n\t\t<\/section>\n\t\t\t\t<section class=\"elementor-section elementor-top-section elementor-element elementor-element-d36461b elementor-section-boxed elementor-section-height-default elementor-section-height-default\" data-id=\"d36461b\" data-element_type=\"section\" data-e-type=\"section\">\n\t\t\t\t\t\t<div class=\"elementor-container elementor-column-gap-default\">\n\t\t\t\t\t<div class=\"elementor-column elementor-col-25 elementor-top-column elementor-element elementor-element-af6f6ee\" data-id=\"af6f6ee\" data-element_type=\"column\" data-e-type=\"column\">\n\t\t\t<div class=\"elementor-widget-wrap\">\n\t\t\t\t\t\t\t<\/div>\n\t\t<\/div>\n\t\t\t\t<div class=\"elementor-column elementor-col-50 elementor-top-column elementor-element elementor-element-3cdd96d\" data-id=\"3cdd96d\" data-element_type=\"column\" data-e-type=\"column\">\n\t\t\t<div class=\"elementor-widget-wrap\">\n\t\t\t\t\t\t\t<\/div>\n\t\t<\/div>\n\t\t\t\t<div class=\"elementor-column elementor-col-25 elementor-top-column elementor-element elementor-element-7fa2597\" data-id=\"7fa2597\" data-element_type=\"column\" data-e-type=\"column\">\n\t\t\t<div class=\"elementor-widget-wrap\">\n\t\t\t\t\t\t\t<\/div>\n\t\t<\/div>\n\t\t\t\t\t<\/div>\n\t\t<\/section>\n\t\t\t\t<section class=\"elementor-section elementor-top-section elementor-element elementor-element-2c19ed88 elementor-section-boxed elementor-section-height-default elementor-section-height-default\" data-id=\"2c19ed88\" data-element_type=\"section\" data-e-type=\"section\" id=\"villas\">\n\t\t\t\t\t\t<div class=\"elementor-container elementor-column-gap-wide\">\n\t\t\t\t\t<div class=\"elementor-column elementor-col-33 elementor-top-column elementor-element elementor-element-750ea037\" data-id=\"750ea037\" data-element_type=\"column\" data-e-type=\"column\">\n\t\t\t<div class=\"elementor-widget-wrap elementor-element-populated\">\n\t\t\t\t\t\t<section class=\"elementor-section elementor-inner-section elementor-element elementor-element-25858fc4 elementor-section-boxed elementor-section-height-default elementor-section-height-default\" data-id=\"25858fc4\" data-element_type=\"section\" data-e-type=\"section\" data-settings=\"{&quot;sticky&quot;:&quot;top&quot;,&quot;sticky_on&quot;:[&quot;desktop&quot;,&quot;tablet&quot;],&quot;sticky_offset&quot;:130,&quot;sticky_parent&quot;:&quot;yes&quot;,&quot;sticky_effects_offset&quot;:0,&quot;sticky_anchor_link_offset&quot;:0}\">\n\t\t\t\t\t\t<div class=\"elementor-container elementor-column-gap-default\">\n\t\t\t\t\t<div class=\"elementor-column elementor-col-100 elementor-inner-column elementor-element elementor-element-2f54ab4a\" data-id=\"2f54ab4a\" data-element_type=\"column\" data-e-type=\"column\">\n\t\t\t<div class=\"elementor-widget-wrap elementor-element-populated\">\n\t\t\t\t\t\t<div class=\"elementor-element elementor-element-218af861 elementor-widget elementor-widget-heading\" data-id=\"218af861\" data-element_type=\"widget\" data-e-type=\"widget\" data-widget_type=\"heading.default\">\n\t\t\t\t<div class=\"elementor-widget-container\">\n\t\t\t\t\t<h2 class=\"elementor-heading-title elementor-size-default\">DISCOVER US<\/h2>\t\t\t\t<\/div>\n\t\t\t\t<\/div>\n\t\t\t\t<div class=\"elementor-element elementor-element-7b0ca1a7 elementor-nav-menu__align-start elementor-nav-menu--dropdown-none elementor-widget elementor-widget-nav-menu\" data-id=\"7b0ca1a7\" data-element_type=\"widget\" data-e-type=\"widget\" data-settings=\"{&quot;layout&quot;:&quot;vertical&quot;,&quot;submenu_icon&quot;:{&quot;value&quot;:&quot;&lt;i class=\\&quot;fas fa-caret-down\\&quot; aria-hidden=\\&quot;true\\&quot;&gt;&lt;\\\/i&gt;&quot;,&quot;library&quot;:&quot;fa-solid&quot;}}\" data-widget_type=\"nav-menu.default\">\n\t\t\t\t<div class=\"elementor-widget-container\">\n\t\t\t\t\t\t\t\t<nav aria-label=\"Men\u00fc\" class=\"elementor-nav-menu--main elementor-nav-menu__container elementor-nav-menu--layout-vertical e--pointer-none\">\n\t\t\t\t<ul id=\"menu-1-7b0ca1a7\" class=\"elementor-nav-menu sm-vertical\"><li class=\"menu-item menu-item-type-custom menu-item-object-custom menu-item-2815\"><a href=\"https:\/\/thenattikabeach.com\/de\/villas\/\" class=\"elementor-item\">Ayurveda-Villen<\/a><\/li>\n<li class=\"menu-item menu-item-type-custom menu-item-object-custom menu-item-2816\"><a href=\"https:\/\/thenattikabeach.com\/de\/beach\/\" class=\"elementor-item\">Nattika-Strand<\/a><\/li>\n<li class=\"menu-item menu-item-type-custom menu-item-object-custom menu-item-2817\"><a href=\"https:\/\/thenattikabeach.com\/de\/gardens\/\" class=\"elementor-item\">Ayurveda-G\u00e4rten<\/a><\/li>\n<li class=\"menu-item menu-item-type-custom menu-item-object-custom menu-item-2818\"><a href=\"https:\/\/thenattikabeach.com\/de\/time-to-visit\/\" class=\"elementor-item\">Zeit f\u00fcr einen Besuch<\/a><\/li>\n<li class=\"menu-item menu-item-type-custom menu-item-object-custom menu-item-2819\"><a href=\"https:\/\/thenattikabeach.com\/de\/life-at-nattika\/\" class=\"elementor-item\">Das Leben bei Nattika<\/a><\/li>\n<li class=\"menu-item menu-item-type-custom menu-item-object-custom menu-item-2820\"><a href=\"https:\/\/thenattikabeach.com\/de\/the-team\/\" class=\"elementor-item\">Das Team<\/a><\/li>\n<\/ul>\t\t\t<\/nav>\n\t\t\t\t\t\t<nav class=\"elementor-nav-menu--dropdown elementor-nav-menu__container\" aria-hidden=\"true\">\n\t\t\t\t<ul id=\"menu-2-7b0ca1a7\" class=\"elementor-nav-menu sm-vertical\"><li class=\"menu-item menu-item-type-custom menu-item-object-custom menu-item-2815\"><a href=\"https:\/\/thenattikabeach.com\/de\/villas\/\" class=\"elementor-item\" tabindex=\"-1\">Ayurveda-Villen<\/a><\/li>\n<li class=\"menu-item menu-item-type-custom menu-item-object-custom menu-item-2816\"><a href=\"https:\/\/thenattikabeach.com\/de\/beach\/\" class=\"elementor-item\" tabindex=\"-1\">Nattika-Strand<\/a><\/li>\n<li class=\"menu-item menu-item-type-custom menu-item-object-custom menu-item-2817\"><a href=\"https:\/\/thenattikabeach.com\/de\/gardens\/\" class=\"elementor-item\" tabindex=\"-1\">Ayurveda-G\u00e4rten<\/a><\/li>\n<li class=\"menu-item menu-item-type-custom menu-item-object-custom menu-item-2818\"><a href=\"https:\/\/thenattikabeach.com\/de\/time-to-visit\/\" class=\"elementor-item\" tabindex=\"-1\">Zeit f\u00fcr einen Besuch<\/a><\/li>\n<li class=\"menu-item menu-item-type-custom menu-item-object-custom menu-item-2819\"><a href=\"https:\/\/thenattikabeach.com\/de\/life-at-nattika\/\" class=\"elementor-item\" tabindex=\"-1\">Das Leben bei Nattika<\/a><\/li>\n<li class=\"menu-item menu-item-type-custom menu-item-object-custom menu-item-2820\"><a href=\"https:\/\/thenattikabeach.com\/de\/the-team\/\" class=\"elementor-item\" tabindex=\"-1\">Das Team<\/a><\/li>\n<\/ul>\t\t\t<\/nav>\n\t\t\t\t\t\t<\/div>\n\t\t\t\t<\/div>\n\t\t\t\t\t<\/div>\n\t\t<\/div>\n\t\t\t\t\t<\/div>\n\t\t<\/section>\n\t\t\t\t\t<\/div>\n\t\t<\/div>\n\t\t\t\t<div class=\"elementor-column elementor-col-66 elementor-top-column elementor-element elementor-element-2b8d4186\" data-id=\"2b8d4186\" data-element_type=\"column\" data-e-type=\"column\">\n\t\t\t<div class=\"elementor-widget-wrap elementor-element-populated\">\n\t\t\t\t\t\t<section class=\"elementor-section elementor-inner-section elementor-element elementor-element-2474863f elementor-section-boxed elementor-section-height-default elementor-section-height-default\" data-id=\"2474863f\" data-element_type=\"section\" data-e-type=\"section\">\n\t\t\t\t\t\t<div class=\"elementor-container elementor-column-gap-default\">\n\t\t\t\t\t<div class=\"elementor-column elementor-col-100 elementor-inner-column elementor-element elementor-element-7ee51fe2\" data-id=\"7ee51fe2\" data-element_type=\"column\" data-e-type=\"column\">\n\t\t\t<div class=\"elementor-widget-wrap elementor-element-populated\">\n\t\t\t\t\t\t<div class=\"elementor-element elementor-element-431ad396 elementor-widget elementor-widget-heading\" data-id=\"431ad396\" data-element_type=\"widget\" data-e-type=\"widget\" data-widget_type=\"heading.default\">\n\t\t\t\t<div class=\"elementor-widget-container\">\n\t\t\t\t\t<h1 class=\"elementor-heading-title elementor-size-default\">Ayurveda-G\u00e4rten<\/h1>\t\t\t\t<\/div>\n\t\t\t\t<\/div>\n\t\t\t\t<div class=\"elementor-element elementor-element-366a14ff elementor-widget elementor-widget-text-editor\" data-id=\"366a14ff\" data-element_type=\"widget\" data-e-type=\"widget\" data-widget_type=\"text-editor.default\">\n\t\t\t\t<div class=\"elementor-widget-container\">\n\t\t\t\t\t\t\t\t\t<p>Wir sind nicht Ihre echten Gastgeber. Vielmehr sind die Natur, Pflanzen, Tiere und V\u00f6gel, die Sie umgeben, Ihre Gastgeber. Wir laden Sie ein, ihre Existenz zu akzeptieren und ihre Gastfreundschaft zu respektieren.<\/p><p>Die G\u00e4rten von <a href=\"https:\/\/thenattikabeach.com\/de\/\">Nattika Beach Resort<\/a> bieten einen spektakul\u00e4ren Blick auf die Wildnis in all ihren Formen. Rund um das Hotel k\u00f6nnen Sie Zugv\u00f6gel und einheimische V\u00f6gel sehen und h\u00f6ren. Unser \u00fcppiger tropischer Garten inmitten der 1800 Palmen, mit reicher Vegetation, \u00fcppigem Leben und au\u00dfergew\u00f6hnlicher Luftqualit\u00e4t, wird Ihnen eine unglaubliche heilende und transformierende Erfahrung bieten.<\/p><p>H\u00e4ufig gesehene V\u00f6gel \u2013 Kr\u00e4hen, Raben, Malabartrogon, Gro\u00dfer Coucal, Bulbul, Mynas, Schleiereule, Tukan, Blaureiher, Tauben, Adler, Eisv\u00f6gel und Pfaue.<\/p><p>H\u00e4ufig gesehene Tiere \u2013 Palmenh\u00f6rnchen, Geckos, Zibetkatzen, Cham\u00e4leon, indische Kr\u00f6te, bengalischer Waran, Mungo, indisches Flugh\u00f6rnchen (gelegentlich nachts).<\/p><p>Wir haben nicht nur G\u00e4rten angelegt, sondern auch 3 Schmetterlingsschutzgebiete, in denen Sie die sch\u00f6nen Muster und leuchtenden Farben der Schmetterlinge bewundern k\u00f6nnen. Eine vollst\u00e4ndige Liste der Pflanzen finden Sie <a href=\"https:\/\/thenattikabeach.com\/wp-content\/uploads\/2022\/06\/Gardens-Botanicals-List.pdf\" target=\"_blank\" rel=\"noopener\">hier<\/a>.<\/p><p>Der <a href=\"https:\/\/thenattikabeach.com\/wp-content\/uploads\/2022\/06\/Gardens-Nakshathra-Vana.pdf\" target=\"_blank\" rel=\"noopener\">Nakshatra Vanam<\/a> oder Sternengarten ist ein mythologisches Gartenkonzept mit 27 Baumarten, die in der indischen Philosophie jeweils einen Stern des Tierkreises darstellen. Jeder Stern steht f\u00fcr einen Baum. Es hei\u00dft, dass der Baum demjenigen, der in diesem Tierkreiszeichen geboren ist, Energie spendet. Das Vorhandensein eines kompletten Satzes von 27 B\u00e4umen schafft also unmittelbar einen gesunden und harmonischen physischen, mentalen und spirituellen Raum.<\/p><p>Der Kr\u00e4utergarten des <a href=\"https:\/\/thenattikabeach.com\/de\/swastha-the-ayurveda-center\/\">Ayurveda-Zentrums<\/a> im Nattika Beach Ayurveda Resort bietet eine gro\u00dfe Auswahl an Heilkr\u00e4utern, die f\u00fcr die <a href=\"https:\/\/thenattikabeach.com\/de\/treatment-principles\/\">ayurvedischen Behandlungen<\/a> und \u00d6le von <a href=\"https:\/\/thenattikabeach.com\/de\/nattika-essence\/\">Nattika Life<\/a> verwendet werden. Es wird Ihnen Spa\u00df machen, sie zu besuchen und etwas \u00fcber die Besonderheiten und den Nutzen der einzelnen Pflanzen zu erfahren, die dort angebaut werden.<\/p>\t\t\t\t\t\t\t\t<\/div>\n\t\t\t\t<\/div>\n\t\t\t\t\t<\/div>\n\t\t<\/div>\n\t\t\t\t\t<\/div>\n\t\t<\/section>\n\t\t\t\t<section class=\"elementor-section elementor-inner-section elementor-element elementor-element-184da744 elementor-section-content-middle elementor-section-boxed elementor-section-height-default elementor-section-height-default\" data-id=\"184da744\" data-element_type=\"section\" data-e-type=\"section\">\n\t\t\t\t\t\t<div class=\"elementor-container elementor-column-gap-default\">\n\t\t\t\t\t<div class=\"elementor-column elementor-col-50 elementor-inner-column elementor-element elementor-element-2b3574\" data-id=\"2b3574\" data-element_type=\"column\" data-e-type=\"column\">\n\t\t\t<div class=\"elementor-widget-wrap elementor-element-populated\">\n\t\t\t\t\t\t<div class=\"elementor-element elementor-element-360b07fe elementor-widget elementor-widget-image\" data-id=\"360b07fe\" data-element_type=\"widget\" data-e-type=\"widget\" data-widget_type=\"image.default\">\n\t\t\t\t<div class=\"elementor-widget-container\">\n\t\t\t\t\t\t\t\t\t\t\t\t\t\t\t<img fetchpriority=\"high\" decoding=\"async\" width=\"800\" height=\"800\" src=\"https:\/\/thenattikabeach.com\/wp-content\/uploads\/2022\/06\/Garden-1-1024x1024.jpg\" class=\"attachment-large size-large wp-image-2303\" alt=\"\" srcset=\"https:\/\/thenattikabeach.com\/wp-content\/uploads\/2022\/06\/Garden-1-1024x1024.jpg 1024w, https:\/\/thenattikabeach.com\/wp-content\/uploads\/2022\/06\/Garden-1-300x300.jpg 300w, https:\/\/thenattikabeach.com\/wp-content\/uploads\/2022\/06\/Garden-1-150x150.jpg 150w, https:\/\/thenattikabeach.com\/wp-content\/uploads\/2022\/06\/Garden-1-768x768.jpg 768w, https:\/\/thenattikabeach.com\/wp-content\/uploads\/2022\/06\/Garden-1.jpg 1200w\" sizes=\"(max-width: 800px) 100vw, 800px\" title=\"\">\t\t\t\t\t\t\t\t\t\t\t\t\t\t\t<\/div>\n\t\t\t\t<\/div>\n\t\t\t\t\t<\/div>\n\t\t<\/div>\n\t\t\t\t<div class=\"elementor-column elementor-col-50 elementor-inner-column elementor-element elementor-element-39eadbc7\" data-id=\"39eadbc7\" data-element_type=\"column\" data-e-type=\"column\">\n\t\t\t<div class=\"elementor-widget-wrap elementor-element-populated\">\n\t\t\t\t\t\t<div class=\"elementor-element elementor-element-748fd063 elementor-widget elementor-widget-image\" data-id=\"748fd063\" data-element_type=\"widget\" data-e-type=\"widget\" data-widget_type=\"image.default\">\n\t\t\t\t<div class=\"elementor-widget-container\">\n\t\t\t\t\t\t\t\t\t\t\t\t\t\t\t<img decoding=\"async\" width=\"800\" height=\"800\" src=\"https:\/\/thenattikabeach.com\/wp-content\/uploads\/2022\/06\/Garden-2-1024x1024.jpg\" class=\"attachment-large size-large wp-image-2305\" alt=\"\" srcset=\"https:\/\/thenattikabeach.com\/wp-content\/uploads\/2022\/06\/Garden-2-1024x1024.jpg 1024w, https:\/\/thenattikabeach.com\/wp-content\/uploads\/2022\/06\/Garden-2-300x300.jpg 300w, https:\/\/thenattikabeach.com\/wp-content\/uploads\/2022\/06\/Garden-2-150x150.jpg 150w, https:\/\/thenattikabeach.com\/wp-content\/uploads\/2022\/06\/Garden-2-768x768.jpg 768w, https:\/\/thenattikabeach.com\/wp-content\/uploads\/2022\/06\/Garden-2.jpg 1200w\" sizes=\"(max-width: 800px) 100vw, 800px\" title=\"\">\t\t\t\t\t\t\t\t\t\t\t\t\t\t\t<\/div>\n\t\t\t\t<\/div>\n\t\t\t\t\t<\/div>\n\t\t<\/div>\n\t\t\t\t\t<\/div>\n\t\t<\/section>\n\t\t\t\t\t<\/div>\n\t\t<\/div>\n\t\t\t\t\t<\/div>\n\t\t<\/section>\n\t\t\t\t<\/div>\n\t\t","protected":false},"excerpt":{"rendered":"<p>DISCOVER US Ayurveda-G\u00e4rten Wir sind nicht Ihre echten Gastgeber. Vielmehr sind die Natur, Pflanzen, Tiere und V\u00f6gel, die Sie umgeben, Ihre Gastgeber. Wir laden Sie ein, ihre Existenz zu akzeptieren und ihre Gastfreundschaft zu respektieren. Die G\u00e4rten von Nattika Beach Resort bieten einen spektakul\u00e4ren Blick auf die Wildnis in all ihren Formen. Rund um das [&hellip;]<\/p>\n","protected":false},"author":3,"featured_media":0,"parent":0,"menu_order":0,"comment_status":"closed","ping_status":"closed","template":"elementor_header_footer","meta":{"footnotes":""},"class_list":["post-2738","page","type-page","status-publish","hentry"],"_links":{"self":[{"href":"https:\/\/thenattikabeach.com\/de\/wp-json\/wp\/v2\/pages\/2738","targetHints":{"allow":["GET"]}}],"collection":[{"href":"https:\/\/thenattikabeach.com\/de\/wp-json\/wp\/v2\/pages"}],"about":[{"href":"https:\/\/thenattikabeach.com\/de\/wp-json\/wp\/v2\/types\/page"}],"author":[{"embeddable":true,"href":"https:\/\/thenattikabeach.com\/de\/wp-json\/wp\/v2\/users\/3"}],"replies":[{"embeddable":true,"href":"https:\/\/thenattikabeach.com\/de\/wp-json\/wp\/v2\/comments?post=2738"}],"version-history":[{"count":40,"href":"https:\/\/thenattikabeach.com\/de\/wp-json\/wp\/v2\/pages\/2738\/revisions"}],"predecessor-version":[{"id":12043,"href":"https:\/\/thenattikabeach.com\/de\/wp-json\/wp\/v2\/pages\/2738\/revisions\/12043"}],"wp:attachment":[{"href":"https:\/\/thenattikabeach.com\/de\/wp-json\/wp\/v2\/media?parent=2738"}],"curies":[{"name":"wp","href":"https:\/\/api.w.org\/{rel}","templated":true}]}}