{"id":14044,"date":"2026-04-16T04:05:10","date_gmt":"2026-04-16T04:05:10","guid":{"rendered":"https:\/\/thenattikabeach.com\/testseite\/"},"modified":"2026-04-16T04:05:10","modified_gmt":"2026-04-16T04:05:10","slug":"testseite","status":"publish","type":"page","link":"https:\/\/thenattikabeach.com\/de\/testseite\/","title":{"rendered":"Testseite"},"content":{"rendered":"<p>Das <a href=\"https:\/\/thenattikabeach.com\/de\/\">Nattika Beach Ayurveda Resort<\/a> liegt inmitten von 16 Hektar \u00fcppiger Kokosnusshaine an der K\u00fcste von Zentral-Kerala und bietet einen ruhigen Wellness-R\u00fcckzugsort in Kerala, der f\u00fcr tiefe Heilung und Entspannung konzipiert wurde. Der lange Sandstrand und der wunderbare Meerblick mit dem traditionellen Kerala-Design aller unserer 52 <a href=\"https:\/\/thenattikabeach.com\/villas\/\">Villen<\/a> erg\u00e4nzen die hier kuratierte Ayurveda-Erfahrung und machen es zu einem begehrten <a href=\"https:\/\/thenattikabeach.com\/wellness-retreat-thrissur\/\">Wellness-Retreat in Kerala<\/a>. <\/p>\n","protected":false},"excerpt":{"rendered":"<p>Das Nattika Beach Ayurveda Resort liegt inmitten von 16 Hektar \u00fcppiger Kokosnusshaine an der K\u00fcste von Zentral-Kerala und bietet einen ruhigen Wellness-R\u00fcckzugsort in Kerala, der f\u00fcr tiefe Heilung und Entspannung konzipiert wurde. Der lange Sandstrand und der wunderbare Meerblick mit dem traditionellen Kerala-Design aller unserer 52 Villen erg\u00e4nzen die hier kuratierte Ayurveda-Erfahrung und machen es [&hellip;]<\/p>\n","protected":false},"author":9,"featured_media":0,"parent":0,"menu_order":0,"comment_status":"closed","ping_status":"closed","template":"elementor_header_footer","meta":{"footnotes":""},"class_list":["post-14044","page","type-page","status-publish","hentry"],"_links":{"self":[{"href":"https:\/\/thenattikabeach.com\/de\/wp-json\/wp\/v2\/pages\/14044","targetHints":{"allow":["GET"]}}],"collection":[{"href":"https:\/\/thenattikabeach.com\/de\/wp-json\/wp\/v2\/pages"}],"about":[{"href":"https:\/\/thenattikabeach.com\/de\/wp-json\/wp\/v2\/types\/page"}],"author":[{"embeddable":true,"href":"https:\/\/thenattikabeach.com\/de\/wp-json\/wp\/v2\/users\/9"}],"replies":[{"embeddable":true,"href":"https:\/\/thenattikabeach.com\/de\/wp-json\/wp\/v2\/comments?post=14044"}],"version-history":[{"count":0,"href":"https:\/\/thenattikabeach.com\/de\/wp-json\/wp\/v2\/pages\/14044\/revisions"}],"wp:attachment":[{"href":"https:\/\/thenattikabeach.com\/de\/wp-json\/wp\/v2\/media?parent=14044"}],"curies":[{"name":"wp","href":"https:\/\/api.w.org\/{rel}","templated":true}]}}